{"id":917,"date":"2022-09-05T12:43:59","date_gmt":"2022-09-05T15:43:59","guid":{"rendered":"https:\/\/www.massafmedical.com.br\/loja\/?post_type=product&#038;p=917"},"modified":"2025-07-18T15:33:39","modified_gmt":"2025-07-18T18:33:39","slug":"sistema-de-insuflacao-de-co2-modelo-sico2","status":"publish","type":"product","link":"https:\/\/www.massafmedical.com.br\/loja\/produto\/sistema-de-insuflacao-de-co2-modelo-sico2\/","title":{"rendered":"SISTEMA DE INSUFLA\u00c7\u00c3O DE CO2 &#8211; MODELO SICO2 &#8211; PARA COMPRAS ACIMA DE 02 UNIDADES DESCONTOS ADICIONAIS &#8211; CONSULTE-NOS!"},"content":{"rendered":"<p>O SICO2 garante o fornecimento de g\u00e1s CO2 para os frascos de \u00e1gua do sistema de insufla\u00e7\u00e3o dos equipamentos de endoscopia, n\u00e3o estando diretamente ligado ao paciente e sim entregando o g\u00e1s com controle de fluxo calibrado e baixa press\u00e3o, preservando tamb\u00e9m a integridade dos tubos endosc\u00f3picos.<\/p>\n<p>&nbsp;<\/p>\n<table style=\"height: 197px;\" width=\"772\">\n<tbody>\n<tr>\n<td><strong>ITENS INCLUSOS:<\/strong><\/p>\n<p>01 SICO 2<\/td>\n<\/tr>\n<tr>\n<td>01 MANGUEIRA DE NYLON 1,00METROS<\/td>\n<\/tr>\n<tr>\n<td>01 MANGUEIRA DE SILICONE 1,50METROS<\/td>\n<\/tr>\n<tr>\n<td>01 ADAPTADOR (\u00c0 ESCOLHER)<\/td>\n<\/tr>\n<tr>\n<td>01 SUPORTE DE RACK<\/td>\n<\/tr>\n<tr>\n<td>01 V\u00c1LVULA REGULADORA CILINDRO CO2<\/td>\n<\/tr>\n<\/tbody>\n<\/table>\n<p>&nbsp;<\/p>\n<p><strong>CONSULTE ITENS OPCIONAIS<\/strong><\/p>\n<p><strong>BENEF\u00cdCIOS:<\/strong><\/p>\n<p>&#8211; O CO2 \u00e9 naturalmente absorvido pela corrente sangu\u00ednea e eliminado na expira\u00e7\u00e3o;<\/p>\n<p>&#8211; \u00c9 comprovado que n\u00e3o existe reten\u00e7\u00e3o de CO2 no paciente, dispensando o uso de capn\u00f3grafo;<\/p>\n<p>&#8211; Diminui de 24 para 2 horas de desconforto p\u00f3s exame, otimizando tamb\u00e9m o tempo da enfermagem.<\/p>\n<p><strong>OBS: Com a compra de mais de uma unidade, ganha-se desconto adicional. Consulte-nos para mais informa\u00e7\u00f5es.\u00a0<\/strong><\/p>\n<p><strong>\u00a0\u00a0<\/strong><\/p>\n<p><img decoding=\"async\" class=\"wp-image-919 aligncenter lazyload\" style=\"--smush-placeholder-width: 543px; --smush-placeholder-aspect-ratio: 543\/364;font-size: 1rem;\" data-src=\"https:\/\/www.massafmedical.com.br\/loja\/wp-content\/uploads\/2022\/09\/SICO2-1.jpg\" alt=\"\" width=\"543\" height=\"364\" src=\"data:image\/gif;base64,R0lGODlhAQABAAAAACH5BAEKAAEALAAAAAABAAEAAAICTAEAOw==\" \/><\/p>\n<p>&nbsp;<\/p>\n<p><img decoding=\"async\" class=\"wp-image-918 aligncenter lazyload\" data-src=\"https:\/\/www.massafmedical.com.br\/loja\/wp-content\/uploads\/2022\/09\/SICO2-2-852x1024.jpg\" alt=\"\" width=\"523\" height=\"628\" data-srcset=\"https:\/\/www.massafmedical.com.br\/loja\/wp-content\/uploads\/2022\/09\/SICO2-2-852x1024.jpg 852w, https:\/\/www.massafmedical.com.br\/loja\/wp-content\/uploads\/2022\/09\/SICO2-2-1192x1433.jpg 1192w, https:\/\/www.massafmedical.com.br\/loja\/wp-content\/uploads\/2022\/09\/SICO2-2-768x923.jpg 768w, https:\/\/www.massafmedical.com.br\/loja\/wp-content\/uploads\/2022\/09\/SICO2-2-1278x1536.jpg 1278w, https:\/\/www.massafmedical.com.br\/loja\/wp-content\/uploads\/2022\/09\/SICO2-2-1704x2048.jpg 1704w, https:\/\/www.massafmedical.com.br\/loja\/wp-content\/uploads\/2022\/09\/SICO2-2-1320x1587.jpg 1320w, https:\/\/www.massafmedical.com.br\/loja\/wp-content\/uploads\/2022\/09\/SICO2-2-600x721.jpg 600w\" data-sizes=\"(max-width: 523px) 100vw, 523px\" src=\"data:image\/gif;base64,R0lGODlhAQABAAAAACH5BAEKAAEALAAAAAABAAEAAAICTAEAOw==\" style=\"--smush-placeholder-width: 523px; --smush-placeholder-aspect-ratio: 523\/628;\" \/><\/p>\n<p>&nbsp;<\/p>\n","protected":false},"excerpt":{"rendered":"<p>O<em><strong> sistema de insufla\u00e7\u00e3o de CO2 para endoscopia<\/strong><\/em> \u00e9 fabricado sob conceitos internacionais de qualidade e tecnologia, utilizado unicamente com equipamentos de v\u00eddeo endoscopia, para exames endosc\u00f3picos em geral, onde apenas o CO2 \u00e9 utilizado na insufla\u00e7\u00e3o.<\/p>\n","protected":false},"featured_media":921,"template":"","meta":[],"product_brand":[],"product_cat":[71],"product_tag":[],"class_list":{"0":"post-917","1":"product","2":"type-product","3":"status-publish","4":"has-post-thumbnail","6":"product_cat-equipamentos","8":"first","9":"instock","10":"taxable","11":"shipping-taxable","12":"purchasable","13":"product-type-simple"},"acf":[],"yoast_head":"<!-- This site is optimized with the Yoast SEO plugin v24.4 - https:\/\/yoast.com\/wordpress\/plugins\/seo\/ -->\n<title>SISTEMA DE INSUFLA\u00c7\u00c3O DE CO2 - MODELO SICO2 - PARA COMPRAS ACIMA DE 02 UNIDADES DESCONTOS ADICIONAIS - CONSULTE-NOS! - Massaf Medical<\/title>\n<meta name=\"robots\" content=\"index, follow, max-snippet:-1, max-image-preview:large, max-video-preview:-1\" \/>\n<link rel=\"canonical\" href=\"https:\/\/www.massafmedical.com.br\/loja\/produto\/sistema-de-insuflacao-de-co2-modelo-sico2\/\" \/>\n<meta property=\"og:locale\" content=\"pt_BR\" \/>\n<meta property=\"og:type\" content=\"article\" \/>\n<meta property=\"og:title\" content=\"SISTEMA DE INSUFLA\u00c7\u00c3O DE CO2 - MODELO SICO2 - PARA COMPRAS ACIMA DE 02 UNIDADES DESCONTOS ADICIONAIS - CONSULTE-NOS! - Massaf Medical\" \/>\n<meta property=\"og:description\" content=\"O sistema de insufla\u00e7\u00e3o de CO2 para endoscopia \u00e9 fabricado sob conceitos internacionais de qualidade e tecnologia, utilizado unicamente com equipamentos de v\u00eddeo endoscopia, para exames endosc\u00f3picos em geral, onde apenas o CO2 \u00e9 utilizado na insufla\u00e7\u00e3o.\" \/>\n<meta property=\"og:url\" content=\"https:\/\/www.massafmedical.com.br\/loja\/produto\/sistema-de-insuflacao-de-co2-modelo-sico2\/\" \/>\n<meta property=\"og:site_name\" content=\"Massaf Medical\" \/>\n<meta property=\"article:publisher\" content=\"http:\/\/www.facebook.com\/MASSAFMEDICAL\" \/>\n<meta property=\"article:modified_time\" content=\"2025-07-18T18:33:39+00:00\" \/>\n<meta property=\"og:image\" content=\"https:\/\/www.massafmedical.com.br\/loja\/wp-content\/uploads\/2022\/09\/SICO2-3-1.jpg\" \/>\n\t<meta property=\"og:image:width\" content=\"331\" \/>\n\t<meta property=\"og:image:height\" content=\"160\" \/>\n\t<meta property=\"og:image:type\" content=\"image\/jpeg\" \/>\n<meta name=\"twitter:card\" content=\"summary_large_image\" \/>\n<meta name=\"twitter:label1\" content=\"Est. tempo de leitura\" \/>\n\t<meta name=\"twitter:data1\" content=\"2 minutos\" \/>\n<script type=\"application\/ld+json\" class=\"yoast-schema-graph\">{\"@context\":\"https:\/\/schema.org\",\"@graph\":[{\"@type\":\"WebPage\",\"@id\":\"https:\/\/www.massafmedical.com.br\/loja\/produto\/sistema-de-insuflacao-de-co2-modelo-sico2\/\",\"url\":\"https:\/\/www.massafmedical.com.br\/loja\/produto\/sistema-de-insuflacao-de-co2-modelo-sico2\/\",\"name\":\"SISTEMA DE INSUFLA\u00c7\u00c3O DE CO2 - MODELO SICO2 - PARA COMPRAS ACIMA DE 02 UNIDADES DESCONTOS ADICIONAIS - CONSULTE-NOS! - Massaf Medical\",\"isPartOf\":{\"@id\":\"https:\/\/www.massafmedical.com.br\/loja\/#website\"},\"primaryImageOfPage\":{\"@id\":\"https:\/\/www.massafmedical.com.br\/loja\/produto\/sistema-de-insuflacao-de-co2-modelo-sico2\/#primaryimage\"},\"image\":{\"@id\":\"https:\/\/www.massafmedical.com.br\/loja\/produto\/sistema-de-insuflacao-de-co2-modelo-sico2\/#primaryimage\"},\"thumbnailUrl\":\"https:\/\/www.massafmedical.com.br\/loja\/wp-content\/uploads\/2022\/09\/SICO2-3-1.jpg\",\"datePublished\":\"2022-09-05T15:43:59+00:00\",\"dateModified\":\"2025-07-18T18:33:39+00:00\",\"breadcrumb\":{\"@id\":\"https:\/\/www.massafmedical.com.br\/loja\/produto\/sistema-de-insuflacao-de-co2-modelo-sico2\/#breadcrumb\"},\"inLanguage\":\"pt-BR\",\"potentialAction\":[{\"@type\":\"ReadAction\",\"target\":[\"https:\/\/www.massafmedical.com.br\/loja\/produto\/sistema-de-insuflacao-de-co2-modelo-sico2\/\"]}]},{\"@type\":\"ImageObject\",\"inLanguage\":\"pt-BR\",\"@id\":\"https:\/\/www.massafmedical.com.br\/loja\/produto\/sistema-de-insuflacao-de-co2-modelo-sico2\/#primaryimage\",\"url\":\"https:\/\/www.massafmedical.com.br\/loja\/wp-content\/uploads\/2022\/09\/SICO2-3-1.jpg\",\"contentUrl\":\"https:\/\/www.massafmedical.com.br\/loja\/wp-content\/uploads\/2022\/09\/SICO2-3-1.jpg\",\"width\":331,\"height\":160},{\"@type\":\"BreadcrumbList\",\"@id\":\"https:\/\/www.massafmedical.com.br\/loja\/produto\/sistema-de-insuflacao-de-co2-modelo-sico2\/#breadcrumb\",\"itemListElement\":[{\"@type\":\"ListItem\",\"position\":1,\"name\":\"In\u00edcio\",\"item\":\"https:\/\/www.massafmedical.com.br\/loja\/\"},{\"@type\":\"ListItem\",\"position\":2,\"name\":\"Produtos\",\"item\":\"https:\/\/www.massafmedical.com.br\/loja\/nossos-produtos\/\"},{\"@type\":\"ListItem\",\"position\":3,\"name\":\"SISTEMA DE INSUFLA\u00c7\u00c3O DE CO2 &#8211; MODELO SICO2 &#8211; PARA COMPRAS ACIMA DE 02 UNIDADES DESCONTOS ADICIONAIS &#8211; CONSULTE-NOS!\"}]},{\"@type\":\"WebSite\",\"@id\":\"https:\/\/www.massafmedical.com.br\/loja\/#website\",\"url\":\"https:\/\/www.massafmedical.com.br\/loja\/\",\"name\":\"Massaf Medical\",\"description\":\"\",\"publisher\":{\"@id\":\"https:\/\/www.massafmedical.com.br\/loja\/#organization\"},\"potentialAction\":[{\"@type\":\"SearchAction\",\"target\":{\"@type\":\"EntryPoint\",\"urlTemplate\":\"https:\/\/www.massafmedical.com.br\/loja\/?s={search_term_string}\"},\"query-input\":{\"@type\":\"PropertyValueSpecification\",\"valueRequired\":true,\"valueName\":\"search_term_string\"}}],\"inLanguage\":\"pt-BR\"},{\"@type\":\"Organization\",\"@id\":\"https:\/\/www.massafmedical.com.br\/loja\/#organization\",\"name\":\"Massaf Medical\",\"url\":\"https:\/\/www.massafmedical.com.br\/loja\/\",\"logo\":{\"@type\":\"ImageObject\",\"inLanguage\":\"pt-BR\",\"@id\":\"https:\/\/www.massafmedical.com.br\/loja\/#\/schema\/logo\/image\/\",\"url\":\"http:\/\/www.massafmedical.com.br\/loja\/wp-content\/uploads\/2020\/10\/logotipo-big.png\",\"contentUrl\":\"http:\/\/www.massafmedical.com.br\/loja\/wp-content\/uploads\/2020\/10\/logotipo-big.png\",\"width\":750,\"height\":253,\"caption\":\"Massaf Medical\"},\"image\":{\"@id\":\"https:\/\/www.massafmedical.com.br\/loja\/#\/schema\/logo\/image\/\"},\"sameAs\":[\"http:\/\/www.facebook.com\/MASSAFMEDICAL\"]}]}<\/script>\n<!-- \/ Yoast SEO plugin. -->","yoast_head_json":{"title":"SISTEMA DE INSUFLA\u00c7\u00c3O DE CO2 - MODELO SICO2 - PARA COMPRAS ACIMA DE 02 UNIDADES DESCONTOS ADICIONAIS - CONSULTE-NOS! - Massaf Medical","robots":{"index":"index","follow":"follow","max-snippet":"max-snippet:-1","max-image-preview":"max-image-preview:large","max-video-preview":"max-video-preview:-1"},"canonical":"https:\/\/www.massafmedical.com.br\/loja\/produto\/sistema-de-insuflacao-de-co2-modelo-sico2\/","og_locale":"pt_BR","og_type":"article","og_title":"SISTEMA DE INSUFLA\u00c7\u00c3O DE CO2 - MODELO SICO2 - PARA COMPRAS ACIMA DE 02 UNIDADES DESCONTOS ADICIONAIS - CONSULTE-NOS! - Massaf Medical","og_description":"O sistema de insufla\u00e7\u00e3o de CO2 para endoscopia \u00e9 fabricado sob conceitos internacionais de qualidade e tecnologia, utilizado unicamente com equipamentos de v\u00eddeo endoscopia, para exames endosc\u00f3picos em geral, onde apenas o CO2 \u00e9 utilizado na insufla\u00e7\u00e3o.","og_url":"https:\/\/www.massafmedical.com.br\/loja\/produto\/sistema-de-insuflacao-de-co2-modelo-sico2\/","og_site_name":"Massaf Medical","article_publisher":"http:\/\/www.facebook.com\/MASSAFMEDICAL","article_modified_time":"2025-07-18T18:33:39+00:00","og_image":[{"width":331,"height":160,"url":"https:\/\/www.massafmedical.com.br\/loja\/wp-content\/uploads\/2022\/09\/SICO2-3-1.jpg","type":"image\/jpeg"}],"twitter_card":"summary_large_image","twitter_misc":{"Est. tempo de leitura":"2 minutos"},"schema":{"@context":"https:\/\/schema.org","@graph":[{"@type":"WebPage","@id":"https:\/\/www.massafmedical.com.br\/loja\/produto\/sistema-de-insuflacao-de-co2-modelo-sico2\/","url":"https:\/\/www.massafmedical.com.br\/loja\/produto\/sistema-de-insuflacao-de-co2-modelo-sico2\/","name":"SISTEMA DE INSUFLA\u00c7\u00c3O DE CO2 - MODELO SICO2 - PARA COMPRAS ACIMA DE 02 UNIDADES DESCONTOS ADICIONAIS - CONSULTE-NOS! - Massaf Medical","isPartOf":{"@id":"https:\/\/www.massafmedical.com.br\/loja\/#website"},"primaryImageOfPage":{"@id":"https:\/\/www.massafmedical.com.br\/loja\/produto\/sistema-de-insuflacao-de-co2-modelo-sico2\/#primaryimage"},"image":{"@id":"https:\/\/www.massafmedical.com.br\/loja\/produto\/sistema-de-insuflacao-de-co2-modelo-sico2\/#primaryimage"},"thumbnailUrl":"https:\/\/www.massafmedical.com.br\/loja\/wp-content\/uploads\/2022\/09\/SICO2-3-1.jpg","datePublished":"2022-09-05T15:43:59+00:00","dateModified":"2025-07-18T18:33:39+00:00","breadcrumb":{"@id":"https:\/\/www.massafmedical.com.br\/loja\/produto\/sistema-de-insuflacao-de-co2-modelo-sico2\/#breadcrumb"},"inLanguage":"pt-BR","potentialAction":[{"@type":"ReadAction","target":["https:\/\/www.massafmedical.com.br\/loja\/produto\/sistema-de-insuflacao-de-co2-modelo-sico2\/"]}]},{"@type":"ImageObject","inLanguage":"pt-BR","@id":"https:\/\/www.massafmedical.com.br\/loja\/produto\/sistema-de-insuflacao-de-co2-modelo-sico2\/#primaryimage","url":"https:\/\/www.massafmedical.com.br\/loja\/wp-content\/uploads\/2022\/09\/SICO2-3-1.jpg","contentUrl":"https:\/\/www.massafmedical.com.br\/loja\/wp-content\/uploads\/2022\/09\/SICO2-3-1.jpg","width":331,"height":160},{"@type":"BreadcrumbList","@id":"https:\/\/www.massafmedical.com.br\/loja\/produto\/sistema-de-insuflacao-de-co2-modelo-sico2\/#breadcrumb","itemListElement":[{"@type":"ListItem","position":1,"name":"In\u00edcio","item":"https:\/\/www.massafmedical.com.br\/loja\/"},{"@type":"ListItem","position":2,"name":"Produtos","item":"https:\/\/www.massafmedical.com.br\/loja\/nossos-produtos\/"},{"@type":"ListItem","position":3,"name":"SISTEMA DE INSUFLA\u00c7\u00c3O DE CO2 &#8211; MODELO SICO2 &#8211; PARA COMPRAS ACIMA DE 02 UNIDADES DESCONTOS ADICIONAIS &#8211; CONSULTE-NOS!"}]},{"@type":"WebSite","@id":"https:\/\/www.massafmedical.com.br\/loja\/#website","url":"https:\/\/www.massafmedical.com.br\/loja\/","name":"Massaf Medical","description":"","publisher":{"@id":"https:\/\/www.massafmedical.com.br\/loja\/#organization"},"potentialAction":[{"@type":"SearchAction","target":{"@type":"EntryPoint","urlTemplate":"https:\/\/www.massafmedical.com.br\/loja\/?s={search_term_string}"},"query-input":{"@type":"PropertyValueSpecification","valueRequired":true,"valueName":"search_term_string"}}],"inLanguage":"pt-BR"},{"@type":"Organization","@id":"https:\/\/www.massafmedical.com.br\/loja\/#organization","name":"Massaf Medical","url":"https:\/\/www.massafmedical.com.br\/loja\/","logo":{"@type":"ImageObject","inLanguage":"pt-BR","@id":"https:\/\/www.massafmedical.com.br\/loja\/#\/schema\/logo\/image\/","url":"http:\/\/www.massafmedical.com.br\/loja\/wp-content\/uploads\/2020\/10\/logotipo-big.png","contentUrl":"http:\/\/www.massafmedical.com.br\/loja\/wp-content\/uploads\/2020\/10\/logotipo-big.png","width":750,"height":253,"caption":"Massaf Medical"},"image":{"@id":"https:\/\/www.massafmedical.com.br\/loja\/#\/schema\/logo\/image\/"},"sameAs":["http:\/\/www.facebook.com\/MASSAFMEDICAL"]}]}},"_links":{"self":[{"href":"https:\/\/www.massafmedical.com.br\/loja\/wp-json\/wp\/v2\/product\/917","targetHints":{"allow":["GET"]}}],"collection":[{"href":"https:\/\/www.massafmedical.com.br\/loja\/wp-json\/wp\/v2\/product"}],"about":[{"href":"https:\/\/www.massafmedical.com.br\/loja\/wp-json\/wp\/v2\/types\/product"}],"wp:featuredmedia":[{"embeddable":true,"href":"https:\/\/www.massafmedical.com.br\/loja\/wp-json\/wp\/v2\/media\/921"}],"wp:attachment":[{"href":"https:\/\/www.massafmedical.com.br\/loja\/wp-json\/wp\/v2\/media?parent=917"}],"wp:term":[{"taxonomy":"product_brand","embeddable":true,"href":"https:\/\/www.massafmedical.com.br\/loja\/wp-json\/wp\/v2\/product_brand?post=917"},{"taxonomy":"product_cat","embeddable":true,"href":"https:\/\/www.massafmedical.com.br\/loja\/wp-json\/wp\/v2\/product_cat?post=917"},{"taxonomy":"product_tag","embeddable":true,"href":"https:\/\/www.massafmedical.com.br\/loja\/wp-json\/wp\/v2\/product_tag?post=917"}],"curies":[{"name":"wp","href":"https:\/\/api.w.org\/{rel}","templated":true}]}}