{"id":910,"date":"2022-09-05T12:07:31","date_gmt":"2022-09-05T15:07:31","guid":{"rendered":"https:\/\/www.massafmedical.com.br\/loja\/?post_type=product&#038;p=910"},"modified":"2025-06-02T10:16:50","modified_gmt":"2025-06-02T13:16:50","slug":"rack-metalico-multiuso-modelo-rackzscanv10","status":"publish","type":"product","link":"https:\/\/www.massafmedical.com.br\/loja\/produto\/rack-metalico-multiuso-modelo-rackzscanv10\/","title":{"rendered":"RACK MET\u00c1LICO MULTIUSO &#8211; MODELO RACKZSCANV10"},"content":{"rendered":"<p><strong>\u00a0RACK MET\u00c1LICO MULTIUSO PARA COMPUTADOR:\u00a0<\/strong><\/p>\n<p>Medidas (C X L X A) : 60cm x 68 cm x 97 cm &#8211; Peso : 19,4 Kg<\/p>\n<p>Equipado com 4 rodas, sendo 2 fixas e 2 girat\u00f3rias;<\/p>\n<ul>\n<li>Confeccionado em chapa de a\u00e7o com baixo teor de carbono<\/li>\n<li>Tratamento qu\u00edmico da chapa (Antiferruginoso e fosfatizante)<\/li>\n<li>Pintura eletrost\u00e1tica a p\u00f3<\/li>\n<li>Montagem atrav\u00e9s de parafusos<\/li>\n<li>Possui uma gaveta e suporte teclado na parte superior<\/li>\n<li>Op\u00e7\u00e3o de entregue j\u00e1 montado.<\/li>\n<\/ul>\n<div><\/div>\n<p><img decoding=\"async\" class=\"alignnone wp-image-912 lazyload\" data-src=\"https:\/\/www.massafmedical.com.br\/loja\/wp-content\/uploads\/2022\/09\/RACK-03.jpeg\" alt=\"\" width=\"290\" height=\"420\" src=\"data:image\/gif;base64,R0lGODlhAQABAAAAACH5BAEKAAEALAAAAAABAAEAAAICTAEAOw==\" style=\"--smush-placeholder-width: 290px; --smush-placeholder-aspect-ratio: 290\/420;\" \/><\/p>\n","protected":false},"excerpt":{"rendered":"<p><em><strong>Rack aberto para computador: <\/strong><\/em>\u00a0Ideal para cl\u00ednicas e salas de exames. Multiuso, podendo ser usado para equipamentos de endoscopia, otorrinolaringologia entre outros. Pr\u00e1tico para ambientes em que o equipamento pode ter contato com o local e necessita de adapta\u00e7\u00e3o ao operador. Desmont\u00e1vel, com regulagem de altura \u00e9 fabricado em chapas de a\u00e7o carbono resistentes, recebe tratamento de superf\u00edcie anticorrosivo e finalmente recebe um acabamento de tinta eletrost\u00e1tica a p\u00f3. Dispon\u00edvel na cor preta.<\/p>\n","protected":false},"featured_media":912,"template":"","meta":[],"product_brand":[],"product_cat":[71],"product_tag":[],"class_list":{"0":"post-910","1":"product","2":"type-product","3":"status-publish","4":"has-post-thumbnail","6":"product_cat-equipamentos","8":"first","9":"instock","10":"taxable","11":"shipping-taxable","12":"purchasable","13":"product-type-simple"},"acf":[],"yoast_head":"<!-- This site is optimized with the Yoast SEO plugin v24.4 - https:\/\/yoast.com\/wordpress\/plugins\/seo\/ -->\n<title>RACK MET\u00c1LICO MULTIUSO - MODELO RACKZSCANV10 - Massaf Medical<\/title>\n<meta name=\"robots\" content=\"index, follow, max-snippet:-1, max-image-preview:large, max-video-preview:-1\" \/>\n<link rel=\"canonical\" href=\"https:\/\/www.massafmedical.com.br\/loja\/produto\/rack-metalico-multiuso-modelo-rackzscanv10\/\" \/>\n<meta property=\"og:locale\" content=\"pt_BR\" \/>\n<meta property=\"og:type\" content=\"article\" \/>\n<meta property=\"og:title\" content=\"RACK MET\u00c1LICO MULTIUSO - MODELO RACKZSCANV10 - Massaf Medical\" \/>\n<meta property=\"og:description\" content=\"Rack aberto para computador: \u00a0Ideal para cl\u00ednicas e salas de exames. Multiuso, podendo ser usado para equipamentos de endoscopia, otorrinolaringologia entre outros. Pr\u00e1tico para ambientes em que o equipamento pode ter contato com o local e necessita de adapta\u00e7\u00e3o ao operador. Desmont\u00e1vel, com regulagem de altura \u00e9 fabricado em chapas de a\u00e7o carbono resistentes, recebe tratamento de superf\u00edcie anticorrosivo e finalmente recebe um acabamento de tinta eletrost\u00e1tica a p\u00f3. Dispon\u00edvel na cor preta.\" \/>\n<meta property=\"og:url\" content=\"https:\/\/www.massafmedical.com.br\/loja\/produto\/rack-metalico-multiuso-modelo-rackzscanv10\/\" \/>\n<meta property=\"og:site_name\" content=\"Massaf Medical\" \/>\n<meta property=\"article:publisher\" content=\"http:\/\/www.facebook.com\/MASSAFMEDICAL\" \/>\n<meta property=\"article:modified_time\" content=\"2025-06-02T13:16:50+00:00\" \/>\n<meta property=\"og:image\" content=\"https:\/\/www.massafmedical.com.br\/loja\/wp-content\/uploads\/2022\/09\/RACK-03.jpeg\" \/>\n\t<meta property=\"og:image:width\" content=\"400\" \/>\n\t<meta property=\"og:image:height\" content=\"580\" \/>\n\t<meta property=\"og:image:type\" content=\"image\/jpeg\" \/>\n<meta name=\"twitter:card\" content=\"summary_large_image\" \/>\n<meta name=\"twitter:label1\" content=\"Est. tempo de leitura\" \/>\n\t<meta name=\"twitter:data1\" content=\"1 minuto\" \/>\n<script type=\"application\/ld+json\" class=\"yoast-schema-graph\">{\"@context\":\"https:\/\/schema.org\",\"@graph\":[{\"@type\":\"WebPage\",\"@id\":\"https:\/\/www.massafmedical.com.br\/loja\/produto\/rack-metalico-multiuso-modelo-rackzscanv10\/\",\"url\":\"https:\/\/www.massafmedical.com.br\/loja\/produto\/rack-metalico-multiuso-modelo-rackzscanv10\/\",\"name\":\"RACK MET\u00c1LICO MULTIUSO - MODELO RACKZSCANV10 - Massaf Medical\",\"isPartOf\":{\"@id\":\"https:\/\/www.massafmedical.com.br\/loja\/#website\"},\"primaryImageOfPage\":{\"@id\":\"https:\/\/www.massafmedical.com.br\/loja\/produto\/rack-metalico-multiuso-modelo-rackzscanv10\/#primaryimage\"},\"image\":{\"@id\":\"https:\/\/www.massafmedical.com.br\/loja\/produto\/rack-metalico-multiuso-modelo-rackzscanv10\/#primaryimage\"},\"thumbnailUrl\":\"https:\/\/www.massafmedical.com.br\/loja\/wp-content\/uploads\/2022\/09\/RACK-03.jpeg\",\"datePublished\":\"2022-09-05T15:07:31+00:00\",\"dateModified\":\"2025-06-02T13:16:50+00:00\",\"breadcrumb\":{\"@id\":\"https:\/\/www.massafmedical.com.br\/loja\/produto\/rack-metalico-multiuso-modelo-rackzscanv10\/#breadcrumb\"},\"inLanguage\":\"pt-BR\",\"potentialAction\":[{\"@type\":\"ReadAction\",\"target\":[\"https:\/\/www.massafmedical.com.br\/loja\/produto\/rack-metalico-multiuso-modelo-rackzscanv10\/\"]}]},{\"@type\":\"ImageObject\",\"inLanguage\":\"pt-BR\",\"@id\":\"https:\/\/www.massafmedical.com.br\/loja\/produto\/rack-metalico-multiuso-modelo-rackzscanv10\/#primaryimage\",\"url\":\"https:\/\/www.massafmedical.com.br\/loja\/wp-content\/uploads\/2022\/09\/RACK-03.jpeg\",\"contentUrl\":\"https:\/\/www.massafmedical.com.br\/loja\/wp-content\/uploads\/2022\/09\/RACK-03.jpeg\",\"width\":400,\"height\":580},{\"@type\":\"BreadcrumbList\",\"@id\":\"https:\/\/www.massafmedical.com.br\/loja\/produto\/rack-metalico-multiuso-modelo-rackzscanv10\/#breadcrumb\",\"itemListElement\":[{\"@type\":\"ListItem\",\"position\":1,\"name\":\"In\u00edcio\",\"item\":\"https:\/\/www.massafmedical.com.br\/loja\/\"},{\"@type\":\"ListItem\",\"position\":2,\"name\":\"Produtos\",\"item\":\"https:\/\/www.massafmedical.com.br\/loja\/nossos-produtos\/\"},{\"@type\":\"ListItem\",\"position\":3,\"name\":\"RACK MET\u00c1LICO MULTIUSO &#8211; MODELO RACKZSCANV10\"}]},{\"@type\":\"WebSite\",\"@id\":\"https:\/\/www.massafmedical.com.br\/loja\/#website\",\"url\":\"https:\/\/www.massafmedical.com.br\/loja\/\",\"name\":\"Massaf Medical\",\"description\":\"\",\"publisher\":{\"@id\":\"https:\/\/www.massafmedical.com.br\/loja\/#organization\"},\"potentialAction\":[{\"@type\":\"SearchAction\",\"target\":{\"@type\":\"EntryPoint\",\"urlTemplate\":\"https:\/\/www.massafmedical.com.br\/loja\/?s={search_term_string}\"},\"query-input\":{\"@type\":\"PropertyValueSpecification\",\"valueRequired\":true,\"valueName\":\"search_term_string\"}}],\"inLanguage\":\"pt-BR\"},{\"@type\":\"Organization\",\"@id\":\"https:\/\/www.massafmedical.com.br\/loja\/#organization\",\"name\":\"Massaf Medical\",\"url\":\"https:\/\/www.massafmedical.com.br\/loja\/\",\"logo\":{\"@type\":\"ImageObject\",\"inLanguage\":\"pt-BR\",\"@id\":\"https:\/\/www.massafmedical.com.br\/loja\/#\/schema\/logo\/image\/\",\"url\":\"http:\/\/www.massafmedical.com.br\/loja\/wp-content\/uploads\/2020\/10\/logotipo-big.png\",\"contentUrl\":\"http:\/\/www.massafmedical.com.br\/loja\/wp-content\/uploads\/2020\/10\/logotipo-big.png\",\"width\":750,\"height\":253,\"caption\":\"Massaf Medical\"},\"image\":{\"@id\":\"https:\/\/www.massafmedical.com.br\/loja\/#\/schema\/logo\/image\/\"},\"sameAs\":[\"http:\/\/www.facebook.com\/MASSAFMEDICAL\"]}]}<\/script>\n<!-- \/ Yoast SEO plugin. -->","yoast_head_json":{"title":"RACK MET\u00c1LICO MULTIUSO - MODELO RACKZSCANV10 - Massaf Medical","robots":{"index":"index","follow":"follow","max-snippet":"max-snippet:-1","max-image-preview":"max-image-preview:large","max-video-preview":"max-video-preview:-1"},"canonical":"https:\/\/www.massafmedical.com.br\/loja\/produto\/rack-metalico-multiuso-modelo-rackzscanv10\/","og_locale":"pt_BR","og_type":"article","og_title":"RACK MET\u00c1LICO MULTIUSO - MODELO RACKZSCANV10 - Massaf Medical","og_description":"Rack aberto para computador: \u00a0Ideal para cl\u00ednicas e salas de exames. Multiuso, podendo ser usado para equipamentos de endoscopia, otorrinolaringologia entre outros. Pr\u00e1tico para ambientes em que o equipamento pode ter contato com o local e necessita de adapta\u00e7\u00e3o ao operador. Desmont\u00e1vel, com regulagem de altura \u00e9 fabricado em chapas de a\u00e7o carbono resistentes, recebe tratamento de superf\u00edcie anticorrosivo e finalmente recebe um acabamento de tinta eletrost\u00e1tica a p\u00f3. Dispon\u00edvel na cor preta.","og_url":"https:\/\/www.massafmedical.com.br\/loja\/produto\/rack-metalico-multiuso-modelo-rackzscanv10\/","og_site_name":"Massaf Medical","article_publisher":"http:\/\/www.facebook.com\/MASSAFMEDICAL","article_modified_time":"2025-06-02T13:16:50+00:00","og_image":[{"width":400,"height":580,"url":"https:\/\/www.massafmedical.com.br\/loja\/wp-content\/uploads\/2022\/09\/RACK-03.jpeg","type":"image\/jpeg"}],"twitter_card":"summary_large_image","twitter_misc":{"Est. tempo de leitura":"1 minuto"},"schema":{"@context":"https:\/\/schema.org","@graph":[{"@type":"WebPage","@id":"https:\/\/www.massafmedical.com.br\/loja\/produto\/rack-metalico-multiuso-modelo-rackzscanv10\/","url":"https:\/\/www.massafmedical.com.br\/loja\/produto\/rack-metalico-multiuso-modelo-rackzscanv10\/","name":"RACK MET\u00c1LICO MULTIUSO - MODELO RACKZSCANV10 - Massaf Medical","isPartOf":{"@id":"https:\/\/www.massafmedical.com.br\/loja\/#website"},"primaryImageOfPage":{"@id":"https:\/\/www.massafmedical.com.br\/loja\/produto\/rack-metalico-multiuso-modelo-rackzscanv10\/#primaryimage"},"image":{"@id":"https:\/\/www.massafmedical.com.br\/loja\/produto\/rack-metalico-multiuso-modelo-rackzscanv10\/#primaryimage"},"thumbnailUrl":"https:\/\/www.massafmedical.com.br\/loja\/wp-content\/uploads\/2022\/09\/RACK-03.jpeg","datePublished":"2022-09-05T15:07:31+00:00","dateModified":"2025-06-02T13:16:50+00:00","breadcrumb":{"@id":"https:\/\/www.massafmedical.com.br\/loja\/produto\/rack-metalico-multiuso-modelo-rackzscanv10\/#breadcrumb"},"inLanguage":"pt-BR","potentialAction":[{"@type":"ReadAction","target":["https:\/\/www.massafmedical.com.br\/loja\/produto\/rack-metalico-multiuso-modelo-rackzscanv10\/"]}]},{"@type":"ImageObject","inLanguage":"pt-BR","@id":"https:\/\/www.massafmedical.com.br\/loja\/produto\/rack-metalico-multiuso-modelo-rackzscanv10\/#primaryimage","url":"https:\/\/www.massafmedical.com.br\/loja\/wp-content\/uploads\/2022\/09\/RACK-03.jpeg","contentUrl":"https:\/\/www.massafmedical.com.br\/loja\/wp-content\/uploads\/2022\/09\/RACK-03.jpeg","width":400,"height":580},{"@type":"BreadcrumbList","@id":"https:\/\/www.massafmedical.com.br\/loja\/produto\/rack-metalico-multiuso-modelo-rackzscanv10\/#breadcrumb","itemListElement":[{"@type":"ListItem","position":1,"name":"In\u00edcio","item":"https:\/\/www.massafmedical.com.br\/loja\/"},{"@type":"ListItem","position":2,"name":"Produtos","item":"https:\/\/www.massafmedical.com.br\/loja\/nossos-produtos\/"},{"@type":"ListItem","position":3,"name":"RACK MET\u00c1LICO MULTIUSO &#8211; MODELO RACKZSCANV10"}]},{"@type":"WebSite","@id":"https:\/\/www.massafmedical.com.br\/loja\/#website","url":"https:\/\/www.massafmedical.com.br\/loja\/","name":"Massaf Medical","description":"","publisher":{"@id":"https:\/\/www.massafmedical.com.br\/loja\/#organization"},"potentialAction":[{"@type":"SearchAction","target":{"@type":"EntryPoint","urlTemplate":"https:\/\/www.massafmedical.com.br\/loja\/?s={search_term_string}"},"query-input":{"@type":"PropertyValueSpecification","valueRequired":true,"valueName":"search_term_string"}}],"inLanguage":"pt-BR"},{"@type":"Organization","@id":"https:\/\/www.massafmedical.com.br\/loja\/#organization","name":"Massaf Medical","url":"https:\/\/www.massafmedical.com.br\/loja\/","logo":{"@type":"ImageObject","inLanguage":"pt-BR","@id":"https:\/\/www.massafmedical.com.br\/loja\/#\/schema\/logo\/image\/","url":"http:\/\/www.massafmedical.com.br\/loja\/wp-content\/uploads\/2020\/10\/logotipo-big.png","contentUrl":"http:\/\/www.massafmedical.com.br\/loja\/wp-content\/uploads\/2020\/10\/logotipo-big.png","width":750,"height":253,"caption":"Massaf Medical"},"image":{"@id":"https:\/\/www.massafmedical.com.br\/loja\/#\/schema\/logo\/image\/"},"sameAs":["http:\/\/www.facebook.com\/MASSAFMEDICAL"]}]}},"_links":{"self":[{"href":"https:\/\/www.massafmedical.com.br\/loja\/wp-json\/wp\/v2\/product\/910","targetHints":{"allow":["GET"]}}],"collection":[{"href":"https:\/\/www.massafmedical.com.br\/loja\/wp-json\/wp\/v2\/product"}],"about":[{"href":"https:\/\/www.massafmedical.com.br\/loja\/wp-json\/wp\/v2\/types\/product"}],"wp:featuredmedia":[{"embeddable":true,"href":"https:\/\/www.massafmedical.com.br\/loja\/wp-json\/wp\/v2\/media\/912"}],"wp:attachment":[{"href":"https:\/\/www.massafmedical.com.br\/loja\/wp-json\/wp\/v2\/media?parent=910"}],"wp:term":[{"taxonomy":"product_brand","embeddable":true,"href":"https:\/\/www.massafmedical.com.br\/loja\/wp-json\/wp\/v2\/product_brand?post=910"},{"taxonomy":"product_cat","embeddable":true,"href":"https:\/\/www.massafmedical.com.br\/loja\/wp-json\/wp\/v2\/product_cat?post=910"},{"taxonomy":"product_tag","embeddable":true,"href":"https:\/\/www.massafmedical.com.br\/loja\/wp-json\/wp\/v2\/product_tag?post=910"}],"curies":[{"name":"wp","href":"https:\/\/api.w.org\/{rel}","templated":true}]}}