{"id":871,"date":"2022-08-10T19:48:49","date_gmt":"2022-08-10T22:48:49","guid":{"rendered":"https:\/\/www.massafmedical.com.br\/loja\/?post_type=product&#038;p=871"},"modified":"2026-02-04T17:00:32","modified_gmt":"2026-02-04T20:00:32","slug":"placa-de-captura-usb-para-zscan-hd-hdmi-dvi-frete-e-instalacao-remota-inclusos","status":"publish","type":"product","link":"https:\/\/www.massafmedical.com.br\/loja\/produto\/placa-de-captura-usb-para-zscan-hd-hdmi-dvi-frete-e-instalacao-remota-inclusos\/","title":{"rendered":"PLACA DE CAPTURA USB PARA ZSCAN HD &#8211; HDMI\/DVI em 3x no cart\u00e3o sem juros. CONSULTE-NOS para 5% OFF em 4X no boleto ou 8% OFF \u00e0 vista \u2013 Frete, treinamento e instala\u00e7\u00e3o inclusos."},"content":{"rendered":"<p>Placa de captura HD &#8211; CONEX\u00c3O HDMI\/DVI &#8211; Resolu\u00e7\u00e3o de entrada \u2013 at\u00e9 1920 x 1200 &#8211; CABO HDMI\/DVI E CABO USB 3.0 INCLUSOS &#8211; ZSCAN EVO HD ou superior<\/p>\n<p><img decoding=\"async\" class=\"alignnone wp-image-800 lazyload\" data-src=\"https:\/\/www.massafmedical.com.br\/loja\/wp-content\/uploads\/2020\/11\/placa-HD-nova-5-1024x846.jpeg\" alt=\"\" width=\"288\" height=\"238\" data-srcset=\"https:\/\/www.massafmedical.com.br\/loja\/wp-content\/uploads\/2020\/11\/placa-HD-nova-5-1024x846.jpeg 1024w, https:\/\/www.massafmedical.com.br\/loja\/wp-content\/uploads\/2020\/11\/placa-HD-nova-5-768x634.jpeg 768w, https:\/\/www.massafmedical.com.br\/loja\/wp-content\/uploads\/2020\/11\/placa-HD-nova-5-600x495.jpeg 600w, https:\/\/www.massafmedical.com.br\/loja\/wp-content\/uploads\/2020\/11\/placa-HD-nova-5.jpeg 1280w\" data-sizes=\"(max-width: 288px) 100vw, 288px\" src=\"data:image\/gif;base64,R0lGODlhAQABAAAAACH5BAEKAAEALAAAAAABAAEAAAICTAEAOw==\" style=\"--smush-placeholder-width: 288px; --smush-placeholder-aspect-ratio: 288\/238;\" \/> <img decoding=\"async\" class=\"alignnone wp-image-1556 lazyload\" data-src=\"https:\/\/www.massafmedical.com.br\/loja\/wp-content\/uploads\/2022\/08\/WhatsApp-Image-2025-02-25-at-10.29.27.jpeg\" alt=\"\" width=\"235\" height=\"218\" src=\"data:image\/gif;base64,R0lGODlhAQABAAAAACH5BAEKAAEALAAAAAABAAEAAAICTAEAOw==\" style=\"--smush-placeholder-width: 235px; --smush-placeholder-aspect-ratio: 235\/218;\" \/> <img decoding=\"async\" class=\"alignnone wp-image-874 lazyload\" data-src=\"https:\/\/www.massafmedical.com.br\/loja\/wp-content\/uploads\/2022\/08\/CABO-HDMI-DVI-1024x766.jpg\" alt=\"\" width=\"253\" height=\"189\" data-srcset=\"https:\/\/www.massafmedical.com.br\/loja\/wp-content\/uploads\/2022\/08\/CABO-HDMI-DVI-1024x766.jpg 1024w, https:\/\/www.massafmedical.com.br\/loja\/wp-content\/uploads\/2022\/08\/CABO-HDMI-DVI-768x575.jpg 768w, https:\/\/www.massafmedical.com.br\/loja\/wp-content\/uploads\/2022\/08\/CABO-HDMI-DVI-600x449.jpg 600w, https:\/\/www.massafmedical.com.br\/loja\/wp-content\/uploads\/2022\/08\/CABO-HDMI-DVI.jpg 1200w\" data-sizes=\"(max-width: 253px) 100vw, 253px\" src=\"data:image\/gif;base64,R0lGODlhAQABAAAAACH5BAEKAAEALAAAAAABAAEAAAICTAEAOw==\" style=\"--smush-placeholder-width: 253px; --smush-placeholder-aspect-ratio: 253\/189;\" \/><\/p>\n","protected":false},"excerpt":{"rendered":"<p>Placa de captura HD &#8211; CONEX\u00c3O HDMI\/DVI &#8211; Resolu\u00e7\u00e3o de entrada \u2013 at\u00e9 1920 x 1200 &#8211; CABO HDMI\/DVI E CABO USB 3.0 INCLUSOS &#8211; ZSCAN EVO HD ou superior<\/p>\n","protected":false},"featured_media":872,"template":"","meta":[],"product_brand":[],"product_cat":[61],"product_tag":[],"class_list":{"0":"post-871","1":"product","2":"type-product","3":"status-publish","4":"has-post-thumbnail","6":"product_cat-acessorios","8":"first","9":"instock","10":"taxable","11":"shipping-taxable","12":"purchasable","13":"product-type-simple"},"acf":[],"yoast_head":"<!-- This site is optimized with the Yoast SEO plugin v24.4 - https:\/\/yoast.com\/wordpress\/plugins\/seo\/ -->\n<title>PLACA DE CAPTURA USB PARA ZSCAN HD - HDMI\/DVI em 3x no cart\u00e3o sem juros. CONSULTE-NOS para 5% OFF em 4X no boleto ou 8% OFF \u00e0 vista \u2013 Frete, treinamento e instala\u00e7\u00e3o inclusos. - Massaf Medical<\/title>\n<meta name=\"robots\" content=\"index, follow, max-snippet:-1, max-image-preview:large, max-video-preview:-1\" \/>\n<link rel=\"canonical\" href=\"https:\/\/www.massafmedical.com.br\/loja\/produto\/placa-de-captura-usb-para-zscan-hd-hdmi-dvi-frete-e-instalacao-remota-inclusos\/\" \/>\n<meta property=\"og:locale\" content=\"pt_BR\" \/>\n<meta property=\"og:type\" content=\"article\" \/>\n<meta property=\"og:title\" content=\"PLACA DE CAPTURA USB PARA ZSCAN HD - HDMI\/DVI em 3x no cart\u00e3o sem juros. CONSULTE-NOS para 5% OFF em 4X no boleto ou 8% OFF \u00e0 vista \u2013 Frete, treinamento e instala\u00e7\u00e3o inclusos. - Massaf Medical\" \/>\n<meta property=\"og:description\" content=\"Placa de captura HD &#8211; CONEX\u00c3O HDMI\/DVI &#8211; Resolu\u00e7\u00e3o de entrada \u2013 at\u00e9 1920 x 1200 &#8211; CABO HDMI\/DVI E CABO USB 3.0 INCLUSOS &#8211; ZSCAN EVO HD ou superior\" \/>\n<meta property=\"og:url\" content=\"https:\/\/www.massafmedical.com.br\/loja\/produto\/placa-de-captura-usb-para-zscan-hd-hdmi-dvi-frete-e-instalacao-remota-inclusos\/\" \/>\n<meta property=\"og:site_name\" content=\"Massaf Medical\" \/>\n<meta property=\"article:publisher\" content=\"http:\/\/www.facebook.com\/MASSAFMEDICAL\" \/>\n<meta property=\"article:modified_time\" content=\"2026-02-04T20:00:32+00:00\" \/>\n<meta property=\"og:image\" content=\"https:\/\/www.massafmedical.com.br\/loja\/wp-content\/uploads\/2022\/08\/placa-HD-nova-1.jpeg\" \/>\n\t<meta property=\"og:image:width\" content=\"1280\" \/>\n\t<meta property=\"og:image:height\" content=\"798\" \/>\n\t<meta property=\"og:image:type\" content=\"image\/jpeg\" \/>\n<meta name=\"twitter:card\" content=\"summary_large_image\" \/>\n<meta name=\"twitter:label1\" content=\"Est. tempo de leitura\" \/>\n\t<meta name=\"twitter:data1\" content=\"1 minuto\" \/>\n<script type=\"application\/ld+json\" class=\"yoast-schema-graph\">{\"@context\":\"https:\/\/schema.org\",\"@graph\":[{\"@type\":\"WebPage\",\"@id\":\"https:\/\/www.massafmedical.com.br\/loja\/produto\/placa-de-captura-usb-para-zscan-hd-hdmi-dvi-frete-e-instalacao-remota-inclusos\/\",\"url\":\"https:\/\/www.massafmedical.com.br\/loja\/produto\/placa-de-captura-usb-para-zscan-hd-hdmi-dvi-frete-e-instalacao-remota-inclusos\/\",\"name\":\"PLACA DE CAPTURA USB PARA ZSCAN HD - HDMI\/DVI em 3x no cart\u00e3o sem juros. CONSULTE-NOS para 5% OFF em 4X no boleto ou 8% OFF \u00e0 vista \u2013 Frete, treinamento e instala\u00e7\u00e3o inclusos. - Massaf Medical\",\"isPartOf\":{\"@id\":\"https:\/\/www.massafmedical.com.br\/loja\/#website\"},\"primaryImageOfPage\":{\"@id\":\"https:\/\/www.massafmedical.com.br\/loja\/produto\/placa-de-captura-usb-para-zscan-hd-hdmi-dvi-frete-e-instalacao-remota-inclusos\/#primaryimage\"},\"image\":{\"@id\":\"https:\/\/www.massafmedical.com.br\/loja\/produto\/placa-de-captura-usb-para-zscan-hd-hdmi-dvi-frete-e-instalacao-remota-inclusos\/#primaryimage\"},\"thumbnailUrl\":\"https:\/\/www.massafmedical.com.br\/loja\/wp-content\/uploads\/2022\/08\/placa-HD-nova-1.jpeg\",\"datePublished\":\"2022-08-10T22:48:49+00:00\",\"dateModified\":\"2026-02-04T20:00:32+00:00\",\"breadcrumb\":{\"@id\":\"https:\/\/www.massafmedical.com.br\/loja\/produto\/placa-de-captura-usb-para-zscan-hd-hdmi-dvi-frete-e-instalacao-remota-inclusos\/#breadcrumb\"},\"inLanguage\":\"pt-BR\",\"potentialAction\":[{\"@type\":\"ReadAction\",\"target\":[\"https:\/\/www.massafmedical.com.br\/loja\/produto\/placa-de-captura-usb-para-zscan-hd-hdmi-dvi-frete-e-instalacao-remota-inclusos\/\"]}]},{\"@type\":\"ImageObject\",\"inLanguage\":\"pt-BR\",\"@id\":\"https:\/\/www.massafmedical.com.br\/loja\/produto\/placa-de-captura-usb-para-zscan-hd-hdmi-dvi-frete-e-instalacao-remota-inclusos\/#primaryimage\",\"url\":\"https:\/\/www.massafmedical.com.br\/loja\/wp-content\/uploads\/2022\/08\/placa-HD-nova-1.jpeg\",\"contentUrl\":\"https:\/\/www.massafmedical.com.br\/loja\/wp-content\/uploads\/2022\/08\/placa-HD-nova-1.jpeg\",\"width\":1280,\"height\":798},{\"@type\":\"BreadcrumbList\",\"@id\":\"https:\/\/www.massafmedical.com.br\/loja\/produto\/placa-de-captura-usb-para-zscan-hd-hdmi-dvi-frete-e-instalacao-remota-inclusos\/#breadcrumb\",\"itemListElement\":[{\"@type\":\"ListItem\",\"position\":1,\"name\":\"In\u00edcio\",\"item\":\"https:\/\/www.massafmedical.com.br\/loja\/\"},{\"@type\":\"ListItem\",\"position\":2,\"name\":\"Produtos\",\"item\":\"https:\/\/www.massafmedical.com.br\/loja\/nossos-produtos\/\"},{\"@type\":\"ListItem\",\"position\":3,\"name\":\"PLACA DE CAPTURA USB PARA ZSCAN HD &#8211; HDMI\/DVI em 3x no cart\u00e3o sem juros. CONSULTE-NOS para 5% OFF em 4X no boleto ou 8% OFF \u00e0 vista \u2013 Frete, treinamento e instala\u00e7\u00e3o inclusos.\"}]},{\"@type\":\"WebSite\",\"@id\":\"https:\/\/www.massafmedical.com.br\/loja\/#website\",\"url\":\"https:\/\/www.massafmedical.com.br\/loja\/\",\"name\":\"Massaf Medical\",\"description\":\"\",\"publisher\":{\"@id\":\"https:\/\/www.massafmedical.com.br\/loja\/#organization\"},\"potentialAction\":[{\"@type\":\"SearchAction\",\"target\":{\"@type\":\"EntryPoint\",\"urlTemplate\":\"https:\/\/www.massafmedical.com.br\/loja\/?s={search_term_string}\"},\"query-input\":{\"@type\":\"PropertyValueSpecification\",\"valueRequired\":true,\"valueName\":\"search_term_string\"}}],\"inLanguage\":\"pt-BR\"},{\"@type\":\"Organization\",\"@id\":\"https:\/\/www.massafmedical.com.br\/loja\/#organization\",\"name\":\"Massaf Medical\",\"url\":\"https:\/\/www.massafmedical.com.br\/loja\/\",\"logo\":{\"@type\":\"ImageObject\",\"inLanguage\":\"pt-BR\",\"@id\":\"https:\/\/www.massafmedical.com.br\/loja\/#\/schema\/logo\/image\/\",\"url\":\"http:\/\/www.massafmedical.com.br\/loja\/wp-content\/uploads\/2020\/10\/logotipo-big.png\",\"contentUrl\":\"http:\/\/www.massafmedical.com.br\/loja\/wp-content\/uploads\/2020\/10\/logotipo-big.png\",\"width\":750,\"height\":253,\"caption\":\"Massaf Medical\"},\"image\":{\"@id\":\"https:\/\/www.massafmedical.com.br\/loja\/#\/schema\/logo\/image\/\"},\"sameAs\":[\"http:\/\/www.facebook.com\/MASSAFMEDICAL\"]}]}<\/script>\n<!-- \/ Yoast SEO plugin. -->","yoast_head_json":{"title":"PLACA DE CAPTURA USB PARA ZSCAN HD - HDMI\/DVI em 3x no cart\u00e3o sem juros. CONSULTE-NOS para 5% OFF em 4X no boleto ou 8% OFF \u00e0 vista \u2013 Frete, treinamento e instala\u00e7\u00e3o inclusos. - Massaf Medical","robots":{"index":"index","follow":"follow","max-snippet":"max-snippet:-1","max-image-preview":"max-image-preview:large","max-video-preview":"max-video-preview:-1"},"canonical":"https:\/\/www.massafmedical.com.br\/loja\/produto\/placa-de-captura-usb-para-zscan-hd-hdmi-dvi-frete-e-instalacao-remota-inclusos\/","og_locale":"pt_BR","og_type":"article","og_title":"PLACA DE CAPTURA USB PARA ZSCAN HD - HDMI\/DVI em 3x no cart\u00e3o sem juros. CONSULTE-NOS para 5% OFF em 4X no boleto ou 8% OFF \u00e0 vista \u2013 Frete, treinamento e instala\u00e7\u00e3o inclusos. - Massaf Medical","og_description":"Placa de captura HD &#8211; CONEX\u00c3O HDMI\/DVI &#8211; Resolu\u00e7\u00e3o de entrada \u2013 at\u00e9 1920 x 1200 &#8211; CABO HDMI\/DVI E CABO USB 3.0 INCLUSOS &#8211; ZSCAN EVO HD ou superior","og_url":"https:\/\/www.massafmedical.com.br\/loja\/produto\/placa-de-captura-usb-para-zscan-hd-hdmi-dvi-frete-e-instalacao-remota-inclusos\/","og_site_name":"Massaf Medical","article_publisher":"http:\/\/www.facebook.com\/MASSAFMEDICAL","article_modified_time":"2026-02-04T20:00:32+00:00","og_image":[{"width":1280,"height":798,"url":"https:\/\/www.massafmedical.com.br\/loja\/wp-content\/uploads\/2022\/08\/placa-HD-nova-1.jpeg","type":"image\/jpeg"}],"twitter_card":"summary_large_image","twitter_misc":{"Est. tempo de leitura":"1 minuto"},"schema":{"@context":"https:\/\/schema.org","@graph":[{"@type":"WebPage","@id":"https:\/\/www.massafmedical.com.br\/loja\/produto\/placa-de-captura-usb-para-zscan-hd-hdmi-dvi-frete-e-instalacao-remota-inclusos\/","url":"https:\/\/www.massafmedical.com.br\/loja\/produto\/placa-de-captura-usb-para-zscan-hd-hdmi-dvi-frete-e-instalacao-remota-inclusos\/","name":"PLACA DE CAPTURA USB PARA ZSCAN HD - HDMI\/DVI em 3x no cart\u00e3o sem juros. CONSULTE-NOS para 5% OFF em 4X no boleto ou 8% OFF \u00e0 vista \u2013 Frete, treinamento e instala\u00e7\u00e3o inclusos. - Massaf Medical","isPartOf":{"@id":"https:\/\/www.massafmedical.com.br\/loja\/#website"},"primaryImageOfPage":{"@id":"https:\/\/www.massafmedical.com.br\/loja\/produto\/placa-de-captura-usb-para-zscan-hd-hdmi-dvi-frete-e-instalacao-remota-inclusos\/#primaryimage"},"image":{"@id":"https:\/\/www.massafmedical.com.br\/loja\/produto\/placa-de-captura-usb-para-zscan-hd-hdmi-dvi-frete-e-instalacao-remota-inclusos\/#primaryimage"},"thumbnailUrl":"https:\/\/www.massafmedical.com.br\/loja\/wp-content\/uploads\/2022\/08\/placa-HD-nova-1.jpeg","datePublished":"2022-08-10T22:48:49+00:00","dateModified":"2026-02-04T20:00:32+00:00","breadcrumb":{"@id":"https:\/\/www.massafmedical.com.br\/loja\/produto\/placa-de-captura-usb-para-zscan-hd-hdmi-dvi-frete-e-instalacao-remota-inclusos\/#breadcrumb"},"inLanguage":"pt-BR","potentialAction":[{"@type":"ReadAction","target":["https:\/\/www.massafmedical.com.br\/loja\/produto\/placa-de-captura-usb-para-zscan-hd-hdmi-dvi-frete-e-instalacao-remota-inclusos\/"]}]},{"@type":"ImageObject","inLanguage":"pt-BR","@id":"https:\/\/www.massafmedical.com.br\/loja\/produto\/placa-de-captura-usb-para-zscan-hd-hdmi-dvi-frete-e-instalacao-remota-inclusos\/#primaryimage","url":"https:\/\/www.massafmedical.com.br\/loja\/wp-content\/uploads\/2022\/08\/placa-HD-nova-1.jpeg","contentUrl":"https:\/\/www.massafmedical.com.br\/loja\/wp-content\/uploads\/2022\/08\/placa-HD-nova-1.jpeg","width":1280,"height":798},{"@type":"BreadcrumbList","@id":"https:\/\/www.massafmedical.com.br\/loja\/produto\/placa-de-captura-usb-para-zscan-hd-hdmi-dvi-frete-e-instalacao-remota-inclusos\/#breadcrumb","itemListElement":[{"@type":"ListItem","position":1,"name":"In\u00edcio","item":"https:\/\/www.massafmedical.com.br\/loja\/"},{"@type":"ListItem","position":2,"name":"Produtos","item":"https:\/\/www.massafmedical.com.br\/loja\/nossos-produtos\/"},{"@type":"ListItem","position":3,"name":"PLACA DE CAPTURA USB PARA ZSCAN HD &#8211; HDMI\/DVI em 3x no cart\u00e3o sem juros. CONSULTE-NOS para 5% OFF em 4X no boleto ou 8% OFF \u00e0 vista \u2013 Frete, treinamento e instala\u00e7\u00e3o inclusos."}]},{"@type":"WebSite","@id":"https:\/\/www.massafmedical.com.br\/loja\/#website","url":"https:\/\/www.massafmedical.com.br\/loja\/","name":"Massaf Medical","description":"","publisher":{"@id":"https:\/\/www.massafmedical.com.br\/loja\/#organization"},"potentialAction":[{"@type":"SearchAction","target":{"@type":"EntryPoint","urlTemplate":"https:\/\/www.massafmedical.com.br\/loja\/?s={search_term_string}"},"query-input":{"@type":"PropertyValueSpecification","valueRequired":true,"valueName":"search_term_string"}}],"inLanguage":"pt-BR"},{"@type":"Organization","@id":"https:\/\/www.massafmedical.com.br\/loja\/#organization","name":"Massaf Medical","url":"https:\/\/www.massafmedical.com.br\/loja\/","logo":{"@type":"ImageObject","inLanguage":"pt-BR","@id":"https:\/\/www.massafmedical.com.br\/loja\/#\/schema\/logo\/image\/","url":"http:\/\/www.massafmedical.com.br\/loja\/wp-content\/uploads\/2020\/10\/logotipo-big.png","contentUrl":"http:\/\/www.massafmedical.com.br\/loja\/wp-content\/uploads\/2020\/10\/logotipo-big.png","width":750,"height":253,"caption":"Massaf Medical"},"image":{"@id":"https:\/\/www.massafmedical.com.br\/loja\/#\/schema\/logo\/image\/"},"sameAs":["http:\/\/www.facebook.com\/MASSAFMEDICAL"]}]}},"_links":{"self":[{"href":"https:\/\/www.massafmedical.com.br\/loja\/wp-json\/wp\/v2\/product\/871","targetHints":{"allow":["GET"]}}],"collection":[{"href":"https:\/\/www.massafmedical.com.br\/loja\/wp-json\/wp\/v2\/product"}],"about":[{"href":"https:\/\/www.massafmedical.com.br\/loja\/wp-json\/wp\/v2\/types\/product"}],"wp:featuredmedia":[{"embeddable":true,"href":"https:\/\/www.massafmedical.com.br\/loja\/wp-json\/wp\/v2\/media\/872"}],"wp:attachment":[{"href":"https:\/\/www.massafmedical.com.br\/loja\/wp-json\/wp\/v2\/media?parent=871"}],"wp:term":[{"taxonomy":"product_brand","embeddable":true,"href":"https:\/\/www.massafmedical.com.br\/loja\/wp-json\/wp\/v2\/product_brand?post=871"},{"taxonomy":"product_cat","embeddable":true,"href":"https:\/\/www.massafmedical.com.br\/loja\/wp-json\/wp\/v2\/product_cat?post=871"},{"taxonomy":"product_tag","embeddable":true,"href":"https:\/\/www.massafmedical.com.br\/loja\/wp-json\/wp\/v2\/product_tag?post=871"}],"curies":[{"name":"wp","href":"https:\/\/api.w.org\/{rel}","templated":true}]}}