{"id":856,"date":"2022-08-10T18:59:15","date_gmt":"2022-08-10T21:59:15","guid":{"rendered":"https:\/\/www.massafmedical.com.br\/loja\/?post_type=product&#038;p=856"},"modified":"2026-01-16T13:01:30","modified_gmt":"2026-01-16T16:01:30","slug":"pedal-zscan-sem-fio-frete-e-instalacao-remota-inclusos","status":"publish","type":"product","link":"https:\/\/www.massafmedical.com.br\/loja\/produto\/pedal-zscan-sem-fio-frete-e-instalacao-remota-inclusos\/","title":{"rendered":"PEDAL ZSCAN SEM FIO em 3x no cart\u00e3o sem juros. CONSULTE-NOS para 5% OFF em 4X no boleto ou 8% OFF \u00e0 vista \u2013 Frete, treinamento e instala\u00e7\u00e3o inclusos."},"content":{"rendered":"<p>PEDAL SEM FIO \u2013 DISPOSITIVO DE CAPTURA COM CABO USB DE 03 METROS \u2013 FUN\u00c7\u00c3O CAPTURA DE IMAGENS E SIMULT\u00c2NEA GRAVA\u00c7\u00c3O DE V\u00cdDEOS COM \u00c1UDIO \u2013 EXCLUSIVO PARA FUNCIONAMENTO EM SISTEMA DE CAPTURA ZSCAN (ZSCAN EVO ou superior)<\/p>\n<p><img decoding=\"async\" class=\"alignnone wp-image-857 lazyload\" data-src=\"https:\/\/www.massafmedical.com.br\/loja\/wp-content\/uploads\/2022\/08\/14-PEDAL-SEM-FIO-1024x657.jpg\" alt=\"\" width=\"354\" height=\"227\" data-srcset=\"https:\/\/www.massafmedical.com.br\/loja\/wp-content\/uploads\/2022\/08\/14-PEDAL-SEM-FIO-1024x657.jpg 1024w, https:\/\/www.massafmedical.com.br\/loja\/wp-content\/uploads\/2022\/08\/14-PEDAL-SEM-FIO-1433x919.jpg 1433w, https:\/\/www.massafmedical.com.br\/loja\/wp-content\/uploads\/2022\/08\/14-PEDAL-SEM-FIO-768x492.jpg 768w, https:\/\/www.massafmedical.com.br\/loja\/wp-content\/uploads\/2022\/08\/14-PEDAL-SEM-FIO-1536x985.jpg 1536w, https:\/\/www.massafmedical.com.br\/loja\/wp-content\/uploads\/2022\/08\/14-PEDAL-SEM-FIO-1320x846.jpg 1320w, https:\/\/www.massafmedical.com.br\/loja\/wp-content\/uploads\/2022\/08\/14-PEDAL-SEM-FIO-600x385.jpg 600w, https:\/\/www.massafmedical.com.br\/loja\/wp-content\/uploads\/2022\/08\/14-PEDAL-SEM-FIO.jpg 1600w\" data-sizes=\"(max-width: 354px) 100vw, 354px\" src=\"data:image\/gif;base64,R0lGODlhAQABAAAAACH5BAEKAAEALAAAAAABAAEAAAICTAEAOw==\" style=\"--smush-placeholder-width: 354px; --smush-placeholder-aspect-ratio: 354\/227;\" \/><img decoding=\"async\" class=\"alignnone wp-image-850 lazyload\" data-src=\"https:\/\/www.massafmedical.com.br\/loja\/wp-content\/uploads\/2022\/08\/CABO-USB-DISPOSITIVO-CAPTURA-1-1024x576.jpg\" alt=\"\" width=\"430\" height=\"242\" data-srcset=\"https:\/\/www.massafmedical.com.br\/loja\/wp-content\/uploads\/2022\/08\/CABO-USB-DISPOSITIVO-CAPTURA-1-1024x576.jpg 1024w, https:\/\/www.massafmedical.com.br\/loja\/wp-content\/uploads\/2022\/08\/CABO-USB-DISPOSITIVO-CAPTURA-1-768x432.jpg 768w, https:\/\/www.massafmedical.com.br\/loja\/wp-content\/uploads\/2022\/08\/CABO-USB-DISPOSITIVO-CAPTURA-1-600x338.jpg 600w, https:\/\/www.massafmedical.com.br\/loja\/wp-content\/uploads\/2022\/08\/CABO-USB-DISPOSITIVO-CAPTURA-1.jpg 1152w\" data-sizes=\"(max-width: 430px) 100vw, 430px\" src=\"data:image\/gif;base64,R0lGODlhAQABAAAAACH5BAEKAAEALAAAAAABAAEAAAICTAEAOw==\" style=\"--smush-placeholder-width: 430px; --smush-placeholder-aspect-ratio: 430\/242;\" \/><\/p>\n","protected":false},"excerpt":{"rendered":"<p>PEDAL SEM FIO \u2013 DISPOSITIVO DE CAPTURA COM CABO USB DE 03 METROS \u2013 FUN\u00c7\u00c3O CAPTURA DE IMAGENS E SIMULT\u00c2NEA GRAVA\u00c7\u00c3O DE V\u00cdDEOS COM \u00c1UDIO \u2013 EXCLUSIVO PARA FUNCIONAMENTO EM SISTEMA DE CAPTURA ZSCAN (ZSCAN EVO ou superior)<\/p>\n","protected":false},"featured_media":858,"template":"","meta":[],"product_brand":[],"product_cat":[61],"product_tag":[],"class_list":{"0":"post-856","1":"product","2":"type-product","3":"status-publish","4":"has-post-thumbnail","6":"product_cat-acessorios","8":"first","9":"instock","10":"taxable","11":"shipping-taxable","12":"purchasable","13":"product-type-simple"},"acf":[],"yoast_head":"<!-- This site is optimized with the Yoast SEO plugin v24.4 - https:\/\/yoast.com\/wordpress\/plugins\/seo\/ -->\n<title>PEDAL ZSCAN SEM FIO em 3x no cart\u00e3o sem juros. CONSULTE-NOS para 5% OFF em 4X no boleto ou 8% OFF \u00e0 vista \u2013 Frete, treinamento e instala\u00e7\u00e3o inclusos. - Massaf Medical<\/title>\n<meta name=\"robots\" content=\"index, follow, max-snippet:-1, max-image-preview:large, max-video-preview:-1\" \/>\n<link rel=\"canonical\" href=\"https:\/\/www.massafmedical.com.br\/loja\/produto\/pedal-zscan-sem-fio-frete-e-instalacao-remota-inclusos\/\" \/>\n<meta property=\"og:locale\" content=\"pt_BR\" \/>\n<meta property=\"og:type\" content=\"article\" \/>\n<meta property=\"og:title\" content=\"PEDAL ZSCAN SEM FIO em 3x no cart\u00e3o sem juros. CONSULTE-NOS para 5% OFF em 4X no boleto ou 8% OFF \u00e0 vista \u2013 Frete, treinamento e instala\u00e7\u00e3o inclusos. - Massaf Medical\" \/>\n<meta property=\"og:description\" content=\"PEDAL SEM FIO \u2013 DISPOSITIVO DE CAPTURA COM CABO USB DE 03 METROS \u2013 FUN\u00c7\u00c3O CAPTURA DE IMAGENS E SIMULT\u00c2NEA GRAVA\u00c7\u00c3O DE V\u00cdDEOS COM \u00c1UDIO \u2013 EXCLUSIVO PARA FUNCIONAMENTO EM SISTEMA DE CAPTURA ZSCAN (ZSCAN EVO ou superior)\" \/>\n<meta property=\"og:url\" content=\"https:\/\/www.massafmedical.com.br\/loja\/produto\/pedal-zscan-sem-fio-frete-e-instalacao-remota-inclusos\/\" \/>\n<meta property=\"og:site_name\" content=\"Massaf Medical\" \/>\n<meta property=\"article:publisher\" content=\"http:\/\/www.facebook.com\/MASSAFMEDICAL\" \/>\n<meta property=\"article:modified_time\" content=\"2026-01-16T16:01:30+00:00\" \/>\n<meta property=\"og:image\" content=\"https:\/\/www.massafmedical.com.br\/loja\/wp-content\/uploads\/2022\/08\/14-PEDAL-SEM-FIO-1.jpg\" \/>\n\t<meta property=\"og:image:width\" content=\"1600\" \/>\n\t<meta property=\"og:image:height\" content=\"1026\" \/>\n\t<meta property=\"og:image:type\" content=\"image\/jpeg\" \/>\n<meta name=\"twitter:card\" content=\"summary_large_image\" \/>\n<meta name=\"twitter:label1\" content=\"Est. tempo de leitura\" \/>\n\t<meta name=\"twitter:data1\" content=\"1 minuto\" \/>\n<script type=\"application\/ld+json\" class=\"yoast-schema-graph\">{\"@context\":\"https:\/\/schema.org\",\"@graph\":[{\"@type\":\"WebPage\",\"@id\":\"https:\/\/www.massafmedical.com.br\/loja\/produto\/pedal-zscan-sem-fio-frete-e-instalacao-remota-inclusos\/\",\"url\":\"https:\/\/www.massafmedical.com.br\/loja\/produto\/pedal-zscan-sem-fio-frete-e-instalacao-remota-inclusos\/\",\"name\":\"PEDAL ZSCAN SEM FIO em 3x no cart\u00e3o sem juros. CONSULTE-NOS para 5% OFF em 4X no boleto ou 8% OFF \u00e0 vista \u2013 Frete, treinamento e instala\u00e7\u00e3o inclusos. - Massaf Medical\",\"isPartOf\":{\"@id\":\"https:\/\/www.massafmedical.com.br\/loja\/#website\"},\"primaryImageOfPage\":{\"@id\":\"https:\/\/www.massafmedical.com.br\/loja\/produto\/pedal-zscan-sem-fio-frete-e-instalacao-remota-inclusos\/#primaryimage\"},\"image\":{\"@id\":\"https:\/\/www.massafmedical.com.br\/loja\/produto\/pedal-zscan-sem-fio-frete-e-instalacao-remota-inclusos\/#primaryimage\"},\"thumbnailUrl\":\"https:\/\/www.massafmedical.com.br\/loja\/wp-content\/uploads\/2022\/08\/14-PEDAL-SEM-FIO-1.jpg\",\"datePublished\":\"2022-08-10T21:59:15+00:00\",\"dateModified\":\"2026-01-16T16:01:30+00:00\",\"breadcrumb\":{\"@id\":\"https:\/\/www.massafmedical.com.br\/loja\/produto\/pedal-zscan-sem-fio-frete-e-instalacao-remota-inclusos\/#breadcrumb\"},\"inLanguage\":\"pt-BR\",\"potentialAction\":[{\"@type\":\"ReadAction\",\"target\":[\"https:\/\/www.massafmedical.com.br\/loja\/produto\/pedal-zscan-sem-fio-frete-e-instalacao-remota-inclusos\/\"]}]},{\"@type\":\"ImageObject\",\"inLanguage\":\"pt-BR\",\"@id\":\"https:\/\/www.massafmedical.com.br\/loja\/produto\/pedal-zscan-sem-fio-frete-e-instalacao-remota-inclusos\/#primaryimage\",\"url\":\"https:\/\/www.massafmedical.com.br\/loja\/wp-content\/uploads\/2022\/08\/14-PEDAL-SEM-FIO-1.jpg\",\"contentUrl\":\"https:\/\/www.massafmedical.com.br\/loja\/wp-content\/uploads\/2022\/08\/14-PEDAL-SEM-FIO-1.jpg\",\"width\":1600,\"height\":1026},{\"@type\":\"BreadcrumbList\",\"@id\":\"https:\/\/www.massafmedical.com.br\/loja\/produto\/pedal-zscan-sem-fio-frete-e-instalacao-remota-inclusos\/#breadcrumb\",\"itemListElement\":[{\"@type\":\"ListItem\",\"position\":1,\"name\":\"In\u00edcio\",\"item\":\"https:\/\/www.massafmedical.com.br\/loja\/\"},{\"@type\":\"ListItem\",\"position\":2,\"name\":\"Produtos\",\"item\":\"https:\/\/www.massafmedical.com.br\/loja\/nossos-produtos\/\"},{\"@type\":\"ListItem\",\"position\":3,\"name\":\"PEDAL ZSCAN SEM FIO em 3x no cart\u00e3o sem juros. CONSULTE-NOS para 5% OFF em 4X no boleto ou 8% OFF \u00e0 vista \u2013 Frete, treinamento e instala\u00e7\u00e3o inclusos.\"}]},{\"@type\":\"WebSite\",\"@id\":\"https:\/\/www.massafmedical.com.br\/loja\/#website\",\"url\":\"https:\/\/www.massafmedical.com.br\/loja\/\",\"name\":\"Massaf Medical\",\"description\":\"\",\"publisher\":{\"@id\":\"https:\/\/www.massafmedical.com.br\/loja\/#organization\"},\"potentialAction\":[{\"@type\":\"SearchAction\",\"target\":{\"@type\":\"EntryPoint\",\"urlTemplate\":\"https:\/\/www.massafmedical.com.br\/loja\/?s={search_term_string}\"},\"query-input\":{\"@type\":\"PropertyValueSpecification\",\"valueRequired\":true,\"valueName\":\"search_term_string\"}}],\"inLanguage\":\"pt-BR\"},{\"@type\":\"Organization\",\"@id\":\"https:\/\/www.massafmedical.com.br\/loja\/#organization\",\"name\":\"Massaf Medical\",\"url\":\"https:\/\/www.massafmedical.com.br\/loja\/\",\"logo\":{\"@type\":\"ImageObject\",\"inLanguage\":\"pt-BR\",\"@id\":\"https:\/\/www.massafmedical.com.br\/loja\/#\/schema\/logo\/image\/\",\"url\":\"http:\/\/www.massafmedical.com.br\/loja\/wp-content\/uploads\/2020\/10\/logotipo-big.png\",\"contentUrl\":\"http:\/\/www.massafmedical.com.br\/loja\/wp-content\/uploads\/2020\/10\/logotipo-big.png\",\"width\":750,\"height\":253,\"caption\":\"Massaf Medical\"},\"image\":{\"@id\":\"https:\/\/www.massafmedical.com.br\/loja\/#\/schema\/logo\/image\/\"},\"sameAs\":[\"http:\/\/www.facebook.com\/MASSAFMEDICAL\"]}]}<\/script>\n<!-- \/ Yoast SEO plugin. -->","yoast_head_json":{"title":"PEDAL ZSCAN SEM FIO em 3x no cart\u00e3o sem juros. CONSULTE-NOS para 5% OFF em 4X no boleto ou 8% OFF \u00e0 vista \u2013 Frete, treinamento e instala\u00e7\u00e3o inclusos. - Massaf Medical","robots":{"index":"index","follow":"follow","max-snippet":"max-snippet:-1","max-image-preview":"max-image-preview:large","max-video-preview":"max-video-preview:-1"},"canonical":"https:\/\/www.massafmedical.com.br\/loja\/produto\/pedal-zscan-sem-fio-frete-e-instalacao-remota-inclusos\/","og_locale":"pt_BR","og_type":"article","og_title":"PEDAL ZSCAN SEM FIO em 3x no cart\u00e3o sem juros. CONSULTE-NOS para 5% OFF em 4X no boleto ou 8% OFF \u00e0 vista \u2013 Frete, treinamento e instala\u00e7\u00e3o inclusos. - Massaf Medical","og_description":"PEDAL SEM FIO \u2013 DISPOSITIVO DE CAPTURA COM CABO USB DE 03 METROS \u2013 FUN\u00c7\u00c3O CAPTURA DE IMAGENS E SIMULT\u00c2NEA GRAVA\u00c7\u00c3O DE V\u00cdDEOS COM \u00c1UDIO \u2013 EXCLUSIVO PARA FUNCIONAMENTO EM SISTEMA DE CAPTURA ZSCAN (ZSCAN EVO ou superior)","og_url":"https:\/\/www.massafmedical.com.br\/loja\/produto\/pedal-zscan-sem-fio-frete-e-instalacao-remota-inclusos\/","og_site_name":"Massaf Medical","article_publisher":"http:\/\/www.facebook.com\/MASSAFMEDICAL","article_modified_time":"2026-01-16T16:01:30+00:00","og_image":[{"width":1600,"height":1026,"url":"https:\/\/www.massafmedical.com.br\/loja\/wp-content\/uploads\/2022\/08\/14-PEDAL-SEM-FIO-1.jpg","type":"image\/jpeg"}],"twitter_card":"summary_large_image","twitter_misc":{"Est. tempo de leitura":"1 minuto"},"schema":{"@context":"https:\/\/schema.org","@graph":[{"@type":"WebPage","@id":"https:\/\/www.massafmedical.com.br\/loja\/produto\/pedal-zscan-sem-fio-frete-e-instalacao-remota-inclusos\/","url":"https:\/\/www.massafmedical.com.br\/loja\/produto\/pedal-zscan-sem-fio-frete-e-instalacao-remota-inclusos\/","name":"PEDAL ZSCAN SEM FIO em 3x no cart\u00e3o sem juros. CONSULTE-NOS para 5% OFF em 4X no boleto ou 8% OFF \u00e0 vista \u2013 Frete, treinamento e instala\u00e7\u00e3o inclusos. - Massaf Medical","isPartOf":{"@id":"https:\/\/www.massafmedical.com.br\/loja\/#website"},"primaryImageOfPage":{"@id":"https:\/\/www.massafmedical.com.br\/loja\/produto\/pedal-zscan-sem-fio-frete-e-instalacao-remota-inclusos\/#primaryimage"},"image":{"@id":"https:\/\/www.massafmedical.com.br\/loja\/produto\/pedal-zscan-sem-fio-frete-e-instalacao-remota-inclusos\/#primaryimage"},"thumbnailUrl":"https:\/\/www.massafmedical.com.br\/loja\/wp-content\/uploads\/2022\/08\/14-PEDAL-SEM-FIO-1.jpg","datePublished":"2022-08-10T21:59:15+00:00","dateModified":"2026-01-16T16:01:30+00:00","breadcrumb":{"@id":"https:\/\/www.massafmedical.com.br\/loja\/produto\/pedal-zscan-sem-fio-frete-e-instalacao-remota-inclusos\/#breadcrumb"},"inLanguage":"pt-BR","potentialAction":[{"@type":"ReadAction","target":["https:\/\/www.massafmedical.com.br\/loja\/produto\/pedal-zscan-sem-fio-frete-e-instalacao-remota-inclusos\/"]}]},{"@type":"ImageObject","inLanguage":"pt-BR","@id":"https:\/\/www.massafmedical.com.br\/loja\/produto\/pedal-zscan-sem-fio-frete-e-instalacao-remota-inclusos\/#primaryimage","url":"https:\/\/www.massafmedical.com.br\/loja\/wp-content\/uploads\/2022\/08\/14-PEDAL-SEM-FIO-1.jpg","contentUrl":"https:\/\/www.massafmedical.com.br\/loja\/wp-content\/uploads\/2022\/08\/14-PEDAL-SEM-FIO-1.jpg","width":1600,"height":1026},{"@type":"BreadcrumbList","@id":"https:\/\/www.massafmedical.com.br\/loja\/produto\/pedal-zscan-sem-fio-frete-e-instalacao-remota-inclusos\/#breadcrumb","itemListElement":[{"@type":"ListItem","position":1,"name":"In\u00edcio","item":"https:\/\/www.massafmedical.com.br\/loja\/"},{"@type":"ListItem","position":2,"name":"Produtos","item":"https:\/\/www.massafmedical.com.br\/loja\/nossos-produtos\/"},{"@type":"ListItem","position":3,"name":"PEDAL ZSCAN SEM FIO em 3x no cart\u00e3o sem juros. CONSULTE-NOS para 5% OFF em 4X no boleto ou 8% OFF \u00e0 vista \u2013 Frete, treinamento e instala\u00e7\u00e3o inclusos."}]},{"@type":"WebSite","@id":"https:\/\/www.massafmedical.com.br\/loja\/#website","url":"https:\/\/www.massafmedical.com.br\/loja\/","name":"Massaf Medical","description":"","publisher":{"@id":"https:\/\/www.massafmedical.com.br\/loja\/#organization"},"potentialAction":[{"@type":"SearchAction","target":{"@type":"EntryPoint","urlTemplate":"https:\/\/www.massafmedical.com.br\/loja\/?s={search_term_string}"},"query-input":{"@type":"PropertyValueSpecification","valueRequired":true,"valueName":"search_term_string"}}],"inLanguage":"pt-BR"},{"@type":"Organization","@id":"https:\/\/www.massafmedical.com.br\/loja\/#organization","name":"Massaf Medical","url":"https:\/\/www.massafmedical.com.br\/loja\/","logo":{"@type":"ImageObject","inLanguage":"pt-BR","@id":"https:\/\/www.massafmedical.com.br\/loja\/#\/schema\/logo\/image\/","url":"http:\/\/www.massafmedical.com.br\/loja\/wp-content\/uploads\/2020\/10\/logotipo-big.png","contentUrl":"http:\/\/www.massafmedical.com.br\/loja\/wp-content\/uploads\/2020\/10\/logotipo-big.png","width":750,"height":253,"caption":"Massaf Medical"},"image":{"@id":"https:\/\/www.massafmedical.com.br\/loja\/#\/schema\/logo\/image\/"},"sameAs":["http:\/\/www.facebook.com\/MASSAFMEDICAL"]}]}},"_links":{"self":[{"href":"https:\/\/www.massafmedical.com.br\/loja\/wp-json\/wp\/v2\/product\/856","targetHints":{"allow":["GET"]}}],"collection":[{"href":"https:\/\/www.massafmedical.com.br\/loja\/wp-json\/wp\/v2\/product"}],"about":[{"href":"https:\/\/www.massafmedical.com.br\/loja\/wp-json\/wp\/v2\/types\/product"}],"wp:featuredmedia":[{"embeddable":true,"href":"https:\/\/www.massafmedical.com.br\/loja\/wp-json\/wp\/v2\/media\/858"}],"wp:attachment":[{"href":"https:\/\/www.massafmedical.com.br\/loja\/wp-json\/wp\/v2\/media?parent=856"}],"wp:term":[{"taxonomy":"product_brand","embeddable":true,"href":"https:\/\/www.massafmedical.com.br\/loja\/wp-json\/wp\/v2\/product_brand?post=856"},{"taxonomy":"product_cat","embeddable":true,"href":"https:\/\/www.massafmedical.com.br\/loja\/wp-json\/wp\/v2\/product_cat?post=856"},{"taxonomy":"product_tag","embeddable":true,"href":"https:\/\/www.massafmedical.com.br\/loja\/wp-json\/wp\/v2\/product_tag?post=856"}],"curies":[{"name":"wp","href":"https:\/\/api.w.org\/{rel}","templated":true}]}}