{"id":477,"date":"2021-05-28T14:18:27","date_gmt":"2021-05-28T17:18:27","guid":{"rendered":"http:\/\/www.massafmedical.com.br\/loja\/?post_type=product&#038;p=477"},"modified":"2025-11-05T08:24:15","modified_gmt":"2025-11-05T11:24:15","slug":"pacote-combo-evo-sd-full-frete-incluso","status":"publish","type":"product","link":"https:\/\/www.massafmedical.com.br\/loja\/produto\/pacote-combo-evo-sd-full-frete-incluso\/","title":{"rendered":"PACOTE COMBO ZSCAN EVO SD FULL em 3x no cart\u00e3o sem juros. CONSULTE-NOS para 5% OFF em 5X no boleto ou 8% OFF \u00e0 vista \u2013 Frete, treinamento e instala\u00e7\u00e3o inclusos."},"content":{"rendered":"<p><strong><em>01 Sistema de captura <\/em><\/strong><strong><em>ZSCAN EVO PLUS<\/em><\/strong><em><b> para 01 sala de exames (compat\u00edvel \u00e0 especialidades com sa\u00edda de v\u00eddeo Svideo\/BNC\/RCA)\u00a0<\/b><\/em><\/p>\n<p><strong><em>+ 02 licen\u00e7as adicionais para acesso administrativo em computadores em rede (recep\u00e7\u00e3o\/sala de laudos)<\/em><\/strong><\/p>\n<p><strong><em>+ 01 Notebook Dell I5 com o ZSCAN EVO PLUS instalado<\/em><\/strong><\/p>\n<p><strong><em>+ 01 Multifuncional EPSON<\/em><\/strong><\/p>\n<p><strong><em>+ 01 Rack met\u00e1lico<\/em><\/strong><\/p>\n<p><strong><em>+ <\/em><\/strong><strong><em>BRINDES\u00a0<\/em><\/strong><\/p>\n<p style=\"text-align: center;\"><strong>NOTA: PARA ATIVA\u00c7\u00c3O DESTE PRODUTO EXISTE RECORR\u00caNCIA MENSAL NAS OP\u00c7\u00d5ES DOS PLANOS QUE SEGUEM \u2013 \u00a0A ADES\u00c3O CONTRATUAL SER\u00c1 FEITA NA OCASI\u00c3O DA INSTALA\u00c7\u00c3O.<\/strong><\/p>\n<p style=\"text-align: center;\"><img decoding=\"async\" class=\"alignnone size-medium wp-image-1933 lazyload\" data-src=\"https:\/\/www.massafmedical.com.br\/loja\/wp-content\/uploads\/2020\/11\/Pacotes-ZSCAN-EVO-2-1024x576.png\" alt=\"\" width=\"1024\" height=\"576\" data-srcset=\"https:\/\/www.massafmedical.com.br\/loja\/wp-content\/uploads\/2020\/11\/Pacotes-ZSCAN-EVO-2-1024x576.png 1024w, https:\/\/www.massafmedical.com.br\/loja\/wp-content\/uploads\/2020\/11\/Pacotes-ZSCAN-EVO-2-1433x806.png 1433w, https:\/\/www.massafmedical.com.br\/loja\/wp-content\/uploads\/2020\/11\/Pacotes-ZSCAN-EVO-2-768x432.png 768w, https:\/\/www.massafmedical.com.br\/loja\/wp-content\/uploads\/2020\/11\/Pacotes-ZSCAN-EVO-2-1536x864.png 1536w, https:\/\/www.massafmedical.com.br\/loja\/wp-content\/uploads\/2020\/11\/Pacotes-ZSCAN-EVO-2-1320x743.png 1320w, https:\/\/www.massafmedical.com.br\/loja\/wp-content\/uploads\/2020\/11\/Pacotes-ZSCAN-EVO-2-600x338.png 600w, https:\/\/www.massafmedical.com.br\/loja\/wp-content\/uploads\/2020\/11\/Pacotes-ZSCAN-EVO-2.png 1920w\" data-sizes=\"(max-width: 1024px) 100vw, 1024px\" src=\"data:image\/gif;base64,R0lGODlhAQABAAAAACH5BAEKAAEALAAAAAABAAEAAAICTAEAOw==\" style=\"--smush-placeholder-width: 1024px; --smush-placeholder-aspect-ratio: 1024\/576;\" \/><\/p>\n<p><img decoding=\"async\" class=\"alignnone size-medium wp-image-409 lazyload\" data-src=\"https:\/\/www.massafmedical.com.br\/loja\/wp-content\/uploads\/2020\/11\/pacote-combo-1024x754.jpg\" alt=\"\" width=\"1024\" height=\"754\" data-srcset=\"https:\/\/www.massafmedical.com.br\/loja\/wp-content\/uploads\/2020\/11\/pacote-combo-1024x754.jpg 1024w, https:\/\/www.massafmedical.com.br\/loja\/wp-content\/uploads\/2020\/11\/pacote-combo-768x565.jpg 768w, https:\/\/www.massafmedical.com.br\/loja\/wp-content\/uploads\/2020\/11\/pacote-combo-600x442.jpg 600w, https:\/\/www.massafmedical.com.br\/loja\/wp-content\/uploads\/2020\/11\/pacote-combo.jpg 1050w\" data-sizes=\"(max-width: 1024px) 100vw, 1024px\" src=\"data:image\/gif;base64,R0lGODlhAQABAAAAACH5BAEKAAEALAAAAAABAAEAAAICTAEAOw==\" style=\"--smush-placeholder-width: 1024px; --smush-placeholder-aspect-ratio: 1024\/754;\" \/><img decoding=\"async\" class=\"alignnone size-full wp-image-381 lazyload\" data-src=\"https:\/\/www.massafmedical.com.br\/loja\/wp-content\/uploads\/2020\/11\/25-LOGO-EVO.png\" alt=\"\" width=\"200\" height=\"154\" src=\"data:image\/gif;base64,R0lGODlhAQABAAAAACH5BAEKAAEALAAAAAABAAEAAAICTAEAOw==\" style=\"--smush-placeholder-width: 200px; --smush-placeholder-aspect-ratio: 200\/154;\" \/><\/p>\n","protected":false},"excerpt":{"rendered":"<p>01 Sistema de captura ZSCAN EVO PLUS para 01 sala de exames (compat\u00edvel \u00e0 especialidades com sa\u00edda de v\u00eddeo Svideo\/BNC\/RCA)\u00a0 + 02 licen\u00e7as adicionais para acesso administrativo em computadores em rede (recep\u00e7\u00e3o\/sala de laudos) + 01 Notebook Dell I5 com o ZSCAN EVO PLUS instalado + 01 Multifuncional EPSON + 01 Rack met\u00e1lico + BRINDES\u00a0 &hellip; <a href=\"https:\/\/www.massafmedical.com.br\/loja\/produto\/pacote-combo-evo-sd-full-frete-incluso\/\">Continua<\/a><\/p>\n","protected":false},"featured_media":399,"template":"","meta":[],"product_brand":[],"product_cat":[62],"product_tag":[],"class_list":{"0":"post-477","1":"product","2":"type-product","3":"status-publish","4":"has-post-thumbnail","6":"product_cat-pacotes-combo","8":"first","9":"instock","10":"taxable","11":"shipping-taxable","12":"purchasable","13":"product-type-simple"},"acf":[],"yoast_head":"<!-- This site is optimized with the Yoast SEO plugin v24.4 - https:\/\/yoast.com\/wordpress\/plugins\/seo\/ -->\n<title>PACOTE COMBO ZSCAN EVO SD FULL em 3x no cart\u00e3o sem juros. CONSULTE-NOS para 5% OFF em 5X no boleto ou 8% OFF \u00e0 vista \u2013 Frete, treinamento e instala\u00e7\u00e3o inclusos. - Massaf Medical<\/title>\n<meta name=\"robots\" content=\"index, follow, max-snippet:-1, max-image-preview:large, max-video-preview:-1\" \/>\n<link rel=\"canonical\" href=\"https:\/\/www.massafmedical.com.br\/loja\/produto\/pacote-combo-evo-sd-full-frete-incluso\/\" \/>\n<meta property=\"og:locale\" content=\"pt_BR\" \/>\n<meta property=\"og:type\" content=\"article\" \/>\n<meta property=\"og:title\" content=\"PACOTE COMBO ZSCAN EVO SD FULL em 3x no cart\u00e3o sem juros. CONSULTE-NOS para 5% OFF em 5X no boleto ou 8% OFF \u00e0 vista \u2013 Frete, treinamento e instala\u00e7\u00e3o inclusos. - Massaf Medical\" \/>\n<meta property=\"og:description\" content=\"01 Sistema de captura ZSCAN EVO PLUS para 01 sala de exames (compat\u00edvel \u00e0 especialidades com sa\u00edda de v\u00eddeo Svideo\/BNC\/RCA)\u00a0 + 02 licen\u00e7as adicionais para acesso administrativo em computadores em rede (recep\u00e7\u00e3o\/sala de laudos) + 01 Notebook Dell I5 com o ZSCAN EVO PLUS instalado + 01 Multifuncional EPSON + 01 Rack met\u00e1lico + BRINDES\u00a0 &hellip; Continua\" \/>\n<meta property=\"og:url\" content=\"https:\/\/www.massafmedical.com.br\/loja\/produto\/pacote-combo-evo-sd-full-frete-incluso\/\" \/>\n<meta property=\"og:site_name\" content=\"Massaf Medical\" \/>\n<meta property=\"article:publisher\" content=\"http:\/\/www.facebook.com\/MASSAFMEDICAL\" \/>\n<meta property=\"article:modified_time\" content=\"2025-11-05T11:24:15+00:00\" \/>\n<meta property=\"og:image\" content=\"https:\/\/www.massafmedical.com.br\/loja\/wp-content\/uploads\/2020\/11\/09-PACOTE-COMBO-ZSCAN-1-scaled.jpg\" \/>\n\t<meta property=\"og:image:width\" content=\"2560\" \/>\n\t<meta property=\"og:image:height\" content=\"1920\" \/>\n\t<meta property=\"og:image:type\" content=\"image\/jpeg\" \/>\n<meta name=\"twitter:card\" content=\"summary_large_image\" \/>\n<meta name=\"twitter:label1\" content=\"Est. tempo de leitura\" \/>\n\t<meta name=\"twitter:data1\" content=\"2 minutos\" \/>\n<script type=\"application\/ld+json\" class=\"yoast-schema-graph\">{\"@context\":\"https:\/\/schema.org\",\"@graph\":[{\"@type\":\"WebPage\",\"@id\":\"https:\/\/www.massafmedical.com.br\/loja\/produto\/pacote-combo-evo-sd-full-frete-incluso\/\",\"url\":\"https:\/\/www.massafmedical.com.br\/loja\/produto\/pacote-combo-evo-sd-full-frete-incluso\/\",\"name\":\"PACOTE COMBO ZSCAN EVO SD FULL em 3x no cart\u00e3o sem juros. CONSULTE-NOS para 5% OFF em 5X no boleto ou 8% OFF \u00e0 vista \u2013 Frete, treinamento e instala\u00e7\u00e3o inclusos. - Massaf Medical\",\"isPartOf\":{\"@id\":\"https:\/\/www.massafmedical.com.br\/loja\/#website\"},\"primaryImageOfPage\":{\"@id\":\"https:\/\/www.massafmedical.com.br\/loja\/produto\/pacote-combo-evo-sd-full-frete-incluso\/#primaryimage\"},\"image\":{\"@id\":\"https:\/\/www.massafmedical.com.br\/loja\/produto\/pacote-combo-evo-sd-full-frete-incluso\/#primaryimage\"},\"thumbnailUrl\":\"https:\/\/www.massafmedical.com.br\/loja\/wp-content\/uploads\/2020\/11\/09-PACOTE-COMBO-ZSCAN-1-scaled.jpg\",\"datePublished\":\"2021-05-28T17:18:27+00:00\",\"dateModified\":\"2025-11-05T11:24:15+00:00\",\"breadcrumb\":{\"@id\":\"https:\/\/www.massafmedical.com.br\/loja\/produto\/pacote-combo-evo-sd-full-frete-incluso\/#breadcrumb\"},\"inLanguage\":\"pt-BR\",\"potentialAction\":[{\"@type\":\"ReadAction\",\"target\":[\"https:\/\/www.massafmedical.com.br\/loja\/produto\/pacote-combo-evo-sd-full-frete-incluso\/\"]}]},{\"@type\":\"ImageObject\",\"inLanguage\":\"pt-BR\",\"@id\":\"https:\/\/www.massafmedical.com.br\/loja\/produto\/pacote-combo-evo-sd-full-frete-incluso\/#primaryimage\",\"url\":\"https:\/\/www.massafmedical.com.br\/loja\/wp-content\/uploads\/2020\/11\/09-PACOTE-COMBO-ZSCAN-1-scaled.jpg\",\"contentUrl\":\"https:\/\/www.massafmedical.com.br\/loja\/wp-content\/uploads\/2020\/11\/09-PACOTE-COMBO-ZSCAN-1-scaled.jpg\",\"width\":2560,\"height\":1920},{\"@type\":\"BreadcrumbList\",\"@id\":\"https:\/\/www.massafmedical.com.br\/loja\/produto\/pacote-combo-evo-sd-full-frete-incluso\/#breadcrumb\",\"itemListElement\":[{\"@type\":\"ListItem\",\"position\":1,\"name\":\"In\u00edcio\",\"item\":\"https:\/\/www.massafmedical.com.br\/loja\/\"},{\"@type\":\"ListItem\",\"position\":2,\"name\":\"Produtos\",\"item\":\"https:\/\/www.massafmedical.com.br\/loja\/nossos-produtos\/\"},{\"@type\":\"ListItem\",\"position\":3,\"name\":\"PACOTE COMBO ZSCAN EVO SD FULL em 3x no cart\u00e3o sem juros. CONSULTE-NOS para 5% OFF em 5X no boleto ou 8% OFF \u00e0 vista \u2013 Frete, treinamento e instala\u00e7\u00e3o inclusos.\"}]},{\"@type\":\"WebSite\",\"@id\":\"https:\/\/www.massafmedical.com.br\/loja\/#website\",\"url\":\"https:\/\/www.massafmedical.com.br\/loja\/\",\"name\":\"Massaf Medical\",\"description\":\"\",\"publisher\":{\"@id\":\"https:\/\/www.massafmedical.com.br\/loja\/#organization\"},\"potentialAction\":[{\"@type\":\"SearchAction\",\"target\":{\"@type\":\"EntryPoint\",\"urlTemplate\":\"https:\/\/www.massafmedical.com.br\/loja\/?s={search_term_string}\"},\"query-input\":{\"@type\":\"PropertyValueSpecification\",\"valueRequired\":true,\"valueName\":\"search_term_string\"}}],\"inLanguage\":\"pt-BR\"},{\"@type\":\"Organization\",\"@id\":\"https:\/\/www.massafmedical.com.br\/loja\/#organization\",\"name\":\"Massaf Medical\",\"url\":\"https:\/\/www.massafmedical.com.br\/loja\/\",\"logo\":{\"@type\":\"ImageObject\",\"inLanguage\":\"pt-BR\",\"@id\":\"https:\/\/www.massafmedical.com.br\/loja\/#\/schema\/logo\/image\/\",\"url\":\"http:\/\/www.massafmedical.com.br\/loja\/wp-content\/uploads\/2020\/10\/logotipo-big.png\",\"contentUrl\":\"http:\/\/www.massafmedical.com.br\/loja\/wp-content\/uploads\/2020\/10\/logotipo-big.png\",\"width\":750,\"height\":253,\"caption\":\"Massaf Medical\"},\"image\":{\"@id\":\"https:\/\/www.massafmedical.com.br\/loja\/#\/schema\/logo\/image\/\"},\"sameAs\":[\"http:\/\/www.facebook.com\/MASSAFMEDICAL\"]}]}<\/script>\n<!-- \/ Yoast SEO plugin. -->","yoast_head_json":{"title":"PACOTE COMBO ZSCAN EVO SD FULL em 3x no cart\u00e3o sem juros. CONSULTE-NOS para 5% OFF em 5X no boleto ou 8% OFF \u00e0 vista \u2013 Frete, treinamento e instala\u00e7\u00e3o inclusos. - Massaf Medical","robots":{"index":"index","follow":"follow","max-snippet":"max-snippet:-1","max-image-preview":"max-image-preview:large","max-video-preview":"max-video-preview:-1"},"canonical":"https:\/\/www.massafmedical.com.br\/loja\/produto\/pacote-combo-evo-sd-full-frete-incluso\/","og_locale":"pt_BR","og_type":"article","og_title":"PACOTE COMBO ZSCAN EVO SD FULL em 3x no cart\u00e3o sem juros. CONSULTE-NOS para 5% OFF em 5X no boleto ou 8% OFF \u00e0 vista \u2013 Frete, treinamento e instala\u00e7\u00e3o inclusos. - Massaf Medical","og_description":"01 Sistema de captura ZSCAN EVO PLUS para 01 sala de exames (compat\u00edvel \u00e0 especialidades com sa\u00edda de v\u00eddeo Svideo\/BNC\/RCA)\u00a0 + 02 licen\u00e7as adicionais para acesso administrativo em computadores em rede (recep\u00e7\u00e3o\/sala de laudos) + 01 Notebook Dell I5 com o ZSCAN EVO PLUS instalado + 01 Multifuncional EPSON + 01 Rack met\u00e1lico + BRINDES\u00a0 &hellip; Continua","og_url":"https:\/\/www.massafmedical.com.br\/loja\/produto\/pacote-combo-evo-sd-full-frete-incluso\/","og_site_name":"Massaf Medical","article_publisher":"http:\/\/www.facebook.com\/MASSAFMEDICAL","article_modified_time":"2025-11-05T11:24:15+00:00","og_image":[{"width":2560,"height":1920,"url":"https:\/\/www.massafmedical.com.br\/loja\/wp-content\/uploads\/2020\/11\/09-PACOTE-COMBO-ZSCAN-1-scaled.jpg","type":"image\/jpeg"}],"twitter_card":"summary_large_image","twitter_misc":{"Est. tempo de leitura":"2 minutos"},"schema":{"@context":"https:\/\/schema.org","@graph":[{"@type":"WebPage","@id":"https:\/\/www.massafmedical.com.br\/loja\/produto\/pacote-combo-evo-sd-full-frete-incluso\/","url":"https:\/\/www.massafmedical.com.br\/loja\/produto\/pacote-combo-evo-sd-full-frete-incluso\/","name":"PACOTE COMBO ZSCAN EVO SD FULL em 3x no cart\u00e3o sem juros. CONSULTE-NOS para 5% OFF em 5X no boleto ou 8% OFF \u00e0 vista \u2013 Frete, treinamento e instala\u00e7\u00e3o inclusos. - Massaf Medical","isPartOf":{"@id":"https:\/\/www.massafmedical.com.br\/loja\/#website"},"primaryImageOfPage":{"@id":"https:\/\/www.massafmedical.com.br\/loja\/produto\/pacote-combo-evo-sd-full-frete-incluso\/#primaryimage"},"image":{"@id":"https:\/\/www.massafmedical.com.br\/loja\/produto\/pacote-combo-evo-sd-full-frete-incluso\/#primaryimage"},"thumbnailUrl":"https:\/\/www.massafmedical.com.br\/loja\/wp-content\/uploads\/2020\/11\/09-PACOTE-COMBO-ZSCAN-1-scaled.jpg","datePublished":"2021-05-28T17:18:27+00:00","dateModified":"2025-11-05T11:24:15+00:00","breadcrumb":{"@id":"https:\/\/www.massafmedical.com.br\/loja\/produto\/pacote-combo-evo-sd-full-frete-incluso\/#breadcrumb"},"inLanguage":"pt-BR","potentialAction":[{"@type":"ReadAction","target":["https:\/\/www.massafmedical.com.br\/loja\/produto\/pacote-combo-evo-sd-full-frete-incluso\/"]}]},{"@type":"ImageObject","inLanguage":"pt-BR","@id":"https:\/\/www.massafmedical.com.br\/loja\/produto\/pacote-combo-evo-sd-full-frete-incluso\/#primaryimage","url":"https:\/\/www.massafmedical.com.br\/loja\/wp-content\/uploads\/2020\/11\/09-PACOTE-COMBO-ZSCAN-1-scaled.jpg","contentUrl":"https:\/\/www.massafmedical.com.br\/loja\/wp-content\/uploads\/2020\/11\/09-PACOTE-COMBO-ZSCAN-1-scaled.jpg","width":2560,"height":1920},{"@type":"BreadcrumbList","@id":"https:\/\/www.massafmedical.com.br\/loja\/produto\/pacote-combo-evo-sd-full-frete-incluso\/#breadcrumb","itemListElement":[{"@type":"ListItem","position":1,"name":"In\u00edcio","item":"https:\/\/www.massafmedical.com.br\/loja\/"},{"@type":"ListItem","position":2,"name":"Produtos","item":"https:\/\/www.massafmedical.com.br\/loja\/nossos-produtos\/"},{"@type":"ListItem","position":3,"name":"PACOTE COMBO ZSCAN EVO SD FULL em 3x no cart\u00e3o sem juros. CONSULTE-NOS para 5% OFF em 5X no boleto ou 8% OFF \u00e0 vista \u2013 Frete, treinamento e instala\u00e7\u00e3o inclusos."}]},{"@type":"WebSite","@id":"https:\/\/www.massafmedical.com.br\/loja\/#website","url":"https:\/\/www.massafmedical.com.br\/loja\/","name":"Massaf Medical","description":"","publisher":{"@id":"https:\/\/www.massafmedical.com.br\/loja\/#organization"},"potentialAction":[{"@type":"SearchAction","target":{"@type":"EntryPoint","urlTemplate":"https:\/\/www.massafmedical.com.br\/loja\/?s={search_term_string}"},"query-input":{"@type":"PropertyValueSpecification","valueRequired":true,"valueName":"search_term_string"}}],"inLanguage":"pt-BR"},{"@type":"Organization","@id":"https:\/\/www.massafmedical.com.br\/loja\/#organization","name":"Massaf Medical","url":"https:\/\/www.massafmedical.com.br\/loja\/","logo":{"@type":"ImageObject","inLanguage":"pt-BR","@id":"https:\/\/www.massafmedical.com.br\/loja\/#\/schema\/logo\/image\/","url":"http:\/\/www.massafmedical.com.br\/loja\/wp-content\/uploads\/2020\/10\/logotipo-big.png","contentUrl":"http:\/\/www.massafmedical.com.br\/loja\/wp-content\/uploads\/2020\/10\/logotipo-big.png","width":750,"height":253,"caption":"Massaf Medical"},"image":{"@id":"https:\/\/www.massafmedical.com.br\/loja\/#\/schema\/logo\/image\/"},"sameAs":["http:\/\/www.facebook.com\/MASSAFMEDICAL"]}]}},"_links":{"self":[{"href":"https:\/\/www.massafmedical.com.br\/loja\/wp-json\/wp\/v2\/product\/477","targetHints":{"allow":["GET"]}}],"collection":[{"href":"https:\/\/www.massafmedical.com.br\/loja\/wp-json\/wp\/v2\/product"}],"about":[{"href":"https:\/\/www.massafmedical.com.br\/loja\/wp-json\/wp\/v2\/types\/product"}],"wp:featuredmedia":[{"embeddable":true,"href":"https:\/\/www.massafmedical.com.br\/loja\/wp-json\/wp\/v2\/media\/399"}],"wp:attachment":[{"href":"https:\/\/www.massafmedical.com.br\/loja\/wp-json\/wp\/v2\/media?parent=477"}],"wp:term":[{"taxonomy":"product_brand","embeddable":true,"href":"https:\/\/www.massafmedical.com.br\/loja\/wp-json\/wp\/v2\/product_brand?post=477"},{"taxonomy":"product_cat","embeddable":true,"href":"https:\/\/www.massafmedical.com.br\/loja\/wp-json\/wp\/v2\/product_cat?post=477"},{"taxonomy":"product_tag","embeddable":true,"href":"https:\/\/www.massafmedical.com.br\/loja\/wp-json\/wp\/v2\/product_tag?post=477"}],"curies":[{"name":"wp","href":"https:\/\/api.w.org\/{rel}","templated":true}]}}