{"id":471,"date":"2021-05-28T13:35:38","date_gmt":"2021-05-28T16:35:38","guid":{"rendered":"http:\/\/www.massafmedical.com.br\/loja\/?post_type=product&#038;p=471"},"modified":"2026-03-16T15:45:58","modified_gmt":"2026-03-16T18:45:58","slug":"captura-zscan-para-botao-endoscopio","status":"publish","type":"product","link":"https:\/\/www.massafmedical.com.br\/loja\/produto\/captura-zscan-para-botao-endoscopio\/","title":{"rendered":"CAPTURA ZSCAN SEM FIO PARA BOT\u00c3O ENDOSC\u00d3PIO OLYMPUS em 3x no cart\u00e3o sem juros. CONSULTE-NOS para 5% OFF em 4X no boleto ou 8% OFF \u00e0 vista \u2013 Frete, treinamento e instala\u00e7\u00e3o inclusos."},"content":{"rendered":"<p>DISPOSITIVO ZSCAN SEM FIO COM RECEPTOR USB PARA CAPTURA ATRAV\u00c9S DE BOT\u00c3O ENDOSC\u00d3PIO OLYMPUS &#8211; SOMENTE PARA ENDOSCOPIA DIGESTIVA<\/p>\n<p><img decoding=\"async\" class=\"alignnone wp-image-1554 lazyload\" data-src=\"https:\/\/www.massafmedical.com.br\/loja\/wp-content\/uploads\/2021\/05\/WhatsApp-Image-2025-02-25-at-10.19.11.jpeg\" alt=\"\" width=\"326\" height=\"321\" data-srcset=\"https:\/\/www.massafmedical.com.br\/loja\/wp-content\/uploads\/2021\/05\/WhatsApp-Image-2025-02-25-at-10.19.11.jpeg 195w, https:\/\/www.massafmedical.com.br\/loja\/wp-content\/uploads\/2021\/05\/WhatsApp-Image-2025-02-25-at-10.19.11-50x50.jpeg 50w\" data-sizes=\"(max-width: 326px) 100vw, 326px\" src=\"data:image\/gif;base64,R0lGODlhAQABAAAAACH5BAEKAAEALAAAAAABAAEAAAICTAEAOw==\" style=\"--smush-placeholder-width: 326px; --smush-placeholder-aspect-ratio: 326\/321;\" \/><img decoding=\"async\" class=\"alignnone wp-image-850 lazyload\" data-src=\"https:\/\/www.massafmedical.com.br\/loja\/wp-content\/uploads\/2022\/08\/CABO-USB-DISPOSITIVO-CAPTURA-1-1024x576.jpg\" alt=\"\" width=\"444\" height=\"250\" data-srcset=\"https:\/\/www.massafmedical.com.br\/loja\/wp-content\/uploads\/2022\/08\/CABO-USB-DISPOSITIVO-CAPTURA-1-1024x576.jpg 1024w, https:\/\/www.massafmedical.com.br\/loja\/wp-content\/uploads\/2022\/08\/CABO-USB-DISPOSITIVO-CAPTURA-1-768x432.jpg 768w, https:\/\/www.massafmedical.com.br\/loja\/wp-content\/uploads\/2022\/08\/CABO-USB-DISPOSITIVO-CAPTURA-1-600x338.jpg 600w, https:\/\/www.massafmedical.com.br\/loja\/wp-content\/uploads\/2022\/08\/CABO-USB-DISPOSITIVO-CAPTURA-1.jpg 1152w\" data-sizes=\"(max-width: 444px) 100vw, 444px\" src=\"data:image\/gif;base64,R0lGODlhAQABAAAAACH5BAEKAAEALAAAAAABAAEAAAICTAEAOw==\" style=\"--smush-placeholder-width: 444px; --smush-placeholder-aspect-ratio: 444\/250;\" \/><\/p>\n","protected":false},"excerpt":{"rendered":"<p>DISPOSITIVO ZSCAN SEM FIO COM RECEPTOR USB PARA CAPTURA ATRAV\u00c9S DE BOT\u00c3O ENDOSC\u00d3PIO OLYMPUS &#8211; SOMENTE PARA ENDOSCOPIA DIGESTIVA<\/p>\n","protected":false},"featured_media":853,"template":"","meta":[],"product_brand":[],"product_cat":[61],"product_tag":[],"class_list":{"0":"post-471","1":"product","2":"type-product","3":"status-publish","4":"has-post-thumbnail","6":"product_cat-acessorios","8":"first","9":"instock","10":"taxable","11":"shipping-taxable","12":"purchasable","13":"product-type-simple"},"acf":[],"yoast_head":"<!-- This site is optimized with the Yoast SEO plugin v24.4 - https:\/\/yoast.com\/wordpress\/plugins\/seo\/ -->\n<title>CAPTURA ZSCAN SEM FIO PARA BOT\u00c3O ENDOSC\u00d3PIO OLYMPUS em 3x no cart\u00e3o sem juros. CONSULTE-NOS para 5% OFF em 4X no boleto ou 8% OFF \u00e0 vista \u2013 Frete, treinamento e instala\u00e7\u00e3o inclusos. - Massaf Medical<\/title>\n<meta name=\"robots\" content=\"index, follow, max-snippet:-1, max-image-preview:large, max-video-preview:-1\" \/>\n<link rel=\"canonical\" href=\"https:\/\/www.massafmedical.com.br\/loja\/produto\/captura-zscan-para-botao-endoscopio\/\" \/>\n<meta property=\"og:locale\" content=\"pt_BR\" \/>\n<meta property=\"og:type\" content=\"article\" \/>\n<meta property=\"og:title\" content=\"CAPTURA ZSCAN SEM FIO PARA BOT\u00c3O ENDOSC\u00d3PIO OLYMPUS em 3x no cart\u00e3o sem juros. CONSULTE-NOS para 5% OFF em 4X no boleto ou 8% OFF \u00e0 vista \u2013 Frete, treinamento e instala\u00e7\u00e3o inclusos. - Massaf Medical\" \/>\n<meta property=\"og:description\" content=\"DISPOSITIVO ZSCAN SEM FIO COM RECEPTOR USB PARA CAPTURA ATRAV\u00c9S DE BOT\u00c3O ENDOSC\u00d3PIO OLYMPUS &#8211; SOMENTE PARA ENDOSCOPIA DIGESTIVA\" \/>\n<meta property=\"og:url\" content=\"https:\/\/www.massafmedical.com.br\/loja\/produto\/captura-zscan-para-botao-endoscopio\/\" \/>\n<meta property=\"og:site_name\" content=\"Massaf Medical\" \/>\n<meta property=\"article:publisher\" content=\"http:\/\/www.facebook.com\/MASSAFMEDICAL\" \/>\n<meta property=\"article:modified_time\" content=\"2026-03-16T18:45:58+00:00\" \/>\n<meta property=\"og:image\" content=\"https:\/\/www.massafmedical.com.br\/loja\/wp-content\/uploads\/2022\/08\/CONECTOR-OLYMPUS-1.jpg\" \/>\n\t<meta property=\"og:image:width\" content=\"1600\" \/>\n\t<meta property=\"og:image:height\" content=\"835\" \/>\n\t<meta property=\"og:image:type\" content=\"image\/jpeg\" \/>\n<meta name=\"twitter:card\" content=\"summary_large_image\" \/>\n<meta name=\"twitter:label1\" content=\"Est. tempo de leitura\" \/>\n\t<meta name=\"twitter:data1\" content=\"1 minuto\" \/>\n<script type=\"application\/ld+json\" class=\"yoast-schema-graph\">{\"@context\":\"https:\/\/schema.org\",\"@graph\":[{\"@type\":\"WebPage\",\"@id\":\"https:\/\/www.massafmedical.com.br\/loja\/produto\/captura-zscan-para-botao-endoscopio\/\",\"url\":\"https:\/\/www.massafmedical.com.br\/loja\/produto\/captura-zscan-para-botao-endoscopio\/\",\"name\":\"CAPTURA ZSCAN SEM FIO PARA BOT\u00c3O ENDOSC\u00d3PIO OLYMPUS em 3x no cart\u00e3o sem juros. CONSULTE-NOS para 5% OFF em 4X no boleto ou 8% OFF \u00e0 vista \u2013 Frete, treinamento e instala\u00e7\u00e3o inclusos. - Massaf Medical\",\"isPartOf\":{\"@id\":\"https:\/\/www.massafmedical.com.br\/loja\/#website\"},\"primaryImageOfPage\":{\"@id\":\"https:\/\/www.massafmedical.com.br\/loja\/produto\/captura-zscan-para-botao-endoscopio\/#primaryimage\"},\"image\":{\"@id\":\"https:\/\/www.massafmedical.com.br\/loja\/produto\/captura-zscan-para-botao-endoscopio\/#primaryimage\"},\"thumbnailUrl\":\"https:\/\/www.massafmedical.com.br\/loja\/wp-content\/uploads\/2022\/08\/CONECTOR-OLYMPUS-1.jpg\",\"datePublished\":\"2021-05-28T16:35:38+00:00\",\"dateModified\":\"2026-03-16T18:45:58+00:00\",\"breadcrumb\":{\"@id\":\"https:\/\/www.massafmedical.com.br\/loja\/produto\/captura-zscan-para-botao-endoscopio\/#breadcrumb\"},\"inLanguage\":\"pt-BR\",\"potentialAction\":[{\"@type\":\"ReadAction\",\"target\":[\"https:\/\/www.massafmedical.com.br\/loja\/produto\/captura-zscan-para-botao-endoscopio\/\"]}]},{\"@type\":\"ImageObject\",\"inLanguage\":\"pt-BR\",\"@id\":\"https:\/\/www.massafmedical.com.br\/loja\/produto\/captura-zscan-para-botao-endoscopio\/#primaryimage\",\"url\":\"https:\/\/www.massafmedical.com.br\/loja\/wp-content\/uploads\/2022\/08\/CONECTOR-OLYMPUS-1.jpg\",\"contentUrl\":\"https:\/\/www.massafmedical.com.br\/loja\/wp-content\/uploads\/2022\/08\/CONECTOR-OLYMPUS-1.jpg\",\"width\":1600,\"height\":835},{\"@type\":\"BreadcrumbList\",\"@id\":\"https:\/\/www.massafmedical.com.br\/loja\/produto\/captura-zscan-para-botao-endoscopio\/#breadcrumb\",\"itemListElement\":[{\"@type\":\"ListItem\",\"position\":1,\"name\":\"In\u00edcio\",\"item\":\"https:\/\/www.massafmedical.com.br\/loja\/\"},{\"@type\":\"ListItem\",\"position\":2,\"name\":\"Produtos\",\"item\":\"https:\/\/www.massafmedical.com.br\/loja\/nossos-produtos\/\"},{\"@type\":\"ListItem\",\"position\":3,\"name\":\"CAPTURA ZSCAN SEM FIO PARA BOT\u00c3O ENDOSC\u00d3PIO OLYMPUS em 3x no cart\u00e3o sem juros. CONSULTE-NOS para 5% OFF em 4X no boleto ou 8% OFF \u00e0 vista \u2013 Frete, treinamento e instala\u00e7\u00e3o inclusos.\"}]},{\"@type\":\"WebSite\",\"@id\":\"https:\/\/www.massafmedical.com.br\/loja\/#website\",\"url\":\"https:\/\/www.massafmedical.com.br\/loja\/\",\"name\":\"Massaf Medical\",\"description\":\"\",\"publisher\":{\"@id\":\"https:\/\/www.massafmedical.com.br\/loja\/#organization\"},\"potentialAction\":[{\"@type\":\"SearchAction\",\"target\":{\"@type\":\"EntryPoint\",\"urlTemplate\":\"https:\/\/www.massafmedical.com.br\/loja\/?s={search_term_string}\"},\"query-input\":{\"@type\":\"PropertyValueSpecification\",\"valueRequired\":true,\"valueName\":\"search_term_string\"}}],\"inLanguage\":\"pt-BR\"},{\"@type\":\"Organization\",\"@id\":\"https:\/\/www.massafmedical.com.br\/loja\/#organization\",\"name\":\"Massaf Medical\",\"url\":\"https:\/\/www.massafmedical.com.br\/loja\/\",\"logo\":{\"@type\":\"ImageObject\",\"inLanguage\":\"pt-BR\",\"@id\":\"https:\/\/www.massafmedical.com.br\/loja\/#\/schema\/logo\/image\/\",\"url\":\"http:\/\/www.massafmedical.com.br\/loja\/wp-content\/uploads\/2020\/10\/logotipo-big.png\",\"contentUrl\":\"http:\/\/www.massafmedical.com.br\/loja\/wp-content\/uploads\/2020\/10\/logotipo-big.png\",\"width\":750,\"height\":253,\"caption\":\"Massaf Medical\"},\"image\":{\"@id\":\"https:\/\/www.massafmedical.com.br\/loja\/#\/schema\/logo\/image\/\"},\"sameAs\":[\"http:\/\/www.facebook.com\/MASSAFMEDICAL\"]}]}<\/script>\n<!-- \/ Yoast SEO plugin. -->","yoast_head_json":{"title":"CAPTURA ZSCAN SEM FIO PARA BOT\u00c3O ENDOSC\u00d3PIO OLYMPUS em 3x no cart\u00e3o sem juros. CONSULTE-NOS para 5% OFF em 4X no boleto ou 8% OFF \u00e0 vista \u2013 Frete, treinamento e instala\u00e7\u00e3o inclusos. - Massaf Medical","robots":{"index":"index","follow":"follow","max-snippet":"max-snippet:-1","max-image-preview":"max-image-preview:large","max-video-preview":"max-video-preview:-1"},"canonical":"https:\/\/www.massafmedical.com.br\/loja\/produto\/captura-zscan-para-botao-endoscopio\/","og_locale":"pt_BR","og_type":"article","og_title":"CAPTURA ZSCAN SEM FIO PARA BOT\u00c3O ENDOSC\u00d3PIO OLYMPUS em 3x no cart\u00e3o sem juros. CONSULTE-NOS para 5% OFF em 4X no boleto ou 8% OFF \u00e0 vista \u2013 Frete, treinamento e instala\u00e7\u00e3o inclusos. - Massaf Medical","og_description":"DISPOSITIVO ZSCAN SEM FIO COM RECEPTOR USB PARA CAPTURA ATRAV\u00c9S DE BOT\u00c3O ENDOSC\u00d3PIO OLYMPUS &#8211; SOMENTE PARA ENDOSCOPIA DIGESTIVA","og_url":"https:\/\/www.massafmedical.com.br\/loja\/produto\/captura-zscan-para-botao-endoscopio\/","og_site_name":"Massaf Medical","article_publisher":"http:\/\/www.facebook.com\/MASSAFMEDICAL","article_modified_time":"2026-03-16T18:45:58+00:00","og_image":[{"width":1600,"height":835,"url":"https:\/\/www.massafmedical.com.br\/loja\/wp-content\/uploads\/2022\/08\/CONECTOR-OLYMPUS-1.jpg","type":"image\/jpeg"}],"twitter_card":"summary_large_image","twitter_misc":{"Est. tempo de leitura":"1 minuto"},"schema":{"@context":"https:\/\/schema.org","@graph":[{"@type":"WebPage","@id":"https:\/\/www.massafmedical.com.br\/loja\/produto\/captura-zscan-para-botao-endoscopio\/","url":"https:\/\/www.massafmedical.com.br\/loja\/produto\/captura-zscan-para-botao-endoscopio\/","name":"CAPTURA ZSCAN SEM FIO PARA BOT\u00c3O ENDOSC\u00d3PIO OLYMPUS em 3x no cart\u00e3o sem juros. CONSULTE-NOS para 5% OFF em 4X no boleto ou 8% OFF \u00e0 vista \u2013 Frete, treinamento e instala\u00e7\u00e3o inclusos. - Massaf Medical","isPartOf":{"@id":"https:\/\/www.massafmedical.com.br\/loja\/#website"},"primaryImageOfPage":{"@id":"https:\/\/www.massafmedical.com.br\/loja\/produto\/captura-zscan-para-botao-endoscopio\/#primaryimage"},"image":{"@id":"https:\/\/www.massafmedical.com.br\/loja\/produto\/captura-zscan-para-botao-endoscopio\/#primaryimage"},"thumbnailUrl":"https:\/\/www.massafmedical.com.br\/loja\/wp-content\/uploads\/2022\/08\/CONECTOR-OLYMPUS-1.jpg","datePublished":"2021-05-28T16:35:38+00:00","dateModified":"2026-03-16T18:45:58+00:00","breadcrumb":{"@id":"https:\/\/www.massafmedical.com.br\/loja\/produto\/captura-zscan-para-botao-endoscopio\/#breadcrumb"},"inLanguage":"pt-BR","potentialAction":[{"@type":"ReadAction","target":["https:\/\/www.massafmedical.com.br\/loja\/produto\/captura-zscan-para-botao-endoscopio\/"]}]},{"@type":"ImageObject","inLanguage":"pt-BR","@id":"https:\/\/www.massafmedical.com.br\/loja\/produto\/captura-zscan-para-botao-endoscopio\/#primaryimage","url":"https:\/\/www.massafmedical.com.br\/loja\/wp-content\/uploads\/2022\/08\/CONECTOR-OLYMPUS-1.jpg","contentUrl":"https:\/\/www.massafmedical.com.br\/loja\/wp-content\/uploads\/2022\/08\/CONECTOR-OLYMPUS-1.jpg","width":1600,"height":835},{"@type":"BreadcrumbList","@id":"https:\/\/www.massafmedical.com.br\/loja\/produto\/captura-zscan-para-botao-endoscopio\/#breadcrumb","itemListElement":[{"@type":"ListItem","position":1,"name":"In\u00edcio","item":"https:\/\/www.massafmedical.com.br\/loja\/"},{"@type":"ListItem","position":2,"name":"Produtos","item":"https:\/\/www.massafmedical.com.br\/loja\/nossos-produtos\/"},{"@type":"ListItem","position":3,"name":"CAPTURA ZSCAN SEM FIO PARA BOT\u00c3O ENDOSC\u00d3PIO OLYMPUS em 3x no cart\u00e3o sem juros. CONSULTE-NOS para 5% OFF em 4X no boleto ou 8% OFF \u00e0 vista \u2013 Frete, treinamento e instala\u00e7\u00e3o inclusos."}]},{"@type":"WebSite","@id":"https:\/\/www.massafmedical.com.br\/loja\/#website","url":"https:\/\/www.massafmedical.com.br\/loja\/","name":"Massaf Medical","description":"","publisher":{"@id":"https:\/\/www.massafmedical.com.br\/loja\/#organization"},"potentialAction":[{"@type":"SearchAction","target":{"@type":"EntryPoint","urlTemplate":"https:\/\/www.massafmedical.com.br\/loja\/?s={search_term_string}"},"query-input":{"@type":"PropertyValueSpecification","valueRequired":true,"valueName":"search_term_string"}}],"inLanguage":"pt-BR"},{"@type":"Organization","@id":"https:\/\/www.massafmedical.com.br\/loja\/#organization","name":"Massaf Medical","url":"https:\/\/www.massafmedical.com.br\/loja\/","logo":{"@type":"ImageObject","inLanguage":"pt-BR","@id":"https:\/\/www.massafmedical.com.br\/loja\/#\/schema\/logo\/image\/","url":"http:\/\/www.massafmedical.com.br\/loja\/wp-content\/uploads\/2020\/10\/logotipo-big.png","contentUrl":"http:\/\/www.massafmedical.com.br\/loja\/wp-content\/uploads\/2020\/10\/logotipo-big.png","width":750,"height":253,"caption":"Massaf Medical"},"image":{"@id":"https:\/\/www.massafmedical.com.br\/loja\/#\/schema\/logo\/image\/"},"sameAs":["http:\/\/www.facebook.com\/MASSAFMEDICAL"]}]}},"_links":{"self":[{"href":"https:\/\/www.massafmedical.com.br\/loja\/wp-json\/wp\/v2\/product\/471","targetHints":{"allow":["GET"]}}],"collection":[{"href":"https:\/\/www.massafmedical.com.br\/loja\/wp-json\/wp\/v2\/product"}],"about":[{"href":"https:\/\/www.massafmedical.com.br\/loja\/wp-json\/wp\/v2\/types\/product"}],"wp:featuredmedia":[{"embeddable":true,"href":"https:\/\/www.massafmedical.com.br\/loja\/wp-json\/wp\/v2\/media\/853"}],"wp:attachment":[{"href":"https:\/\/www.massafmedical.com.br\/loja\/wp-json\/wp\/v2\/media?parent=471"}],"wp:term":[{"taxonomy":"product_brand","embeddable":true,"href":"https:\/\/www.massafmedical.com.br\/loja\/wp-json\/wp\/v2\/product_brand?post=471"},{"taxonomy":"product_cat","embeddable":true,"href":"https:\/\/www.massafmedical.com.br\/loja\/wp-json\/wp\/v2\/product_cat?post=471"},{"taxonomy":"product_tag","embeddable":true,"href":"https:\/\/www.massafmedical.com.br\/loja\/wp-json\/wp\/v2\/product_tag?post=471"}],"curies":[{"name":"wp","href":"https:\/\/api.w.org\/{rel}","templated":true}]}}