{"id":1786,"date":"2025-07-15T11:51:22","date_gmt":"2025-07-15T14:51:22","guid":{"rendered":"https:\/\/www.massafmedical.com.br\/loja\/?post_type=product&#038;p=1786"},"modified":"2025-07-16T13:12:17","modified_gmt":"2025-07-16T16:12:17","slug":"bacia-para-desinfeccao-de-endoscopios-para-bancada","status":"publish","type":"product","link":"https:\/\/www.massafmedical.com.br\/loja\/produto\/bacia-para-desinfeccao-de-endoscopios-para-bancada\/","title":{"rendered":"Bacia para Desinfec\u00e7\u00e3o de Endosc\u00f3pios &#8211; Bancada"},"content":{"rendered":"<p>Cod: 34320<\/p>\n<div class=\"colMiddle listBeneficios\">\n<p><img decoding=\"async\" class=\"alignnone wp-image-1787 lazyload\" data-src=\"https:\/\/www.massafmedical.com.br\/loja\/wp-content\/uploads\/2025\/07\/image-45.jpg\" alt=\"\" width=\"303\" height=\"254\" src=\"data:image\/gif;base64,R0lGODlhAQABAAAAACH5BAEKAAEALAAAAAABAAEAAAICTAEAOw==\" style=\"--smush-placeholder-width: 303px; --smush-placeholder-aspect-ratio: 303\/254;\" \/> <img decoding=\"async\" class=\"alignnone wp-image-1788 lazyload\" data-src=\"https:\/\/www.massafmedical.com.br\/loja\/wp-content\/uploads\/2025\/07\/image-44.jpg\" alt=\"\" width=\"286\" height=\"248\" src=\"data:image\/gif;base64,R0lGODlhAQABAAAAACH5BAEKAAEALAAAAAABAAEAAAICTAEAOw==\" style=\"--smush-placeholder-width: 286px; --smush-placeholder-aspect-ratio: 286\/248;\" \/> <img decoding=\"async\" class=\"alignnone wp-image-1789 lazyload\" data-src=\"https:\/\/www.massafmedical.com.br\/loja\/wp-content\/uploads\/2025\/07\/image-43.jpg\" alt=\"\" width=\"293\" height=\"283\" src=\"data:image\/gif;base64,R0lGODlhAQABAAAAACH5BAEKAAEALAAAAAABAAEAAAICTAEAOw==\" style=\"--smush-placeholder-width: 293px; --smush-placeholder-aspect-ratio: 293\/283;\" \/><\/p>\n<\/div>\n<h2 class=\"title_page\"><span class=\"font30 blueFont bold sideLines center\">Especifica\u00e7\u00f5es T\u00e9cnicas<\/span><\/h2>\n<div class=\"tablesProducts flex_w middle center\">\n<table style=\"height: 160px;\" border=\"1\" width=\"432\">\n<tbody>\n<tr>\n<td><strong>Dimens\u00f5es Externas<\/strong><\/td>\n<td><\/td>\n<\/tr>\n<tr>\n<td>Comprimento<\/td>\n<td>670 mm<\/td>\n<\/tr>\n<tr>\n<td>Largura<\/td>\n<td>460 mm<\/td>\n<\/tr>\n<tr>\n<td>Altura<\/td>\n<td>235 mm<\/td>\n<\/tr>\n<tr>\n<td>Peso<\/td>\n<td>5,5 kg<\/td>\n<\/tr>\n<\/tbody>\n<\/table>\n<\/div>\n","protected":false},"excerpt":{"rendered":"<p>Bacia ou Cuba para Desinfec\u00e7\u00e3o de Endosc\u00f3pios desenvolvida para reduzir o consumo de saneantes. Possui curvatura adequada para os endosc\u00f3pios e colon\u00f3scopios, tampa, sistema de drenagem e torneira de esfera com mangueira de silicone de 1\/2\u201d.<\/p>\n<h2 class=\"title_page\"><span class=\"main-t blueFont bold sideLines center\">Benef\u00edcios<\/span><\/h2>\n<div class=\"colMiddle listBeneficios\">\n<ul>\n<li>Aumenta a vida \u00fatil do seu Endosc\u00f3pio \/ Colonosc\u00f3pio, prevenindo danos pelo mal acondicionamento.<\/li>\n<li>Curvatura adequada e consumo reduzido de saneante, evita desperd\u00edcios resultando em economia.<\/li>\n<li>Fundo estriado aumenta a superf\u00edcie do tubo em contato com o saneante.<\/li>\n<li>Compat\u00edvel com as principais marcas do mercado como Fujinon, Olympus e Pentax.<\/li>\n<li>Fechamento da bacia com tampa, previne a exposi\u00e7\u00e3o aos agentes qu\u00edmicos.<\/li>\n<li>Sistema de drenagem com torneira e mangueira, permitindo um r\u00e1pido escoamento.<\/li>\n<li>Imers\u00e3o total dos Endosc\u00f3pios \/ Colonosc\u00f3pios no l\u00edquido saneante.<\/li>\n<\/ul>\n<\/div>\n","protected":false},"featured_media":1789,"template":"","meta":[],"product_brand":[],"product_cat":[97],"product_tag":[],"class_list":{"0":"post-1786","1":"product","2":"type-product","3":"status-publish","4":"has-post-thumbnail","6":"product_cat-equipamentos-cardinal","8":"first","9":"instock","10":"taxable","11":"shipping-taxable","12":"product-type-simple"},"acf":[],"yoast_head":"<!-- This site is optimized with the Yoast SEO plugin v24.4 - https:\/\/yoast.com\/wordpress\/plugins\/seo\/ -->\n<title>Bacia para Desinfec\u00e7\u00e3o de Endosc\u00f3pios - Bancada - Massaf Medical<\/title>\n<meta name=\"robots\" content=\"index, follow, max-snippet:-1, max-image-preview:large, max-video-preview:-1\" \/>\n<link rel=\"canonical\" href=\"https:\/\/www.massafmedical.com.br\/loja\/produto\/bacia-para-desinfeccao-de-endoscopios-para-bancada\/\" \/>\n<meta property=\"og:locale\" content=\"pt_BR\" \/>\n<meta property=\"og:type\" content=\"article\" \/>\n<meta property=\"og:title\" content=\"Bacia para Desinfec\u00e7\u00e3o de Endosc\u00f3pios - Bancada - Massaf Medical\" \/>\n<meta property=\"og:description\" content=\"Bacia ou Cuba para Desinfec\u00e7\u00e3o de Endosc\u00f3pios desenvolvida para reduzir o consumo de saneantes. Possui curvatura adequada para os endosc\u00f3pios e colon\u00f3scopios, tampa, sistema de drenagem e torneira de esfera com mangueira de silicone de 1\/2\u201d. Benef\u00edcios    Aumenta a vida \u00fatil do seu Endosc\u00f3pio \/ Colonosc\u00f3pio, prevenindo danos pelo mal acondicionamento.  Curvatura adequada e consumo reduzido de saneante, evita desperd\u00edcios resultando em economia.  Fundo estriado aumenta a superf\u00edcie do tubo em contato com o saneante.  Compat\u00edvel com as principais marcas do mercado como Fujinon, Olympus e Pentax.  Fechamento da bacia com tampa, previne a exposi\u00e7\u00e3o aos agentes qu\u00edmicos.  Sistema de drenagem com torneira e mangueira, permitindo um r\u00e1pido escoamento.  Imers\u00e3o total dos Endosc\u00f3pios \/ Colonosc\u00f3pios no l\u00edquido saneante.\" \/>\n<meta property=\"og:url\" content=\"https:\/\/www.massafmedical.com.br\/loja\/produto\/bacia-para-desinfeccao-de-endoscopios-para-bancada\/\" \/>\n<meta property=\"og:site_name\" content=\"Massaf Medical\" \/>\n<meta property=\"article:publisher\" content=\"http:\/\/www.facebook.com\/MASSAFMEDICAL\" \/>\n<meta property=\"article:modified_time\" content=\"2025-07-16T16:12:17+00:00\" \/>\n<meta property=\"og:image\" content=\"https:\/\/www.massafmedical.com.br\/loja\/wp-content\/uploads\/2025\/07\/image-43.jpg\" \/>\n\t<meta property=\"og:image:width\" content=\"445\" \/>\n\t<meta property=\"og:image:height\" content=\"431\" \/>\n\t<meta property=\"og:image:type\" content=\"image\/jpeg\" \/>\n<meta name=\"twitter:card\" content=\"summary_large_image\" \/>\n<meta name=\"twitter:label1\" content=\"Est. tempo de leitura\" \/>\n\t<meta name=\"twitter:data1\" content=\"1 minuto\" \/>\n<script type=\"application\/ld+json\" class=\"yoast-schema-graph\">{\"@context\":\"https:\/\/schema.org\",\"@graph\":[{\"@type\":\"WebPage\",\"@id\":\"https:\/\/www.massafmedical.com.br\/loja\/produto\/bacia-para-desinfeccao-de-endoscopios-para-bancada\/\",\"url\":\"https:\/\/www.massafmedical.com.br\/loja\/produto\/bacia-para-desinfeccao-de-endoscopios-para-bancada\/\",\"name\":\"Bacia para Desinfec\u00e7\u00e3o de Endosc\u00f3pios - Bancada - Massaf Medical\",\"isPartOf\":{\"@id\":\"https:\/\/www.massafmedical.com.br\/loja\/#website\"},\"primaryImageOfPage\":{\"@id\":\"https:\/\/www.massafmedical.com.br\/loja\/produto\/bacia-para-desinfeccao-de-endoscopios-para-bancada\/#primaryimage\"},\"image\":{\"@id\":\"https:\/\/www.massafmedical.com.br\/loja\/produto\/bacia-para-desinfeccao-de-endoscopios-para-bancada\/#primaryimage\"},\"thumbnailUrl\":\"https:\/\/www.massafmedical.com.br\/loja\/wp-content\/uploads\/2025\/07\/image-43.jpg\",\"datePublished\":\"2025-07-15T14:51:22+00:00\",\"dateModified\":\"2025-07-16T16:12:17+00:00\",\"breadcrumb\":{\"@id\":\"https:\/\/www.massafmedical.com.br\/loja\/produto\/bacia-para-desinfeccao-de-endoscopios-para-bancada\/#breadcrumb\"},\"inLanguage\":\"pt-BR\",\"potentialAction\":[{\"@type\":\"ReadAction\",\"target\":[\"https:\/\/www.massafmedical.com.br\/loja\/produto\/bacia-para-desinfeccao-de-endoscopios-para-bancada\/\"]}]},{\"@type\":\"ImageObject\",\"inLanguage\":\"pt-BR\",\"@id\":\"https:\/\/www.massafmedical.com.br\/loja\/produto\/bacia-para-desinfeccao-de-endoscopios-para-bancada\/#primaryimage\",\"url\":\"https:\/\/www.massafmedical.com.br\/loja\/wp-content\/uploads\/2025\/07\/image-43.jpg\",\"contentUrl\":\"https:\/\/www.massafmedical.com.br\/loja\/wp-content\/uploads\/2025\/07\/image-43.jpg\",\"width\":445,\"height\":431},{\"@type\":\"BreadcrumbList\",\"@id\":\"https:\/\/www.massafmedical.com.br\/loja\/produto\/bacia-para-desinfeccao-de-endoscopios-para-bancada\/#breadcrumb\",\"itemListElement\":[{\"@type\":\"ListItem\",\"position\":1,\"name\":\"In\u00edcio\",\"item\":\"https:\/\/www.massafmedical.com.br\/loja\/\"},{\"@type\":\"ListItem\",\"position\":2,\"name\":\"Produtos\",\"item\":\"https:\/\/www.massafmedical.com.br\/loja\/nossos-produtos\/\"},{\"@type\":\"ListItem\",\"position\":3,\"name\":\"Bacia para Desinfec\u00e7\u00e3o de Endosc\u00f3pios &#8211; Bancada\"}]},{\"@type\":\"WebSite\",\"@id\":\"https:\/\/www.massafmedical.com.br\/loja\/#website\",\"url\":\"https:\/\/www.massafmedical.com.br\/loja\/\",\"name\":\"Massaf Medical\",\"description\":\"\",\"publisher\":{\"@id\":\"https:\/\/www.massafmedical.com.br\/loja\/#organization\"},\"potentialAction\":[{\"@type\":\"SearchAction\",\"target\":{\"@type\":\"EntryPoint\",\"urlTemplate\":\"https:\/\/www.massafmedical.com.br\/loja\/?s={search_term_string}\"},\"query-input\":{\"@type\":\"PropertyValueSpecification\",\"valueRequired\":true,\"valueName\":\"search_term_string\"}}],\"inLanguage\":\"pt-BR\"},{\"@type\":\"Organization\",\"@id\":\"https:\/\/www.massafmedical.com.br\/loja\/#organization\",\"name\":\"Massaf Medical\",\"url\":\"https:\/\/www.massafmedical.com.br\/loja\/\",\"logo\":{\"@type\":\"ImageObject\",\"inLanguage\":\"pt-BR\",\"@id\":\"https:\/\/www.massafmedical.com.br\/loja\/#\/schema\/logo\/image\/\",\"url\":\"http:\/\/www.massafmedical.com.br\/loja\/wp-content\/uploads\/2020\/10\/logotipo-big.png\",\"contentUrl\":\"http:\/\/www.massafmedical.com.br\/loja\/wp-content\/uploads\/2020\/10\/logotipo-big.png\",\"width\":750,\"height\":253,\"caption\":\"Massaf Medical\"},\"image\":{\"@id\":\"https:\/\/www.massafmedical.com.br\/loja\/#\/schema\/logo\/image\/\"},\"sameAs\":[\"http:\/\/www.facebook.com\/MASSAFMEDICAL\"]}]}<\/script>\n<!-- \/ Yoast SEO plugin. -->","yoast_head_json":{"title":"Bacia para Desinfec\u00e7\u00e3o de Endosc\u00f3pios - Bancada - Massaf Medical","robots":{"index":"index","follow":"follow","max-snippet":"max-snippet:-1","max-image-preview":"max-image-preview:large","max-video-preview":"max-video-preview:-1"},"canonical":"https:\/\/www.massafmedical.com.br\/loja\/produto\/bacia-para-desinfeccao-de-endoscopios-para-bancada\/","og_locale":"pt_BR","og_type":"article","og_title":"Bacia para Desinfec\u00e7\u00e3o de Endosc\u00f3pios - Bancada - Massaf Medical","og_description":"Bacia ou Cuba para Desinfec\u00e7\u00e3o de Endosc\u00f3pios desenvolvida para reduzir o consumo de saneantes. Possui curvatura adequada para os endosc\u00f3pios e colon\u00f3scopios, tampa, sistema de drenagem e torneira de esfera com mangueira de silicone de 1\/2\u201d. Benef\u00edcios    Aumenta a vida \u00fatil do seu Endosc\u00f3pio \/ Colonosc\u00f3pio, prevenindo danos pelo mal acondicionamento.  Curvatura adequada e consumo reduzido de saneante, evita desperd\u00edcios resultando em economia.  Fundo estriado aumenta a superf\u00edcie do tubo em contato com o saneante.  Compat\u00edvel com as principais marcas do mercado como Fujinon, Olympus e Pentax.  Fechamento da bacia com tampa, previne a exposi\u00e7\u00e3o aos agentes qu\u00edmicos.  Sistema de drenagem com torneira e mangueira, permitindo um r\u00e1pido escoamento.  Imers\u00e3o total dos Endosc\u00f3pios \/ Colonosc\u00f3pios no l\u00edquido saneante.","og_url":"https:\/\/www.massafmedical.com.br\/loja\/produto\/bacia-para-desinfeccao-de-endoscopios-para-bancada\/","og_site_name":"Massaf Medical","article_publisher":"http:\/\/www.facebook.com\/MASSAFMEDICAL","article_modified_time":"2025-07-16T16:12:17+00:00","og_image":[{"width":445,"height":431,"url":"https:\/\/www.massafmedical.com.br\/loja\/wp-content\/uploads\/2025\/07\/image-43.jpg","type":"image\/jpeg"}],"twitter_card":"summary_large_image","twitter_misc":{"Est. tempo de leitura":"1 minuto"},"schema":{"@context":"https:\/\/schema.org","@graph":[{"@type":"WebPage","@id":"https:\/\/www.massafmedical.com.br\/loja\/produto\/bacia-para-desinfeccao-de-endoscopios-para-bancada\/","url":"https:\/\/www.massafmedical.com.br\/loja\/produto\/bacia-para-desinfeccao-de-endoscopios-para-bancada\/","name":"Bacia para Desinfec\u00e7\u00e3o de Endosc\u00f3pios - Bancada - Massaf Medical","isPartOf":{"@id":"https:\/\/www.massafmedical.com.br\/loja\/#website"},"primaryImageOfPage":{"@id":"https:\/\/www.massafmedical.com.br\/loja\/produto\/bacia-para-desinfeccao-de-endoscopios-para-bancada\/#primaryimage"},"image":{"@id":"https:\/\/www.massafmedical.com.br\/loja\/produto\/bacia-para-desinfeccao-de-endoscopios-para-bancada\/#primaryimage"},"thumbnailUrl":"https:\/\/www.massafmedical.com.br\/loja\/wp-content\/uploads\/2025\/07\/image-43.jpg","datePublished":"2025-07-15T14:51:22+00:00","dateModified":"2025-07-16T16:12:17+00:00","breadcrumb":{"@id":"https:\/\/www.massafmedical.com.br\/loja\/produto\/bacia-para-desinfeccao-de-endoscopios-para-bancada\/#breadcrumb"},"inLanguage":"pt-BR","potentialAction":[{"@type":"ReadAction","target":["https:\/\/www.massafmedical.com.br\/loja\/produto\/bacia-para-desinfeccao-de-endoscopios-para-bancada\/"]}]},{"@type":"ImageObject","inLanguage":"pt-BR","@id":"https:\/\/www.massafmedical.com.br\/loja\/produto\/bacia-para-desinfeccao-de-endoscopios-para-bancada\/#primaryimage","url":"https:\/\/www.massafmedical.com.br\/loja\/wp-content\/uploads\/2025\/07\/image-43.jpg","contentUrl":"https:\/\/www.massafmedical.com.br\/loja\/wp-content\/uploads\/2025\/07\/image-43.jpg","width":445,"height":431},{"@type":"BreadcrumbList","@id":"https:\/\/www.massafmedical.com.br\/loja\/produto\/bacia-para-desinfeccao-de-endoscopios-para-bancada\/#breadcrumb","itemListElement":[{"@type":"ListItem","position":1,"name":"In\u00edcio","item":"https:\/\/www.massafmedical.com.br\/loja\/"},{"@type":"ListItem","position":2,"name":"Produtos","item":"https:\/\/www.massafmedical.com.br\/loja\/nossos-produtos\/"},{"@type":"ListItem","position":3,"name":"Bacia para Desinfec\u00e7\u00e3o de Endosc\u00f3pios &#8211; Bancada"}]},{"@type":"WebSite","@id":"https:\/\/www.massafmedical.com.br\/loja\/#website","url":"https:\/\/www.massafmedical.com.br\/loja\/","name":"Massaf Medical","description":"","publisher":{"@id":"https:\/\/www.massafmedical.com.br\/loja\/#organization"},"potentialAction":[{"@type":"SearchAction","target":{"@type":"EntryPoint","urlTemplate":"https:\/\/www.massafmedical.com.br\/loja\/?s={search_term_string}"},"query-input":{"@type":"PropertyValueSpecification","valueRequired":true,"valueName":"search_term_string"}}],"inLanguage":"pt-BR"},{"@type":"Organization","@id":"https:\/\/www.massafmedical.com.br\/loja\/#organization","name":"Massaf Medical","url":"https:\/\/www.massafmedical.com.br\/loja\/","logo":{"@type":"ImageObject","inLanguage":"pt-BR","@id":"https:\/\/www.massafmedical.com.br\/loja\/#\/schema\/logo\/image\/","url":"http:\/\/www.massafmedical.com.br\/loja\/wp-content\/uploads\/2020\/10\/logotipo-big.png","contentUrl":"http:\/\/www.massafmedical.com.br\/loja\/wp-content\/uploads\/2020\/10\/logotipo-big.png","width":750,"height":253,"caption":"Massaf Medical"},"image":{"@id":"https:\/\/www.massafmedical.com.br\/loja\/#\/schema\/logo\/image\/"},"sameAs":["http:\/\/www.facebook.com\/MASSAFMEDICAL"]}]}},"_links":{"self":[{"href":"https:\/\/www.massafmedical.com.br\/loja\/wp-json\/wp\/v2\/product\/1786","targetHints":{"allow":["GET"]}}],"collection":[{"href":"https:\/\/www.massafmedical.com.br\/loja\/wp-json\/wp\/v2\/product"}],"about":[{"href":"https:\/\/www.massafmedical.com.br\/loja\/wp-json\/wp\/v2\/types\/product"}],"wp:featuredmedia":[{"embeddable":true,"href":"https:\/\/www.massafmedical.com.br\/loja\/wp-json\/wp\/v2\/media\/1789"}],"wp:attachment":[{"href":"https:\/\/www.massafmedical.com.br\/loja\/wp-json\/wp\/v2\/media?parent=1786"}],"wp:term":[{"taxonomy":"product_brand","embeddable":true,"href":"https:\/\/www.massafmedical.com.br\/loja\/wp-json\/wp\/v2\/product_brand?post=1786"},{"taxonomy":"product_cat","embeddable":true,"href":"https:\/\/www.massafmedical.com.br\/loja\/wp-json\/wp\/v2\/product_cat?post=1786"},{"taxonomy":"product_tag","embeddable":true,"href":"https:\/\/www.massafmedical.com.br\/loja\/wp-json\/wp\/v2\/product_tag?post=1786"}],"curies":[{"name":"wp","href":"https:\/\/api.w.org\/{rel}","templated":true}]}}