{"id":1776,"date":"2025-07-15T11:17:35","date_gmt":"2025-07-15T14:17:35","guid":{"rendered":"https:\/\/www.massafmedical.com.br\/loja\/?post_type=product&#038;p=1776"},"modified":"2025-07-16T13:08:59","modified_gmt":"2025-07-16T16:08:59","slug":"armario-duplo-para-armazenamento-de-endoscopios","status":"publish","type":"product","link":"https:\/\/www.massafmedical.com.br\/loja\/produto\/armario-duplo-para-armazenamento-de-endoscopios\/","title":{"rendered":"Arm\u00e1rio Duplo para Armazenamento de Endosc\u00f3pios"},"content":{"rendered":"<p>Cod: 31108<\/p>\n<p><img decoding=\"async\" class=\"alignnone wp-image-1777 alignleft lazyload\" data-src=\"https:\/\/www.massafmedical.com.br\/loja\/wp-content\/uploads\/2025\/07\/image-35.jpg\" alt=\"\" width=\"446\" height=\"493\" src=\"data:image\/gif;base64,R0lGODlhAQABAAAAACH5BAEKAAEALAAAAAABAAEAAAICTAEAOw==\" style=\"--smush-placeholder-width: 446px; --smush-placeholder-aspect-ratio: 446\/493;\" \/><\/p>\n<h4 class=\"title_page\"><span class=\"font30 blueFont bold sideLines center\">Especifica\u00e7\u00f5es T\u00e9cnicas:<\/span><\/h4>\n<div class=\"tablesProducts flex_w middle center\">\n<table style=\"height: 159px;\" border=\"1\" width=\"270\">\n<tbody>\n<tr>\n<td colspan=\"2\">Dimens\u00f5es Externas<\/td>\n<\/tr>\n<tr>\n<td>Altura<\/td>\n<td>2.164 mm<\/td>\n<\/tr>\n<tr>\n<td>Largura<\/td>\n<td>1.130 mm<\/td>\n<\/tr>\n<tr>\n<td>Profundidade<\/td>\n<td>626 mm<\/td>\n<\/tr>\n<\/tbody>\n<\/table>\n<p>&nbsp;<\/p>\n<table style=\"height: 166px;\" border=\"1\" width=\"269\">\n<tbody>\n<tr>\n<td colspan=\"2\">Dimens\u00f5es Internas<\/td>\n<\/tr>\n<tr>\n<td>Altura<\/td>\n<td>2.040 mm<\/td>\n<\/tr>\n<tr>\n<td>Largura<\/td>\n<td>1.070 mm<\/td>\n<\/tr>\n<tr>\n<td>Profundidade<\/td>\n<td>598 mm<\/td>\n<\/tr>\n<tr>\n<td>Peso<\/td>\n<td>70 Kg<\/td>\n<\/tr>\n<\/tbody>\n<\/table>\n<\/div>\n","protected":false},"excerpt":{"rendered":"<h4 class=\"font20 blueFont margin20\">Destaques do Arm\u00e1rio Duplo para armazenamento de endosc\u00f3pios<\/h4>\n<ul>\n<li>Capacidade de acondicionamento de 12 Tubos (Endosc\u00f3pios \/ Colonoscopios).<\/li>\n<li>Estrutura r\u00edgida e resistente em a\u00e7o carbono com chassi tubular.<\/li>\n<li>Laterais em chapa de a\u00e7o carbono.<\/li>\n<li>Portas c\/chave e abertura 270\u00ba graus em policarbonato cristal.<\/li>\n<li>Quatro rod\u00edzios linha hospitalar 50 mm, dois com freio.<\/li>\n<li>Tubos centrais de fixa\u00e7\u00e3o dos magazines em a\u00e7o inox.<\/li>\n<li>Magazines superiores e intermedi\u00e1rios para acondicionar os endosc\u00f3pios e conectores, ambos com regulagem de altura.<\/li>\n<li>Pintura eletrost\u00e1tica a p\u00f3, polimerizada em estufa a 200\u00baC.<\/li>\n<li>Cor branca texturizada.<\/li>\n<\/ul>\n","protected":false},"featured_media":1777,"template":"","meta":[],"product_brand":[],"product_cat":[97],"product_tag":[],"class_list":{"0":"post-1776","1":"product","2":"type-product","3":"status-publish","4":"has-post-thumbnail","6":"product_cat-equipamentos-cardinal","8":"first","9":"instock","10":"taxable","11":"shipping-taxable","12":"product-type-simple"},"acf":[],"yoast_head":"<!-- This site is optimized with the Yoast SEO plugin v24.4 - https:\/\/yoast.com\/wordpress\/plugins\/seo\/ -->\n<title>Arm\u00e1rio Duplo para Armazenamento de Endosc\u00f3pios - Massaf Medical<\/title>\n<meta name=\"robots\" content=\"index, follow, max-snippet:-1, max-image-preview:large, max-video-preview:-1\" \/>\n<link rel=\"canonical\" href=\"https:\/\/www.massafmedical.com.br\/loja\/produto\/armario-duplo-para-armazenamento-de-endoscopios\/\" \/>\n<meta property=\"og:locale\" content=\"pt_BR\" \/>\n<meta property=\"og:type\" content=\"article\" \/>\n<meta property=\"og:title\" content=\"Arm\u00e1rio Duplo para Armazenamento de Endosc\u00f3pios - Massaf Medical\" \/>\n<meta property=\"og:description\" content=\"Destaques do Arm\u00e1rio Duplo para armazenamento de endosc\u00f3pios   Capacidade de acondicionamento de 12 Tubos (Endosc\u00f3pios \/ Colonoscopios).  Estrutura r\u00edgida e resistente em a\u00e7o carbono com chassi tubular.  Laterais em chapa de a\u00e7o carbono.  Portas c\/chave e abertura 270\u00ba graus em policarbonato cristal.  Quatro rod\u00edzios linha hospitalar 50 mm, dois com freio.  Tubos centrais de fixa\u00e7\u00e3o dos magazines em a\u00e7o inox.  Magazines superiores e intermedi\u00e1rios para acondicionar os endosc\u00f3pios e conectores, ambos com regulagem de altura.  Pintura eletrost\u00e1tica a p\u00f3, polimerizada em estufa a 200\u00baC.  Cor branca texturizada.\" \/>\n<meta property=\"og:url\" content=\"https:\/\/www.massafmedical.com.br\/loja\/produto\/armario-duplo-para-armazenamento-de-endoscopios\/\" \/>\n<meta property=\"og:site_name\" content=\"Massaf Medical\" \/>\n<meta property=\"article:publisher\" content=\"http:\/\/www.facebook.com\/MASSAFMEDICAL\" \/>\n<meta property=\"article:modified_time\" content=\"2025-07-16T16:08:59+00:00\" \/>\n<meta property=\"og:image\" content=\"https:\/\/www.massafmedical.com.br\/loja\/wp-content\/uploads\/2025\/07\/image-35.jpg\" \/>\n\t<meta property=\"og:image:width\" content=\"394\" \/>\n\t<meta property=\"og:image:height\" content=\"436\" \/>\n\t<meta property=\"og:image:type\" content=\"image\/jpeg\" \/>\n<meta name=\"twitter:card\" content=\"summary_large_image\" \/>\n<meta name=\"twitter:label1\" content=\"Est. tempo de leitura\" \/>\n\t<meta name=\"twitter:data1\" content=\"1 minuto\" \/>\n<script type=\"application\/ld+json\" class=\"yoast-schema-graph\">{\"@context\":\"https:\/\/schema.org\",\"@graph\":[{\"@type\":\"WebPage\",\"@id\":\"https:\/\/www.massafmedical.com.br\/loja\/produto\/armario-duplo-para-armazenamento-de-endoscopios\/\",\"url\":\"https:\/\/www.massafmedical.com.br\/loja\/produto\/armario-duplo-para-armazenamento-de-endoscopios\/\",\"name\":\"Arm\u00e1rio Duplo para Armazenamento de Endosc\u00f3pios - Massaf Medical\",\"isPartOf\":{\"@id\":\"https:\/\/www.massafmedical.com.br\/loja\/#website\"},\"primaryImageOfPage\":{\"@id\":\"https:\/\/www.massafmedical.com.br\/loja\/produto\/armario-duplo-para-armazenamento-de-endoscopios\/#primaryimage\"},\"image\":{\"@id\":\"https:\/\/www.massafmedical.com.br\/loja\/produto\/armario-duplo-para-armazenamento-de-endoscopios\/#primaryimage\"},\"thumbnailUrl\":\"https:\/\/www.massafmedical.com.br\/loja\/wp-content\/uploads\/2025\/07\/image-35.jpg\",\"datePublished\":\"2025-07-15T14:17:35+00:00\",\"dateModified\":\"2025-07-16T16:08:59+00:00\",\"breadcrumb\":{\"@id\":\"https:\/\/www.massafmedical.com.br\/loja\/produto\/armario-duplo-para-armazenamento-de-endoscopios\/#breadcrumb\"},\"inLanguage\":\"pt-BR\",\"potentialAction\":[{\"@type\":\"ReadAction\",\"target\":[\"https:\/\/www.massafmedical.com.br\/loja\/produto\/armario-duplo-para-armazenamento-de-endoscopios\/\"]}]},{\"@type\":\"ImageObject\",\"inLanguage\":\"pt-BR\",\"@id\":\"https:\/\/www.massafmedical.com.br\/loja\/produto\/armario-duplo-para-armazenamento-de-endoscopios\/#primaryimage\",\"url\":\"https:\/\/www.massafmedical.com.br\/loja\/wp-content\/uploads\/2025\/07\/image-35.jpg\",\"contentUrl\":\"https:\/\/www.massafmedical.com.br\/loja\/wp-content\/uploads\/2025\/07\/image-35.jpg\",\"width\":394,\"height\":436},{\"@type\":\"BreadcrumbList\",\"@id\":\"https:\/\/www.massafmedical.com.br\/loja\/produto\/armario-duplo-para-armazenamento-de-endoscopios\/#breadcrumb\",\"itemListElement\":[{\"@type\":\"ListItem\",\"position\":1,\"name\":\"In\u00edcio\",\"item\":\"https:\/\/www.massafmedical.com.br\/loja\/\"},{\"@type\":\"ListItem\",\"position\":2,\"name\":\"Produtos\",\"item\":\"https:\/\/www.massafmedical.com.br\/loja\/nossos-produtos\/\"},{\"@type\":\"ListItem\",\"position\":3,\"name\":\"Arm\u00e1rio Duplo para Armazenamento de Endosc\u00f3pios\"}]},{\"@type\":\"WebSite\",\"@id\":\"https:\/\/www.massafmedical.com.br\/loja\/#website\",\"url\":\"https:\/\/www.massafmedical.com.br\/loja\/\",\"name\":\"Massaf Medical\",\"description\":\"\",\"publisher\":{\"@id\":\"https:\/\/www.massafmedical.com.br\/loja\/#organization\"},\"potentialAction\":[{\"@type\":\"SearchAction\",\"target\":{\"@type\":\"EntryPoint\",\"urlTemplate\":\"https:\/\/www.massafmedical.com.br\/loja\/?s={search_term_string}\"},\"query-input\":{\"@type\":\"PropertyValueSpecification\",\"valueRequired\":true,\"valueName\":\"search_term_string\"}}],\"inLanguage\":\"pt-BR\"},{\"@type\":\"Organization\",\"@id\":\"https:\/\/www.massafmedical.com.br\/loja\/#organization\",\"name\":\"Massaf Medical\",\"url\":\"https:\/\/www.massafmedical.com.br\/loja\/\",\"logo\":{\"@type\":\"ImageObject\",\"inLanguage\":\"pt-BR\",\"@id\":\"https:\/\/www.massafmedical.com.br\/loja\/#\/schema\/logo\/image\/\",\"url\":\"http:\/\/www.massafmedical.com.br\/loja\/wp-content\/uploads\/2020\/10\/logotipo-big.png\",\"contentUrl\":\"http:\/\/www.massafmedical.com.br\/loja\/wp-content\/uploads\/2020\/10\/logotipo-big.png\",\"width\":750,\"height\":253,\"caption\":\"Massaf Medical\"},\"image\":{\"@id\":\"https:\/\/www.massafmedical.com.br\/loja\/#\/schema\/logo\/image\/\"},\"sameAs\":[\"http:\/\/www.facebook.com\/MASSAFMEDICAL\"]}]}<\/script>\n<!-- \/ Yoast SEO plugin. -->","yoast_head_json":{"title":"Arm\u00e1rio Duplo para Armazenamento de Endosc\u00f3pios - Massaf Medical","robots":{"index":"index","follow":"follow","max-snippet":"max-snippet:-1","max-image-preview":"max-image-preview:large","max-video-preview":"max-video-preview:-1"},"canonical":"https:\/\/www.massafmedical.com.br\/loja\/produto\/armario-duplo-para-armazenamento-de-endoscopios\/","og_locale":"pt_BR","og_type":"article","og_title":"Arm\u00e1rio Duplo para Armazenamento de Endosc\u00f3pios - Massaf Medical","og_description":"Destaques do Arm\u00e1rio Duplo para armazenamento de endosc\u00f3pios   Capacidade de acondicionamento de 12 Tubos (Endosc\u00f3pios \/ Colonoscopios).  Estrutura r\u00edgida e resistente em a\u00e7o carbono com chassi tubular.  Laterais em chapa de a\u00e7o carbono.  Portas c\/chave e abertura 270\u00ba graus em policarbonato cristal.  Quatro rod\u00edzios linha hospitalar 50 mm, dois com freio.  Tubos centrais de fixa\u00e7\u00e3o dos magazines em a\u00e7o inox.  Magazines superiores e intermedi\u00e1rios para acondicionar os endosc\u00f3pios e conectores, ambos com regulagem de altura.  Pintura eletrost\u00e1tica a p\u00f3, polimerizada em estufa a 200\u00baC.  Cor branca texturizada.","og_url":"https:\/\/www.massafmedical.com.br\/loja\/produto\/armario-duplo-para-armazenamento-de-endoscopios\/","og_site_name":"Massaf Medical","article_publisher":"http:\/\/www.facebook.com\/MASSAFMEDICAL","article_modified_time":"2025-07-16T16:08:59+00:00","og_image":[{"width":394,"height":436,"url":"https:\/\/www.massafmedical.com.br\/loja\/wp-content\/uploads\/2025\/07\/image-35.jpg","type":"image\/jpeg"}],"twitter_card":"summary_large_image","twitter_misc":{"Est. tempo de leitura":"1 minuto"},"schema":{"@context":"https:\/\/schema.org","@graph":[{"@type":"WebPage","@id":"https:\/\/www.massafmedical.com.br\/loja\/produto\/armario-duplo-para-armazenamento-de-endoscopios\/","url":"https:\/\/www.massafmedical.com.br\/loja\/produto\/armario-duplo-para-armazenamento-de-endoscopios\/","name":"Arm\u00e1rio Duplo para Armazenamento de Endosc\u00f3pios - Massaf Medical","isPartOf":{"@id":"https:\/\/www.massafmedical.com.br\/loja\/#website"},"primaryImageOfPage":{"@id":"https:\/\/www.massafmedical.com.br\/loja\/produto\/armario-duplo-para-armazenamento-de-endoscopios\/#primaryimage"},"image":{"@id":"https:\/\/www.massafmedical.com.br\/loja\/produto\/armario-duplo-para-armazenamento-de-endoscopios\/#primaryimage"},"thumbnailUrl":"https:\/\/www.massafmedical.com.br\/loja\/wp-content\/uploads\/2025\/07\/image-35.jpg","datePublished":"2025-07-15T14:17:35+00:00","dateModified":"2025-07-16T16:08:59+00:00","breadcrumb":{"@id":"https:\/\/www.massafmedical.com.br\/loja\/produto\/armario-duplo-para-armazenamento-de-endoscopios\/#breadcrumb"},"inLanguage":"pt-BR","potentialAction":[{"@type":"ReadAction","target":["https:\/\/www.massafmedical.com.br\/loja\/produto\/armario-duplo-para-armazenamento-de-endoscopios\/"]}]},{"@type":"ImageObject","inLanguage":"pt-BR","@id":"https:\/\/www.massafmedical.com.br\/loja\/produto\/armario-duplo-para-armazenamento-de-endoscopios\/#primaryimage","url":"https:\/\/www.massafmedical.com.br\/loja\/wp-content\/uploads\/2025\/07\/image-35.jpg","contentUrl":"https:\/\/www.massafmedical.com.br\/loja\/wp-content\/uploads\/2025\/07\/image-35.jpg","width":394,"height":436},{"@type":"BreadcrumbList","@id":"https:\/\/www.massafmedical.com.br\/loja\/produto\/armario-duplo-para-armazenamento-de-endoscopios\/#breadcrumb","itemListElement":[{"@type":"ListItem","position":1,"name":"In\u00edcio","item":"https:\/\/www.massafmedical.com.br\/loja\/"},{"@type":"ListItem","position":2,"name":"Produtos","item":"https:\/\/www.massafmedical.com.br\/loja\/nossos-produtos\/"},{"@type":"ListItem","position":3,"name":"Arm\u00e1rio Duplo para Armazenamento de Endosc\u00f3pios"}]},{"@type":"WebSite","@id":"https:\/\/www.massafmedical.com.br\/loja\/#website","url":"https:\/\/www.massafmedical.com.br\/loja\/","name":"Massaf Medical","description":"","publisher":{"@id":"https:\/\/www.massafmedical.com.br\/loja\/#organization"},"potentialAction":[{"@type":"SearchAction","target":{"@type":"EntryPoint","urlTemplate":"https:\/\/www.massafmedical.com.br\/loja\/?s={search_term_string}"},"query-input":{"@type":"PropertyValueSpecification","valueRequired":true,"valueName":"search_term_string"}}],"inLanguage":"pt-BR"},{"@type":"Organization","@id":"https:\/\/www.massafmedical.com.br\/loja\/#organization","name":"Massaf Medical","url":"https:\/\/www.massafmedical.com.br\/loja\/","logo":{"@type":"ImageObject","inLanguage":"pt-BR","@id":"https:\/\/www.massafmedical.com.br\/loja\/#\/schema\/logo\/image\/","url":"http:\/\/www.massafmedical.com.br\/loja\/wp-content\/uploads\/2020\/10\/logotipo-big.png","contentUrl":"http:\/\/www.massafmedical.com.br\/loja\/wp-content\/uploads\/2020\/10\/logotipo-big.png","width":750,"height":253,"caption":"Massaf Medical"},"image":{"@id":"https:\/\/www.massafmedical.com.br\/loja\/#\/schema\/logo\/image\/"},"sameAs":["http:\/\/www.facebook.com\/MASSAFMEDICAL"]}]}},"_links":{"self":[{"href":"https:\/\/www.massafmedical.com.br\/loja\/wp-json\/wp\/v2\/product\/1776","targetHints":{"allow":["GET"]}}],"collection":[{"href":"https:\/\/www.massafmedical.com.br\/loja\/wp-json\/wp\/v2\/product"}],"about":[{"href":"https:\/\/www.massafmedical.com.br\/loja\/wp-json\/wp\/v2\/types\/product"}],"wp:featuredmedia":[{"embeddable":true,"href":"https:\/\/www.massafmedical.com.br\/loja\/wp-json\/wp\/v2\/media\/1777"}],"wp:attachment":[{"href":"https:\/\/www.massafmedical.com.br\/loja\/wp-json\/wp\/v2\/media?parent=1776"}],"wp:term":[{"taxonomy":"product_brand","embeddable":true,"href":"https:\/\/www.massafmedical.com.br\/loja\/wp-json\/wp\/v2\/product_brand?post=1776"},{"taxonomy":"product_cat","embeddable":true,"href":"https:\/\/www.massafmedical.com.br\/loja\/wp-json\/wp\/v2\/product_cat?post=1776"},{"taxonomy":"product_tag","embeddable":true,"href":"https:\/\/www.massafmedical.com.br\/loja\/wp-json\/wp\/v2\/product_tag?post=1776"}],"curies":[{"name":"wp","href":"https:\/\/api.w.org\/{rel}","templated":true}]}}