{"id":1753,"date":"2025-07-15T10:04:03","date_gmt":"2025-07-15T13:04:03","guid":{"rendered":"https:\/\/www.massafmedical.com.br\/loja\/?post_type=product&#038;p=1753"},"modified":"2025-07-16T12:59:33","modified_gmt":"2025-07-16T15:59:33","slug":"armario-vlfb-55-policarbonato","status":"publish","type":"product","link":"https:\/\/www.massafmedical.com.br\/loja\/produto\/armario-vlfb-55-policarbonato\/","title":{"rendered":"Arm\u00e1rio VLFB-55 Policarbonato"},"content":{"rendered":"<h6 class=\"font20 blueFont margin20\">Cod: 31103<\/h6>\n<p>&nbsp;<\/p>\n<p><img decoding=\"async\" class=\"alignnone wp-image-1754 lazyload\" data-src=\"https:\/\/www.massafmedical.com.br\/loja\/wp-content\/uploads\/2025\/07\/image-22.jpg\" alt=\"\" width=\"305\" height=\"383\" src=\"data:image\/gif;base64,R0lGODlhAQABAAAAACH5BAEKAAEALAAAAAABAAEAAAICTAEAOw==\" style=\"--smush-placeholder-width: 305px; --smush-placeholder-aspect-ratio: 305\/383;\" \/> <img decoding=\"async\" class=\"alignnone wp-image-1755 lazyload\" data-src=\"https:\/\/www.massafmedical.com.br\/loja\/wp-content\/uploads\/2025\/07\/image-21.jpg\" alt=\"\" width=\"261\" height=\"313\" src=\"data:image\/gif;base64,R0lGODlhAQABAAAAACH5BAEKAAEALAAAAAABAAEAAAICTAEAOw==\" style=\"--smush-placeholder-width: 261px; --smush-placeholder-aspect-ratio: 261\/313;\" \/><\/p>\n<h2 class=\"title_page\"><span class=\"font30 blueFont bold sideLines center\">Especifica\u00e7\u00f5es T\u00e9cnicas<\/span><\/h2>\n<p>&nbsp;<\/p>\n<div class=\"tablesProducts flex_w middle center\">\n<figure class=\"table\">\n<table border=\"1\">\n<tbody>\n<tr>\n<td colspan=\"2\">Dimens\u00f5es Externas<\/td>\n<\/tr>\n<tr>\n<td>Altura<\/td>\n<td>1.300 mm<\/td>\n<\/tr>\n<tr>\n<td>Largura<\/td>\n<td>615 mm<\/td>\n<\/tr>\n<tr>\n<td>Profundidade<\/td>\n<td>660 mm<\/td>\n<\/tr>\n<\/tbody>\n<\/table>\n<\/figure>\n<p>&nbsp;<\/p>\n<figure class=\"table\">\n<table border=\"1\">\n<tbody>\n<tr>\n<td colspan=\"2\">Dimens\u00f5es Internas<\/td>\n<\/tr>\n<tr>\n<td>Largura<\/td>\n<td>550 mm<\/td>\n<\/tr>\n<tr>\n<td>Profundidade<\/td>\n<td>600 mm<\/td>\n<\/tr>\n<tr>\n<td>Peso<\/td>\n<td>45 Kg<\/td>\n<\/tr>\n<\/tbody>\n<\/table>\n<\/figure>\n<\/div>\n","protected":false},"excerpt":{"rendered":"<p>Arm\u00e1rio m\u00f3vel para equipamentos de videocirurgia, onde o monitor pode ser utilizado acima do arm\u00e1rio, externamente.<\/p>\n<h4 class=\"font20 blueFont margin20\">Destaques do Arm\u00e1rio VLFB-55 Policarbonato<\/h4>\n<ul>\n<li style=\"list-style-type: none;\">\n<ul>\n<li>Laterais e portas em chapa de a\u00e7o carbono enrijecidas.<\/li>\n<li>Portas c\/chaves e abertura 270\u00ba graus c\/trava.<\/li>\n<li>Porta Frontal em Policarbonato Fum\u00ea.<\/li>\n<li>Quatro rod\u00edzios linha hospitalar 100 mm, dois com freio.<\/li>\n<li>Prateleiras em chapa de a\u00e7o dobradas com refor\u00e7os.<\/li>\n<li>Furos laterais internos para ajustar a altura das prateleiras.<\/li>\n<li>Pintura eletrost\u00e1tica a p\u00f3, polimerizada em estufa a 200\u00baC.<\/li>\n<li>Cor Branca texturizada.<\/li>\n<li>Compat\u00edvel com bra\u00e7o articulado para monitores, suporte para cilindros e outros acess\u00f3rios opcionais.<\/li>\n<li>Estrutura r\u00edgida e resistente.<\/li>\n<li>Estrutura r\u00edgida e resistente.<\/li>\n<li><\/li>\n<\/ul>\n<\/li>\n<\/ul>\n","protected":false},"featured_media":1755,"template":"","meta":[],"product_brand":[],"product_cat":[97],"product_tag":[],"class_list":{"0":"post-1753","1":"product","2":"type-product","3":"status-publish","4":"has-post-thumbnail","6":"product_cat-equipamentos-cardinal","8":"first","9":"instock","10":"taxable","11":"shipping-taxable","12":"product-type-simple"},"acf":[],"yoast_head":"<!-- This site is optimized with the Yoast SEO plugin v24.4 - https:\/\/yoast.com\/wordpress\/plugins\/seo\/ -->\n<title>Arm\u00e1rio VLFB-55 Policarbonato - Massaf Medical<\/title>\n<meta name=\"robots\" content=\"index, follow, max-snippet:-1, max-image-preview:large, max-video-preview:-1\" \/>\n<link rel=\"canonical\" href=\"https:\/\/www.massafmedical.com.br\/loja\/produto\/armario-vlfb-55-policarbonato\/\" \/>\n<meta property=\"og:locale\" content=\"pt_BR\" \/>\n<meta property=\"og:type\" content=\"article\" \/>\n<meta property=\"og:title\" content=\"Arm\u00e1rio VLFB-55 Policarbonato - Massaf Medical\" \/>\n<meta property=\"og:description\" content=\"Arm\u00e1rio m\u00f3vel para equipamentos de videocirurgia, onde o monitor pode ser utilizado acima do arm\u00e1rio, externamente. Destaques do Arm\u00e1rio VLFB-55 Policarbonato      Laterais e portas em chapa de a\u00e7o carbono enrijecidas.  Portas c\/chaves e abertura 270\u00ba graus c\/trava.  Porta Frontal em Policarbonato Fum\u00ea.  Quatro rod\u00edzios linha hospitalar 100 mm, dois com freio.  Prateleiras em chapa de a\u00e7o dobradas com refor\u00e7os.  Furos laterais internos para ajustar a altura das prateleiras.  Pintura eletrost\u00e1tica a p\u00f3, polimerizada em estufa a 200\u00baC.  Cor Branca texturizada.  Compat\u00edvel com bra\u00e7o articulado para monitores, suporte para cilindros e outros acess\u00f3rios opcionais.  Estrutura r\u00edgida e resistente.  Estrutura r\u00edgida e resistente.\" \/>\n<meta property=\"og:url\" content=\"https:\/\/www.massafmedical.com.br\/loja\/produto\/armario-vlfb-55-policarbonato\/\" \/>\n<meta property=\"og:site_name\" content=\"Massaf Medical\" \/>\n<meta property=\"article:publisher\" content=\"http:\/\/www.facebook.com\/MASSAFMEDICAL\" \/>\n<meta property=\"article:modified_time\" content=\"2025-07-16T15:59:33+00:00\" \/>\n<meta property=\"og:image\" content=\"https:\/\/www.massafmedical.com.br\/loja\/wp-content\/uploads\/2025\/07\/image-21.jpg\" \/>\n\t<meta property=\"og:image:width\" content=\"217\" \/>\n\t<meta property=\"og:image:height\" content=\"261\" \/>\n\t<meta property=\"og:image:type\" content=\"image\/jpeg\" \/>\n<meta name=\"twitter:card\" content=\"summary_large_image\" \/>\n<meta name=\"twitter:label1\" content=\"Est. tempo de leitura\" \/>\n\t<meta name=\"twitter:data1\" content=\"1 minuto\" \/>\n<script type=\"application\/ld+json\" class=\"yoast-schema-graph\">{\"@context\":\"https:\/\/schema.org\",\"@graph\":[{\"@type\":\"WebPage\",\"@id\":\"https:\/\/www.massafmedical.com.br\/loja\/produto\/armario-vlfb-55-policarbonato\/\",\"url\":\"https:\/\/www.massafmedical.com.br\/loja\/produto\/armario-vlfb-55-policarbonato\/\",\"name\":\"Arm\u00e1rio VLFB-55 Policarbonato - Massaf Medical\",\"isPartOf\":{\"@id\":\"https:\/\/www.massafmedical.com.br\/loja\/#website\"},\"primaryImageOfPage\":{\"@id\":\"https:\/\/www.massafmedical.com.br\/loja\/produto\/armario-vlfb-55-policarbonato\/#primaryimage\"},\"image\":{\"@id\":\"https:\/\/www.massafmedical.com.br\/loja\/produto\/armario-vlfb-55-policarbonato\/#primaryimage\"},\"thumbnailUrl\":\"https:\/\/www.massafmedical.com.br\/loja\/wp-content\/uploads\/2025\/07\/image-21.jpg\",\"datePublished\":\"2025-07-15T13:04:03+00:00\",\"dateModified\":\"2025-07-16T15:59:33+00:00\",\"breadcrumb\":{\"@id\":\"https:\/\/www.massafmedical.com.br\/loja\/produto\/armario-vlfb-55-policarbonato\/#breadcrumb\"},\"inLanguage\":\"pt-BR\",\"potentialAction\":[{\"@type\":\"ReadAction\",\"target\":[\"https:\/\/www.massafmedical.com.br\/loja\/produto\/armario-vlfb-55-policarbonato\/\"]}]},{\"@type\":\"ImageObject\",\"inLanguage\":\"pt-BR\",\"@id\":\"https:\/\/www.massafmedical.com.br\/loja\/produto\/armario-vlfb-55-policarbonato\/#primaryimage\",\"url\":\"https:\/\/www.massafmedical.com.br\/loja\/wp-content\/uploads\/2025\/07\/image-21.jpg\",\"contentUrl\":\"https:\/\/www.massafmedical.com.br\/loja\/wp-content\/uploads\/2025\/07\/image-21.jpg\",\"width\":217,\"height\":261},{\"@type\":\"BreadcrumbList\",\"@id\":\"https:\/\/www.massafmedical.com.br\/loja\/produto\/armario-vlfb-55-policarbonato\/#breadcrumb\",\"itemListElement\":[{\"@type\":\"ListItem\",\"position\":1,\"name\":\"In\u00edcio\",\"item\":\"https:\/\/www.massafmedical.com.br\/loja\/\"},{\"@type\":\"ListItem\",\"position\":2,\"name\":\"Produtos\",\"item\":\"https:\/\/www.massafmedical.com.br\/loja\/nossos-produtos\/\"},{\"@type\":\"ListItem\",\"position\":3,\"name\":\"Arm\u00e1rio VLFB-55 Policarbonato\"}]},{\"@type\":\"WebSite\",\"@id\":\"https:\/\/www.massafmedical.com.br\/loja\/#website\",\"url\":\"https:\/\/www.massafmedical.com.br\/loja\/\",\"name\":\"Massaf Medical\",\"description\":\"\",\"publisher\":{\"@id\":\"https:\/\/www.massafmedical.com.br\/loja\/#organization\"},\"potentialAction\":[{\"@type\":\"SearchAction\",\"target\":{\"@type\":\"EntryPoint\",\"urlTemplate\":\"https:\/\/www.massafmedical.com.br\/loja\/?s={search_term_string}\"},\"query-input\":{\"@type\":\"PropertyValueSpecification\",\"valueRequired\":true,\"valueName\":\"search_term_string\"}}],\"inLanguage\":\"pt-BR\"},{\"@type\":\"Organization\",\"@id\":\"https:\/\/www.massafmedical.com.br\/loja\/#organization\",\"name\":\"Massaf Medical\",\"url\":\"https:\/\/www.massafmedical.com.br\/loja\/\",\"logo\":{\"@type\":\"ImageObject\",\"inLanguage\":\"pt-BR\",\"@id\":\"https:\/\/www.massafmedical.com.br\/loja\/#\/schema\/logo\/image\/\",\"url\":\"http:\/\/www.massafmedical.com.br\/loja\/wp-content\/uploads\/2020\/10\/logotipo-big.png\",\"contentUrl\":\"http:\/\/www.massafmedical.com.br\/loja\/wp-content\/uploads\/2020\/10\/logotipo-big.png\",\"width\":750,\"height\":253,\"caption\":\"Massaf Medical\"},\"image\":{\"@id\":\"https:\/\/www.massafmedical.com.br\/loja\/#\/schema\/logo\/image\/\"},\"sameAs\":[\"http:\/\/www.facebook.com\/MASSAFMEDICAL\"]}]}<\/script>\n<!-- \/ Yoast SEO plugin. -->","yoast_head_json":{"title":"Arm\u00e1rio VLFB-55 Policarbonato - Massaf Medical","robots":{"index":"index","follow":"follow","max-snippet":"max-snippet:-1","max-image-preview":"max-image-preview:large","max-video-preview":"max-video-preview:-1"},"canonical":"https:\/\/www.massafmedical.com.br\/loja\/produto\/armario-vlfb-55-policarbonato\/","og_locale":"pt_BR","og_type":"article","og_title":"Arm\u00e1rio VLFB-55 Policarbonato - Massaf Medical","og_description":"Arm\u00e1rio m\u00f3vel para equipamentos de videocirurgia, onde o monitor pode ser utilizado acima do arm\u00e1rio, externamente. Destaques do Arm\u00e1rio VLFB-55 Policarbonato      Laterais e portas em chapa de a\u00e7o carbono enrijecidas.  Portas c\/chaves e abertura 270\u00ba graus c\/trava.  Porta Frontal em Policarbonato Fum\u00ea.  Quatro rod\u00edzios linha hospitalar 100 mm, dois com freio.  Prateleiras em chapa de a\u00e7o dobradas com refor\u00e7os.  Furos laterais internos para ajustar a altura das prateleiras.  Pintura eletrost\u00e1tica a p\u00f3, polimerizada em estufa a 200\u00baC.  Cor Branca texturizada.  Compat\u00edvel com bra\u00e7o articulado para monitores, suporte para cilindros e outros acess\u00f3rios opcionais.  Estrutura r\u00edgida e resistente.  Estrutura r\u00edgida e resistente.","og_url":"https:\/\/www.massafmedical.com.br\/loja\/produto\/armario-vlfb-55-policarbonato\/","og_site_name":"Massaf Medical","article_publisher":"http:\/\/www.facebook.com\/MASSAFMEDICAL","article_modified_time":"2025-07-16T15:59:33+00:00","og_image":[{"width":217,"height":261,"url":"https:\/\/www.massafmedical.com.br\/loja\/wp-content\/uploads\/2025\/07\/image-21.jpg","type":"image\/jpeg"}],"twitter_card":"summary_large_image","twitter_misc":{"Est. tempo de leitura":"1 minuto"},"schema":{"@context":"https:\/\/schema.org","@graph":[{"@type":"WebPage","@id":"https:\/\/www.massafmedical.com.br\/loja\/produto\/armario-vlfb-55-policarbonato\/","url":"https:\/\/www.massafmedical.com.br\/loja\/produto\/armario-vlfb-55-policarbonato\/","name":"Arm\u00e1rio VLFB-55 Policarbonato - Massaf Medical","isPartOf":{"@id":"https:\/\/www.massafmedical.com.br\/loja\/#website"},"primaryImageOfPage":{"@id":"https:\/\/www.massafmedical.com.br\/loja\/produto\/armario-vlfb-55-policarbonato\/#primaryimage"},"image":{"@id":"https:\/\/www.massafmedical.com.br\/loja\/produto\/armario-vlfb-55-policarbonato\/#primaryimage"},"thumbnailUrl":"https:\/\/www.massafmedical.com.br\/loja\/wp-content\/uploads\/2025\/07\/image-21.jpg","datePublished":"2025-07-15T13:04:03+00:00","dateModified":"2025-07-16T15:59:33+00:00","breadcrumb":{"@id":"https:\/\/www.massafmedical.com.br\/loja\/produto\/armario-vlfb-55-policarbonato\/#breadcrumb"},"inLanguage":"pt-BR","potentialAction":[{"@type":"ReadAction","target":["https:\/\/www.massafmedical.com.br\/loja\/produto\/armario-vlfb-55-policarbonato\/"]}]},{"@type":"ImageObject","inLanguage":"pt-BR","@id":"https:\/\/www.massafmedical.com.br\/loja\/produto\/armario-vlfb-55-policarbonato\/#primaryimage","url":"https:\/\/www.massafmedical.com.br\/loja\/wp-content\/uploads\/2025\/07\/image-21.jpg","contentUrl":"https:\/\/www.massafmedical.com.br\/loja\/wp-content\/uploads\/2025\/07\/image-21.jpg","width":217,"height":261},{"@type":"BreadcrumbList","@id":"https:\/\/www.massafmedical.com.br\/loja\/produto\/armario-vlfb-55-policarbonato\/#breadcrumb","itemListElement":[{"@type":"ListItem","position":1,"name":"In\u00edcio","item":"https:\/\/www.massafmedical.com.br\/loja\/"},{"@type":"ListItem","position":2,"name":"Produtos","item":"https:\/\/www.massafmedical.com.br\/loja\/nossos-produtos\/"},{"@type":"ListItem","position":3,"name":"Arm\u00e1rio VLFB-55 Policarbonato"}]},{"@type":"WebSite","@id":"https:\/\/www.massafmedical.com.br\/loja\/#website","url":"https:\/\/www.massafmedical.com.br\/loja\/","name":"Massaf Medical","description":"","publisher":{"@id":"https:\/\/www.massafmedical.com.br\/loja\/#organization"},"potentialAction":[{"@type":"SearchAction","target":{"@type":"EntryPoint","urlTemplate":"https:\/\/www.massafmedical.com.br\/loja\/?s={search_term_string}"},"query-input":{"@type":"PropertyValueSpecification","valueRequired":true,"valueName":"search_term_string"}}],"inLanguage":"pt-BR"},{"@type":"Organization","@id":"https:\/\/www.massafmedical.com.br\/loja\/#organization","name":"Massaf Medical","url":"https:\/\/www.massafmedical.com.br\/loja\/","logo":{"@type":"ImageObject","inLanguage":"pt-BR","@id":"https:\/\/www.massafmedical.com.br\/loja\/#\/schema\/logo\/image\/","url":"http:\/\/www.massafmedical.com.br\/loja\/wp-content\/uploads\/2020\/10\/logotipo-big.png","contentUrl":"http:\/\/www.massafmedical.com.br\/loja\/wp-content\/uploads\/2020\/10\/logotipo-big.png","width":750,"height":253,"caption":"Massaf Medical"},"image":{"@id":"https:\/\/www.massafmedical.com.br\/loja\/#\/schema\/logo\/image\/"},"sameAs":["http:\/\/www.facebook.com\/MASSAFMEDICAL"]}]}},"_links":{"self":[{"href":"https:\/\/www.massafmedical.com.br\/loja\/wp-json\/wp\/v2\/product\/1753","targetHints":{"allow":["GET"]}}],"collection":[{"href":"https:\/\/www.massafmedical.com.br\/loja\/wp-json\/wp\/v2\/product"}],"about":[{"href":"https:\/\/www.massafmedical.com.br\/loja\/wp-json\/wp\/v2\/types\/product"}],"wp:featuredmedia":[{"embeddable":true,"href":"https:\/\/www.massafmedical.com.br\/loja\/wp-json\/wp\/v2\/media\/1755"}],"wp:attachment":[{"href":"https:\/\/www.massafmedical.com.br\/loja\/wp-json\/wp\/v2\/media?parent=1753"}],"wp:term":[{"taxonomy":"product_brand","embeddable":true,"href":"https:\/\/www.massafmedical.com.br\/loja\/wp-json\/wp\/v2\/product_brand?post=1753"},{"taxonomy":"product_cat","embeddable":true,"href":"https:\/\/www.massafmedical.com.br\/loja\/wp-json\/wp\/v2\/product_cat?post=1753"},{"taxonomy":"product_tag","embeddable":true,"href":"https:\/\/www.massafmedical.com.br\/loja\/wp-json\/wp\/v2\/product_tag?post=1753"}],"curies":[{"name":"wp","href":"https:\/\/api.w.org\/{rel}","templated":true}]}}