{"id":1703,"date":"2025-07-14T13:54:01","date_gmt":"2025-07-14T16:54:01","guid":{"rendered":"https:\/\/www.massafmedical.com.br\/loja\/?post_type=product&#038;p=1703"},"modified":"2025-07-15T13:10:32","modified_gmt":"2025-07-15T16:10:32","slug":"estante-ve-45-aco-cardinal","status":"publish","type":"product","link":"https:\/\/www.massafmedical.com.br\/loja\/produto\/estante-ve-45-aco-cardinal\/","title":{"rendered":"Estante VE-45 A\u00e7o"},"content":{"rendered":"<p>Cod: 32300<\/p>\n<p>&nbsp;<\/p>\n<p><img decoding=\"async\" class=\"alignnone wp-image-1704 lazyload\" data-src=\"https:\/\/www.massafmedical.com.br\/loja\/wp-content\/uploads\/2025\/07\/WhatsApp-Image-2025-07-14-at-13.50.45.jpeg\" alt=\"\" width=\"372\" height=\"277\" data-srcset=\"https:\/\/www.massafmedical.com.br\/loja\/wp-content\/uploads\/2025\/07\/WhatsApp-Image-2025-07-14-at-13.50.45.jpeg 708w, https:\/\/www.massafmedical.com.br\/loja\/wp-content\/uploads\/2025\/07\/WhatsApp-Image-2025-07-14-at-13.50.45-600x447.jpeg 600w\" data-sizes=\"(max-width: 372px) 100vw, 372px\" src=\"data:image\/gif;base64,R0lGODlhAQABAAAAACH5BAEKAAEALAAAAAABAAEAAAICTAEAOw==\" style=\"--smush-placeholder-width: 372px; --smush-placeholder-aspect-ratio: 372\/277;\" \/><img decoding=\"async\" class=\"alignnone wp-image-1705 lazyload\" data-src=\"https:\/\/www.massafmedical.com.br\/loja\/wp-content\/uploads\/2025\/07\/WhatsApp-Image-2025-07-14-at-13.52.10.jpeg\" alt=\"\" width=\"396\" height=\"296\" data-srcset=\"https:\/\/www.massafmedical.com.br\/loja\/wp-content\/uploads\/2025\/07\/WhatsApp-Image-2025-07-14-at-13.52.10.jpeg 700w, https:\/\/www.massafmedical.com.br\/loja\/wp-content\/uploads\/2025\/07\/WhatsApp-Image-2025-07-14-at-13.52.10-600x448.jpeg 600w\" data-sizes=\"(max-width: 396px) 100vw, 396px\" src=\"data:image\/gif;base64,R0lGODlhAQABAAAAACH5BAEKAAEALAAAAAABAAEAAAICTAEAOw==\" style=\"--smush-placeholder-width: 396px; --smush-placeholder-aspect-ratio: 396\/296;\" \/><\/p>\n<h2 class=\"title_page\"><span class=\"font30 blueFont bold sideLines center\">Especifica\u00e7\u00f5es T\u00e9cnicas<\/span><\/h2>\n<div class=\"tablesProducts flex_w middle center\">\n<table class=\"alignleft\" style=\"height: 77px;\" border=\"1\" width=\"392\">\n<tbody>\n<tr>\n<td colspan=\"2\">Dimens\u00f5es Externas<\/td>\n<\/tr>\n<tr>\n<td>Altura<\/td>\n<td>1.300 mm<\/td>\n<\/tr>\n<tr>\n<td>Largura<\/td>\n<td>560 mm<\/td>\n<\/tr>\n<tr>\n<td>Profundidade<\/td>\n<td>530 mm<\/td>\n<\/tr>\n<\/tbody>\n<\/table>\n<table class=\"alignleft\" style=\"font-size: 1rem; height: 82px;\" border=\"1\" width=\"404\">\n<tbody>\n<tr>\n<td colspan=\"2\">Dimens\u00f5es Internas<\/td>\n<\/tr>\n<tr>\n<td>Largura<\/td>\n<td>500 mm<\/td>\n<\/tr>\n<tr>\n<td>Profundidade<\/td>\n<td>530 mm<\/td>\n<\/tr>\n<tr>\n<td>Peso<\/td>\n<td>35 Kg<\/td>\n<\/tr>\n<\/tbody>\n<\/table>\n<\/div>\n","protected":false},"excerpt":{"rendered":"<h4 class=\"font20 blueFont margin20\">Destaques da Estante VE-45 A\u00e7o<\/h4>\n<p>Trolley &#8211; Rack para equipamento de Endoscopia \/ Videocirurgia<\/p>\n<ul>\n<li>Estrutura r\u00edgida e resistente em a\u00e7o tubular.<\/li>\n<li>Confeccionado em tubos e chapas de a\u00e7o carbono.<\/li>\n<li>Laterais e fundos fechados e remov\u00edveis para a passagem de cabos.<\/li>\n<li>Prateleira para teclado com corredi\u00e7a telesc\u00f3pica.<\/li>\n<li>Quatro rod\u00edzios linha hospitalar 100 mm, dois com freio.<\/li>\n<li>Prateleiras em chapa de a\u00e7o dobradas com refor\u00e7os, com altura regul\u00e1vel.<\/li>\n<li>Pintura eletrost\u00e1tica a p\u00f3, polimerizada em estufa a 200\u00baC.<\/li>\n<li>Cor Branca texturizada.<\/li>\n<li>Compat\u00edvel com bra\u00e7o articulado para monitores de grau m\u00e9dico, suporte para endosc\u00f3pios e outros acess\u00f3rios opcionais.<\/li>\n<\/ul>\n","protected":false},"featured_media":1704,"template":"","meta":[],"product_brand":[],"product_cat":[97,71],"product_tag":[],"class_list":{"0":"post-1703","1":"product","2":"type-product","3":"status-publish","4":"has-post-thumbnail","6":"product_cat-equipamentos-cardinal","7":"product_cat-equipamentos","9":"first","10":"instock","11":"taxable","12":"shipping-taxable","13":"product-type-simple"},"acf":[],"yoast_head":"<!-- This site is optimized with the Yoast SEO plugin v24.4 - https:\/\/yoast.com\/wordpress\/plugins\/seo\/ -->\n<title>Estante VE-45 A\u00e7o - Massaf Medical<\/title>\n<meta name=\"robots\" content=\"index, follow, max-snippet:-1, max-image-preview:large, max-video-preview:-1\" \/>\n<link rel=\"canonical\" href=\"https:\/\/www.massafmedical.com.br\/loja\/produto\/estante-ve-45-aco-cardinal\/\" \/>\n<meta property=\"og:locale\" content=\"pt_BR\" \/>\n<meta property=\"og:type\" content=\"article\" \/>\n<meta property=\"og:title\" content=\"Estante VE-45 A\u00e7o - Massaf Medical\" \/>\n<meta property=\"og:description\" content=\"Destaques da Estante VE-45 A\u00e7o Trolley - Rack para equipamento de Endoscopia \/ Videocirurgia   Estrutura r\u00edgida e resistente em a\u00e7o tubular.  Confeccionado em tubos e chapas de a\u00e7o carbono.  Laterais e fundos fechados e remov\u00edveis para a passagem de cabos.  Prateleira para teclado com corredi\u00e7a telesc\u00f3pica.  Quatro rod\u00edzios linha hospitalar 100 mm, dois com freio.  Prateleiras em chapa de a\u00e7o dobradas com refor\u00e7os, com altura regul\u00e1vel.  Pintura eletrost\u00e1tica a p\u00f3, polimerizada em estufa a 200\u00baC.  Cor Branca texturizada.  Compat\u00edvel com bra\u00e7o articulado para monitores de grau m\u00e9dico, suporte para endosc\u00f3pios e outros acess\u00f3rios opcionais.\" \/>\n<meta property=\"og:url\" content=\"https:\/\/www.massafmedical.com.br\/loja\/produto\/estante-ve-45-aco-cardinal\/\" \/>\n<meta property=\"og:site_name\" content=\"Massaf Medical\" \/>\n<meta property=\"article:publisher\" content=\"http:\/\/www.facebook.com\/MASSAFMEDICAL\" \/>\n<meta property=\"article:modified_time\" content=\"2025-07-15T16:10:32+00:00\" \/>\n<meta property=\"og:image\" content=\"https:\/\/www.massafmedical.com.br\/loja\/wp-content\/uploads\/2025\/07\/WhatsApp-Image-2025-07-14-at-13.50.45.jpeg\" \/>\n\t<meta property=\"og:image:width\" content=\"708\" \/>\n\t<meta property=\"og:image:height\" content=\"527\" \/>\n\t<meta property=\"og:image:type\" content=\"image\/jpeg\" \/>\n<meta name=\"twitter:card\" content=\"summary_large_image\" \/>\n<meta name=\"twitter:label1\" content=\"Est. tempo de leitura\" \/>\n\t<meta name=\"twitter:data1\" content=\"1 minuto\" \/>\n<script type=\"application\/ld+json\" class=\"yoast-schema-graph\">{\"@context\":\"https:\/\/schema.org\",\"@graph\":[{\"@type\":\"WebPage\",\"@id\":\"https:\/\/www.massafmedical.com.br\/loja\/produto\/estante-ve-45-aco-cardinal\/\",\"url\":\"https:\/\/www.massafmedical.com.br\/loja\/produto\/estante-ve-45-aco-cardinal\/\",\"name\":\"Estante VE-45 A\u00e7o - Massaf Medical\",\"isPartOf\":{\"@id\":\"https:\/\/www.massafmedical.com.br\/loja\/#website\"},\"primaryImageOfPage\":{\"@id\":\"https:\/\/www.massafmedical.com.br\/loja\/produto\/estante-ve-45-aco-cardinal\/#primaryimage\"},\"image\":{\"@id\":\"https:\/\/www.massafmedical.com.br\/loja\/produto\/estante-ve-45-aco-cardinal\/#primaryimage\"},\"thumbnailUrl\":\"https:\/\/www.massafmedical.com.br\/loja\/wp-content\/uploads\/2025\/07\/WhatsApp-Image-2025-07-14-at-13.50.45.jpeg\",\"datePublished\":\"2025-07-14T16:54:01+00:00\",\"dateModified\":\"2025-07-15T16:10:32+00:00\",\"breadcrumb\":{\"@id\":\"https:\/\/www.massafmedical.com.br\/loja\/produto\/estante-ve-45-aco-cardinal\/#breadcrumb\"},\"inLanguage\":\"pt-BR\",\"potentialAction\":[{\"@type\":\"ReadAction\",\"target\":[\"https:\/\/www.massafmedical.com.br\/loja\/produto\/estante-ve-45-aco-cardinal\/\"]}]},{\"@type\":\"ImageObject\",\"inLanguage\":\"pt-BR\",\"@id\":\"https:\/\/www.massafmedical.com.br\/loja\/produto\/estante-ve-45-aco-cardinal\/#primaryimage\",\"url\":\"https:\/\/www.massafmedical.com.br\/loja\/wp-content\/uploads\/2025\/07\/WhatsApp-Image-2025-07-14-at-13.50.45.jpeg\",\"contentUrl\":\"https:\/\/www.massafmedical.com.br\/loja\/wp-content\/uploads\/2025\/07\/WhatsApp-Image-2025-07-14-at-13.50.45.jpeg\",\"width\":708,\"height\":527},{\"@type\":\"BreadcrumbList\",\"@id\":\"https:\/\/www.massafmedical.com.br\/loja\/produto\/estante-ve-45-aco-cardinal\/#breadcrumb\",\"itemListElement\":[{\"@type\":\"ListItem\",\"position\":1,\"name\":\"In\u00edcio\",\"item\":\"https:\/\/www.massafmedical.com.br\/loja\/\"},{\"@type\":\"ListItem\",\"position\":2,\"name\":\"Produtos\",\"item\":\"https:\/\/www.massafmedical.com.br\/loja\/nossos-produtos\/\"},{\"@type\":\"ListItem\",\"position\":3,\"name\":\"Estante VE-45 A\u00e7o\"}]},{\"@type\":\"WebSite\",\"@id\":\"https:\/\/www.massafmedical.com.br\/loja\/#website\",\"url\":\"https:\/\/www.massafmedical.com.br\/loja\/\",\"name\":\"Massaf Medical\",\"description\":\"\",\"publisher\":{\"@id\":\"https:\/\/www.massafmedical.com.br\/loja\/#organization\"},\"potentialAction\":[{\"@type\":\"SearchAction\",\"target\":{\"@type\":\"EntryPoint\",\"urlTemplate\":\"https:\/\/www.massafmedical.com.br\/loja\/?s={search_term_string}\"},\"query-input\":{\"@type\":\"PropertyValueSpecification\",\"valueRequired\":true,\"valueName\":\"search_term_string\"}}],\"inLanguage\":\"pt-BR\"},{\"@type\":\"Organization\",\"@id\":\"https:\/\/www.massafmedical.com.br\/loja\/#organization\",\"name\":\"Massaf Medical\",\"url\":\"https:\/\/www.massafmedical.com.br\/loja\/\",\"logo\":{\"@type\":\"ImageObject\",\"inLanguage\":\"pt-BR\",\"@id\":\"https:\/\/www.massafmedical.com.br\/loja\/#\/schema\/logo\/image\/\",\"url\":\"http:\/\/www.massafmedical.com.br\/loja\/wp-content\/uploads\/2020\/10\/logotipo-big.png\",\"contentUrl\":\"http:\/\/www.massafmedical.com.br\/loja\/wp-content\/uploads\/2020\/10\/logotipo-big.png\",\"width\":750,\"height\":253,\"caption\":\"Massaf Medical\"},\"image\":{\"@id\":\"https:\/\/www.massafmedical.com.br\/loja\/#\/schema\/logo\/image\/\"},\"sameAs\":[\"http:\/\/www.facebook.com\/MASSAFMEDICAL\"]}]}<\/script>\n<!-- \/ Yoast SEO plugin. -->","yoast_head_json":{"title":"Estante VE-45 A\u00e7o - Massaf Medical","robots":{"index":"index","follow":"follow","max-snippet":"max-snippet:-1","max-image-preview":"max-image-preview:large","max-video-preview":"max-video-preview:-1"},"canonical":"https:\/\/www.massafmedical.com.br\/loja\/produto\/estante-ve-45-aco-cardinal\/","og_locale":"pt_BR","og_type":"article","og_title":"Estante VE-45 A\u00e7o - Massaf Medical","og_description":"Destaques da Estante VE-45 A\u00e7o Trolley - Rack para equipamento de Endoscopia \/ Videocirurgia   Estrutura r\u00edgida e resistente em a\u00e7o tubular.  Confeccionado em tubos e chapas de a\u00e7o carbono.  Laterais e fundos fechados e remov\u00edveis para a passagem de cabos.  Prateleira para teclado com corredi\u00e7a telesc\u00f3pica.  Quatro rod\u00edzios linha hospitalar 100 mm, dois com freio.  Prateleiras em chapa de a\u00e7o dobradas com refor\u00e7os, com altura regul\u00e1vel.  Pintura eletrost\u00e1tica a p\u00f3, polimerizada em estufa a 200\u00baC.  Cor Branca texturizada.  Compat\u00edvel com bra\u00e7o articulado para monitores de grau m\u00e9dico, suporte para endosc\u00f3pios e outros acess\u00f3rios opcionais.","og_url":"https:\/\/www.massafmedical.com.br\/loja\/produto\/estante-ve-45-aco-cardinal\/","og_site_name":"Massaf Medical","article_publisher":"http:\/\/www.facebook.com\/MASSAFMEDICAL","article_modified_time":"2025-07-15T16:10:32+00:00","og_image":[{"width":708,"height":527,"url":"https:\/\/www.massafmedical.com.br\/loja\/wp-content\/uploads\/2025\/07\/WhatsApp-Image-2025-07-14-at-13.50.45.jpeg","type":"image\/jpeg"}],"twitter_card":"summary_large_image","twitter_misc":{"Est. tempo de leitura":"1 minuto"},"schema":{"@context":"https:\/\/schema.org","@graph":[{"@type":"WebPage","@id":"https:\/\/www.massafmedical.com.br\/loja\/produto\/estante-ve-45-aco-cardinal\/","url":"https:\/\/www.massafmedical.com.br\/loja\/produto\/estante-ve-45-aco-cardinal\/","name":"Estante VE-45 A\u00e7o - Massaf Medical","isPartOf":{"@id":"https:\/\/www.massafmedical.com.br\/loja\/#website"},"primaryImageOfPage":{"@id":"https:\/\/www.massafmedical.com.br\/loja\/produto\/estante-ve-45-aco-cardinal\/#primaryimage"},"image":{"@id":"https:\/\/www.massafmedical.com.br\/loja\/produto\/estante-ve-45-aco-cardinal\/#primaryimage"},"thumbnailUrl":"https:\/\/www.massafmedical.com.br\/loja\/wp-content\/uploads\/2025\/07\/WhatsApp-Image-2025-07-14-at-13.50.45.jpeg","datePublished":"2025-07-14T16:54:01+00:00","dateModified":"2025-07-15T16:10:32+00:00","breadcrumb":{"@id":"https:\/\/www.massafmedical.com.br\/loja\/produto\/estante-ve-45-aco-cardinal\/#breadcrumb"},"inLanguage":"pt-BR","potentialAction":[{"@type":"ReadAction","target":["https:\/\/www.massafmedical.com.br\/loja\/produto\/estante-ve-45-aco-cardinal\/"]}]},{"@type":"ImageObject","inLanguage":"pt-BR","@id":"https:\/\/www.massafmedical.com.br\/loja\/produto\/estante-ve-45-aco-cardinal\/#primaryimage","url":"https:\/\/www.massafmedical.com.br\/loja\/wp-content\/uploads\/2025\/07\/WhatsApp-Image-2025-07-14-at-13.50.45.jpeg","contentUrl":"https:\/\/www.massafmedical.com.br\/loja\/wp-content\/uploads\/2025\/07\/WhatsApp-Image-2025-07-14-at-13.50.45.jpeg","width":708,"height":527},{"@type":"BreadcrumbList","@id":"https:\/\/www.massafmedical.com.br\/loja\/produto\/estante-ve-45-aco-cardinal\/#breadcrumb","itemListElement":[{"@type":"ListItem","position":1,"name":"In\u00edcio","item":"https:\/\/www.massafmedical.com.br\/loja\/"},{"@type":"ListItem","position":2,"name":"Produtos","item":"https:\/\/www.massafmedical.com.br\/loja\/nossos-produtos\/"},{"@type":"ListItem","position":3,"name":"Estante VE-45 A\u00e7o"}]},{"@type":"WebSite","@id":"https:\/\/www.massafmedical.com.br\/loja\/#website","url":"https:\/\/www.massafmedical.com.br\/loja\/","name":"Massaf Medical","description":"","publisher":{"@id":"https:\/\/www.massafmedical.com.br\/loja\/#organization"},"potentialAction":[{"@type":"SearchAction","target":{"@type":"EntryPoint","urlTemplate":"https:\/\/www.massafmedical.com.br\/loja\/?s={search_term_string}"},"query-input":{"@type":"PropertyValueSpecification","valueRequired":true,"valueName":"search_term_string"}}],"inLanguage":"pt-BR"},{"@type":"Organization","@id":"https:\/\/www.massafmedical.com.br\/loja\/#organization","name":"Massaf Medical","url":"https:\/\/www.massafmedical.com.br\/loja\/","logo":{"@type":"ImageObject","inLanguage":"pt-BR","@id":"https:\/\/www.massafmedical.com.br\/loja\/#\/schema\/logo\/image\/","url":"http:\/\/www.massafmedical.com.br\/loja\/wp-content\/uploads\/2020\/10\/logotipo-big.png","contentUrl":"http:\/\/www.massafmedical.com.br\/loja\/wp-content\/uploads\/2020\/10\/logotipo-big.png","width":750,"height":253,"caption":"Massaf Medical"},"image":{"@id":"https:\/\/www.massafmedical.com.br\/loja\/#\/schema\/logo\/image\/"},"sameAs":["http:\/\/www.facebook.com\/MASSAFMEDICAL"]}]}},"_links":{"self":[{"href":"https:\/\/www.massafmedical.com.br\/loja\/wp-json\/wp\/v2\/product\/1703","targetHints":{"allow":["GET"]}}],"collection":[{"href":"https:\/\/www.massafmedical.com.br\/loja\/wp-json\/wp\/v2\/product"}],"about":[{"href":"https:\/\/www.massafmedical.com.br\/loja\/wp-json\/wp\/v2\/types\/product"}],"wp:featuredmedia":[{"embeddable":true,"href":"https:\/\/www.massafmedical.com.br\/loja\/wp-json\/wp\/v2\/media\/1704"}],"wp:attachment":[{"href":"https:\/\/www.massafmedical.com.br\/loja\/wp-json\/wp\/v2\/media?parent=1703"}],"wp:term":[{"taxonomy":"product_brand","embeddable":true,"href":"https:\/\/www.massafmedical.com.br\/loja\/wp-json\/wp\/v2\/product_brand?post=1703"},{"taxonomy":"product_cat","embeddable":true,"href":"https:\/\/www.massafmedical.com.br\/loja\/wp-json\/wp\/v2\/product_cat?post=1703"},{"taxonomy":"product_tag","embeddable":true,"href":"https:\/\/www.massafmedical.com.br\/loja\/wp-json\/wp\/v2\/product_tag?post=1703"}],"curies":[{"name":"wp","href":"https:\/\/api.w.org\/{rel}","templated":true}]}}