{"id":1699,"date":"2025-07-14T13:36:52","date_gmt":"2025-07-14T16:36:52","guid":{"rendered":"https:\/\/www.massafmedical.com.br\/loja\/?post_type=product&#038;p=1699"},"modified":"2025-07-16T14:29:44","modified_gmt":"2025-07-16T17:29:44","slug":"estante-ve-ptx-cardinal","status":"publish","type":"product","link":"https:\/\/www.massafmedical.com.br\/loja\/produto\/estante-ve-ptx-cardinal\/","title":{"rendered":"Estante VE-PTX"},"content":{"rendered":"<h6>Cod: 32100<\/h6>\n<p>&nbsp;<\/p>\n<p><img decoding=\"async\" class=\"alignnone wp-image-1700 lazyload\" data-src=\"https:\/\/www.massafmedical.com.br\/loja\/wp-content\/uploads\/2025\/07\/WhatsApp-Image-2025-07-14-at-13.32.18.jpeg\" alt=\"\" width=\"378\" height=\"279\" data-srcset=\"https:\/\/www.massafmedical.com.br\/loja\/wp-content\/uploads\/2025\/07\/WhatsApp-Image-2025-07-14-at-13.32.18.jpeg 707w, https:\/\/www.massafmedical.com.br\/loja\/wp-content\/uploads\/2025\/07\/WhatsApp-Image-2025-07-14-at-13.32.18-600x444.jpeg 600w\" data-sizes=\"(max-width: 378px) 100vw, 378px\" src=\"data:image\/gif;base64,R0lGODlhAQABAAAAACH5BAEKAAEALAAAAAABAAEAAAICTAEAOw==\" style=\"--smush-placeholder-width: 378px; --smush-placeholder-aspect-ratio: 378\/279;\" \/><img decoding=\"async\" data-src=\"https:\/\/cardinal.com.br\/storage\/fotos_produto\/20191213_lcc55a5b.jpg\" width=\"368\" height=\"276\" src=\"data:image\/gif;base64,R0lGODlhAQABAAAAACH5BAEKAAEALAAAAAABAAEAAAICTAEAOw==\" class=\"lazyload\" style=\"--smush-placeholder-width: 368px; --smush-placeholder-aspect-ratio: 368\/276;\" \/><\/p>\n<p>&nbsp;<\/p>\n<h2 class=\"title_page\"><span class=\"font30 blueFont bold sideLines center\">Especifica\u00e7\u00f5es T\u00e9cnicas<\/span><\/h2>\n<div class=\"tablesProducts flex_w middle center\">\n<table class=\"alignleft\" style=\"height: 179px;\" border=\"1\" width=\"388\">\n<tbody>\n<tr>\n<td colspan=\"2\">Dimens\u00f5es Externas<\/td>\n<\/tr>\n<tr>\n<td>Altura<\/td>\n<td>1.245 mm<\/td>\n<\/tr>\n<tr>\n<td>Largura<\/td>\n<td>610 mm<\/td>\n<\/tr>\n<tr>\n<td>Profundidade<\/td>\n<td>600 mm<\/td>\n<\/tr>\n<\/tbody>\n<\/table>\n<table class=\"alignleft\" style=\"font-size: 1rem; height: 173px;\" border=\"1\" width=\"370\">\n<tbody>\n<tr>\n<td colspan=\"2\">Dimens\u00f5es Internas<\/td>\n<\/tr>\n<tr>\n<td>Largura<\/td>\n<td>550 mm<\/td>\n<\/tr>\n<tr>\n<td>Profundidade<\/td>\n<td>600 mm<\/td>\n<\/tr>\n<tr>\n<td>Peso<\/td>\n<td>35 Kg<\/td>\n<\/tr>\n<\/tbody>\n<\/table>\n<\/div>\n","protected":false},"excerpt":{"rendered":"<p>Estante m\u00f3vel para Equipamentos de Endoscopia indicada para as processodoras antigas da Pentax, linha 3000 e 3300, e as primeiras processadoras da Olympus<\/p>\n<h4 class=\"font20 blueFont margin20\">Destaques da Estante VE-PTX<\/h4>\n<ul>\n<li>Estrutura r\u00edgida e resistente em a\u00e7o tubular.<\/li>\n<li>Quatro lados abertos.<\/li>\n<li>Quatro rod\u00edzios linha hospitalar 100 mm, dois com freio.<\/li>\n<li>Prateleiras em chapa de a\u00e7o dobradas com refor\u00e7os.<\/li>\n<li>Furos laterais internos para ajustar a altura das prateleiras.<\/li>\n<li>Pintura eletrost\u00e1tica a p\u00f3, polimerizada em estufa a 200\u00baC.<\/li>\n<li>Cor Branca texturizada.<\/li>\n<\/ul>\n","protected":false},"featured_media":1700,"template":"","meta":[],"product_brand":[],"product_cat":[97],"product_tag":[],"class_list":{"0":"post-1699","1":"product","2":"type-product","3":"status-publish","4":"has-post-thumbnail","6":"product_cat-equipamentos-cardinal","8":"first","9":"instock","10":"taxable","11":"shipping-taxable","12":"product-type-simple"},"acf":[],"yoast_head":"<!-- This site is optimized with the Yoast SEO plugin v24.4 - https:\/\/yoast.com\/wordpress\/plugins\/seo\/ -->\n<title>Estante VE-PTX - Massaf Medical<\/title>\n<meta name=\"robots\" content=\"index, follow, max-snippet:-1, max-image-preview:large, max-video-preview:-1\" \/>\n<link rel=\"canonical\" href=\"https:\/\/www.massafmedical.com.br\/loja\/produto\/estante-ve-ptx-cardinal\/\" \/>\n<meta property=\"og:locale\" content=\"pt_BR\" \/>\n<meta property=\"og:type\" content=\"article\" \/>\n<meta property=\"og:title\" content=\"Estante VE-PTX - Massaf Medical\" \/>\n<meta property=\"og:description\" content=\"Estante m\u00f3vel para Equipamentos de Endoscopia indicada para as processodoras antigas da Pentax, linha 3000 e 3300, e as primeiras processadoras da Olympus Destaques da Estante VE-PTX   Estrutura r\u00edgida e resistente em a\u00e7o tubular.  Quatro lados abertos.  Quatro rod\u00edzios linha hospitalar 100 mm, dois com freio.  Prateleiras em chapa de a\u00e7o dobradas com refor\u00e7os.  Furos laterais internos para ajustar a altura das prateleiras.  Pintura eletrost\u00e1tica a p\u00f3, polimerizada em estufa a 200\u00baC.  Cor Branca texturizada.\" \/>\n<meta property=\"og:url\" content=\"https:\/\/www.massafmedical.com.br\/loja\/produto\/estante-ve-ptx-cardinal\/\" \/>\n<meta property=\"og:site_name\" content=\"Massaf Medical\" \/>\n<meta property=\"article:publisher\" content=\"http:\/\/www.facebook.com\/MASSAFMEDICAL\" \/>\n<meta property=\"article:modified_time\" content=\"2025-07-16T17:29:44+00:00\" \/>\n<meta property=\"og:image\" content=\"https:\/\/www.massafmedical.com.br\/loja\/wp-content\/uploads\/2025\/07\/WhatsApp-Image-2025-07-14-at-13.32.18.jpeg\" \/>\n\t<meta property=\"og:image:width\" content=\"707\" \/>\n\t<meta property=\"og:image:height\" content=\"523\" \/>\n\t<meta property=\"og:image:type\" content=\"image\/jpeg\" \/>\n<meta name=\"twitter:card\" content=\"summary_large_image\" \/>\n<meta name=\"twitter:label1\" content=\"Est. tempo de leitura\" \/>\n\t<meta name=\"twitter:data1\" content=\"1 minuto\" \/>\n<script type=\"application\/ld+json\" class=\"yoast-schema-graph\">{\"@context\":\"https:\/\/schema.org\",\"@graph\":[{\"@type\":\"WebPage\",\"@id\":\"https:\/\/www.massafmedical.com.br\/loja\/produto\/estante-ve-ptx-cardinal\/\",\"url\":\"https:\/\/www.massafmedical.com.br\/loja\/produto\/estante-ve-ptx-cardinal\/\",\"name\":\"Estante VE-PTX - Massaf Medical\",\"isPartOf\":{\"@id\":\"https:\/\/www.massafmedical.com.br\/loja\/#website\"},\"primaryImageOfPage\":{\"@id\":\"https:\/\/www.massafmedical.com.br\/loja\/produto\/estante-ve-ptx-cardinal\/#primaryimage\"},\"image\":{\"@id\":\"https:\/\/www.massafmedical.com.br\/loja\/produto\/estante-ve-ptx-cardinal\/#primaryimage\"},\"thumbnailUrl\":\"https:\/\/www.massafmedical.com.br\/loja\/wp-content\/uploads\/2025\/07\/WhatsApp-Image-2025-07-14-at-13.32.18.jpeg\",\"datePublished\":\"2025-07-14T16:36:52+00:00\",\"dateModified\":\"2025-07-16T17:29:44+00:00\",\"breadcrumb\":{\"@id\":\"https:\/\/www.massafmedical.com.br\/loja\/produto\/estante-ve-ptx-cardinal\/#breadcrumb\"},\"inLanguage\":\"pt-BR\",\"potentialAction\":[{\"@type\":\"ReadAction\",\"target\":[\"https:\/\/www.massafmedical.com.br\/loja\/produto\/estante-ve-ptx-cardinal\/\"]}]},{\"@type\":\"ImageObject\",\"inLanguage\":\"pt-BR\",\"@id\":\"https:\/\/www.massafmedical.com.br\/loja\/produto\/estante-ve-ptx-cardinal\/#primaryimage\",\"url\":\"https:\/\/www.massafmedical.com.br\/loja\/wp-content\/uploads\/2025\/07\/WhatsApp-Image-2025-07-14-at-13.32.18.jpeg\",\"contentUrl\":\"https:\/\/www.massafmedical.com.br\/loja\/wp-content\/uploads\/2025\/07\/WhatsApp-Image-2025-07-14-at-13.32.18.jpeg\",\"width\":707,\"height\":523},{\"@type\":\"BreadcrumbList\",\"@id\":\"https:\/\/www.massafmedical.com.br\/loja\/produto\/estante-ve-ptx-cardinal\/#breadcrumb\",\"itemListElement\":[{\"@type\":\"ListItem\",\"position\":1,\"name\":\"In\u00edcio\",\"item\":\"https:\/\/www.massafmedical.com.br\/loja\/\"},{\"@type\":\"ListItem\",\"position\":2,\"name\":\"Produtos\",\"item\":\"https:\/\/www.massafmedical.com.br\/loja\/nossos-produtos\/\"},{\"@type\":\"ListItem\",\"position\":3,\"name\":\"Estante VE-PTX\"}]},{\"@type\":\"WebSite\",\"@id\":\"https:\/\/www.massafmedical.com.br\/loja\/#website\",\"url\":\"https:\/\/www.massafmedical.com.br\/loja\/\",\"name\":\"Massaf Medical\",\"description\":\"\",\"publisher\":{\"@id\":\"https:\/\/www.massafmedical.com.br\/loja\/#organization\"},\"potentialAction\":[{\"@type\":\"SearchAction\",\"target\":{\"@type\":\"EntryPoint\",\"urlTemplate\":\"https:\/\/www.massafmedical.com.br\/loja\/?s={search_term_string}\"},\"query-input\":{\"@type\":\"PropertyValueSpecification\",\"valueRequired\":true,\"valueName\":\"search_term_string\"}}],\"inLanguage\":\"pt-BR\"},{\"@type\":\"Organization\",\"@id\":\"https:\/\/www.massafmedical.com.br\/loja\/#organization\",\"name\":\"Massaf Medical\",\"url\":\"https:\/\/www.massafmedical.com.br\/loja\/\",\"logo\":{\"@type\":\"ImageObject\",\"inLanguage\":\"pt-BR\",\"@id\":\"https:\/\/www.massafmedical.com.br\/loja\/#\/schema\/logo\/image\/\",\"url\":\"http:\/\/www.massafmedical.com.br\/loja\/wp-content\/uploads\/2020\/10\/logotipo-big.png\",\"contentUrl\":\"http:\/\/www.massafmedical.com.br\/loja\/wp-content\/uploads\/2020\/10\/logotipo-big.png\",\"width\":750,\"height\":253,\"caption\":\"Massaf Medical\"},\"image\":{\"@id\":\"https:\/\/www.massafmedical.com.br\/loja\/#\/schema\/logo\/image\/\"},\"sameAs\":[\"http:\/\/www.facebook.com\/MASSAFMEDICAL\"]}]}<\/script>\n<!-- \/ Yoast SEO plugin. -->","yoast_head_json":{"title":"Estante VE-PTX - Massaf Medical","robots":{"index":"index","follow":"follow","max-snippet":"max-snippet:-1","max-image-preview":"max-image-preview:large","max-video-preview":"max-video-preview:-1"},"canonical":"https:\/\/www.massafmedical.com.br\/loja\/produto\/estante-ve-ptx-cardinal\/","og_locale":"pt_BR","og_type":"article","og_title":"Estante VE-PTX - Massaf Medical","og_description":"Estante m\u00f3vel para Equipamentos de Endoscopia indicada para as processodoras antigas da Pentax, linha 3000 e 3300, e as primeiras processadoras da Olympus Destaques da Estante VE-PTX   Estrutura r\u00edgida e resistente em a\u00e7o tubular.  Quatro lados abertos.  Quatro rod\u00edzios linha hospitalar 100 mm, dois com freio.  Prateleiras em chapa de a\u00e7o dobradas com refor\u00e7os.  Furos laterais internos para ajustar a altura das prateleiras.  Pintura eletrost\u00e1tica a p\u00f3, polimerizada em estufa a 200\u00baC.  Cor Branca texturizada.","og_url":"https:\/\/www.massafmedical.com.br\/loja\/produto\/estante-ve-ptx-cardinal\/","og_site_name":"Massaf Medical","article_publisher":"http:\/\/www.facebook.com\/MASSAFMEDICAL","article_modified_time":"2025-07-16T17:29:44+00:00","og_image":[{"width":707,"height":523,"url":"https:\/\/www.massafmedical.com.br\/loja\/wp-content\/uploads\/2025\/07\/WhatsApp-Image-2025-07-14-at-13.32.18.jpeg","type":"image\/jpeg"}],"twitter_card":"summary_large_image","twitter_misc":{"Est. tempo de leitura":"1 minuto"},"schema":{"@context":"https:\/\/schema.org","@graph":[{"@type":"WebPage","@id":"https:\/\/www.massafmedical.com.br\/loja\/produto\/estante-ve-ptx-cardinal\/","url":"https:\/\/www.massafmedical.com.br\/loja\/produto\/estante-ve-ptx-cardinal\/","name":"Estante VE-PTX - Massaf Medical","isPartOf":{"@id":"https:\/\/www.massafmedical.com.br\/loja\/#website"},"primaryImageOfPage":{"@id":"https:\/\/www.massafmedical.com.br\/loja\/produto\/estante-ve-ptx-cardinal\/#primaryimage"},"image":{"@id":"https:\/\/www.massafmedical.com.br\/loja\/produto\/estante-ve-ptx-cardinal\/#primaryimage"},"thumbnailUrl":"https:\/\/www.massafmedical.com.br\/loja\/wp-content\/uploads\/2025\/07\/WhatsApp-Image-2025-07-14-at-13.32.18.jpeg","datePublished":"2025-07-14T16:36:52+00:00","dateModified":"2025-07-16T17:29:44+00:00","breadcrumb":{"@id":"https:\/\/www.massafmedical.com.br\/loja\/produto\/estante-ve-ptx-cardinal\/#breadcrumb"},"inLanguage":"pt-BR","potentialAction":[{"@type":"ReadAction","target":["https:\/\/www.massafmedical.com.br\/loja\/produto\/estante-ve-ptx-cardinal\/"]}]},{"@type":"ImageObject","inLanguage":"pt-BR","@id":"https:\/\/www.massafmedical.com.br\/loja\/produto\/estante-ve-ptx-cardinal\/#primaryimage","url":"https:\/\/www.massafmedical.com.br\/loja\/wp-content\/uploads\/2025\/07\/WhatsApp-Image-2025-07-14-at-13.32.18.jpeg","contentUrl":"https:\/\/www.massafmedical.com.br\/loja\/wp-content\/uploads\/2025\/07\/WhatsApp-Image-2025-07-14-at-13.32.18.jpeg","width":707,"height":523},{"@type":"BreadcrumbList","@id":"https:\/\/www.massafmedical.com.br\/loja\/produto\/estante-ve-ptx-cardinal\/#breadcrumb","itemListElement":[{"@type":"ListItem","position":1,"name":"In\u00edcio","item":"https:\/\/www.massafmedical.com.br\/loja\/"},{"@type":"ListItem","position":2,"name":"Produtos","item":"https:\/\/www.massafmedical.com.br\/loja\/nossos-produtos\/"},{"@type":"ListItem","position":3,"name":"Estante VE-PTX"}]},{"@type":"WebSite","@id":"https:\/\/www.massafmedical.com.br\/loja\/#website","url":"https:\/\/www.massafmedical.com.br\/loja\/","name":"Massaf Medical","description":"","publisher":{"@id":"https:\/\/www.massafmedical.com.br\/loja\/#organization"},"potentialAction":[{"@type":"SearchAction","target":{"@type":"EntryPoint","urlTemplate":"https:\/\/www.massafmedical.com.br\/loja\/?s={search_term_string}"},"query-input":{"@type":"PropertyValueSpecification","valueRequired":true,"valueName":"search_term_string"}}],"inLanguage":"pt-BR"},{"@type":"Organization","@id":"https:\/\/www.massafmedical.com.br\/loja\/#organization","name":"Massaf Medical","url":"https:\/\/www.massafmedical.com.br\/loja\/","logo":{"@type":"ImageObject","inLanguage":"pt-BR","@id":"https:\/\/www.massafmedical.com.br\/loja\/#\/schema\/logo\/image\/","url":"http:\/\/www.massafmedical.com.br\/loja\/wp-content\/uploads\/2020\/10\/logotipo-big.png","contentUrl":"http:\/\/www.massafmedical.com.br\/loja\/wp-content\/uploads\/2020\/10\/logotipo-big.png","width":750,"height":253,"caption":"Massaf Medical"},"image":{"@id":"https:\/\/www.massafmedical.com.br\/loja\/#\/schema\/logo\/image\/"},"sameAs":["http:\/\/www.facebook.com\/MASSAFMEDICAL"]}]}},"_links":{"self":[{"href":"https:\/\/www.massafmedical.com.br\/loja\/wp-json\/wp\/v2\/product\/1699","targetHints":{"allow":["GET"]}}],"collection":[{"href":"https:\/\/www.massafmedical.com.br\/loja\/wp-json\/wp\/v2\/product"}],"about":[{"href":"https:\/\/www.massafmedical.com.br\/loja\/wp-json\/wp\/v2\/types\/product"}],"wp:featuredmedia":[{"embeddable":true,"href":"https:\/\/www.massafmedical.com.br\/loja\/wp-json\/wp\/v2\/media\/1700"}],"wp:attachment":[{"href":"https:\/\/www.massafmedical.com.br\/loja\/wp-json\/wp\/v2\/media?parent=1699"}],"wp:term":[{"taxonomy":"product_brand","embeddable":true,"href":"https:\/\/www.massafmedical.com.br\/loja\/wp-json\/wp\/v2\/product_brand?post=1699"},{"taxonomy":"product_cat","embeddable":true,"href":"https:\/\/www.massafmedical.com.br\/loja\/wp-json\/wp\/v2\/product_cat?post=1699"},{"taxonomy":"product_tag","embeddable":true,"href":"https:\/\/www.massafmedical.com.br\/loja\/wp-json\/wp\/v2\/product_tag?post=1699"}],"curies":[{"name":"wp","href":"https:\/\/api.w.org\/{rel}","templated":true}]}}