{"id":1697,"date":"2025-07-14T13:27:52","date_gmt":"2025-07-14T16:27:52","guid":{"rendered":"https:\/\/www.massafmedical.com.br\/loja\/?post_type=product&#038;p=1697"},"modified":"2025-07-17T13:49:45","modified_gmt":"2025-07-17T16:49:45","slug":"estante-c-50-cardinal","status":"publish","type":"product","link":"https:\/\/www.massafmedical.com.br\/loja\/produto\/estante-c-50-cardinal\/","title":{"rendered":"Estante C-50"},"content":{"rendered":"<p>Cod: 32200<\/p>\n<div class=\"main flex_r flex_w BgWhite corner\">\n<div class=\"boxInfoProduct flex_w flex_r\">\n<div class=\"tablesProducts flex_w middle center\">\n<p><img decoding=\"async\" style=\"--smush-placeholder-width: 449px; --smush-placeholder-aspect-ratio: 449\/337;font-size: 1rem;\" data-src=\"https:\/\/cardinal.com.br\/storage\/fotos_produto\/20191216_gchb9306.jpg\" width=\"449\" height=\"337\" src=\"data:image\/gif;base64,R0lGODlhAQABAAAAACH5BAEKAAEALAAAAAABAAEAAAICTAEAOw==\" class=\"lazyload\" \/><img decoding=\"async\" style=\"--smush-placeholder-width: 321px; --smush-placeholder-aspect-ratio: 321\/321;font-size: 1rem;\" data-src=\"https:\/\/cardinal.com.br\/storage\/fotos_produto\/20200225_1bifl7ib.jpg\" width=\"321\" height=\"321\" src=\"data:image\/gif;base64,R0lGODlhAQABAAAAACH5BAEKAAEALAAAAAABAAEAAAICTAEAOw==\" class=\"lazyload\" \/><\/p>\n<h2 class=\"title_page\"><span class=\"font30 blueFont bold sideLines center\">Especifica\u00e7\u00f5es T\u00e9cnicas<\/span><\/h2>\n<div class=\"tablesProducts flex_w middle center\">\n<figure class=\"table\">\n<table style=\"height: 175px;\" border=\"\\\" width=\"818\">\n<tbody>\n<tr>\n<td><strong>Dimens\u00f5es<\/strong><\/td>\n<td><\/td>\n<\/tr>\n<tr>\n<td>Altura<\/td>\n<td>1.300 mm<\/td>\n<\/tr>\n<tr>\n<td>Largura<\/td>\n<td>550 mm<\/td>\n<\/tr>\n<tr>\n<td>Profundidade<\/td>\n<td>615 mm<\/td>\n<\/tr>\n<tr>\n<td>Prateleiras Ajust\u00e1veis<\/td>\n<td>500&#215;450 mm (largura x profundidade)<\/td>\n<\/tr>\n<tr>\n<td>Peso<\/td>\n<td>30 kg<\/td>\n<\/tr>\n<\/tbody>\n<\/table>\n<\/figure>\n<\/div>\n<\/div>\n<\/div>\n<\/div>\n","protected":false},"excerpt":{"rendered":"<h4>Destaques da Estante C-50<\/h4>\n<p>Para equipamentos de Videoendoscopia \/ Cirurgia \/ Otorrino<\/p>\n<ul>\n<li>Estrutura r\u00edgida e resistente em a\u00e7o tubular.<\/li>\n<li>Confeccionado em tubos e chapas de a\u00e7o carbono.<\/li>\n<li>Prateleiras em chapa de a\u00e7o dobradas com refor\u00e7os.<\/li>\n<li>04 prateleiras fixadas na coluna com ajuste fino de altura.<\/li>\n<li>Quatro rod\u00edzios linha hospitalar 100 mm, dois com freio.<\/li>\n<li>Pintura eletrost\u00e1tica a p\u00f3, polimerizada em estufa a 200\u00baC.<\/li>\n<li>Cor Branca texturizado.<\/li>\n<li>Compatibilidade com Bra\u00e7o Articulado para fixa\u00e7\u00e3o de monitor e outros acess\u00f3rios opcionais.<\/li>\n<\/ul>\n","protected":false},"featured_media":1800,"template":"","meta":[],"product_brand":[],"product_cat":[97,71],"product_tag":[],"class_list":{"0":"post-1697","1":"product","2":"type-product","3":"status-publish","4":"has-post-thumbnail","6":"product_cat-equipamentos-cardinal","7":"product_cat-equipamentos","9":"first","10":"instock","11":"taxable","12":"shipping-taxable","13":"product-type-simple"},"acf":[],"yoast_head":"<!-- This site is optimized with the Yoast SEO plugin v24.4 - https:\/\/yoast.com\/wordpress\/plugins\/seo\/ -->\n<title>Estante C-50 - Massaf Medical<\/title>\n<meta name=\"robots\" content=\"index, follow, max-snippet:-1, max-image-preview:large, max-video-preview:-1\" \/>\n<link rel=\"canonical\" href=\"https:\/\/www.massafmedical.com.br\/loja\/produto\/estante-c-50-cardinal\/\" \/>\n<meta property=\"og:locale\" content=\"pt_BR\" \/>\n<meta property=\"og:type\" content=\"article\" \/>\n<meta property=\"og:title\" content=\"Estante C-50 - Massaf Medical\" \/>\n<meta property=\"og:description\" content=\"Destaques da Estante C-50 Para equipamentos de Videoendoscopia \/ Cirurgia \/ Otorrino   Estrutura r\u00edgida e resistente em a\u00e7o tubular.  Confeccionado em tubos e chapas de a\u00e7o carbono.  Prateleiras em chapa de a\u00e7o dobradas com refor\u00e7os.  04 prateleiras fixadas na coluna com ajuste fino de altura.  Quatro rod\u00edzios linha hospitalar 100 mm, dois com freio.  Pintura eletrost\u00e1tica a p\u00f3, polimerizada em estufa a 200\u00baC.  Cor Branca texturizado.  Compatibilidade com Bra\u00e7o Articulado para fixa\u00e7\u00e3o de monitor e outros acess\u00f3rios opcionais.\" \/>\n<meta property=\"og:url\" content=\"https:\/\/www.massafmedical.com.br\/loja\/produto\/estante-c-50-cardinal\/\" \/>\n<meta property=\"og:site_name\" content=\"Massaf Medical\" \/>\n<meta property=\"article:publisher\" content=\"http:\/\/www.facebook.com\/MASSAFMEDICAL\" \/>\n<meta property=\"article:modified_time\" content=\"2025-07-17T16:49:45+00:00\" \/>\n<meta property=\"og:image\" content=\"https:\/\/www.massafmedical.com.br\/loja\/wp-content\/uploads\/2025\/07\/image-53.jpg\" \/>\n\t<meta property=\"og:image:width\" content=\"467\" \/>\n\t<meta property=\"og:image:height\" content=\"379\" \/>\n\t<meta property=\"og:image:type\" content=\"image\/jpeg\" \/>\n<meta name=\"twitter:card\" content=\"summary_large_image\" \/>\n<meta name=\"twitter:label1\" content=\"Est. tempo de leitura\" \/>\n\t<meta name=\"twitter:data1\" content=\"1 minuto\" \/>\n<script type=\"application\/ld+json\" class=\"yoast-schema-graph\">{\"@context\":\"https:\/\/schema.org\",\"@graph\":[{\"@type\":\"WebPage\",\"@id\":\"https:\/\/www.massafmedical.com.br\/loja\/produto\/estante-c-50-cardinal\/\",\"url\":\"https:\/\/www.massafmedical.com.br\/loja\/produto\/estante-c-50-cardinal\/\",\"name\":\"Estante C-50 - Massaf Medical\",\"isPartOf\":{\"@id\":\"https:\/\/www.massafmedical.com.br\/loja\/#website\"},\"primaryImageOfPage\":{\"@id\":\"https:\/\/www.massafmedical.com.br\/loja\/produto\/estante-c-50-cardinal\/#primaryimage\"},\"image\":{\"@id\":\"https:\/\/www.massafmedical.com.br\/loja\/produto\/estante-c-50-cardinal\/#primaryimage\"},\"thumbnailUrl\":\"https:\/\/www.massafmedical.com.br\/loja\/wp-content\/uploads\/2025\/07\/image-53.jpg\",\"datePublished\":\"2025-07-14T16:27:52+00:00\",\"dateModified\":\"2025-07-17T16:49:45+00:00\",\"breadcrumb\":{\"@id\":\"https:\/\/www.massafmedical.com.br\/loja\/produto\/estante-c-50-cardinal\/#breadcrumb\"},\"inLanguage\":\"pt-BR\",\"potentialAction\":[{\"@type\":\"ReadAction\",\"target\":[\"https:\/\/www.massafmedical.com.br\/loja\/produto\/estante-c-50-cardinal\/\"]}]},{\"@type\":\"ImageObject\",\"inLanguage\":\"pt-BR\",\"@id\":\"https:\/\/www.massafmedical.com.br\/loja\/produto\/estante-c-50-cardinal\/#primaryimage\",\"url\":\"https:\/\/www.massafmedical.com.br\/loja\/wp-content\/uploads\/2025\/07\/image-53.jpg\",\"contentUrl\":\"https:\/\/www.massafmedical.com.br\/loja\/wp-content\/uploads\/2025\/07\/image-53.jpg\",\"width\":467,\"height\":379},{\"@type\":\"BreadcrumbList\",\"@id\":\"https:\/\/www.massafmedical.com.br\/loja\/produto\/estante-c-50-cardinal\/#breadcrumb\",\"itemListElement\":[{\"@type\":\"ListItem\",\"position\":1,\"name\":\"In\u00edcio\",\"item\":\"https:\/\/www.massafmedical.com.br\/loja\/\"},{\"@type\":\"ListItem\",\"position\":2,\"name\":\"Produtos\",\"item\":\"https:\/\/www.massafmedical.com.br\/loja\/nossos-produtos\/\"},{\"@type\":\"ListItem\",\"position\":3,\"name\":\"Estante C-50\"}]},{\"@type\":\"WebSite\",\"@id\":\"https:\/\/www.massafmedical.com.br\/loja\/#website\",\"url\":\"https:\/\/www.massafmedical.com.br\/loja\/\",\"name\":\"Massaf Medical\",\"description\":\"\",\"publisher\":{\"@id\":\"https:\/\/www.massafmedical.com.br\/loja\/#organization\"},\"potentialAction\":[{\"@type\":\"SearchAction\",\"target\":{\"@type\":\"EntryPoint\",\"urlTemplate\":\"https:\/\/www.massafmedical.com.br\/loja\/?s={search_term_string}\"},\"query-input\":{\"@type\":\"PropertyValueSpecification\",\"valueRequired\":true,\"valueName\":\"search_term_string\"}}],\"inLanguage\":\"pt-BR\"},{\"@type\":\"Organization\",\"@id\":\"https:\/\/www.massafmedical.com.br\/loja\/#organization\",\"name\":\"Massaf Medical\",\"url\":\"https:\/\/www.massafmedical.com.br\/loja\/\",\"logo\":{\"@type\":\"ImageObject\",\"inLanguage\":\"pt-BR\",\"@id\":\"https:\/\/www.massafmedical.com.br\/loja\/#\/schema\/logo\/image\/\",\"url\":\"http:\/\/www.massafmedical.com.br\/loja\/wp-content\/uploads\/2020\/10\/logotipo-big.png\",\"contentUrl\":\"http:\/\/www.massafmedical.com.br\/loja\/wp-content\/uploads\/2020\/10\/logotipo-big.png\",\"width\":750,\"height\":253,\"caption\":\"Massaf Medical\"},\"image\":{\"@id\":\"https:\/\/www.massafmedical.com.br\/loja\/#\/schema\/logo\/image\/\"},\"sameAs\":[\"http:\/\/www.facebook.com\/MASSAFMEDICAL\"]}]}<\/script>\n<!-- \/ Yoast SEO plugin. -->","yoast_head_json":{"title":"Estante C-50 - Massaf Medical","robots":{"index":"index","follow":"follow","max-snippet":"max-snippet:-1","max-image-preview":"max-image-preview:large","max-video-preview":"max-video-preview:-1"},"canonical":"https:\/\/www.massafmedical.com.br\/loja\/produto\/estante-c-50-cardinal\/","og_locale":"pt_BR","og_type":"article","og_title":"Estante C-50 - Massaf Medical","og_description":"Destaques da Estante C-50 Para equipamentos de Videoendoscopia \/ Cirurgia \/ Otorrino   Estrutura r\u00edgida e resistente em a\u00e7o tubular.  Confeccionado em tubos e chapas de a\u00e7o carbono.  Prateleiras em chapa de a\u00e7o dobradas com refor\u00e7os.  04 prateleiras fixadas na coluna com ajuste fino de altura.  Quatro rod\u00edzios linha hospitalar 100 mm, dois com freio.  Pintura eletrost\u00e1tica a p\u00f3, polimerizada em estufa a 200\u00baC.  Cor Branca texturizado.  Compatibilidade com Bra\u00e7o Articulado para fixa\u00e7\u00e3o de monitor e outros acess\u00f3rios opcionais.","og_url":"https:\/\/www.massafmedical.com.br\/loja\/produto\/estante-c-50-cardinal\/","og_site_name":"Massaf Medical","article_publisher":"http:\/\/www.facebook.com\/MASSAFMEDICAL","article_modified_time":"2025-07-17T16:49:45+00:00","og_image":[{"width":467,"height":379,"url":"https:\/\/www.massafmedical.com.br\/loja\/wp-content\/uploads\/2025\/07\/image-53.jpg","type":"image\/jpeg"}],"twitter_card":"summary_large_image","twitter_misc":{"Est. tempo de leitura":"1 minuto"},"schema":{"@context":"https:\/\/schema.org","@graph":[{"@type":"WebPage","@id":"https:\/\/www.massafmedical.com.br\/loja\/produto\/estante-c-50-cardinal\/","url":"https:\/\/www.massafmedical.com.br\/loja\/produto\/estante-c-50-cardinal\/","name":"Estante C-50 - Massaf Medical","isPartOf":{"@id":"https:\/\/www.massafmedical.com.br\/loja\/#website"},"primaryImageOfPage":{"@id":"https:\/\/www.massafmedical.com.br\/loja\/produto\/estante-c-50-cardinal\/#primaryimage"},"image":{"@id":"https:\/\/www.massafmedical.com.br\/loja\/produto\/estante-c-50-cardinal\/#primaryimage"},"thumbnailUrl":"https:\/\/www.massafmedical.com.br\/loja\/wp-content\/uploads\/2025\/07\/image-53.jpg","datePublished":"2025-07-14T16:27:52+00:00","dateModified":"2025-07-17T16:49:45+00:00","breadcrumb":{"@id":"https:\/\/www.massafmedical.com.br\/loja\/produto\/estante-c-50-cardinal\/#breadcrumb"},"inLanguage":"pt-BR","potentialAction":[{"@type":"ReadAction","target":["https:\/\/www.massafmedical.com.br\/loja\/produto\/estante-c-50-cardinal\/"]}]},{"@type":"ImageObject","inLanguage":"pt-BR","@id":"https:\/\/www.massafmedical.com.br\/loja\/produto\/estante-c-50-cardinal\/#primaryimage","url":"https:\/\/www.massafmedical.com.br\/loja\/wp-content\/uploads\/2025\/07\/image-53.jpg","contentUrl":"https:\/\/www.massafmedical.com.br\/loja\/wp-content\/uploads\/2025\/07\/image-53.jpg","width":467,"height":379},{"@type":"BreadcrumbList","@id":"https:\/\/www.massafmedical.com.br\/loja\/produto\/estante-c-50-cardinal\/#breadcrumb","itemListElement":[{"@type":"ListItem","position":1,"name":"In\u00edcio","item":"https:\/\/www.massafmedical.com.br\/loja\/"},{"@type":"ListItem","position":2,"name":"Produtos","item":"https:\/\/www.massafmedical.com.br\/loja\/nossos-produtos\/"},{"@type":"ListItem","position":3,"name":"Estante C-50"}]},{"@type":"WebSite","@id":"https:\/\/www.massafmedical.com.br\/loja\/#website","url":"https:\/\/www.massafmedical.com.br\/loja\/","name":"Massaf Medical","description":"","publisher":{"@id":"https:\/\/www.massafmedical.com.br\/loja\/#organization"},"potentialAction":[{"@type":"SearchAction","target":{"@type":"EntryPoint","urlTemplate":"https:\/\/www.massafmedical.com.br\/loja\/?s={search_term_string}"},"query-input":{"@type":"PropertyValueSpecification","valueRequired":true,"valueName":"search_term_string"}}],"inLanguage":"pt-BR"},{"@type":"Organization","@id":"https:\/\/www.massafmedical.com.br\/loja\/#organization","name":"Massaf Medical","url":"https:\/\/www.massafmedical.com.br\/loja\/","logo":{"@type":"ImageObject","inLanguage":"pt-BR","@id":"https:\/\/www.massafmedical.com.br\/loja\/#\/schema\/logo\/image\/","url":"http:\/\/www.massafmedical.com.br\/loja\/wp-content\/uploads\/2020\/10\/logotipo-big.png","contentUrl":"http:\/\/www.massafmedical.com.br\/loja\/wp-content\/uploads\/2020\/10\/logotipo-big.png","width":750,"height":253,"caption":"Massaf Medical"},"image":{"@id":"https:\/\/www.massafmedical.com.br\/loja\/#\/schema\/logo\/image\/"},"sameAs":["http:\/\/www.facebook.com\/MASSAFMEDICAL"]}]}},"_links":{"self":[{"href":"https:\/\/www.massafmedical.com.br\/loja\/wp-json\/wp\/v2\/product\/1697","targetHints":{"allow":["GET"]}}],"collection":[{"href":"https:\/\/www.massafmedical.com.br\/loja\/wp-json\/wp\/v2\/product"}],"about":[{"href":"https:\/\/www.massafmedical.com.br\/loja\/wp-json\/wp\/v2\/types\/product"}],"wp:featuredmedia":[{"embeddable":true,"href":"https:\/\/www.massafmedical.com.br\/loja\/wp-json\/wp\/v2\/media\/1800"}],"wp:attachment":[{"href":"https:\/\/www.massafmedical.com.br\/loja\/wp-json\/wp\/v2\/media?parent=1697"}],"wp:term":[{"taxonomy":"product_brand","embeddable":true,"href":"https:\/\/www.massafmedical.com.br\/loja\/wp-json\/wp\/v2\/product_brand?post=1697"},{"taxonomy":"product_cat","embeddable":true,"href":"https:\/\/www.massafmedical.com.br\/loja\/wp-json\/wp\/v2\/product_cat?post=1697"},{"taxonomy":"product_tag","embeddable":true,"href":"https:\/\/www.massafmedical.com.br\/loja\/wp-json\/wp\/v2\/product_tag?post=1697"}],"curies":[{"name":"wp","href":"https:\/\/api.w.org\/{rel}","templated":true}]}}