{"id":1623,"date":"2025-03-31T14:43:18","date_gmt":"2025-03-31T17:43:18","guid":{"rendered":"https:\/\/www.massafmedical.com.br\/loja\/?post_type=product&#038;p=1623"},"modified":"2025-07-24T12:40:06","modified_gmt":"2025-07-24T15:40:06","slug":"video-endoscopio-vet-ziontech-zvt-6060","status":"publish","type":"product","link":"https:\/\/www.massafmedical.com.br\/loja\/produto\/video-endoscopio-vet-ziontech-zvt-6060\/","title":{"rendered":"V\u00eddeo Endosc\u00f3pio VET ZIONTECH ZVT-6060"},"content":{"rendered":"<table class=\"b-t-1 table table-view borderless info-table font-semi-small info-display-with-divider light-info-table infos-widget-table\">\n<tbody>\n<tr>\n<td class=\"info-display-divider\">\n<div class=\"data-edit v-overflow-hidden height-max text-break-word full-width\">\n<p><strong>Endosc\u00f3pios sem fibras<\/strong>, garanta at\u00e9<strong>\u00a05.000 horas de luminosidade<\/strong>\u00a0intensa e constante reduzindo os custos de manuten\u00e7\u00e3o. Canais de trabalho adequados para a coleta de materiais conforme recomenda\u00e7\u00e3o da comunidade m\u00e9dica cient\u00edfica veterin\u00e1ria e tecnologia de<strong>\u00a0LED na ponta<\/strong>\u00a0do seu endosc\u00f3pio<strong>: Ganhe 10x mais em vida \u00fatil no seu equipamento.<\/strong><\/p>\n<p>&nbsp;<\/p>\n<p><strong>Especifica\u00e7\u00f5es T\u00e9cnicas:<\/strong><\/p>\n<p><strong>Marca:\u00a0<\/strong>Ziontech;<\/p>\n<p><strong>Campo de Vis\u00e3o: <\/strong>90\u00ba;<\/p>\n<p><strong>Profundidade de Vis\u00e3o:\u00a0<\/strong>3 a 100mm;<\/p>\n<p><strong>Angula\u00e7\u00e3o:\u00a0<\/strong>UP 90\u00ba, DOWN 90\u00ba,;<\/p>\n<p><strong>Di\u00e2metro Ponta Distal:\u00a0<\/strong>6.0mm;<\/p>\n<p><strong>Di\u00e2metro Externo do Tubo de Inser\u00e7\u00e3o:\u00a0<\/strong>6.0mm;<\/p>\n<p><strong>Di\u00e2metro Interno do Canal de Trabalho:\u00a0<\/strong>2.0mm;<\/p>\n<p><strong>Comprimento \u00datil:\u00a0<\/strong>600mm;<\/p>\n<p><strong>Microc\u00e2mera:\u00a0<\/strong>CMOS;<\/p>\n<p><strong>Ilumina\u00e7\u00e3o:<\/strong>\u00a0LED 5000K;<\/p>\n<p>&nbsp;<\/p>\n<p><strong>Acompanha:\u00a0<\/strong>01\u00a0Maleta, 01 Kit de v\u00e1lvulas permantes, 01 Tampa de veda\u00e7\u00e3o, 01 Teste de vazamento, 01 Kit para limpeza manual, 05\u00a0Tampas do canal de bi\u00f3spia;<\/p>\n<p>&nbsp;<\/p>\n<p><strong>Garantia:\u00a0<\/strong>1 ano<strong>;<\/strong><\/p>\n<p><strong>Todas as garantias s\u00e3o dadas pelos fabricantes, e variam de produto para produto. Elas ser\u00e3o informadas nas p\u00e1ginas de cada produto. Caso tenha alguma d\u00favida, entre em contato conosco.<\/strong><\/p>\n<p>Para devolu\u00e7\u00f5es, os produtos dever\u00e3o ser remetidos em suas embalagens originais e caso for constatado mal uso, o custo ser\u00e1 por parte do comprador.<\/p>\n<p><strong>Procedimentos:<\/strong>\u00a0Endoscopia respirat\u00f3ria em pet&#8217;s.<strong>\u00a0<\/strong><\/p>\n<p>&nbsp;<\/p>\n<p><strong>FABRICADO NO BRASIL<\/strong><\/p>\n<div class=\"product-sku\">\n<p>Ref: 0000007960772<\/p>\n<div class=\"product-brand\">Marca: Ziontech<\/div>\n<div class=\"product-brand\">Modelo: ZVT-6060<\/div>\n<div>Endosc\u00f3pio Flex\u00edvel<\/div>\n<\/div>\n<div class=\"product-sku\">\n<table class=\"b-t-1 table table-view borderless info-table font-semi-small info-display-with-divider light-info-table infos-widget-table\">\n<tbody>\n<tr>\n<td class=\"info-display-divider\">\n<div class=\"data-edit v-overflow-hidden height-max text-break-word full-width\"><img decoding=\"async\" class=\"alignnone wp-image-1429 lazyload\" data-src=\"https:\/\/www.massafmedical.com.br\/loja\/wp-content\/uploads\/2025\/02\/SIEP13-1024x576.png\" alt=\"\" width=\"228\" height=\"128\" data-srcset=\"https:\/\/www.massafmedical.com.br\/loja\/wp-content\/uploads\/2025\/02\/SIEP13-1024x576.png 1024w, https:\/\/www.massafmedical.com.br\/loja\/wp-content\/uploads\/2025\/02\/SIEP13-1433x806.png 1433w, https:\/\/www.massafmedical.com.br\/loja\/wp-content\/uploads\/2025\/02\/SIEP13-768x432.png 768w, https:\/\/www.massafmedical.com.br\/loja\/wp-content\/uploads\/2025\/02\/SIEP13-1536x864.png 1536w, https:\/\/www.massafmedical.com.br\/loja\/wp-content\/uploads\/2025\/02\/SIEP13-2048x1152.png 2048w, https:\/\/www.massafmedical.com.br\/loja\/wp-content\/uploads\/2025\/02\/SIEP13-1320x743.png 1320w, https:\/\/www.massafmedical.com.br\/loja\/wp-content\/uploads\/2025\/02\/SIEP13-600x338.png 600w\" data-sizes=\"(max-width: 228px) 100vw, 228px\" src=\"data:image\/gif;base64,R0lGODlhAQABAAAAACH5BAEKAAEALAAAAAABAAEAAAICTAEAOw==\" style=\"--smush-placeholder-width: 228px; --smush-placeholder-aspect-ratio: 228\/128;\" \/> <img decoding=\"async\" class=\"alignnone wp-image-1428 lazyload\" data-src=\"https:\/\/www.massafmedical.com.br\/loja\/wp-content\/uploads\/2025\/02\/SIEP08-1024x576.png\" alt=\"\" width=\"230\" height=\"129\" data-srcset=\"https:\/\/www.massafmedical.com.br\/loja\/wp-content\/uploads\/2025\/02\/SIEP08-1024x576.png 1024w, https:\/\/www.massafmedical.com.br\/loja\/wp-content\/uploads\/2025\/02\/SIEP08-1433x806.png 1433w, https:\/\/www.massafmedical.com.br\/loja\/wp-content\/uploads\/2025\/02\/SIEP08-768x432.png 768w, https:\/\/www.massafmedical.com.br\/loja\/wp-content\/uploads\/2025\/02\/SIEP08-1536x864.png 1536w, https:\/\/www.massafmedical.com.br\/loja\/wp-content\/uploads\/2025\/02\/SIEP08-2048x1152.png 2048w, https:\/\/www.massafmedical.com.br\/loja\/wp-content\/uploads\/2025\/02\/SIEP08-1320x743.png 1320w, https:\/\/www.massafmedical.com.br\/loja\/wp-content\/uploads\/2025\/02\/SIEP08-600x338.png 600w\" data-sizes=\"(max-width: 230px) 100vw, 230px\" src=\"data:image\/gif;base64,R0lGODlhAQABAAAAACH5BAEKAAEALAAAAAABAAEAAAICTAEAOw==\" style=\"--smush-placeholder-width: 230px; --smush-placeholder-aspect-ratio: 230\/129;\" \/> <img decoding=\"async\" class=\"alignnone wp-image-1427 lazyload\" data-src=\"https:\/\/www.massafmedical.com.br\/loja\/wp-content\/uploads\/2025\/02\/SIEP10-1024x576.png\" alt=\"\" width=\"252\" height=\"142\" data-srcset=\"https:\/\/www.massafmedical.com.br\/loja\/wp-content\/uploads\/2025\/02\/SIEP10-1024x576.png 1024w, https:\/\/www.massafmedical.com.br\/loja\/wp-content\/uploads\/2025\/02\/SIEP10-1433x806.png 1433w, https:\/\/www.massafmedical.com.br\/loja\/wp-content\/uploads\/2025\/02\/SIEP10-768x432.png 768w, https:\/\/www.massafmedical.com.br\/loja\/wp-content\/uploads\/2025\/02\/SIEP10-1536x864.png 1536w, https:\/\/www.massafmedical.com.br\/loja\/wp-content\/uploads\/2025\/02\/SIEP10-2048x1152.png 2048w, https:\/\/www.massafmedical.com.br\/loja\/wp-content\/uploads\/2025\/02\/SIEP10-1320x743.png 1320w, https:\/\/www.massafmedical.com.br\/loja\/wp-content\/uploads\/2025\/02\/SIEP10-600x338.png 600w\" data-sizes=\"(max-width: 252px) 100vw, 252px\" src=\"data:image\/gif;base64,R0lGODlhAQABAAAAACH5BAEKAAEALAAAAAABAAEAAAICTAEAOw==\" style=\"--smush-placeholder-width: 252px; --smush-placeholder-aspect-ratio: 252\/142;\" \/><\/div>\n<\/td>\n<\/tr>\n<\/tbody>\n<\/table>\n<\/div>\n<div><\/div>\n<div><\/div>\n<\/div>\n<\/td>\n<\/tr>\n<\/tbody>\n<\/table>\n","protected":false},"excerpt":{"rendered":"<p>Desenhado para procedimentos de <strong>Endoscopia respirat\u00f3ria em pet&#8217;s,<\/strong> este v\u00eddeo endosc\u00f3pio sem fibras, que\u00a0 garanta at\u00e9<strong>\u00a05.000 horas de luminosidade<\/strong>\u00a0intensa e constante reduzindo os custos de manuten\u00e7\u00e3o. Canais de trabalho adequados para a coleta de materiais conforme recomenda\u00e7\u00e3o da comunidade m\u00e9dica cient\u00edfica veterin\u00e1ria e tecnologia de<strong>\u00a0LED na ponta<\/strong>\u00a0do seu endosc\u00f3pio<strong>: Ganhe 10x mais em vida \u00fatil no seu equipamento.<\/strong><\/p>\n","protected":false},"featured_media":1425,"template":"","meta":[],"product_brand":[],"product_cat":[51,71,89,96,86],"product_tag":[],"class_list":{"0":"post-1623","1":"product","2":"type-product","3":"status-publish","4":"has-post-thumbnail","6":"product_cat-produtos-hospitalares-e-para-pacientes","7":"product_cat-equipamentos","8":"product_cat-endoscopia-veterinaria","9":"product_cat-equipamentos-ziontech","10":"product_cat-medicinaveterinaria","12":"first","13":"instock","14":"taxable","15":"shipping-taxable","16":"product-type-simple"},"acf":[],"yoast_head":"<!-- This site is optimized with the Yoast SEO plugin v24.4 - https:\/\/yoast.com\/wordpress\/plugins\/seo\/ -->\n<title>V\u00eddeo Endosc\u00f3pio VET ZIONTECH ZVT-6060 - Massaf Medical<\/title>\n<meta name=\"robots\" content=\"index, follow, max-snippet:-1, max-image-preview:large, max-video-preview:-1\" \/>\n<link rel=\"canonical\" href=\"https:\/\/www.massafmedical.com.br\/loja\/produto\/video-endoscopio-vet-ziontech-zvt-6060\/\" \/>\n<meta property=\"og:locale\" content=\"pt_BR\" \/>\n<meta property=\"og:type\" content=\"article\" \/>\n<meta property=\"og:title\" content=\"V\u00eddeo Endosc\u00f3pio VET ZIONTECH ZVT-6060 - Massaf Medical\" \/>\n<meta property=\"og:description\" content=\"Desenhado para procedimentos de Endoscopia respirat\u00f3ria em pet&#039;s, este v\u00eddeo endosc\u00f3pio sem fibras, que\u00a0 garanta at\u00e9\u00a05.000 horas de luminosidade\u00a0intensa e constante reduzindo os custos de manuten\u00e7\u00e3o. Canais de trabalho adequados para a coleta de materiais conforme recomenda\u00e7\u00e3o da comunidade m\u00e9dica cient\u00edfica veterin\u00e1ria e tecnologia de\u00a0LED na ponta\u00a0do seu endosc\u00f3pio: Ganhe 10x mais em vida \u00fatil no seu equipamento.\" \/>\n<meta property=\"og:url\" content=\"https:\/\/www.massafmedical.com.br\/loja\/produto\/video-endoscopio-vet-ziontech-zvt-6060\/\" \/>\n<meta property=\"og:site_name\" content=\"Massaf Medical\" \/>\n<meta property=\"article:publisher\" content=\"http:\/\/www.facebook.com\/MASSAFMEDICAL\" \/>\n<meta property=\"article:modified_time\" content=\"2025-07-24T15:40:06+00:00\" \/>\n<meta property=\"og:image\" content=\"https:\/\/www.massafmedical.com.br\/loja\/wp-content\/uploads\/2025\/02\/SIEP09-1-1433x806.png\" \/>\n\t<meta property=\"og:image:width\" content=\"1433\" \/>\n\t<meta property=\"og:image:height\" content=\"806\" \/>\n\t<meta property=\"og:image:type\" content=\"image\/png\" \/>\n<meta name=\"twitter:card\" content=\"summary_large_image\" \/>\n<meta name=\"twitter:label1\" content=\"Est. tempo de leitura\" \/>\n\t<meta name=\"twitter:data1\" content=\"2 minutos\" \/>\n<script type=\"application\/ld+json\" class=\"yoast-schema-graph\">{\"@context\":\"https:\/\/schema.org\",\"@graph\":[{\"@type\":\"WebPage\",\"@id\":\"https:\/\/www.massafmedical.com.br\/loja\/produto\/video-endoscopio-vet-ziontech-zvt-6060\/\",\"url\":\"https:\/\/www.massafmedical.com.br\/loja\/produto\/video-endoscopio-vet-ziontech-zvt-6060\/\",\"name\":\"V\u00eddeo Endosc\u00f3pio VET ZIONTECH ZVT-6060 - Massaf Medical\",\"isPartOf\":{\"@id\":\"https:\/\/www.massafmedical.com.br\/loja\/#website\"},\"primaryImageOfPage\":{\"@id\":\"https:\/\/www.massafmedical.com.br\/loja\/produto\/video-endoscopio-vet-ziontech-zvt-6060\/#primaryimage\"},\"image\":{\"@id\":\"https:\/\/www.massafmedical.com.br\/loja\/produto\/video-endoscopio-vet-ziontech-zvt-6060\/#primaryimage\"},\"thumbnailUrl\":\"https:\/\/www.massafmedical.com.br\/loja\/wp-content\/uploads\/2025\/02\/SIEP09-1.png\",\"datePublished\":\"2025-03-31T17:43:18+00:00\",\"dateModified\":\"2025-07-24T15:40:06+00:00\",\"breadcrumb\":{\"@id\":\"https:\/\/www.massafmedical.com.br\/loja\/produto\/video-endoscopio-vet-ziontech-zvt-6060\/#breadcrumb\"},\"inLanguage\":\"pt-BR\",\"potentialAction\":[{\"@type\":\"ReadAction\",\"target\":[\"https:\/\/www.massafmedical.com.br\/loja\/produto\/video-endoscopio-vet-ziontech-zvt-6060\/\"]}]},{\"@type\":\"ImageObject\",\"inLanguage\":\"pt-BR\",\"@id\":\"https:\/\/www.massafmedical.com.br\/loja\/produto\/video-endoscopio-vet-ziontech-zvt-6060\/#primaryimage\",\"url\":\"https:\/\/www.massafmedical.com.br\/loja\/wp-content\/uploads\/2025\/02\/SIEP09-1.png\",\"contentUrl\":\"https:\/\/www.massafmedical.com.br\/loja\/wp-content\/uploads\/2025\/02\/SIEP09-1.png\",\"width\":3840,\"height\":2160},{\"@type\":\"BreadcrumbList\",\"@id\":\"https:\/\/www.massafmedical.com.br\/loja\/produto\/video-endoscopio-vet-ziontech-zvt-6060\/#breadcrumb\",\"itemListElement\":[{\"@type\":\"ListItem\",\"position\":1,\"name\":\"In\u00edcio\",\"item\":\"https:\/\/www.massafmedical.com.br\/loja\/\"},{\"@type\":\"ListItem\",\"position\":2,\"name\":\"Produtos\",\"item\":\"https:\/\/www.massafmedical.com.br\/loja\/nossos-produtos\/\"},{\"@type\":\"ListItem\",\"position\":3,\"name\":\"V\u00eddeo Endosc\u00f3pio VET ZIONTECH ZVT-6060\"}]},{\"@type\":\"WebSite\",\"@id\":\"https:\/\/www.massafmedical.com.br\/loja\/#website\",\"url\":\"https:\/\/www.massafmedical.com.br\/loja\/\",\"name\":\"Massaf Medical\",\"description\":\"\",\"publisher\":{\"@id\":\"https:\/\/www.massafmedical.com.br\/loja\/#organization\"},\"potentialAction\":[{\"@type\":\"SearchAction\",\"target\":{\"@type\":\"EntryPoint\",\"urlTemplate\":\"https:\/\/www.massafmedical.com.br\/loja\/?s={search_term_string}\"},\"query-input\":{\"@type\":\"PropertyValueSpecification\",\"valueRequired\":true,\"valueName\":\"search_term_string\"}}],\"inLanguage\":\"pt-BR\"},{\"@type\":\"Organization\",\"@id\":\"https:\/\/www.massafmedical.com.br\/loja\/#organization\",\"name\":\"Massaf Medical\",\"url\":\"https:\/\/www.massafmedical.com.br\/loja\/\",\"logo\":{\"@type\":\"ImageObject\",\"inLanguage\":\"pt-BR\",\"@id\":\"https:\/\/www.massafmedical.com.br\/loja\/#\/schema\/logo\/image\/\",\"url\":\"http:\/\/www.massafmedical.com.br\/loja\/wp-content\/uploads\/2020\/10\/logotipo-big.png\",\"contentUrl\":\"http:\/\/www.massafmedical.com.br\/loja\/wp-content\/uploads\/2020\/10\/logotipo-big.png\",\"width\":750,\"height\":253,\"caption\":\"Massaf Medical\"},\"image\":{\"@id\":\"https:\/\/www.massafmedical.com.br\/loja\/#\/schema\/logo\/image\/\"},\"sameAs\":[\"http:\/\/www.facebook.com\/MASSAFMEDICAL\"]}]}<\/script>\n<!-- \/ Yoast SEO plugin. -->","yoast_head_json":{"title":"V\u00eddeo Endosc\u00f3pio VET ZIONTECH ZVT-6060 - Massaf Medical","robots":{"index":"index","follow":"follow","max-snippet":"max-snippet:-1","max-image-preview":"max-image-preview:large","max-video-preview":"max-video-preview:-1"},"canonical":"https:\/\/www.massafmedical.com.br\/loja\/produto\/video-endoscopio-vet-ziontech-zvt-6060\/","og_locale":"pt_BR","og_type":"article","og_title":"V\u00eddeo Endosc\u00f3pio VET ZIONTECH ZVT-6060 - Massaf Medical","og_description":"Desenhado para procedimentos de Endoscopia respirat\u00f3ria em pet's, este v\u00eddeo endosc\u00f3pio sem fibras, que\u00a0 garanta at\u00e9\u00a05.000 horas de luminosidade\u00a0intensa e constante reduzindo os custos de manuten\u00e7\u00e3o. Canais de trabalho adequados para a coleta de materiais conforme recomenda\u00e7\u00e3o da comunidade m\u00e9dica cient\u00edfica veterin\u00e1ria e tecnologia de\u00a0LED na ponta\u00a0do seu endosc\u00f3pio: Ganhe 10x mais em vida \u00fatil no seu equipamento.","og_url":"https:\/\/www.massafmedical.com.br\/loja\/produto\/video-endoscopio-vet-ziontech-zvt-6060\/","og_site_name":"Massaf Medical","article_publisher":"http:\/\/www.facebook.com\/MASSAFMEDICAL","article_modified_time":"2025-07-24T15:40:06+00:00","og_image":[{"width":1433,"height":806,"url":"https:\/\/www.massafmedical.com.br\/loja\/wp-content\/uploads\/2025\/02\/SIEP09-1-1433x806.png","type":"image\/png"}],"twitter_card":"summary_large_image","twitter_misc":{"Est. tempo de leitura":"2 minutos"},"schema":{"@context":"https:\/\/schema.org","@graph":[{"@type":"WebPage","@id":"https:\/\/www.massafmedical.com.br\/loja\/produto\/video-endoscopio-vet-ziontech-zvt-6060\/","url":"https:\/\/www.massafmedical.com.br\/loja\/produto\/video-endoscopio-vet-ziontech-zvt-6060\/","name":"V\u00eddeo Endosc\u00f3pio VET ZIONTECH ZVT-6060 - Massaf Medical","isPartOf":{"@id":"https:\/\/www.massafmedical.com.br\/loja\/#website"},"primaryImageOfPage":{"@id":"https:\/\/www.massafmedical.com.br\/loja\/produto\/video-endoscopio-vet-ziontech-zvt-6060\/#primaryimage"},"image":{"@id":"https:\/\/www.massafmedical.com.br\/loja\/produto\/video-endoscopio-vet-ziontech-zvt-6060\/#primaryimage"},"thumbnailUrl":"https:\/\/www.massafmedical.com.br\/loja\/wp-content\/uploads\/2025\/02\/SIEP09-1.png","datePublished":"2025-03-31T17:43:18+00:00","dateModified":"2025-07-24T15:40:06+00:00","breadcrumb":{"@id":"https:\/\/www.massafmedical.com.br\/loja\/produto\/video-endoscopio-vet-ziontech-zvt-6060\/#breadcrumb"},"inLanguage":"pt-BR","potentialAction":[{"@type":"ReadAction","target":["https:\/\/www.massafmedical.com.br\/loja\/produto\/video-endoscopio-vet-ziontech-zvt-6060\/"]}]},{"@type":"ImageObject","inLanguage":"pt-BR","@id":"https:\/\/www.massafmedical.com.br\/loja\/produto\/video-endoscopio-vet-ziontech-zvt-6060\/#primaryimage","url":"https:\/\/www.massafmedical.com.br\/loja\/wp-content\/uploads\/2025\/02\/SIEP09-1.png","contentUrl":"https:\/\/www.massafmedical.com.br\/loja\/wp-content\/uploads\/2025\/02\/SIEP09-1.png","width":3840,"height":2160},{"@type":"BreadcrumbList","@id":"https:\/\/www.massafmedical.com.br\/loja\/produto\/video-endoscopio-vet-ziontech-zvt-6060\/#breadcrumb","itemListElement":[{"@type":"ListItem","position":1,"name":"In\u00edcio","item":"https:\/\/www.massafmedical.com.br\/loja\/"},{"@type":"ListItem","position":2,"name":"Produtos","item":"https:\/\/www.massafmedical.com.br\/loja\/nossos-produtos\/"},{"@type":"ListItem","position":3,"name":"V\u00eddeo Endosc\u00f3pio VET ZIONTECH ZVT-6060"}]},{"@type":"WebSite","@id":"https:\/\/www.massafmedical.com.br\/loja\/#website","url":"https:\/\/www.massafmedical.com.br\/loja\/","name":"Massaf Medical","description":"","publisher":{"@id":"https:\/\/www.massafmedical.com.br\/loja\/#organization"},"potentialAction":[{"@type":"SearchAction","target":{"@type":"EntryPoint","urlTemplate":"https:\/\/www.massafmedical.com.br\/loja\/?s={search_term_string}"},"query-input":{"@type":"PropertyValueSpecification","valueRequired":true,"valueName":"search_term_string"}}],"inLanguage":"pt-BR"},{"@type":"Organization","@id":"https:\/\/www.massafmedical.com.br\/loja\/#organization","name":"Massaf Medical","url":"https:\/\/www.massafmedical.com.br\/loja\/","logo":{"@type":"ImageObject","inLanguage":"pt-BR","@id":"https:\/\/www.massafmedical.com.br\/loja\/#\/schema\/logo\/image\/","url":"http:\/\/www.massafmedical.com.br\/loja\/wp-content\/uploads\/2020\/10\/logotipo-big.png","contentUrl":"http:\/\/www.massafmedical.com.br\/loja\/wp-content\/uploads\/2020\/10\/logotipo-big.png","width":750,"height":253,"caption":"Massaf Medical"},"image":{"@id":"https:\/\/www.massafmedical.com.br\/loja\/#\/schema\/logo\/image\/"},"sameAs":["http:\/\/www.facebook.com\/MASSAFMEDICAL"]}]}},"_links":{"self":[{"href":"https:\/\/www.massafmedical.com.br\/loja\/wp-json\/wp\/v2\/product\/1623","targetHints":{"allow":["GET"]}}],"collection":[{"href":"https:\/\/www.massafmedical.com.br\/loja\/wp-json\/wp\/v2\/product"}],"about":[{"href":"https:\/\/www.massafmedical.com.br\/loja\/wp-json\/wp\/v2\/types\/product"}],"wp:featuredmedia":[{"embeddable":true,"href":"https:\/\/www.massafmedical.com.br\/loja\/wp-json\/wp\/v2\/media\/1425"}],"wp:attachment":[{"href":"https:\/\/www.massafmedical.com.br\/loja\/wp-json\/wp\/v2\/media?parent=1623"}],"wp:term":[{"taxonomy":"product_brand","embeddable":true,"href":"https:\/\/www.massafmedical.com.br\/loja\/wp-json\/wp\/v2\/product_brand?post=1623"},{"taxonomy":"product_cat","embeddable":true,"href":"https:\/\/www.massafmedical.com.br\/loja\/wp-json\/wp\/v2\/product_cat?post=1623"},{"taxonomy":"product_tag","embeddable":true,"href":"https:\/\/www.massafmedical.com.br\/loja\/wp-json\/wp\/v2\/product_tag?post=1623"}],"curies":[{"name":"wp","href":"https:\/\/api.w.org\/{rel}","templated":true}]}}