{"id":1491,"date":"2025-02-17T13:11:01","date_gmt":"2025-02-17T16:11:01","guid":{"rendered":"https:\/\/www.massafmedical.com.br\/loja\/?post_type=product&#038;p=1491"},"modified":"2025-07-24T11:59:45","modified_gmt":"2025-07-24T14:59:45","slug":"kit-acessorios-scopeclean-ztck-700-pentax","status":"publish","type":"product","link":"https:\/\/www.massafmedical.com.br\/loja\/produto\/kit-acessorios-scopeclean-ztck-700-pentax\/","title":{"rendered":"Kit Acess\u00f3rios Scopeclean ZTCK-700 (Pentax)"},"content":{"rendered":"<table class=\"b-t-1 table table-view borderless info-table font-semi-small info-display-with-divider light-info-table infos-widget-table\">\n<tbody>\n<tr>\n<td class=\"info-display-divider\">\n<div class=\"data-edit v-overflow-hidden height-max text-break-word full-width\">\n<p>Este kit acompanha:<\/p>\n<p>1x tamp\u00e3o para alojamento das v\u00e1lvulas (ar\/aspira\u00e7\u00e3o);<\/p>\n<p>1x tamp\u00e3o para alojamento do canal de trabalho;<\/p>\n<p>1x tamp\u00e3o para alojamento da entrada da garrafa de \u00e1gua no conector eletr\u00f4nico;<\/p>\n<p>1x tamp\u00e3o para alojamento da entrada de ar do conector eletr\u00f4nico. <img decoding=\"async\" class=\"alignnone wp-image-1492 lazyload\" data-src=\"https:\/\/www.massafmedical.com.br\/loja\/wp-content\/uploads\/2025\/02\/PLUGUE-DO-ALOJAMENTO-DAS-VALVULASBIOPSIA-ZT-660-PTX-EPK-700-1000-EPM-3500-1.png\" alt=\"\" width=\"280\" height=\"256\" data-srcset=\"https:\/\/www.massafmedical.com.br\/loja\/wp-content\/uploads\/2025\/02\/PLUGUE-DO-ALOJAMENTO-DAS-VALVULASBIOPSIA-ZT-660-PTX-EPK-700-1000-EPM-3500-1.png 617w, https:\/\/www.massafmedical.com.br\/loja\/wp-content\/uploads\/2025\/02\/PLUGUE-DO-ALOJAMENTO-DAS-VALVULASBIOPSIA-ZT-660-PTX-EPK-700-1000-EPM-3500-1-600x548.png 600w\" data-sizes=\"(max-width: 280px) 100vw, 280px\" src=\"data:image\/gif;base64,R0lGODlhAQABAAAAACH5BAEKAAEALAAAAAABAAEAAAICTAEAOw==\" style=\"--smush-placeholder-width: 280px; --smush-placeholder-aspect-ratio: 280\/256;\" \/> <img decoding=\"async\" class=\"alignnone wp-image-1493 lazyload\" data-src=\"https:\/\/www.massafmedical.com.br\/loja\/wp-content\/uploads\/2025\/02\/PLUGUE-DO-ALOJAMENTO-DA-GARRAFA-DE-AGUA-ZT-650-PTX-2900-EPK-700-1000-EPM-3500-1.png\" alt=\"\" width=\"292\" height=\"257\" data-srcset=\"https:\/\/www.massafmedical.com.br\/loja\/wp-content\/uploads\/2025\/02\/PLUGUE-DO-ALOJAMENTO-DA-GARRAFA-DE-AGUA-ZT-650-PTX-2900-EPK-700-1000-EPM-3500-1.png 605w, https:\/\/www.massafmedical.com.br\/loja\/wp-content\/uploads\/2025\/02\/PLUGUE-DO-ALOJAMENTO-DA-GARRAFA-DE-AGUA-ZT-650-PTX-2900-EPK-700-1000-EPM-3500-1-600x528.png 600w\" data-sizes=\"(max-width: 292px) 100vw, 292px\" src=\"data:image\/gif;base64,R0lGODlhAQABAAAAACH5BAEKAAEALAAAAAABAAEAAAICTAEAOw==\" style=\"--smush-placeholder-width: 292px; --smush-placeholder-aspect-ratio: 292\/257;\" \/><\/p>\n<\/div>\n<\/td>\n<\/tr>\n<\/tbody>\n<\/table>\n","protected":false},"excerpt":{"rendered":"<p>Kit de acess\u00f3rios para utiliza\u00e7\u00e3o da lavadora de endosc\u00f3pios <em><strong>Scopeclean<\/strong><\/em>, da marca <em><strong>Ziontech, compat\u00edveis com os endosc\u00f3pios Pentax de modelo: ZTCK-700.<\/strong><\/em><\/p>\n<p>&nbsp;<\/p>\n<p>&nbsp;<\/p>\n","protected":false},"featured_media":1492,"template":"","meta":[],"product_brand":[],"product_cat":[91,51,71,96,86,88],"product_tag":[],"class_list":{"0":"post-1491","1":"product","2":"type-product","3":"status-publish","4":"has-post-thumbnail","6":"product_cat-acessorios-endoscopia","7":"product_cat-produtos-hospitalares-e-para-pacientes","8":"product_cat-equipamentos","9":"product_cat-equipamentos-ziontech","10":"product_cat-medicinaveterinaria","11":"product_cat-pincas-e-acessorios","13":"first","14":"instock","15":"taxable","16":"shipping-taxable","17":"product-type-simple"},"acf":[],"yoast_head":"<!-- This site is optimized with the Yoast SEO plugin v24.4 - https:\/\/yoast.com\/wordpress\/plugins\/seo\/ -->\n<title>Kit Acess\u00f3rios Scopeclean ZTCK-700 (Pentax) - Massaf Medical<\/title>\n<meta name=\"robots\" content=\"index, follow, max-snippet:-1, max-image-preview:large, max-video-preview:-1\" \/>\n<link rel=\"canonical\" href=\"https:\/\/www.massafmedical.com.br\/loja\/produto\/kit-acessorios-scopeclean-ztck-700-pentax\/\" \/>\n<meta property=\"og:locale\" content=\"pt_BR\" \/>\n<meta property=\"og:type\" content=\"article\" \/>\n<meta property=\"og:title\" content=\"Kit Acess\u00f3rios Scopeclean ZTCK-700 (Pentax) - Massaf Medical\" \/>\n<meta property=\"og:description\" content=\"Kit de acess\u00f3rios para utiliza\u00e7\u00e3o da lavadora de endosc\u00f3pios Scopeclean, da marca Ziontech, compat\u00edveis com os endosc\u00f3pios Pentax de modelo: ZTCK-700.  &nbsp;  &nbsp;\" \/>\n<meta property=\"og:url\" content=\"https:\/\/www.massafmedical.com.br\/loja\/produto\/kit-acessorios-scopeclean-ztck-700-pentax\/\" \/>\n<meta property=\"og:site_name\" content=\"Massaf Medical\" \/>\n<meta property=\"article:publisher\" content=\"http:\/\/www.facebook.com\/MASSAFMEDICAL\" \/>\n<meta property=\"article:modified_time\" content=\"2025-07-24T14:59:45+00:00\" \/>\n<meta property=\"og:image\" content=\"https:\/\/www.massafmedical.com.br\/loja\/wp-content\/uploads\/2025\/02\/PLUGUE-DO-ALOJAMENTO-DAS-VALVULASBIOPSIA-ZT-660-PTX-EPK-700-1000-EPM-3500-1.png\" \/>\n\t<meta property=\"og:image:width\" content=\"617\" \/>\n\t<meta property=\"og:image:height\" content=\"564\" \/>\n\t<meta property=\"og:image:type\" content=\"image\/png\" \/>\n<meta name=\"twitter:card\" content=\"summary_large_image\" \/>\n<meta name=\"twitter:label1\" content=\"Est. tempo de leitura\" \/>\n\t<meta name=\"twitter:data1\" content=\"1 minuto\" \/>\n<script type=\"application\/ld+json\" class=\"yoast-schema-graph\">{\"@context\":\"https:\/\/schema.org\",\"@graph\":[{\"@type\":\"WebPage\",\"@id\":\"https:\/\/www.massafmedical.com.br\/loja\/produto\/kit-acessorios-scopeclean-ztck-700-pentax\/\",\"url\":\"https:\/\/www.massafmedical.com.br\/loja\/produto\/kit-acessorios-scopeclean-ztck-700-pentax\/\",\"name\":\"Kit Acess\u00f3rios Scopeclean ZTCK-700 (Pentax) - Massaf Medical\",\"isPartOf\":{\"@id\":\"https:\/\/www.massafmedical.com.br\/loja\/#website\"},\"primaryImageOfPage\":{\"@id\":\"https:\/\/www.massafmedical.com.br\/loja\/produto\/kit-acessorios-scopeclean-ztck-700-pentax\/#primaryimage\"},\"image\":{\"@id\":\"https:\/\/www.massafmedical.com.br\/loja\/produto\/kit-acessorios-scopeclean-ztck-700-pentax\/#primaryimage\"},\"thumbnailUrl\":\"https:\/\/www.massafmedical.com.br\/loja\/wp-content\/uploads\/2025\/02\/PLUGUE-DO-ALOJAMENTO-DAS-VALVULASBIOPSIA-ZT-660-PTX-EPK-700-1000-EPM-3500-1.png\",\"datePublished\":\"2025-02-17T16:11:01+00:00\",\"dateModified\":\"2025-07-24T14:59:45+00:00\",\"breadcrumb\":{\"@id\":\"https:\/\/www.massafmedical.com.br\/loja\/produto\/kit-acessorios-scopeclean-ztck-700-pentax\/#breadcrumb\"},\"inLanguage\":\"pt-BR\",\"potentialAction\":[{\"@type\":\"ReadAction\",\"target\":[\"https:\/\/www.massafmedical.com.br\/loja\/produto\/kit-acessorios-scopeclean-ztck-700-pentax\/\"]}]},{\"@type\":\"ImageObject\",\"inLanguage\":\"pt-BR\",\"@id\":\"https:\/\/www.massafmedical.com.br\/loja\/produto\/kit-acessorios-scopeclean-ztck-700-pentax\/#primaryimage\",\"url\":\"https:\/\/www.massafmedical.com.br\/loja\/wp-content\/uploads\/2025\/02\/PLUGUE-DO-ALOJAMENTO-DAS-VALVULASBIOPSIA-ZT-660-PTX-EPK-700-1000-EPM-3500-1.png\",\"contentUrl\":\"https:\/\/www.massafmedical.com.br\/loja\/wp-content\/uploads\/2025\/02\/PLUGUE-DO-ALOJAMENTO-DAS-VALVULASBIOPSIA-ZT-660-PTX-EPK-700-1000-EPM-3500-1.png\",\"width\":617,\"height\":564},{\"@type\":\"BreadcrumbList\",\"@id\":\"https:\/\/www.massafmedical.com.br\/loja\/produto\/kit-acessorios-scopeclean-ztck-700-pentax\/#breadcrumb\",\"itemListElement\":[{\"@type\":\"ListItem\",\"position\":1,\"name\":\"In\u00edcio\",\"item\":\"https:\/\/www.massafmedical.com.br\/loja\/\"},{\"@type\":\"ListItem\",\"position\":2,\"name\":\"Produtos\",\"item\":\"https:\/\/www.massafmedical.com.br\/loja\/nossos-produtos\/\"},{\"@type\":\"ListItem\",\"position\":3,\"name\":\"Kit Acess\u00f3rios Scopeclean ZTCK-700 (Pentax)\"}]},{\"@type\":\"WebSite\",\"@id\":\"https:\/\/www.massafmedical.com.br\/loja\/#website\",\"url\":\"https:\/\/www.massafmedical.com.br\/loja\/\",\"name\":\"Massaf Medical\",\"description\":\"\",\"publisher\":{\"@id\":\"https:\/\/www.massafmedical.com.br\/loja\/#organization\"},\"potentialAction\":[{\"@type\":\"SearchAction\",\"target\":{\"@type\":\"EntryPoint\",\"urlTemplate\":\"https:\/\/www.massafmedical.com.br\/loja\/?s={search_term_string}\"},\"query-input\":{\"@type\":\"PropertyValueSpecification\",\"valueRequired\":true,\"valueName\":\"search_term_string\"}}],\"inLanguage\":\"pt-BR\"},{\"@type\":\"Organization\",\"@id\":\"https:\/\/www.massafmedical.com.br\/loja\/#organization\",\"name\":\"Massaf Medical\",\"url\":\"https:\/\/www.massafmedical.com.br\/loja\/\",\"logo\":{\"@type\":\"ImageObject\",\"inLanguage\":\"pt-BR\",\"@id\":\"https:\/\/www.massafmedical.com.br\/loja\/#\/schema\/logo\/image\/\",\"url\":\"http:\/\/www.massafmedical.com.br\/loja\/wp-content\/uploads\/2020\/10\/logotipo-big.png\",\"contentUrl\":\"http:\/\/www.massafmedical.com.br\/loja\/wp-content\/uploads\/2020\/10\/logotipo-big.png\",\"width\":750,\"height\":253,\"caption\":\"Massaf Medical\"},\"image\":{\"@id\":\"https:\/\/www.massafmedical.com.br\/loja\/#\/schema\/logo\/image\/\"},\"sameAs\":[\"http:\/\/www.facebook.com\/MASSAFMEDICAL\"]}]}<\/script>\n<!-- \/ Yoast SEO plugin. -->","yoast_head_json":{"title":"Kit Acess\u00f3rios Scopeclean ZTCK-700 (Pentax) - Massaf Medical","robots":{"index":"index","follow":"follow","max-snippet":"max-snippet:-1","max-image-preview":"max-image-preview:large","max-video-preview":"max-video-preview:-1"},"canonical":"https:\/\/www.massafmedical.com.br\/loja\/produto\/kit-acessorios-scopeclean-ztck-700-pentax\/","og_locale":"pt_BR","og_type":"article","og_title":"Kit Acess\u00f3rios Scopeclean ZTCK-700 (Pentax) - Massaf Medical","og_description":"Kit de acess\u00f3rios para utiliza\u00e7\u00e3o da lavadora de endosc\u00f3pios Scopeclean, da marca Ziontech, compat\u00edveis com os endosc\u00f3pios Pentax de modelo: ZTCK-700.  &nbsp;  &nbsp;","og_url":"https:\/\/www.massafmedical.com.br\/loja\/produto\/kit-acessorios-scopeclean-ztck-700-pentax\/","og_site_name":"Massaf Medical","article_publisher":"http:\/\/www.facebook.com\/MASSAFMEDICAL","article_modified_time":"2025-07-24T14:59:45+00:00","og_image":[{"width":617,"height":564,"url":"https:\/\/www.massafmedical.com.br\/loja\/wp-content\/uploads\/2025\/02\/PLUGUE-DO-ALOJAMENTO-DAS-VALVULASBIOPSIA-ZT-660-PTX-EPK-700-1000-EPM-3500-1.png","type":"image\/png"}],"twitter_card":"summary_large_image","twitter_misc":{"Est. tempo de leitura":"1 minuto"},"schema":{"@context":"https:\/\/schema.org","@graph":[{"@type":"WebPage","@id":"https:\/\/www.massafmedical.com.br\/loja\/produto\/kit-acessorios-scopeclean-ztck-700-pentax\/","url":"https:\/\/www.massafmedical.com.br\/loja\/produto\/kit-acessorios-scopeclean-ztck-700-pentax\/","name":"Kit Acess\u00f3rios Scopeclean ZTCK-700 (Pentax) - Massaf Medical","isPartOf":{"@id":"https:\/\/www.massafmedical.com.br\/loja\/#website"},"primaryImageOfPage":{"@id":"https:\/\/www.massafmedical.com.br\/loja\/produto\/kit-acessorios-scopeclean-ztck-700-pentax\/#primaryimage"},"image":{"@id":"https:\/\/www.massafmedical.com.br\/loja\/produto\/kit-acessorios-scopeclean-ztck-700-pentax\/#primaryimage"},"thumbnailUrl":"https:\/\/www.massafmedical.com.br\/loja\/wp-content\/uploads\/2025\/02\/PLUGUE-DO-ALOJAMENTO-DAS-VALVULASBIOPSIA-ZT-660-PTX-EPK-700-1000-EPM-3500-1.png","datePublished":"2025-02-17T16:11:01+00:00","dateModified":"2025-07-24T14:59:45+00:00","breadcrumb":{"@id":"https:\/\/www.massafmedical.com.br\/loja\/produto\/kit-acessorios-scopeclean-ztck-700-pentax\/#breadcrumb"},"inLanguage":"pt-BR","potentialAction":[{"@type":"ReadAction","target":["https:\/\/www.massafmedical.com.br\/loja\/produto\/kit-acessorios-scopeclean-ztck-700-pentax\/"]}]},{"@type":"ImageObject","inLanguage":"pt-BR","@id":"https:\/\/www.massafmedical.com.br\/loja\/produto\/kit-acessorios-scopeclean-ztck-700-pentax\/#primaryimage","url":"https:\/\/www.massafmedical.com.br\/loja\/wp-content\/uploads\/2025\/02\/PLUGUE-DO-ALOJAMENTO-DAS-VALVULASBIOPSIA-ZT-660-PTX-EPK-700-1000-EPM-3500-1.png","contentUrl":"https:\/\/www.massafmedical.com.br\/loja\/wp-content\/uploads\/2025\/02\/PLUGUE-DO-ALOJAMENTO-DAS-VALVULASBIOPSIA-ZT-660-PTX-EPK-700-1000-EPM-3500-1.png","width":617,"height":564},{"@type":"BreadcrumbList","@id":"https:\/\/www.massafmedical.com.br\/loja\/produto\/kit-acessorios-scopeclean-ztck-700-pentax\/#breadcrumb","itemListElement":[{"@type":"ListItem","position":1,"name":"In\u00edcio","item":"https:\/\/www.massafmedical.com.br\/loja\/"},{"@type":"ListItem","position":2,"name":"Produtos","item":"https:\/\/www.massafmedical.com.br\/loja\/nossos-produtos\/"},{"@type":"ListItem","position":3,"name":"Kit Acess\u00f3rios Scopeclean ZTCK-700 (Pentax)"}]},{"@type":"WebSite","@id":"https:\/\/www.massafmedical.com.br\/loja\/#website","url":"https:\/\/www.massafmedical.com.br\/loja\/","name":"Massaf Medical","description":"","publisher":{"@id":"https:\/\/www.massafmedical.com.br\/loja\/#organization"},"potentialAction":[{"@type":"SearchAction","target":{"@type":"EntryPoint","urlTemplate":"https:\/\/www.massafmedical.com.br\/loja\/?s={search_term_string}"},"query-input":{"@type":"PropertyValueSpecification","valueRequired":true,"valueName":"search_term_string"}}],"inLanguage":"pt-BR"},{"@type":"Organization","@id":"https:\/\/www.massafmedical.com.br\/loja\/#organization","name":"Massaf Medical","url":"https:\/\/www.massafmedical.com.br\/loja\/","logo":{"@type":"ImageObject","inLanguage":"pt-BR","@id":"https:\/\/www.massafmedical.com.br\/loja\/#\/schema\/logo\/image\/","url":"http:\/\/www.massafmedical.com.br\/loja\/wp-content\/uploads\/2020\/10\/logotipo-big.png","contentUrl":"http:\/\/www.massafmedical.com.br\/loja\/wp-content\/uploads\/2020\/10\/logotipo-big.png","width":750,"height":253,"caption":"Massaf Medical"},"image":{"@id":"https:\/\/www.massafmedical.com.br\/loja\/#\/schema\/logo\/image\/"},"sameAs":["http:\/\/www.facebook.com\/MASSAFMEDICAL"]}]}},"_links":{"self":[{"href":"https:\/\/www.massafmedical.com.br\/loja\/wp-json\/wp\/v2\/product\/1491","targetHints":{"allow":["GET"]}}],"collection":[{"href":"https:\/\/www.massafmedical.com.br\/loja\/wp-json\/wp\/v2\/product"}],"about":[{"href":"https:\/\/www.massafmedical.com.br\/loja\/wp-json\/wp\/v2\/types\/product"}],"wp:featuredmedia":[{"embeddable":true,"href":"https:\/\/www.massafmedical.com.br\/loja\/wp-json\/wp\/v2\/media\/1492"}],"wp:attachment":[{"href":"https:\/\/www.massafmedical.com.br\/loja\/wp-json\/wp\/v2\/media?parent=1491"}],"wp:term":[{"taxonomy":"product_brand","embeddable":true,"href":"https:\/\/www.massafmedical.com.br\/loja\/wp-json\/wp\/v2\/product_brand?post=1491"},{"taxonomy":"product_cat","embeddable":true,"href":"https:\/\/www.massafmedical.com.br\/loja\/wp-json\/wp\/v2\/product_cat?post=1491"},{"taxonomy":"product_tag","embeddable":true,"href":"https:\/\/www.massafmedical.com.br\/loja\/wp-json\/wp\/v2\/product_tag?post=1491"}],"curies":[{"name":"wp","href":"https:\/\/api.w.org\/{rel}","templated":true}]}}