{"id":1478,"date":"2025-02-17T12:12:04","date_gmt":"2025-02-17T15:12:04","guid":{"rendered":"https:\/\/www.massafmedical.com.br\/loja\/?post_type=product&#038;p=1478"},"modified":"2025-07-24T12:08:03","modified_gmt":"2025-07-24T15:08:03","slug":"lavadora-de-endoscopios-scopeclean-eco","status":"publish","type":"product","link":"https:\/\/www.massafmedical.com.br\/loja\/produto\/lavadora-de-endoscopios-scopeclean-eco\/","title":{"rendered":"LAVADORA DE ENDOSC\u00d3PIOS &#8211; SCOPECLEAN ECO"},"content":{"rendered":"<p dir=\"ltr\">A<em><strong>\u00a0Scopeclean<\/strong>\u00a0<\/em>\u00e9 uma lavadora semi-autom\u00e1tica de endosc\u00f3pios (para uso diagn\u00f3stico), que se destaca por ser leve, compacta e port\u00e1til. Ela realiza as etapas de pr\u00e9-limpeza e limpeza no processo de reprocessamento do endosc\u00f3pio ap\u00f3s o exame. Suas fun\u00e7\u00f5es incluem lavagem, enxague, circula\u00e7\u00e3o e secagem, que podem ser feitas de forma autom\u00e1tica e completa em um \u00fanico ciclo ou de maneira independente, por meio de fun\u00e7\u00f5es separadas.<\/p>\n<p dir=\"ltr\">O termo semi autom\u00e1tica se refere \u00e0 necessidade do usu\u00e1rio realizar a troca de fluidos (\u00e1gua, detergente e\/ou \u00e1lcool) no recipiente de forma manual e tamb\u00e9m realizar a dosagem dos elementos que ser\u00e3o utilizados durante o processo da lavagem dos endosc\u00f3pios.<\/p>\n<p dir=\"ltr\">Em caso de eventuais manuten\u00e7\u00f5es, suas dimens\u00f5es e peso contribuem para que o transporte seja feito de forma econ\u00f4mica e r\u00e1pida.<\/p>\n<p dir=\"ltr\">Sua utiliza\u00e7\u00e3o n\u00e3o elimina a limpeza externa dos endosc\u00f3pios.<\/p>\n<p><img decoding=\"async\" class=\"alignnone size-medium wp-image-1480 lazyload\" data-src=\"https:\/\/www.massafmedical.com.br\/loja\/wp-content\/uploads\/2025\/02\/WhatsApp-Image-2025-02-17-at-11.49.45-1024x577.jpeg\" alt=\"\" width=\"1024\" height=\"577\" data-srcset=\"https:\/\/www.massafmedical.com.br\/loja\/wp-content\/uploads\/2025\/02\/WhatsApp-Image-2025-02-17-at-11.49.45-1024x577.jpeg 1024w, https:\/\/www.massafmedical.com.br\/loja\/wp-content\/uploads\/2025\/02\/WhatsApp-Image-2025-02-17-at-11.49.45-768x432.jpeg 768w, https:\/\/www.massafmedical.com.br\/loja\/wp-content\/uploads\/2025\/02\/WhatsApp-Image-2025-02-17-at-11.49.45-1320x743.jpeg 1320w, https:\/\/www.massafmedical.com.br\/loja\/wp-content\/uploads\/2025\/02\/WhatsApp-Image-2025-02-17-at-11.49.45-600x338.jpeg 600w, https:\/\/www.massafmedical.com.br\/loja\/wp-content\/uploads\/2025\/02\/WhatsApp-Image-2025-02-17-at-11.49.45.jpeg 1364w\" data-sizes=\"(max-width: 1024px) 100vw, 1024px\" src=\"data:image\/gif;base64,R0lGODlhAQABAAAAACH5BAEKAAEALAAAAAABAAEAAAICTAEAOw==\" style=\"--smush-placeholder-width: 1024px; --smush-placeholder-aspect-ratio: 1024\/577;\" \/><\/p>\n<p dir=\"ltr\">Especifica\u00e7\u00f5es T\u00e9cnicas:<\/p>\n<table style=\"height: 631px;\" width=\"801\">\n<colgroup>\n<col width=\"95\" \/>\n<col width=\"28\" \/>\n<col width=\"85\" \/>\n<col width=\"57\" \/>\n<col width=\"100\" \/>\n<col width=\"13\" \/>\n<col width=\"227\" \/><\/colgroup>\n<tbody>\n<tr>\n<td colspan=\"7\">\n<p dir=\"ltr\">SCOPECLEAN<\/p>\n<\/td>\n<\/tr>\n<tr>\n<td colspan=\"3\">\n<p dir=\"ltr\">Modelo<\/p>\n<\/td>\n<td colspan=\"4\">\n<p dir=\"ltr\">ECO<\/p>\n<\/td>\n<\/tr>\n<tr>\n<td colspan=\"3\">\n<p dir=\"ltr\">Nome T\u00e9cnico<\/p>\n<\/td>\n<td colspan=\"4\">\n<p dir=\"ltr\">Lavadora para Reprocessamento de Materiais<\/p>\n<\/td>\n<\/tr>\n<tr>\n<td colspan=\"3\">\n<p dir=\"ltr\">Registro ANVISA<\/p>\n<\/td>\n<td colspan=\"4\">\n<p dir=\"ltr\">80887339001<\/p>\n<\/td>\n<\/tr>\n<tr>\n<td rowspan=\"6\">\n<p dir=\"ltr\">Faixa de Opera\u00e7\u00e3o<\/p>\n<\/td>\n<td colspan=\"2\" rowspan=\"2\">\n<p dir=\"ltr\">Press\u00e3o<\/p>\n<\/td>\n<td colspan=\"3\">\n<p dir=\"ltr\">Intervalo de medi\u00e7\u00e3o<\/p>\n<\/td>\n<td>\n<p dir=\"ltr\">0-300 mmHg<\/p>\n<\/td>\n<\/tr>\n<tr>\n<td colspan=\"3\">\n<p dir=\"ltr\">Erro m\u00e1ximo admiss\u00edvel<\/p>\n<\/td>\n<td>\n<p dir=\"ltr\">+\/- 3 mmHg<\/p>\n<\/td>\n<\/tr>\n<tr>\n<td colspan=\"2\" rowspan=\"2\">\n<p dir=\"ltr\">Irriga\u00e7\u00e3o<\/p>\n<\/td>\n<td colspan=\"3\">\n<p dir=\"ltr\">Vaz\u00e3o<\/p>\n<\/td>\n<td>\n<p dir=\"ltr\">Fluxo livre &gt;1500 ml\/min<\/p>\n<\/td>\n<\/tr>\n<tr>\n<td colspan=\"3\">\n<p dir=\"ltr\">Press\u00e3o m\u00ednima<\/p>\n<\/td>\n<td>\n<p dir=\"ltr\">2 Bar<\/p>\n<\/td>\n<\/tr>\n<tr>\n<td colspan=\"2\" rowspan=\"2\">\n<p dir=\"ltr\">Insufla\u00e7\u00e3o<\/p>\n<\/td>\n<td colspan=\"3\">\n<p dir=\"ltr\">Vaz\u00e3o<\/p>\n<\/td>\n<td>\n<p dir=\"ltr\">Fluxo livre = 5000 ml\/min<\/p>\n<\/td>\n<\/tr>\n<tr>\n<td colspan=\"3\">\n<p dir=\"ltr\">Press\u00e3o m\u00e1xima<\/p>\n<\/td>\n<td>\n<p dir=\"ltr\">0,45 Bar<\/p>\n<\/td>\n<\/tr>\n<tr>\n<td colspan=\"3\">\n<p dir=\"ltr\">Alimenta\u00e7\u00e3o<\/p>\n<\/td>\n<td colspan=\"4\">\n<p dir=\"ltr\">24 VDC, 3A<\/p>\n<\/td>\n<\/tr>\n<tr>\n<td colspan=\"3\">\n<p dir=\"ltr\">Pot\u00eancia Consumida<\/p>\n<\/td>\n<td colspan=\"4\">\n<p dir=\"ltr\">60W<\/p>\n<\/td>\n<\/tr>\n<tr>\n<td colspan=\"3\">\n<p dir=\"ltr\">Dimens\u00f5es<\/p>\n<\/td>\n<td colspan=\"4\">\n<p dir=\"ltr\">A 273 mm x L 115 mm x C 200 mm<\/p>\n<\/td>\n<\/tr>\n<tr>\n<td colspan=\"3\">\n<p dir=\"ltr\">Peso<\/p>\n<\/td>\n<td colspan=\"4\">\n<p dir=\"ltr\">2,18 kg<\/p>\n<\/td>\n<\/tr>\n<\/tbody>\n<\/table>\n<p>&nbsp;<\/p>\n<p>Esta incluso para o cliente:\u00a0<b><\/b><\/p>\n<ul>\n<li aria-level=\"1\">1 unidade de lavadora de endosc\u00f3pios Scopeclean;<\/li>\n<\/ul>\n<ul>\n<li aria-level=\"1\">1 unidade de fonte de alimenta\u00e7\u00e3o 12V;<\/li>\n<\/ul>\n<ul>\n<li aria-level=\"1\">1 kit de acess\u00f3rios (varia de acordo com o modelo e marca de endosc\u00f3pio)<\/li>\n<\/ul>\n<p>Incluindo, 1 unidade de conector para teste de vazamento e conectores de veda\u00e7\u00e3o da entrada das v\u00e1lvulas e canais de bi\u00f3psia.<\/p>\n<ul>\n<li aria-level=\"1\">1 kit de mangueiras para conex\u00e3o (varia de 3 a 4 unidades, dependendo das conex\u00f5es).<\/li>\n<\/ul>\n<p>&nbsp;<\/p>\n<p><strong>Kits dispon\u00edveis (ap\u00f3s o pedido o cliente receber\u00e1 nosso contato para informar o kit incluso desejado):<\/strong><\/p>\n<ul>\n<li>KIT FUJINON 250\/450\/530 (3x1M)<\/li>\n<li>KIT OLYMPUS 140\/190\/AOHUA\/ARGUS (4x1M)<\/li>\n<li>KIT OLYMPUS V\/100\/130 (3x1M)<\/li>\n<li>KIT PENTAX 2900 (3x1M)<\/li>\n<li>KIT PENTAX 700K (3x1M)<\/li>\n<\/ul>\n","protected":false},"excerpt":{"rendered":"<p>A\u00a0<em><strong>Scopeclean ECO <\/strong><\/em>\u00e9 uma lavadora semi autom\u00e1tica de endosc\u00f3pios (de uso diagn\u00f3stico) leve, compacta e port\u00e1til, que realiza as etapas de pr\u00e9-limpeza e limpeza do reprocessamento do endosc\u00f3pio ap\u00f3s o exame. Suas fun\u00e7\u00f5es s\u00e3o<em>: lavagem, enxague, circula\u00e7\u00e3o e secagem,<\/em>\u00a0podendo ser realizadas de forma completa e autom\u00e1tica atrav\u00e9s de um \u00fanico ciclo ou individualmente atrav\u00e9s das fun\u00e7\u00f5es independentes.<\/p>\n","protected":false},"featured_media":1479,"template":"","meta":[],"product_brand":[],"product_cat":[51,71,96],"product_tag":[],"class_list":{"0":"post-1478","1":"product","2":"type-product","3":"status-publish","4":"has-post-thumbnail","6":"product_cat-produtos-hospitalares-e-para-pacientes","7":"product_cat-equipamentos","8":"product_cat-equipamentos-ziontech","10":"first","11":"instock","12":"taxable","13":"shipping-taxable","14":"product-type-simple"},"acf":[],"yoast_head":"<!-- This site is optimized with the Yoast SEO plugin v24.4 - https:\/\/yoast.com\/wordpress\/plugins\/seo\/ -->\n<title>LAVADORA DE ENDOSC\u00d3PIOS - SCOPECLEAN ECO - Massaf Medical<\/title>\n<meta name=\"robots\" content=\"index, follow, max-snippet:-1, max-image-preview:large, max-video-preview:-1\" \/>\n<link rel=\"canonical\" href=\"https:\/\/www.massafmedical.com.br\/loja\/produto\/lavadora-de-endoscopios-scopeclean-eco\/\" \/>\n<meta property=\"og:locale\" content=\"pt_BR\" \/>\n<meta property=\"og:type\" content=\"article\" \/>\n<meta property=\"og:title\" content=\"LAVADORA DE ENDOSC\u00d3PIOS - SCOPECLEAN ECO - Massaf Medical\" \/>\n<meta property=\"og:description\" content=\"A\u00a0Scopeclean ECO \u00e9 uma lavadora semi autom\u00e1tica de endosc\u00f3pios (de uso diagn\u00f3stico) leve, compacta e port\u00e1til, que realiza as etapas de pr\u00e9-limpeza e limpeza do reprocessamento do endosc\u00f3pio ap\u00f3s o exame. Suas fun\u00e7\u00f5es s\u00e3o: lavagem, enxague, circula\u00e7\u00e3o e secagem,\u00a0podendo ser realizadas de forma completa e autom\u00e1tica atrav\u00e9s de um \u00fanico ciclo ou individualmente atrav\u00e9s das fun\u00e7\u00f5es independentes.\" \/>\n<meta property=\"og:url\" content=\"https:\/\/www.massafmedical.com.br\/loja\/produto\/lavadora-de-endoscopios-scopeclean-eco\/\" \/>\n<meta property=\"og:site_name\" content=\"Massaf Medical\" \/>\n<meta property=\"article:publisher\" content=\"http:\/\/www.facebook.com\/MASSAFMEDICAL\" \/>\n<meta property=\"article:modified_time\" content=\"2025-07-24T15:08:03+00:00\" \/>\n<meta property=\"og:image\" content=\"https:\/\/www.massafmedical.com.br\/loja\/wp-content\/uploads\/2025\/02\/WhatsApp-Image-2025-02-17-at-11.50.15.jpeg\" \/>\n\t<meta property=\"og:image:width\" content=\"698\" \/>\n\t<meta property=\"og:image:height\" content=\"704\" \/>\n\t<meta property=\"og:image:type\" content=\"image\/jpeg\" \/>\n<meta name=\"twitter:card\" content=\"summary_large_image\" \/>\n<meta name=\"twitter:label1\" content=\"Est. tempo de leitura\" \/>\n\t<meta name=\"twitter:data1\" content=\"3 minutos\" \/>\n<script type=\"application\/ld+json\" class=\"yoast-schema-graph\">{\"@context\":\"https:\/\/schema.org\",\"@graph\":[{\"@type\":\"WebPage\",\"@id\":\"https:\/\/www.massafmedical.com.br\/loja\/produto\/lavadora-de-endoscopios-scopeclean-eco\/\",\"url\":\"https:\/\/www.massafmedical.com.br\/loja\/produto\/lavadora-de-endoscopios-scopeclean-eco\/\",\"name\":\"LAVADORA DE ENDOSC\u00d3PIOS - SCOPECLEAN ECO - Massaf Medical\",\"isPartOf\":{\"@id\":\"https:\/\/www.massafmedical.com.br\/loja\/#website\"},\"primaryImageOfPage\":{\"@id\":\"https:\/\/www.massafmedical.com.br\/loja\/produto\/lavadora-de-endoscopios-scopeclean-eco\/#primaryimage\"},\"image\":{\"@id\":\"https:\/\/www.massafmedical.com.br\/loja\/produto\/lavadora-de-endoscopios-scopeclean-eco\/#primaryimage\"},\"thumbnailUrl\":\"https:\/\/www.massafmedical.com.br\/loja\/wp-content\/uploads\/2025\/02\/WhatsApp-Image-2025-02-17-at-11.50.15.jpeg\",\"datePublished\":\"2025-02-17T15:12:04+00:00\",\"dateModified\":\"2025-07-24T15:08:03+00:00\",\"breadcrumb\":{\"@id\":\"https:\/\/www.massafmedical.com.br\/loja\/produto\/lavadora-de-endoscopios-scopeclean-eco\/#breadcrumb\"},\"inLanguage\":\"pt-BR\",\"potentialAction\":[{\"@type\":\"ReadAction\",\"target\":[\"https:\/\/www.massafmedical.com.br\/loja\/produto\/lavadora-de-endoscopios-scopeclean-eco\/\"]}]},{\"@type\":\"ImageObject\",\"inLanguage\":\"pt-BR\",\"@id\":\"https:\/\/www.massafmedical.com.br\/loja\/produto\/lavadora-de-endoscopios-scopeclean-eco\/#primaryimage\",\"url\":\"https:\/\/www.massafmedical.com.br\/loja\/wp-content\/uploads\/2025\/02\/WhatsApp-Image-2025-02-17-at-11.50.15.jpeg\",\"contentUrl\":\"https:\/\/www.massafmedical.com.br\/loja\/wp-content\/uploads\/2025\/02\/WhatsApp-Image-2025-02-17-at-11.50.15.jpeg\",\"width\":698,\"height\":704},{\"@type\":\"BreadcrumbList\",\"@id\":\"https:\/\/www.massafmedical.com.br\/loja\/produto\/lavadora-de-endoscopios-scopeclean-eco\/#breadcrumb\",\"itemListElement\":[{\"@type\":\"ListItem\",\"position\":1,\"name\":\"In\u00edcio\",\"item\":\"https:\/\/www.massafmedical.com.br\/loja\/\"},{\"@type\":\"ListItem\",\"position\":2,\"name\":\"Produtos\",\"item\":\"https:\/\/www.massafmedical.com.br\/loja\/nossos-produtos\/\"},{\"@type\":\"ListItem\",\"position\":3,\"name\":\"LAVADORA DE ENDOSC\u00d3PIOS &#8211; SCOPECLEAN ECO\"}]},{\"@type\":\"WebSite\",\"@id\":\"https:\/\/www.massafmedical.com.br\/loja\/#website\",\"url\":\"https:\/\/www.massafmedical.com.br\/loja\/\",\"name\":\"Massaf Medical\",\"description\":\"\",\"publisher\":{\"@id\":\"https:\/\/www.massafmedical.com.br\/loja\/#organization\"},\"potentialAction\":[{\"@type\":\"SearchAction\",\"target\":{\"@type\":\"EntryPoint\",\"urlTemplate\":\"https:\/\/www.massafmedical.com.br\/loja\/?s={search_term_string}\"},\"query-input\":{\"@type\":\"PropertyValueSpecification\",\"valueRequired\":true,\"valueName\":\"search_term_string\"}}],\"inLanguage\":\"pt-BR\"},{\"@type\":\"Organization\",\"@id\":\"https:\/\/www.massafmedical.com.br\/loja\/#organization\",\"name\":\"Massaf Medical\",\"url\":\"https:\/\/www.massafmedical.com.br\/loja\/\",\"logo\":{\"@type\":\"ImageObject\",\"inLanguage\":\"pt-BR\",\"@id\":\"https:\/\/www.massafmedical.com.br\/loja\/#\/schema\/logo\/image\/\",\"url\":\"http:\/\/www.massafmedical.com.br\/loja\/wp-content\/uploads\/2020\/10\/logotipo-big.png\",\"contentUrl\":\"http:\/\/www.massafmedical.com.br\/loja\/wp-content\/uploads\/2020\/10\/logotipo-big.png\",\"width\":750,\"height\":253,\"caption\":\"Massaf Medical\"},\"image\":{\"@id\":\"https:\/\/www.massafmedical.com.br\/loja\/#\/schema\/logo\/image\/\"},\"sameAs\":[\"http:\/\/www.facebook.com\/MASSAFMEDICAL\"]}]}<\/script>\n<!-- \/ Yoast SEO plugin. -->","yoast_head_json":{"title":"LAVADORA DE ENDOSC\u00d3PIOS - SCOPECLEAN ECO - Massaf Medical","robots":{"index":"index","follow":"follow","max-snippet":"max-snippet:-1","max-image-preview":"max-image-preview:large","max-video-preview":"max-video-preview:-1"},"canonical":"https:\/\/www.massafmedical.com.br\/loja\/produto\/lavadora-de-endoscopios-scopeclean-eco\/","og_locale":"pt_BR","og_type":"article","og_title":"LAVADORA DE ENDOSC\u00d3PIOS - SCOPECLEAN ECO - Massaf Medical","og_description":"A\u00a0Scopeclean ECO \u00e9 uma lavadora semi autom\u00e1tica de endosc\u00f3pios (de uso diagn\u00f3stico) leve, compacta e port\u00e1til, que realiza as etapas de pr\u00e9-limpeza e limpeza do reprocessamento do endosc\u00f3pio ap\u00f3s o exame. Suas fun\u00e7\u00f5es s\u00e3o: lavagem, enxague, circula\u00e7\u00e3o e secagem,\u00a0podendo ser realizadas de forma completa e autom\u00e1tica atrav\u00e9s de um \u00fanico ciclo ou individualmente atrav\u00e9s das fun\u00e7\u00f5es independentes.","og_url":"https:\/\/www.massafmedical.com.br\/loja\/produto\/lavadora-de-endoscopios-scopeclean-eco\/","og_site_name":"Massaf Medical","article_publisher":"http:\/\/www.facebook.com\/MASSAFMEDICAL","article_modified_time":"2025-07-24T15:08:03+00:00","og_image":[{"width":698,"height":704,"url":"https:\/\/www.massafmedical.com.br\/loja\/wp-content\/uploads\/2025\/02\/WhatsApp-Image-2025-02-17-at-11.50.15.jpeg","type":"image\/jpeg"}],"twitter_card":"summary_large_image","twitter_misc":{"Est. tempo de leitura":"3 minutos"},"schema":{"@context":"https:\/\/schema.org","@graph":[{"@type":"WebPage","@id":"https:\/\/www.massafmedical.com.br\/loja\/produto\/lavadora-de-endoscopios-scopeclean-eco\/","url":"https:\/\/www.massafmedical.com.br\/loja\/produto\/lavadora-de-endoscopios-scopeclean-eco\/","name":"LAVADORA DE ENDOSC\u00d3PIOS - SCOPECLEAN ECO - Massaf Medical","isPartOf":{"@id":"https:\/\/www.massafmedical.com.br\/loja\/#website"},"primaryImageOfPage":{"@id":"https:\/\/www.massafmedical.com.br\/loja\/produto\/lavadora-de-endoscopios-scopeclean-eco\/#primaryimage"},"image":{"@id":"https:\/\/www.massafmedical.com.br\/loja\/produto\/lavadora-de-endoscopios-scopeclean-eco\/#primaryimage"},"thumbnailUrl":"https:\/\/www.massafmedical.com.br\/loja\/wp-content\/uploads\/2025\/02\/WhatsApp-Image-2025-02-17-at-11.50.15.jpeg","datePublished":"2025-02-17T15:12:04+00:00","dateModified":"2025-07-24T15:08:03+00:00","breadcrumb":{"@id":"https:\/\/www.massafmedical.com.br\/loja\/produto\/lavadora-de-endoscopios-scopeclean-eco\/#breadcrumb"},"inLanguage":"pt-BR","potentialAction":[{"@type":"ReadAction","target":["https:\/\/www.massafmedical.com.br\/loja\/produto\/lavadora-de-endoscopios-scopeclean-eco\/"]}]},{"@type":"ImageObject","inLanguage":"pt-BR","@id":"https:\/\/www.massafmedical.com.br\/loja\/produto\/lavadora-de-endoscopios-scopeclean-eco\/#primaryimage","url":"https:\/\/www.massafmedical.com.br\/loja\/wp-content\/uploads\/2025\/02\/WhatsApp-Image-2025-02-17-at-11.50.15.jpeg","contentUrl":"https:\/\/www.massafmedical.com.br\/loja\/wp-content\/uploads\/2025\/02\/WhatsApp-Image-2025-02-17-at-11.50.15.jpeg","width":698,"height":704},{"@type":"BreadcrumbList","@id":"https:\/\/www.massafmedical.com.br\/loja\/produto\/lavadora-de-endoscopios-scopeclean-eco\/#breadcrumb","itemListElement":[{"@type":"ListItem","position":1,"name":"In\u00edcio","item":"https:\/\/www.massafmedical.com.br\/loja\/"},{"@type":"ListItem","position":2,"name":"Produtos","item":"https:\/\/www.massafmedical.com.br\/loja\/nossos-produtos\/"},{"@type":"ListItem","position":3,"name":"LAVADORA DE ENDOSC\u00d3PIOS &#8211; SCOPECLEAN ECO"}]},{"@type":"WebSite","@id":"https:\/\/www.massafmedical.com.br\/loja\/#website","url":"https:\/\/www.massafmedical.com.br\/loja\/","name":"Massaf Medical","description":"","publisher":{"@id":"https:\/\/www.massafmedical.com.br\/loja\/#organization"},"potentialAction":[{"@type":"SearchAction","target":{"@type":"EntryPoint","urlTemplate":"https:\/\/www.massafmedical.com.br\/loja\/?s={search_term_string}"},"query-input":{"@type":"PropertyValueSpecification","valueRequired":true,"valueName":"search_term_string"}}],"inLanguage":"pt-BR"},{"@type":"Organization","@id":"https:\/\/www.massafmedical.com.br\/loja\/#organization","name":"Massaf Medical","url":"https:\/\/www.massafmedical.com.br\/loja\/","logo":{"@type":"ImageObject","inLanguage":"pt-BR","@id":"https:\/\/www.massafmedical.com.br\/loja\/#\/schema\/logo\/image\/","url":"http:\/\/www.massafmedical.com.br\/loja\/wp-content\/uploads\/2020\/10\/logotipo-big.png","contentUrl":"http:\/\/www.massafmedical.com.br\/loja\/wp-content\/uploads\/2020\/10\/logotipo-big.png","width":750,"height":253,"caption":"Massaf Medical"},"image":{"@id":"https:\/\/www.massafmedical.com.br\/loja\/#\/schema\/logo\/image\/"},"sameAs":["http:\/\/www.facebook.com\/MASSAFMEDICAL"]}]}},"_links":{"self":[{"href":"https:\/\/www.massafmedical.com.br\/loja\/wp-json\/wp\/v2\/product\/1478","targetHints":{"allow":["GET"]}}],"collection":[{"href":"https:\/\/www.massafmedical.com.br\/loja\/wp-json\/wp\/v2\/product"}],"about":[{"href":"https:\/\/www.massafmedical.com.br\/loja\/wp-json\/wp\/v2\/types\/product"}],"wp:featuredmedia":[{"embeddable":true,"href":"https:\/\/www.massafmedical.com.br\/loja\/wp-json\/wp\/v2\/media\/1479"}],"wp:attachment":[{"href":"https:\/\/www.massafmedical.com.br\/loja\/wp-json\/wp\/v2\/media?parent=1478"}],"wp:term":[{"taxonomy":"product_brand","embeddable":true,"href":"https:\/\/www.massafmedical.com.br\/loja\/wp-json\/wp\/v2\/product_brand?post=1478"},{"taxonomy":"product_cat","embeddable":true,"href":"https:\/\/www.massafmedical.com.br\/loja\/wp-json\/wp\/v2\/product_cat?post=1478"},{"taxonomy":"product_tag","embeddable":true,"href":"https:\/\/www.massafmedical.com.br\/loja\/wp-json\/wp\/v2\/product_tag?post=1478"}],"curies":[{"name":"wp","href":"https:\/\/api.w.org\/{rel}","templated":true}]}}