{"id":1463,"date":"2025-02-17T10:23:01","date_gmt":"2025-02-17T13:23:01","guid":{"rendered":"https:\/\/www.massafmedical.com.br\/loja\/?post_type=product&#038;p=1463"},"modified":"2025-02-26T10:06:31","modified_gmt":"2025-02-26T13:06:31","slug":"yoovet-a-plataforma-de-gestao-do-veterinario-imaginologista","status":"publish","type":"product","link":"https:\/\/www.massafmedical.com.br\/loja\/produto\/yoovet-a-plataforma-de-gestao-do-veterinario-imaginologista\/","title":{"rendered":"Yoovet &#8211;  A plataforma de gest\u00e3o do veterin\u00e1rio imaginologista"},"content":{"rendered":"<p><img decoding=\"async\" class=\"alignnone size-medium wp-image-1466 lazyload\" data-src=\"https:\/\/www.massafmedical.com.br\/loja\/wp-content\/uploads\/2025\/02\/WhatsApp-Image-2025-02-17-at-10.17.17-1024x401.jpeg\" alt=\"\" width=\"1024\" height=\"401\" data-srcset=\"https:\/\/www.massafmedical.com.br\/loja\/wp-content\/uploads\/2025\/02\/WhatsApp-Image-2025-02-17-at-10.17.17-1024x401.jpeg 1024w, https:\/\/www.massafmedical.com.br\/loja\/wp-content\/uploads\/2025\/02\/WhatsApp-Image-2025-02-17-at-10.17.17-768x301.jpeg 768w, https:\/\/www.massafmedical.com.br\/loja\/wp-content\/uploads\/2025\/02\/WhatsApp-Image-2025-02-17-at-10.17.17-600x235.jpeg 600w, https:\/\/www.massafmedical.com.br\/loja\/wp-content\/uploads\/2025\/02\/WhatsApp-Image-2025-02-17-at-10.17.17.jpeg 1314w\" data-sizes=\"(max-width: 1024px) 100vw, 1024px\" src=\"data:image\/gif;base64,R0lGODlhAQABAAAAACH5BAEKAAEALAAAAAABAAEAAAICTAEAOw==\" style=\"--smush-placeholder-width: 1024px; --smush-placeholder-aspect-ratio: 1024\/401;\" \/><\/p>\n<p>Principais Benef\u00edcios:<\/p>\n<p>&#8211; Cria\u00e7\u00e3o de Laudos Online: Reduza o tempo de cria\u00e7\u00e3o de laudos e maximize seus ganhos.<br \/>\n&#8211; Modelos Pr\u00e9-definidos de Laudos: Agilidade na cria\u00e7\u00e3o de laudos com templates personaliz\u00e1veis.<br \/>\n&#8211; Laudos com Intelig\u00eancia Artificial: Tecnologia para otimizar a an\u00e1lise e reduzir erros.<br \/>\n&#8211; Notas R\u00e1pidas e Rascunhos: Crie e edite notas de forma \u00e1gil durante os atendimentos.<\/p>\n<p>Simplifique o processo administrativo e aumente a efici\u00eancia do seu neg\u00f3cio. Com\u00a0 Yoovet, voc\u00ea ter\u00e1 mais tempo para focar no atendimento de qualidade aos seus pacientes e escala de faturamento.<\/p>\n<blockquote class=\"wp-embedded-content\" data-secret=\"Nixe28RaJD\"><p><a href=\"https:\/\/yoovet.com\/\">Yoovet<\/a><\/p><\/blockquote>\n<p><iframe class=\"wp-embedded-content lazyload\" sandbox=\"allow-scripts\" security=\"restricted\" style=\"position: absolute; visibility: hidden;\" title=\"&#8220;Yoovet&#8221; &#8212; YooVet\" data-src=\"https:\/\/yoovet.com\/embed\/#?secret=eED47DGyS0#?secret=Nixe28RaJD\" data-secret=\"Nixe28RaJD\" width=\"500\" height=\"282\" frameborder=\"0\" marginwidth=\"0\" marginheight=\"0\" scrolling=\"no\" src=\"data:image\/gif;base64,R0lGODlhAQABAAAAACH5BAEKAAEALAAAAAABAAEAAAICTAEAOw==\" data-load-mode=\"1\"><\/iframe><\/p>\n<p><img decoding=\"async\" class=\"size-full wp-image-1467 aligncenter lazyload\" data-src=\"https:\/\/www.massafmedical.com.br\/loja\/wp-content\/uploads\/2025\/02\/WhatsApp-Image-2025-02-04-at-12.00.08.jpeg\" alt=\"\" width=\"666\" height=\"507\" data-srcset=\"https:\/\/www.massafmedical.com.br\/loja\/wp-content\/uploads\/2025\/02\/WhatsApp-Image-2025-02-04-at-12.00.08.jpeg 666w, https:\/\/www.massafmedical.com.br\/loja\/wp-content\/uploads\/2025\/02\/WhatsApp-Image-2025-02-04-at-12.00.08-600x457.jpeg 600w\" data-sizes=\"(max-width: 666px) 100vw, 666px\" src=\"data:image\/gif;base64,R0lGODlhAQABAAAAACH5BAEKAAEALAAAAAABAAEAAAICTAEAOw==\" style=\"--smush-placeholder-width: 666px; --smush-placeholder-aspect-ratio: 666\/507;\" \/><\/p>\n","protected":false},"excerpt":{"rendered":"<p>A Yoovet \u00e9 a plataforma digital que automatiza a rotina dos veterin\u00e1rios imaginologistas, ajudando na gest\u00e3o de pacientes, na cria\u00e7\u00e3o de laudos e na organiza\u00e7\u00e3o do neg\u00f3cio, tudo de forma pr\u00e1tica e eficiente.<\/p>\n","protected":false},"featured_media":1470,"template":"","meta":[],"product_brand":[],"product_cat":[86,87],"product_tag":[],"class_list":{"0":"post-1463","1":"product","2":"type-product","3":"status-publish","4":"has-post-thumbnail","6":"product_cat-medicinaveterinaria","7":"product_cat-zscan-vet","9":"first","10":"instock","11":"taxable","12":"shipping-taxable","13":"product-type-simple"},"acf":[],"yoast_head":"<!-- This site is optimized with the Yoast SEO plugin v24.4 - https:\/\/yoast.com\/wordpress\/plugins\/seo\/ -->\n<title>Yoovet - A plataforma de gest\u00e3o do veterin\u00e1rio imaginologista - Massaf Medical<\/title>\n<meta name=\"robots\" content=\"index, follow, max-snippet:-1, max-image-preview:large, max-video-preview:-1\" \/>\n<link rel=\"canonical\" href=\"https:\/\/www.massafmedical.com.br\/loja\/produto\/yoovet-a-plataforma-de-gestao-do-veterinario-imaginologista\/\" \/>\n<meta property=\"og:locale\" content=\"pt_BR\" \/>\n<meta property=\"og:type\" content=\"article\" \/>\n<meta property=\"og:title\" content=\"Yoovet - A plataforma de gest\u00e3o do veterin\u00e1rio imaginologista - Massaf Medical\" \/>\n<meta property=\"og:description\" content=\"A Yoovet \u00e9 a plataforma digital que automatiza a rotina dos veterin\u00e1rios imaginologistas, ajudando na gest\u00e3o de pacientes, na cria\u00e7\u00e3o de laudos e na organiza\u00e7\u00e3o do neg\u00f3cio, tudo de forma pr\u00e1tica e eficiente.\" \/>\n<meta property=\"og:url\" content=\"https:\/\/www.massafmedical.com.br\/loja\/produto\/yoovet-a-plataforma-de-gestao-do-veterinario-imaginologista\/\" \/>\n<meta property=\"og:site_name\" content=\"Massaf Medical\" \/>\n<meta property=\"article:publisher\" content=\"http:\/\/www.facebook.com\/MASSAFMEDICAL\" \/>\n<meta property=\"article:modified_time\" content=\"2025-02-26T13:06:31+00:00\" \/>\n<meta property=\"og:image\" content=\"https:\/\/www.massafmedical.com.br\/loja\/wp-content\/uploads\/2025\/02\/WhatsApp-Image-2025-02-17-at-10.29.19.jpeg\" \/>\n\t<meta property=\"og:image:width\" content=\"828\" \/>\n\t<meta property=\"og:image:height\" content=\"832\" \/>\n\t<meta property=\"og:image:type\" content=\"image\/jpeg\" \/>\n<meta name=\"twitter:card\" content=\"summary_large_image\" \/>\n<meta name=\"twitter:label1\" content=\"Est. tempo de leitura\" \/>\n\t<meta name=\"twitter:data1\" content=\"2 minutos\" \/>\n<script type=\"application\/ld+json\" class=\"yoast-schema-graph\">{\"@context\":\"https:\/\/schema.org\",\"@graph\":[{\"@type\":\"WebPage\",\"@id\":\"https:\/\/www.massafmedical.com.br\/loja\/produto\/yoovet-a-plataforma-de-gestao-do-veterinario-imaginologista\/\",\"url\":\"https:\/\/www.massafmedical.com.br\/loja\/produto\/yoovet-a-plataforma-de-gestao-do-veterinario-imaginologista\/\",\"name\":\"Yoovet - A plataforma de gest\u00e3o do veterin\u00e1rio imaginologista - Massaf Medical\",\"isPartOf\":{\"@id\":\"https:\/\/www.massafmedical.com.br\/loja\/#website\"},\"primaryImageOfPage\":{\"@id\":\"https:\/\/www.massafmedical.com.br\/loja\/produto\/yoovet-a-plataforma-de-gestao-do-veterinario-imaginologista\/#primaryimage\"},\"image\":{\"@id\":\"https:\/\/www.massafmedical.com.br\/loja\/produto\/yoovet-a-plataforma-de-gestao-do-veterinario-imaginologista\/#primaryimage\"},\"thumbnailUrl\":\"https:\/\/www.massafmedical.com.br\/loja\/wp-content\/uploads\/2025\/02\/WhatsApp-Image-2025-02-17-at-10.29.19.jpeg\",\"datePublished\":\"2025-02-17T13:23:01+00:00\",\"dateModified\":\"2025-02-26T13:06:31+00:00\",\"breadcrumb\":{\"@id\":\"https:\/\/www.massafmedical.com.br\/loja\/produto\/yoovet-a-plataforma-de-gestao-do-veterinario-imaginologista\/#breadcrumb\"},\"inLanguage\":\"pt-BR\",\"potentialAction\":[{\"@type\":\"ReadAction\",\"target\":[\"https:\/\/www.massafmedical.com.br\/loja\/produto\/yoovet-a-plataforma-de-gestao-do-veterinario-imaginologista\/\"]}]},{\"@type\":\"ImageObject\",\"inLanguage\":\"pt-BR\",\"@id\":\"https:\/\/www.massafmedical.com.br\/loja\/produto\/yoovet-a-plataforma-de-gestao-do-veterinario-imaginologista\/#primaryimage\",\"url\":\"https:\/\/www.massafmedical.com.br\/loja\/wp-content\/uploads\/2025\/02\/WhatsApp-Image-2025-02-17-at-10.29.19.jpeg\",\"contentUrl\":\"https:\/\/www.massafmedical.com.br\/loja\/wp-content\/uploads\/2025\/02\/WhatsApp-Image-2025-02-17-at-10.29.19.jpeg\",\"width\":828,\"height\":832},{\"@type\":\"BreadcrumbList\",\"@id\":\"https:\/\/www.massafmedical.com.br\/loja\/produto\/yoovet-a-plataforma-de-gestao-do-veterinario-imaginologista\/#breadcrumb\",\"itemListElement\":[{\"@type\":\"ListItem\",\"position\":1,\"name\":\"In\u00edcio\",\"item\":\"https:\/\/www.massafmedical.com.br\/loja\/\"},{\"@type\":\"ListItem\",\"position\":2,\"name\":\"Produtos\",\"item\":\"https:\/\/www.massafmedical.com.br\/loja\/nossos-produtos\/\"},{\"@type\":\"ListItem\",\"position\":3,\"name\":\"Yoovet &#8211; A plataforma de gest\u00e3o do veterin\u00e1rio imaginologista\"}]},{\"@type\":\"WebSite\",\"@id\":\"https:\/\/www.massafmedical.com.br\/loja\/#website\",\"url\":\"https:\/\/www.massafmedical.com.br\/loja\/\",\"name\":\"Massaf Medical\",\"description\":\"\",\"publisher\":{\"@id\":\"https:\/\/www.massafmedical.com.br\/loja\/#organization\"},\"potentialAction\":[{\"@type\":\"SearchAction\",\"target\":{\"@type\":\"EntryPoint\",\"urlTemplate\":\"https:\/\/www.massafmedical.com.br\/loja\/?s={search_term_string}\"},\"query-input\":{\"@type\":\"PropertyValueSpecification\",\"valueRequired\":true,\"valueName\":\"search_term_string\"}}],\"inLanguage\":\"pt-BR\"},{\"@type\":\"Organization\",\"@id\":\"https:\/\/www.massafmedical.com.br\/loja\/#organization\",\"name\":\"Massaf Medical\",\"url\":\"https:\/\/www.massafmedical.com.br\/loja\/\",\"logo\":{\"@type\":\"ImageObject\",\"inLanguage\":\"pt-BR\",\"@id\":\"https:\/\/www.massafmedical.com.br\/loja\/#\/schema\/logo\/image\/\",\"url\":\"http:\/\/www.massafmedical.com.br\/loja\/wp-content\/uploads\/2020\/10\/logotipo-big.png\",\"contentUrl\":\"http:\/\/www.massafmedical.com.br\/loja\/wp-content\/uploads\/2020\/10\/logotipo-big.png\",\"width\":750,\"height\":253,\"caption\":\"Massaf Medical\"},\"image\":{\"@id\":\"https:\/\/www.massafmedical.com.br\/loja\/#\/schema\/logo\/image\/\"},\"sameAs\":[\"http:\/\/www.facebook.com\/MASSAFMEDICAL\"]}]}<\/script>\n<!-- \/ Yoast SEO plugin. -->","yoast_head_json":{"title":"Yoovet - A plataforma de gest\u00e3o do veterin\u00e1rio imaginologista - Massaf Medical","robots":{"index":"index","follow":"follow","max-snippet":"max-snippet:-1","max-image-preview":"max-image-preview:large","max-video-preview":"max-video-preview:-1"},"canonical":"https:\/\/www.massafmedical.com.br\/loja\/produto\/yoovet-a-plataforma-de-gestao-do-veterinario-imaginologista\/","og_locale":"pt_BR","og_type":"article","og_title":"Yoovet - A plataforma de gest\u00e3o do veterin\u00e1rio imaginologista - Massaf Medical","og_description":"A Yoovet \u00e9 a plataforma digital que automatiza a rotina dos veterin\u00e1rios imaginologistas, ajudando na gest\u00e3o de pacientes, na cria\u00e7\u00e3o de laudos e na organiza\u00e7\u00e3o do neg\u00f3cio, tudo de forma pr\u00e1tica e eficiente.","og_url":"https:\/\/www.massafmedical.com.br\/loja\/produto\/yoovet-a-plataforma-de-gestao-do-veterinario-imaginologista\/","og_site_name":"Massaf Medical","article_publisher":"http:\/\/www.facebook.com\/MASSAFMEDICAL","article_modified_time":"2025-02-26T13:06:31+00:00","og_image":[{"width":828,"height":832,"url":"https:\/\/www.massafmedical.com.br\/loja\/wp-content\/uploads\/2025\/02\/WhatsApp-Image-2025-02-17-at-10.29.19.jpeg","type":"image\/jpeg"}],"twitter_card":"summary_large_image","twitter_misc":{"Est. tempo de leitura":"2 minutos"},"schema":{"@context":"https:\/\/schema.org","@graph":[{"@type":"WebPage","@id":"https:\/\/www.massafmedical.com.br\/loja\/produto\/yoovet-a-plataforma-de-gestao-do-veterinario-imaginologista\/","url":"https:\/\/www.massafmedical.com.br\/loja\/produto\/yoovet-a-plataforma-de-gestao-do-veterinario-imaginologista\/","name":"Yoovet - A plataforma de gest\u00e3o do veterin\u00e1rio imaginologista - Massaf Medical","isPartOf":{"@id":"https:\/\/www.massafmedical.com.br\/loja\/#website"},"primaryImageOfPage":{"@id":"https:\/\/www.massafmedical.com.br\/loja\/produto\/yoovet-a-plataforma-de-gestao-do-veterinario-imaginologista\/#primaryimage"},"image":{"@id":"https:\/\/www.massafmedical.com.br\/loja\/produto\/yoovet-a-plataforma-de-gestao-do-veterinario-imaginologista\/#primaryimage"},"thumbnailUrl":"https:\/\/www.massafmedical.com.br\/loja\/wp-content\/uploads\/2025\/02\/WhatsApp-Image-2025-02-17-at-10.29.19.jpeg","datePublished":"2025-02-17T13:23:01+00:00","dateModified":"2025-02-26T13:06:31+00:00","breadcrumb":{"@id":"https:\/\/www.massafmedical.com.br\/loja\/produto\/yoovet-a-plataforma-de-gestao-do-veterinario-imaginologista\/#breadcrumb"},"inLanguage":"pt-BR","potentialAction":[{"@type":"ReadAction","target":["https:\/\/www.massafmedical.com.br\/loja\/produto\/yoovet-a-plataforma-de-gestao-do-veterinario-imaginologista\/"]}]},{"@type":"ImageObject","inLanguage":"pt-BR","@id":"https:\/\/www.massafmedical.com.br\/loja\/produto\/yoovet-a-plataforma-de-gestao-do-veterinario-imaginologista\/#primaryimage","url":"https:\/\/www.massafmedical.com.br\/loja\/wp-content\/uploads\/2025\/02\/WhatsApp-Image-2025-02-17-at-10.29.19.jpeg","contentUrl":"https:\/\/www.massafmedical.com.br\/loja\/wp-content\/uploads\/2025\/02\/WhatsApp-Image-2025-02-17-at-10.29.19.jpeg","width":828,"height":832},{"@type":"BreadcrumbList","@id":"https:\/\/www.massafmedical.com.br\/loja\/produto\/yoovet-a-plataforma-de-gestao-do-veterinario-imaginologista\/#breadcrumb","itemListElement":[{"@type":"ListItem","position":1,"name":"In\u00edcio","item":"https:\/\/www.massafmedical.com.br\/loja\/"},{"@type":"ListItem","position":2,"name":"Produtos","item":"https:\/\/www.massafmedical.com.br\/loja\/nossos-produtos\/"},{"@type":"ListItem","position":3,"name":"Yoovet &#8211; A plataforma de gest\u00e3o do veterin\u00e1rio imaginologista"}]},{"@type":"WebSite","@id":"https:\/\/www.massafmedical.com.br\/loja\/#website","url":"https:\/\/www.massafmedical.com.br\/loja\/","name":"Massaf Medical","description":"","publisher":{"@id":"https:\/\/www.massafmedical.com.br\/loja\/#organization"},"potentialAction":[{"@type":"SearchAction","target":{"@type":"EntryPoint","urlTemplate":"https:\/\/www.massafmedical.com.br\/loja\/?s={search_term_string}"},"query-input":{"@type":"PropertyValueSpecification","valueRequired":true,"valueName":"search_term_string"}}],"inLanguage":"pt-BR"},{"@type":"Organization","@id":"https:\/\/www.massafmedical.com.br\/loja\/#organization","name":"Massaf Medical","url":"https:\/\/www.massafmedical.com.br\/loja\/","logo":{"@type":"ImageObject","inLanguage":"pt-BR","@id":"https:\/\/www.massafmedical.com.br\/loja\/#\/schema\/logo\/image\/","url":"http:\/\/www.massafmedical.com.br\/loja\/wp-content\/uploads\/2020\/10\/logotipo-big.png","contentUrl":"http:\/\/www.massafmedical.com.br\/loja\/wp-content\/uploads\/2020\/10\/logotipo-big.png","width":750,"height":253,"caption":"Massaf Medical"},"image":{"@id":"https:\/\/www.massafmedical.com.br\/loja\/#\/schema\/logo\/image\/"},"sameAs":["http:\/\/www.facebook.com\/MASSAFMEDICAL"]}]}},"_links":{"self":[{"href":"https:\/\/www.massafmedical.com.br\/loja\/wp-json\/wp\/v2\/product\/1463","targetHints":{"allow":["GET"]}}],"collection":[{"href":"https:\/\/www.massafmedical.com.br\/loja\/wp-json\/wp\/v2\/product"}],"about":[{"href":"https:\/\/www.massafmedical.com.br\/loja\/wp-json\/wp\/v2\/types\/product"}],"wp:featuredmedia":[{"embeddable":true,"href":"https:\/\/www.massafmedical.com.br\/loja\/wp-json\/wp\/v2\/media\/1470"}],"wp:attachment":[{"href":"https:\/\/www.massafmedical.com.br\/loja\/wp-json\/wp\/v2\/media?parent=1463"}],"wp:term":[{"taxonomy":"product_brand","embeddable":true,"href":"https:\/\/www.massafmedical.com.br\/loja\/wp-json\/wp\/v2\/product_brand?post=1463"},{"taxonomy":"product_cat","embeddable":true,"href":"https:\/\/www.massafmedical.com.br\/loja\/wp-json\/wp\/v2\/product_cat?post=1463"},{"taxonomy":"product_tag","embeddable":true,"href":"https:\/\/www.massafmedical.com.br\/loja\/wp-json\/wp\/v2\/product_tag?post=1463"}],"curies":[{"name":"wp","href":"https:\/\/api.w.org\/{rel}","templated":true}]}}