{"id":1443,"date":"2025-02-07T11:28:17","date_gmt":"2025-02-07T14:28:17","guid":{"rendered":"https:\/\/www.massafmedical.com.br\/loja\/?post_type=product&#038;p=1443"},"modified":"2025-08-25T13:26:00","modified_gmt":"2025-08-25T16:26:00","slug":"pinca-de-biopsia-oval-sem-espicula-reutilizavel-2-4mm-2300mm-linha-economica","status":"publish","type":"product","link":"https:\/\/www.massafmedical.com.br\/loja\/produto\/pinca-de-biopsia-oval-sem-espicula-reutilizavel-2-4mm-2300mm-linha-economica\/","title":{"rendered":"Pin\u00e7a de Bi\u00f3psia Oval sem Esp\u00edcula REUTILIZ\u00c1VEL 2.4mm 2300mm (Linha Econ\u00f4mica)"},"content":{"rendered":"<div><strong>Pin\u00e7a de bi\u00f3psia oval sem esp\u00edcula para procedimento de colonoscopia autoclav\u00e1vel de\u00a02,4 mm de di\u00e2metro e 2300 mm de comprimento<\/strong><\/div>\n<div><\/div>\n<div>PAGAMENTO\u00a0 VIA PIX COM 3% DE DESCONTO.<\/div>\n<div><\/div>\n<div>Garantia: 7 dias ap\u00f3s o recebimento do produto. Todas as garantias s\u00e3o dadas pelos fabricantes, e variam de produto para produto. Elas ser\u00e3o informadas nas p\u00e1ginas de cada produto. Caso tenha alguma d\u00favida, entre em contato conosco.<\/div>\n<div><\/div>\n<div>Para devolu\u00e7\u00f5es, os produtos dever\u00e3o ser remetidos em suas embalagens originais e caso for constatado mal uso, o custo ser\u00e1 por parte do comprador.<\/div>\n<div><\/div>\n<div class=\"product-sku\">Ref:\u00a0<span id=\"product-reference\" class=\"product-sku ref\" data-url=\"\/mvc\/store\/product\/variant_reference\/?loja=758386\">0000007960447<\/span><\/div>\n<div class=\"product-brand\">Marca: Alton<\/div>\n<div class=\"product-brand\">Modelo: AF-2423BSE<\/div>\n","protected":false},"excerpt":{"rendered":"<p>A <strong>Pin\u00e7a de Bi\u00f3psia Oval sem Esp\u00edcula REUTILIZ\u00c1VEL<\/strong> \u00e9 projetada para <strong>procedimentos de endoscopia<\/strong>, permitindo a coleta de amostras de tecidos com precis\u00e3o. Com <strong>2,4 mm de di\u00e2metro<\/strong> e <strong>2300 mm de comprimento<\/strong>, ela \u00e9 ideal para acessar \u00e1reas profundas do trato digestivo ou respirat\u00f3rio durante exames endosc\u00f3picos. Sua caracter\u00edstica <strong>reutiliz\u00e1vel<\/strong> permite esteriliza\u00e7\u00e3o e uso repetido, tornando-a uma op\u00e7\u00e3o econ\u00f4mica e sustent\u00e1vel. A <strong>Linha Econ\u00f4mica<\/strong> oferece um excelente custo-benef\u00edcio, sem abrir m\u00e3o da qualidade e da seguran\u00e7a, sendo adequada para hospitais e cl\u00ednicas que buscam equipamentos de alto desempenho com um custo mais acess\u00edvel.<\/p>\n","protected":false},"featured_media":1442,"template":"","meta":[],"product_brand":[],"product_cat":[51,86,85,88],"product_tag":[],"class_list":{"0":"post-1443","1":"product","2":"type-product","3":"status-publish","4":"has-post-thumbnail","6":"product_cat-produtos-hospitalares-e-para-pacientes","7":"product_cat-medicinaveterinaria","8":"product_cat-permanentes","9":"product_cat-pincas-e-acessorios","11":"first","12":"instock","13":"taxable","14":"shipping-taxable","15":"purchasable","16":"product-type-simple"},"acf":[],"yoast_head":"<!-- This site is optimized with the Yoast SEO plugin v24.4 - https:\/\/yoast.com\/wordpress\/plugins\/seo\/ -->\n<title>Pin\u00e7a de Bi\u00f3psia Oval sem Esp\u00edcula REUTILIZ\u00c1VEL 2.4mm 2300mm (Linha Econ\u00f4mica) - Massaf Medical<\/title>\n<meta name=\"robots\" content=\"index, follow, max-snippet:-1, max-image-preview:large, max-video-preview:-1\" \/>\n<link rel=\"canonical\" href=\"https:\/\/www.massafmedical.com.br\/loja\/produto\/pinca-de-biopsia-oval-sem-espicula-reutilizavel-2-4mm-2300mm-linha-economica\/\" \/>\n<meta property=\"og:locale\" content=\"pt_BR\" \/>\n<meta property=\"og:type\" content=\"article\" \/>\n<meta property=\"og:title\" content=\"Pin\u00e7a de Bi\u00f3psia Oval sem Esp\u00edcula REUTILIZ\u00c1VEL 2.4mm 2300mm (Linha Econ\u00f4mica) - Massaf Medical\" \/>\n<meta property=\"og:description\" content=\"A Pin\u00e7a de Bi\u00f3psia Oval sem Esp\u00edcula REUTILIZ\u00c1VEL \u00e9 projetada para procedimentos de endoscopia, permitindo a coleta de amostras de tecidos com precis\u00e3o. Com 2,4 mm de di\u00e2metro e 2300 mm de comprimento, ela \u00e9 ideal para acessar \u00e1reas profundas do trato digestivo ou respirat\u00f3rio durante exames endosc\u00f3picos. Sua caracter\u00edstica reutiliz\u00e1vel permite esteriliza\u00e7\u00e3o e uso repetido, tornando-a uma op\u00e7\u00e3o econ\u00f4mica e sustent\u00e1vel. A Linha Econ\u00f4mica oferece um excelente custo-benef\u00edcio, sem abrir m\u00e3o da qualidade e da seguran\u00e7a, sendo adequada para hospitais e cl\u00ednicas que buscam equipamentos de alto desempenho com um custo mais acess\u00edvel.\" \/>\n<meta property=\"og:url\" content=\"https:\/\/www.massafmedical.com.br\/loja\/produto\/pinca-de-biopsia-oval-sem-espicula-reutilizavel-2-4mm-2300mm-linha-economica\/\" \/>\n<meta property=\"og:site_name\" content=\"Massaf Medical\" \/>\n<meta property=\"article:publisher\" content=\"http:\/\/www.facebook.com\/MASSAFMEDICAL\" \/>\n<meta property=\"article:modified_time\" content=\"2025-08-25T16:26:00+00:00\" \/>\n<meta property=\"og:image\" content=\"https:\/\/www.massafmedical.com.br\/loja\/wp-content\/uploads\/2025\/02\/WhatsApp-Image-2025-02-07-at-11.14.59.jpeg\" \/>\n\t<meta property=\"og:image:width\" content=\"420\" \/>\n\t<meta property=\"og:image:height\" content=\"476\" \/>\n\t<meta property=\"og:image:type\" content=\"image\/jpeg\" \/>\n<meta name=\"twitter:card\" content=\"summary_large_image\" \/>\n<meta name=\"twitter:label1\" content=\"Est. tempo de leitura\" \/>\n\t<meta name=\"twitter:data1\" content=\"1 minuto\" \/>\n<script type=\"application\/ld+json\" class=\"yoast-schema-graph\">{\"@context\":\"https:\/\/schema.org\",\"@graph\":[{\"@type\":\"WebPage\",\"@id\":\"https:\/\/www.massafmedical.com.br\/loja\/produto\/pinca-de-biopsia-oval-sem-espicula-reutilizavel-2-4mm-2300mm-linha-economica\/\",\"url\":\"https:\/\/www.massafmedical.com.br\/loja\/produto\/pinca-de-biopsia-oval-sem-espicula-reutilizavel-2-4mm-2300mm-linha-economica\/\",\"name\":\"Pin\u00e7a de Bi\u00f3psia Oval sem Esp\u00edcula REUTILIZ\u00c1VEL 2.4mm 2300mm (Linha Econ\u00f4mica) - Massaf Medical\",\"isPartOf\":{\"@id\":\"https:\/\/www.massafmedical.com.br\/loja\/#website\"},\"primaryImageOfPage\":{\"@id\":\"https:\/\/www.massafmedical.com.br\/loja\/produto\/pinca-de-biopsia-oval-sem-espicula-reutilizavel-2-4mm-2300mm-linha-economica\/#primaryimage\"},\"image\":{\"@id\":\"https:\/\/www.massafmedical.com.br\/loja\/produto\/pinca-de-biopsia-oval-sem-espicula-reutilizavel-2-4mm-2300mm-linha-economica\/#primaryimage\"},\"thumbnailUrl\":\"https:\/\/www.massafmedical.com.br\/loja\/wp-content\/uploads\/2025\/02\/WhatsApp-Image-2025-02-07-at-11.14.59.jpeg\",\"datePublished\":\"2025-02-07T14:28:17+00:00\",\"dateModified\":\"2025-08-25T16:26:00+00:00\",\"breadcrumb\":{\"@id\":\"https:\/\/www.massafmedical.com.br\/loja\/produto\/pinca-de-biopsia-oval-sem-espicula-reutilizavel-2-4mm-2300mm-linha-economica\/#breadcrumb\"},\"inLanguage\":\"pt-BR\",\"potentialAction\":[{\"@type\":\"ReadAction\",\"target\":[\"https:\/\/www.massafmedical.com.br\/loja\/produto\/pinca-de-biopsia-oval-sem-espicula-reutilizavel-2-4mm-2300mm-linha-economica\/\"]}]},{\"@type\":\"ImageObject\",\"inLanguage\":\"pt-BR\",\"@id\":\"https:\/\/www.massafmedical.com.br\/loja\/produto\/pinca-de-biopsia-oval-sem-espicula-reutilizavel-2-4mm-2300mm-linha-economica\/#primaryimage\",\"url\":\"https:\/\/www.massafmedical.com.br\/loja\/wp-content\/uploads\/2025\/02\/WhatsApp-Image-2025-02-07-at-11.14.59.jpeg\",\"contentUrl\":\"https:\/\/www.massafmedical.com.br\/loja\/wp-content\/uploads\/2025\/02\/WhatsApp-Image-2025-02-07-at-11.14.59.jpeg\",\"width\":420,\"height\":476},{\"@type\":\"BreadcrumbList\",\"@id\":\"https:\/\/www.massafmedical.com.br\/loja\/produto\/pinca-de-biopsia-oval-sem-espicula-reutilizavel-2-4mm-2300mm-linha-economica\/#breadcrumb\",\"itemListElement\":[{\"@type\":\"ListItem\",\"position\":1,\"name\":\"In\u00edcio\",\"item\":\"https:\/\/www.massafmedical.com.br\/loja\/\"},{\"@type\":\"ListItem\",\"position\":2,\"name\":\"Produtos\",\"item\":\"https:\/\/www.massafmedical.com.br\/loja\/nossos-produtos\/\"},{\"@type\":\"ListItem\",\"position\":3,\"name\":\"Pin\u00e7a de Bi\u00f3psia Oval sem Esp\u00edcula REUTILIZ\u00c1VEL 2.4mm 2300mm (Linha Econ\u00f4mica)\"}]},{\"@type\":\"WebSite\",\"@id\":\"https:\/\/www.massafmedical.com.br\/loja\/#website\",\"url\":\"https:\/\/www.massafmedical.com.br\/loja\/\",\"name\":\"Massaf Medical\",\"description\":\"\",\"publisher\":{\"@id\":\"https:\/\/www.massafmedical.com.br\/loja\/#organization\"},\"potentialAction\":[{\"@type\":\"SearchAction\",\"target\":{\"@type\":\"EntryPoint\",\"urlTemplate\":\"https:\/\/www.massafmedical.com.br\/loja\/?s={search_term_string}\"},\"query-input\":{\"@type\":\"PropertyValueSpecification\",\"valueRequired\":true,\"valueName\":\"search_term_string\"}}],\"inLanguage\":\"pt-BR\"},{\"@type\":\"Organization\",\"@id\":\"https:\/\/www.massafmedical.com.br\/loja\/#organization\",\"name\":\"Massaf Medical\",\"url\":\"https:\/\/www.massafmedical.com.br\/loja\/\",\"logo\":{\"@type\":\"ImageObject\",\"inLanguage\":\"pt-BR\",\"@id\":\"https:\/\/www.massafmedical.com.br\/loja\/#\/schema\/logo\/image\/\",\"url\":\"http:\/\/www.massafmedical.com.br\/loja\/wp-content\/uploads\/2020\/10\/logotipo-big.png\",\"contentUrl\":\"http:\/\/www.massafmedical.com.br\/loja\/wp-content\/uploads\/2020\/10\/logotipo-big.png\",\"width\":750,\"height\":253,\"caption\":\"Massaf Medical\"},\"image\":{\"@id\":\"https:\/\/www.massafmedical.com.br\/loja\/#\/schema\/logo\/image\/\"},\"sameAs\":[\"http:\/\/www.facebook.com\/MASSAFMEDICAL\"]}]}<\/script>\n<!-- \/ Yoast SEO plugin. -->","yoast_head_json":{"title":"Pin\u00e7a de Bi\u00f3psia Oval sem Esp\u00edcula REUTILIZ\u00c1VEL 2.4mm 2300mm (Linha Econ\u00f4mica) - Massaf Medical","robots":{"index":"index","follow":"follow","max-snippet":"max-snippet:-1","max-image-preview":"max-image-preview:large","max-video-preview":"max-video-preview:-1"},"canonical":"https:\/\/www.massafmedical.com.br\/loja\/produto\/pinca-de-biopsia-oval-sem-espicula-reutilizavel-2-4mm-2300mm-linha-economica\/","og_locale":"pt_BR","og_type":"article","og_title":"Pin\u00e7a de Bi\u00f3psia Oval sem Esp\u00edcula REUTILIZ\u00c1VEL 2.4mm 2300mm (Linha Econ\u00f4mica) - Massaf Medical","og_description":"A Pin\u00e7a de Bi\u00f3psia Oval sem Esp\u00edcula REUTILIZ\u00c1VEL \u00e9 projetada para procedimentos de endoscopia, permitindo a coleta de amostras de tecidos com precis\u00e3o. Com 2,4 mm de di\u00e2metro e 2300 mm de comprimento, ela \u00e9 ideal para acessar \u00e1reas profundas do trato digestivo ou respirat\u00f3rio durante exames endosc\u00f3picos. Sua caracter\u00edstica reutiliz\u00e1vel permite esteriliza\u00e7\u00e3o e uso repetido, tornando-a uma op\u00e7\u00e3o econ\u00f4mica e sustent\u00e1vel. A Linha Econ\u00f4mica oferece um excelente custo-benef\u00edcio, sem abrir m\u00e3o da qualidade e da seguran\u00e7a, sendo adequada para hospitais e cl\u00ednicas que buscam equipamentos de alto desempenho com um custo mais acess\u00edvel.","og_url":"https:\/\/www.massafmedical.com.br\/loja\/produto\/pinca-de-biopsia-oval-sem-espicula-reutilizavel-2-4mm-2300mm-linha-economica\/","og_site_name":"Massaf Medical","article_publisher":"http:\/\/www.facebook.com\/MASSAFMEDICAL","article_modified_time":"2025-08-25T16:26:00+00:00","og_image":[{"width":420,"height":476,"url":"https:\/\/www.massafmedical.com.br\/loja\/wp-content\/uploads\/2025\/02\/WhatsApp-Image-2025-02-07-at-11.14.59.jpeg","type":"image\/jpeg"}],"twitter_card":"summary_large_image","twitter_misc":{"Est. tempo de leitura":"1 minuto"},"schema":{"@context":"https:\/\/schema.org","@graph":[{"@type":"WebPage","@id":"https:\/\/www.massafmedical.com.br\/loja\/produto\/pinca-de-biopsia-oval-sem-espicula-reutilizavel-2-4mm-2300mm-linha-economica\/","url":"https:\/\/www.massafmedical.com.br\/loja\/produto\/pinca-de-biopsia-oval-sem-espicula-reutilizavel-2-4mm-2300mm-linha-economica\/","name":"Pin\u00e7a de Bi\u00f3psia Oval sem Esp\u00edcula REUTILIZ\u00c1VEL 2.4mm 2300mm (Linha Econ\u00f4mica) - Massaf Medical","isPartOf":{"@id":"https:\/\/www.massafmedical.com.br\/loja\/#website"},"primaryImageOfPage":{"@id":"https:\/\/www.massafmedical.com.br\/loja\/produto\/pinca-de-biopsia-oval-sem-espicula-reutilizavel-2-4mm-2300mm-linha-economica\/#primaryimage"},"image":{"@id":"https:\/\/www.massafmedical.com.br\/loja\/produto\/pinca-de-biopsia-oval-sem-espicula-reutilizavel-2-4mm-2300mm-linha-economica\/#primaryimage"},"thumbnailUrl":"https:\/\/www.massafmedical.com.br\/loja\/wp-content\/uploads\/2025\/02\/WhatsApp-Image-2025-02-07-at-11.14.59.jpeg","datePublished":"2025-02-07T14:28:17+00:00","dateModified":"2025-08-25T16:26:00+00:00","breadcrumb":{"@id":"https:\/\/www.massafmedical.com.br\/loja\/produto\/pinca-de-biopsia-oval-sem-espicula-reutilizavel-2-4mm-2300mm-linha-economica\/#breadcrumb"},"inLanguage":"pt-BR","potentialAction":[{"@type":"ReadAction","target":["https:\/\/www.massafmedical.com.br\/loja\/produto\/pinca-de-biopsia-oval-sem-espicula-reutilizavel-2-4mm-2300mm-linha-economica\/"]}]},{"@type":"ImageObject","inLanguage":"pt-BR","@id":"https:\/\/www.massafmedical.com.br\/loja\/produto\/pinca-de-biopsia-oval-sem-espicula-reutilizavel-2-4mm-2300mm-linha-economica\/#primaryimage","url":"https:\/\/www.massafmedical.com.br\/loja\/wp-content\/uploads\/2025\/02\/WhatsApp-Image-2025-02-07-at-11.14.59.jpeg","contentUrl":"https:\/\/www.massafmedical.com.br\/loja\/wp-content\/uploads\/2025\/02\/WhatsApp-Image-2025-02-07-at-11.14.59.jpeg","width":420,"height":476},{"@type":"BreadcrumbList","@id":"https:\/\/www.massafmedical.com.br\/loja\/produto\/pinca-de-biopsia-oval-sem-espicula-reutilizavel-2-4mm-2300mm-linha-economica\/#breadcrumb","itemListElement":[{"@type":"ListItem","position":1,"name":"In\u00edcio","item":"https:\/\/www.massafmedical.com.br\/loja\/"},{"@type":"ListItem","position":2,"name":"Produtos","item":"https:\/\/www.massafmedical.com.br\/loja\/nossos-produtos\/"},{"@type":"ListItem","position":3,"name":"Pin\u00e7a de Bi\u00f3psia Oval sem Esp\u00edcula REUTILIZ\u00c1VEL 2.4mm 2300mm (Linha Econ\u00f4mica)"}]},{"@type":"WebSite","@id":"https:\/\/www.massafmedical.com.br\/loja\/#website","url":"https:\/\/www.massafmedical.com.br\/loja\/","name":"Massaf Medical","description":"","publisher":{"@id":"https:\/\/www.massafmedical.com.br\/loja\/#organization"},"potentialAction":[{"@type":"SearchAction","target":{"@type":"EntryPoint","urlTemplate":"https:\/\/www.massafmedical.com.br\/loja\/?s={search_term_string}"},"query-input":{"@type":"PropertyValueSpecification","valueRequired":true,"valueName":"search_term_string"}}],"inLanguage":"pt-BR"},{"@type":"Organization","@id":"https:\/\/www.massafmedical.com.br\/loja\/#organization","name":"Massaf Medical","url":"https:\/\/www.massafmedical.com.br\/loja\/","logo":{"@type":"ImageObject","inLanguage":"pt-BR","@id":"https:\/\/www.massafmedical.com.br\/loja\/#\/schema\/logo\/image\/","url":"http:\/\/www.massafmedical.com.br\/loja\/wp-content\/uploads\/2020\/10\/logotipo-big.png","contentUrl":"http:\/\/www.massafmedical.com.br\/loja\/wp-content\/uploads\/2020\/10\/logotipo-big.png","width":750,"height":253,"caption":"Massaf Medical"},"image":{"@id":"https:\/\/www.massafmedical.com.br\/loja\/#\/schema\/logo\/image\/"},"sameAs":["http:\/\/www.facebook.com\/MASSAFMEDICAL"]}]}},"_links":{"self":[{"href":"https:\/\/www.massafmedical.com.br\/loja\/wp-json\/wp\/v2\/product\/1443","targetHints":{"allow":["GET"]}}],"collection":[{"href":"https:\/\/www.massafmedical.com.br\/loja\/wp-json\/wp\/v2\/product"}],"about":[{"href":"https:\/\/www.massafmedical.com.br\/loja\/wp-json\/wp\/v2\/types\/product"}],"wp:featuredmedia":[{"embeddable":true,"href":"https:\/\/www.massafmedical.com.br\/loja\/wp-json\/wp\/v2\/media\/1442"}],"wp:attachment":[{"href":"https:\/\/www.massafmedical.com.br\/loja\/wp-json\/wp\/v2\/media?parent=1443"}],"wp:term":[{"taxonomy":"product_brand","embeddable":true,"href":"https:\/\/www.massafmedical.com.br\/loja\/wp-json\/wp\/v2\/product_brand?post=1443"},{"taxonomy":"product_cat","embeddable":true,"href":"https:\/\/www.massafmedical.com.br\/loja\/wp-json\/wp\/v2\/product_cat?post=1443"},{"taxonomy":"product_tag","embeddable":true,"href":"https:\/\/www.massafmedical.com.br\/loja\/wp-json\/wp\/v2\/product_tag?post=1443"}],"curies":[{"name":"wp","href":"https:\/\/api.w.org\/{rel}","templated":true}]}}