{"id":1438,"date":"2025-02-07T11:03:43","date_gmt":"2025-02-07T14:03:43","guid":{"rendered":"https:\/\/www.massafmedical.com.br\/loja\/?post_type=product&#038;p=1438"},"modified":"2025-07-24T12:47:13","modified_gmt":"2025-07-24T15:47:13","slug":"escova-de-limpeza-cerda-unica-reutilizavel-2-4mm-1600mm","status":"publish","type":"product","link":"https:\/\/www.massafmedical.com.br\/loja\/produto\/escova-de-limpeza-cerda-unica-reutilizavel-2-4mm-1600mm\/","title":{"rendered":"Escova de Limpeza Cerda \u00danica REUTILIZ\u00c1VEL 2.4mm 1600mm"},"content":{"rendered":"<div><img decoding=\"async\" class=\"wp-image-1440 alignright lazyload\" data-src=\"https:\/\/www.massafmedical.com.br\/loja\/wp-content\/uploads\/2025\/02\/Escova-de-limpeza-1-1.png\" alt=\"\" width=\"268\" height=\"196\" src=\"data:image\/gif;base64,R0lGODlhAQABAAAAACH5BAEKAAEALAAAAAABAAEAAAICTAEAOw==\" style=\"--smush-placeholder-width: 268px; --smush-placeholder-aspect-ratio: 268\/196;\" \/><span style=\"font-size: 1rem;\">Ref: <\/span><span id=\"product-reference\" class=\"product-sku ref\" style=\"font-size: 1rem;\" data-url=\"\/mvc\/store\/product\/variant_reference\/?loja=758386\">0000000798310<\/span><\/div>\n<div class=\"product-brand\">Marca: Alton<\/div>\n<div class=\"product-brand\">Modelo: AF-2416WA301<\/div>\n","protected":false},"excerpt":{"rendered":"<p>Escova de limpeza reutiliz\u00e1vel de cerda \u00fanica para v\u00eddeo gastroscopios e duodenoscopios de comprimento com canais de no m\u00ednimo 2.8mm de di\u00e2metro externo.<\/p>\n","protected":false},"featured_media":1439,"template":"","meta":[],"product_brand":[],"product_cat":[91,51,88],"product_tag":[],"class_list":{"0":"post-1438","1":"product","2":"type-product","3":"status-publish","4":"has-post-thumbnail","6":"product_cat-acessorios-endoscopia","7":"product_cat-produtos-hospitalares-e-para-pacientes","8":"product_cat-pincas-e-acessorios","10":"first","11":"instock","12":"taxable","13":"shipping-taxable","14":"product-type-simple"},"acf":[],"yoast_head":"<!-- This site is optimized with the Yoast SEO plugin v24.4 - https:\/\/yoast.com\/wordpress\/plugins\/seo\/ -->\n<title>Escova de Limpeza Cerda \u00danica REUTILIZ\u00c1VEL 2.4mm 1600mm - Massaf Medical<\/title>\n<meta name=\"robots\" content=\"index, follow, max-snippet:-1, max-image-preview:large, max-video-preview:-1\" \/>\n<link rel=\"canonical\" href=\"https:\/\/www.massafmedical.com.br\/loja\/produto\/escova-de-limpeza-cerda-unica-reutilizavel-2-4mm-1600mm\/\" \/>\n<meta property=\"og:locale\" content=\"pt_BR\" \/>\n<meta property=\"og:type\" content=\"article\" \/>\n<meta property=\"og:title\" content=\"Escova de Limpeza Cerda \u00danica REUTILIZ\u00c1VEL 2.4mm 1600mm - Massaf Medical\" \/>\n<meta property=\"og:description\" content=\"Escova de limpeza reutiliz\u00e1vel de cerda \u00fanica para v\u00eddeo gastroscopios e duodenoscopios de comprimento com canais de no m\u00ednimo 2.8mm de di\u00e2metro externo.\" \/>\n<meta property=\"og:url\" content=\"https:\/\/www.massafmedical.com.br\/loja\/produto\/escova-de-limpeza-cerda-unica-reutilizavel-2-4mm-1600mm\/\" \/>\n<meta property=\"og:site_name\" content=\"Massaf Medical\" \/>\n<meta property=\"article:publisher\" content=\"http:\/\/www.facebook.com\/MASSAFMEDICAL\" \/>\n<meta property=\"article:modified_time\" content=\"2025-07-24T15:47:13+00:00\" \/>\n<meta property=\"og:image\" content=\"https:\/\/www.massafmedical.com.br\/loja\/wp-content\/uploads\/2025\/02\/Escova-de-cerda-unica-reutilizavel-1.png\" \/>\n\t<meta property=\"og:image:width\" content=\"800\" \/>\n\t<meta property=\"og:image:height\" content=\"800\" \/>\n\t<meta property=\"og:image:type\" content=\"image\/png\" \/>\n<meta name=\"twitter:card\" content=\"summary_large_image\" \/>\n<meta name=\"twitter:label1\" content=\"Est. tempo de leitura\" \/>\n\t<meta name=\"twitter:data1\" content=\"1 minuto\" \/>\n<script type=\"application\/ld+json\" class=\"yoast-schema-graph\">{\"@context\":\"https:\/\/schema.org\",\"@graph\":[{\"@type\":\"WebPage\",\"@id\":\"https:\/\/www.massafmedical.com.br\/loja\/produto\/escova-de-limpeza-cerda-unica-reutilizavel-2-4mm-1600mm\/\",\"url\":\"https:\/\/www.massafmedical.com.br\/loja\/produto\/escova-de-limpeza-cerda-unica-reutilizavel-2-4mm-1600mm\/\",\"name\":\"Escova de Limpeza Cerda \u00danica REUTILIZ\u00c1VEL 2.4mm 1600mm - Massaf Medical\",\"isPartOf\":{\"@id\":\"https:\/\/www.massafmedical.com.br\/loja\/#website\"},\"primaryImageOfPage\":{\"@id\":\"https:\/\/www.massafmedical.com.br\/loja\/produto\/escova-de-limpeza-cerda-unica-reutilizavel-2-4mm-1600mm\/#primaryimage\"},\"image\":{\"@id\":\"https:\/\/www.massafmedical.com.br\/loja\/produto\/escova-de-limpeza-cerda-unica-reutilizavel-2-4mm-1600mm\/#primaryimage\"},\"thumbnailUrl\":\"https:\/\/www.massafmedical.com.br\/loja\/wp-content\/uploads\/2025\/02\/Escova-de-cerda-unica-reutilizavel-1.png\",\"datePublished\":\"2025-02-07T14:03:43+00:00\",\"dateModified\":\"2025-07-24T15:47:13+00:00\",\"breadcrumb\":{\"@id\":\"https:\/\/www.massafmedical.com.br\/loja\/produto\/escova-de-limpeza-cerda-unica-reutilizavel-2-4mm-1600mm\/#breadcrumb\"},\"inLanguage\":\"pt-BR\",\"potentialAction\":[{\"@type\":\"ReadAction\",\"target\":[\"https:\/\/www.massafmedical.com.br\/loja\/produto\/escova-de-limpeza-cerda-unica-reutilizavel-2-4mm-1600mm\/\"]}]},{\"@type\":\"ImageObject\",\"inLanguage\":\"pt-BR\",\"@id\":\"https:\/\/www.massafmedical.com.br\/loja\/produto\/escova-de-limpeza-cerda-unica-reutilizavel-2-4mm-1600mm\/#primaryimage\",\"url\":\"https:\/\/www.massafmedical.com.br\/loja\/wp-content\/uploads\/2025\/02\/Escova-de-cerda-unica-reutilizavel-1.png\",\"contentUrl\":\"https:\/\/www.massafmedical.com.br\/loja\/wp-content\/uploads\/2025\/02\/Escova-de-cerda-unica-reutilizavel-1.png\",\"width\":800,\"height\":800},{\"@type\":\"BreadcrumbList\",\"@id\":\"https:\/\/www.massafmedical.com.br\/loja\/produto\/escova-de-limpeza-cerda-unica-reutilizavel-2-4mm-1600mm\/#breadcrumb\",\"itemListElement\":[{\"@type\":\"ListItem\",\"position\":1,\"name\":\"In\u00edcio\",\"item\":\"https:\/\/www.massafmedical.com.br\/loja\/\"},{\"@type\":\"ListItem\",\"position\":2,\"name\":\"Produtos\",\"item\":\"https:\/\/www.massafmedical.com.br\/loja\/nossos-produtos\/\"},{\"@type\":\"ListItem\",\"position\":3,\"name\":\"Escova de Limpeza Cerda \u00danica REUTILIZ\u00c1VEL 2.4mm 1600mm\"}]},{\"@type\":\"WebSite\",\"@id\":\"https:\/\/www.massafmedical.com.br\/loja\/#website\",\"url\":\"https:\/\/www.massafmedical.com.br\/loja\/\",\"name\":\"Massaf Medical\",\"description\":\"\",\"publisher\":{\"@id\":\"https:\/\/www.massafmedical.com.br\/loja\/#organization\"},\"potentialAction\":[{\"@type\":\"SearchAction\",\"target\":{\"@type\":\"EntryPoint\",\"urlTemplate\":\"https:\/\/www.massafmedical.com.br\/loja\/?s={search_term_string}\"},\"query-input\":{\"@type\":\"PropertyValueSpecification\",\"valueRequired\":true,\"valueName\":\"search_term_string\"}}],\"inLanguage\":\"pt-BR\"},{\"@type\":\"Organization\",\"@id\":\"https:\/\/www.massafmedical.com.br\/loja\/#organization\",\"name\":\"Massaf Medical\",\"url\":\"https:\/\/www.massafmedical.com.br\/loja\/\",\"logo\":{\"@type\":\"ImageObject\",\"inLanguage\":\"pt-BR\",\"@id\":\"https:\/\/www.massafmedical.com.br\/loja\/#\/schema\/logo\/image\/\",\"url\":\"http:\/\/www.massafmedical.com.br\/loja\/wp-content\/uploads\/2020\/10\/logotipo-big.png\",\"contentUrl\":\"http:\/\/www.massafmedical.com.br\/loja\/wp-content\/uploads\/2020\/10\/logotipo-big.png\",\"width\":750,\"height\":253,\"caption\":\"Massaf Medical\"},\"image\":{\"@id\":\"https:\/\/www.massafmedical.com.br\/loja\/#\/schema\/logo\/image\/\"},\"sameAs\":[\"http:\/\/www.facebook.com\/MASSAFMEDICAL\"]}]}<\/script>\n<!-- \/ Yoast SEO plugin. -->","yoast_head_json":{"title":"Escova de Limpeza Cerda \u00danica REUTILIZ\u00c1VEL 2.4mm 1600mm - Massaf Medical","robots":{"index":"index","follow":"follow","max-snippet":"max-snippet:-1","max-image-preview":"max-image-preview:large","max-video-preview":"max-video-preview:-1"},"canonical":"https:\/\/www.massafmedical.com.br\/loja\/produto\/escova-de-limpeza-cerda-unica-reutilizavel-2-4mm-1600mm\/","og_locale":"pt_BR","og_type":"article","og_title":"Escova de Limpeza Cerda \u00danica REUTILIZ\u00c1VEL 2.4mm 1600mm - Massaf Medical","og_description":"Escova de limpeza reutiliz\u00e1vel de cerda \u00fanica para v\u00eddeo gastroscopios e duodenoscopios de comprimento com canais de no m\u00ednimo 2.8mm de di\u00e2metro externo.","og_url":"https:\/\/www.massafmedical.com.br\/loja\/produto\/escova-de-limpeza-cerda-unica-reutilizavel-2-4mm-1600mm\/","og_site_name":"Massaf Medical","article_publisher":"http:\/\/www.facebook.com\/MASSAFMEDICAL","article_modified_time":"2025-07-24T15:47:13+00:00","og_image":[{"width":800,"height":800,"url":"https:\/\/www.massafmedical.com.br\/loja\/wp-content\/uploads\/2025\/02\/Escova-de-cerda-unica-reutilizavel-1.png","type":"image\/png"}],"twitter_card":"summary_large_image","twitter_misc":{"Est. tempo de leitura":"1 minuto"},"schema":{"@context":"https:\/\/schema.org","@graph":[{"@type":"WebPage","@id":"https:\/\/www.massafmedical.com.br\/loja\/produto\/escova-de-limpeza-cerda-unica-reutilizavel-2-4mm-1600mm\/","url":"https:\/\/www.massafmedical.com.br\/loja\/produto\/escova-de-limpeza-cerda-unica-reutilizavel-2-4mm-1600mm\/","name":"Escova de Limpeza Cerda \u00danica REUTILIZ\u00c1VEL 2.4mm 1600mm - Massaf Medical","isPartOf":{"@id":"https:\/\/www.massafmedical.com.br\/loja\/#website"},"primaryImageOfPage":{"@id":"https:\/\/www.massafmedical.com.br\/loja\/produto\/escova-de-limpeza-cerda-unica-reutilizavel-2-4mm-1600mm\/#primaryimage"},"image":{"@id":"https:\/\/www.massafmedical.com.br\/loja\/produto\/escova-de-limpeza-cerda-unica-reutilizavel-2-4mm-1600mm\/#primaryimage"},"thumbnailUrl":"https:\/\/www.massafmedical.com.br\/loja\/wp-content\/uploads\/2025\/02\/Escova-de-cerda-unica-reutilizavel-1.png","datePublished":"2025-02-07T14:03:43+00:00","dateModified":"2025-07-24T15:47:13+00:00","breadcrumb":{"@id":"https:\/\/www.massafmedical.com.br\/loja\/produto\/escova-de-limpeza-cerda-unica-reutilizavel-2-4mm-1600mm\/#breadcrumb"},"inLanguage":"pt-BR","potentialAction":[{"@type":"ReadAction","target":["https:\/\/www.massafmedical.com.br\/loja\/produto\/escova-de-limpeza-cerda-unica-reutilizavel-2-4mm-1600mm\/"]}]},{"@type":"ImageObject","inLanguage":"pt-BR","@id":"https:\/\/www.massafmedical.com.br\/loja\/produto\/escova-de-limpeza-cerda-unica-reutilizavel-2-4mm-1600mm\/#primaryimage","url":"https:\/\/www.massafmedical.com.br\/loja\/wp-content\/uploads\/2025\/02\/Escova-de-cerda-unica-reutilizavel-1.png","contentUrl":"https:\/\/www.massafmedical.com.br\/loja\/wp-content\/uploads\/2025\/02\/Escova-de-cerda-unica-reutilizavel-1.png","width":800,"height":800},{"@type":"BreadcrumbList","@id":"https:\/\/www.massafmedical.com.br\/loja\/produto\/escova-de-limpeza-cerda-unica-reutilizavel-2-4mm-1600mm\/#breadcrumb","itemListElement":[{"@type":"ListItem","position":1,"name":"In\u00edcio","item":"https:\/\/www.massafmedical.com.br\/loja\/"},{"@type":"ListItem","position":2,"name":"Produtos","item":"https:\/\/www.massafmedical.com.br\/loja\/nossos-produtos\/"},{"@type":"ListItem","position":3,"name":"Escova de Limpeza Cerda \u00danica REUTILIZ\u00c1VEL 2.4mm 1600mm"}]},{"@type":"WebSite","@id":"https:\/\/www.massafmedical.com.br\/loja\/#website","url":"https:\/\/www.massafmedical.com.br\/loja\/","name":"Massaf Medical","description":"","publisher":{"@id":"https:\/\/www.massafmedical.com.br\/loja\/#organization"},"potentialAction":[{"@type":"SearchAction","target":{"@type":"EntryPoint","urlTemplate":"https:\/\/www.massafmedical.com.br\/loja\/?s={search_term_string}"},"query-input":{"@type":"PropertyValueSpecification","valueRequired":true,"valueName":"search_term_string"}}],"inLanguage":"pt-BR"},{"@type":"Organization","@id":"https:\/\/www.massafmedical.com.br\/loja\/#organization","name":"Massaf Medical","url":"https:\/\/www.massafmedical.com.br\/loja\/","logo":{"@type":"ImageObject","inLanguage":"pt-BR","@id":"https:\/\/www.massafmedical.com.br\/loja\/#\/schema\/logo\/image\/","url":"http:\/\/www.massafmedical.com.br\/loja\/wp-content\/uploads\/2020\/10\/logotipo-big.png","contentUrl":"http:\/\/www.massafmedical.com.br\/loja\/wp-content\/uploads\/2020\/10\/logotipo-big.png","width":750,"height":253,"caption":"Massaf Medical"},"image":{"@id":"https:\/\/www.massafmedical.com.br\/loja\/#\/schema\/logo\/image\/"},"sameAs":["http:\/\/www.facebook.com\/MASSAFMEDICAL"]}]}},"_links":{"self":[{"href":"https:\/\/www.massafmedical.com.br\/loja\/wp-json\/wp\/v2\/product\/1438","targetHints":{"allow":["GET"]}}],"collection":[{"href":"https:\/\/www.massafmedical.com.br\/loja\/wp-json\/wp\/v2\/product"}],"about":[{"href":"https:\/\/www.massafmedical.com.br\/loja\/wp-json\/wp\/v2\/types\/product"}],"wp:featuredmedia":[{"embeddable":true,"href":"https:\/\/www.massafmedical.com.br\/loja\/wp-json\/wp\/v2\/media\/1439"}],"wp:attachment":[{"href":"https:\/\/www.massafmedical.com.br\/loja\/wp-json\/wp\/v2\/media?parent=1438"}],"wp:term":[{"taxonomy":"product_brand","embeddable":true,"href":"https:\/\/www.massafmedical.com.br\/loja\/wp-json\/wp\/v2\/product_brand?post=1438"},{"taxonomy":"product_cat","embeddable":true,"href":"https:\/\/www.massafmedical.com.br\/loja\/wp-json\/wp\/v2\/product_cat?post=1438"},{"taxonomy":"product_tag","embeddable":true,"href":"https:\/\/www.massafmedical.com.br\/loja\/wp-json\/wp\/v2\/product_tag?post=1438"}],"curies":[{"name":"wp","href":"https:\/\/api.w.org\/{rel}","templated":true}]}}