{"id":1424,"date":"2025-02-06T12:00:20","date_gmt":"2025-02-06T15:00:20","guid":{"rendered":"https:\/\/www.massafmedical.com.br\/loja\/?post_type=product&#038;p=1424"},"modified":"2025-07-24T12:34:32","modified_gmt":"2025-07-24T15:34:32","slug":"video-endoscopio-vet-ziontech-zvt-12930","status":"publish","type":"product","link":"https:\/\/www.massafmedical.com.br\/loja\/produto\/video-endoscopio-vet-ziontech-zvt-12930\/","title":{"rendered":"V\u00eddeo Endosc\u00f3pio VET ZIONTECH ZVT-12930"},"content":{"rendered":"<div>\n<p><strong>Endosc\u00f3pios sem fibras<\/strong>, garanta at\u00e9<strong>\u00a05.000 horas de luminosidade<\/strong> intensa e constante reduzindo os custos de manuten\u00e7\u00e3o. Canais de trabalho adequados para a coleta de materiais conforme recomenda\u00e7\u00e3o da comunidade m\u00e9dica cient\u00edfica veterin\u00e1ria e tecnologia de<strong>\u00a0LED na ponta<\/strong>\u00a0do seu endosc\u00f3pio<strong>: Ganhe 10x mais em vida \u00fatil no seu equipamento.<\/strong><\/p>\n<p>&nbsp;<\/p>\n<p><strong>Especifica\u00e7\u00f5es T\u00e9cnicas:\u00a0<\/strong><\/p>\n<p><strong>Marca:\u00a0<\/strong>Ziontech;<\/p>\n<p><strong>Campo de Vis\u00e3o:\u00a0<\/strong>140\u00ba;<\/p>\n<p><strong>Profundidade de Vis\u00e3o:\u00a0<\/strong>3 a 100mm;<\/p>\n<p><strong>Angula\u00e7\u00e3o:\u00a0<\/strong>UP 180\u00ba, DOWN 180\u00ba, LEFT 160\u00ba, RIGHT 160\u00ba;<\/p>\n<p><strong>Di\u00e2metro Ponta Distal:\u00a0<\/strong>8.0mm;<\/p>\n<p><strong>Di\u00e2metro Tubo de Inser\u00e7\u00e3o: <\/strong>12.9mm;<\/p>\n<p><strong>Di\u00e2metro Canal de Bi\u00f3psia:<\/strong> 3.8mm;<\/p>\n<p><strong>Comprimento \u00datil: <\/strong>3000mm;<\/p>\n<p><strong>Microc\u00e2mera:\u00a0<\/strong>CMOS;<\/p>\n<p><strong>Ilumina\u00e7\u00e3o:<\/strong>\u00a0LED 5700K;<\/p>\n<p><strong>Acompanha:\u00a0<\/strong>01 Maleta, 01 Kit de v\u00e1lvulas prementes, 01 Tampa de veda\u00e7\u00e3o, 01 Teste de vazamento, 01 Kit para limpeza manual, 05 Tampas do canal de bi\u00f3psia;<\/p>\n<p>&nbsp;<\/p>\n<p><strong>Garantia: <\/strong><strong>\u00a01 ano ap\u00f3s o recebimento do produto<\/strong><\/p>\n<hr \/>\n<p><strong>Todas as garantias s\u00e3o dadas pelos fabricantes, e variam de produto para produto. Elas ser\u00e3o informadas nas p\u00e1ginas de cada produto. Caso tenha alguma d\u00favida, entre em contato conosco.<\/strong><\/p>\n<p>Para devolu\u00e7\u00f5es, os produtos dever\u00e3o ser remetidos em suas embalagens originais e caso for constatado mal uso, o custo ser\u00e1 por parte do comprador.<\/p>\n<p>&nbsp;<\/p>\n<p><strong>Procedimentos:<\/strong>\u00a0Endoscopia gastro em Equinos.<strong>\u00a0<\/strong><\/p>\n<p>&nbsp;<\/p>\n<p><strong>FABRICADO NO BRASIL<\/strong><\/p>\n<\/div>\n<div class=\"product-sku\">Ref:\u00a0<span id=\"product-reference\" class=\"product-sku ref\" data-url=\"\/mvc\/store\/product\/variant_reference\/?loja=758386\">0000007912930<\/span><\/div>\n<div class=\"product-brand\">Marca: Ziontech<\/div>\n<div class=\"product-brand\">Modelo: ZVT-12930<\/div>\n<div>Endosc\u00f3pio Flex\u00edvel<\/div>\n<div><\/div>\n<div><img decoding=\"async\" class=\"alignnone wp-image-1427 lazyload\" data-src=\"https:\/\/www.massafmedical.com.br\/loja\/wp-content\/uploads\/2025\/02\/SIEP10-1024x576.png\" alt=\"\" width=\"253\" height=\"142\" data-srcset=\"https:\/\/www.massafmedical.com.br\/loja\/wp-content\/uploads\/2025\/02\/SIEP10-1024x576.png 1024w, https:\/\/www.massafmedical.com.br\/loja\/wp-content\/uploads\/2025\/02\/SIEP10-1433x806.png 1433w, https:\/\/www.massafmedical.com.br\/loja\/wp-content\/uploads\/2025\/02\/SIEP10-768x432.png 768w, https:\/\/www.massafmedical.com.br\/loja\/wp-content\/uploads\/2025\/02\/SIEP10-1536x864.png 1536w, https:\/\/www.massafmedical.com.br\/loja\/wp-content\/uploads\/2025\/02\/SIEP10-2048x1152.png 2048w, https:\/\/www.massafmedical.com.br\/loja\/wp-content\/uploads\/2025\/02\/SIEP10-1320x743.png 1320w, https:\/\/www.massafmedical.com.br\/loja\/wp-content\/uploads\/2025\/02\/SIEP10-600x338.png 600w\" data-sizes=\"(max-width: 253px) 100vw, 253px\" src=\"data:image\/gif;base64,R0lGODlhAQABAAAAACH5BAEKAAEALAAAAAABAAEAAAICTAEAOw==\" style=\"--smush-placeholder-width: 253px; --smush-placeholder-aspect-ratio: 253\/142;\" \/><img decoding=\"async\" class=\"alignnone wp-image-1428 lazyload\" data-src=\"https:\/\/www.massafmedical.com.br\/loja\/wp-content\/uploads\/2025\/02\/SIEP08-1024x576.png\" alt=\"\" width=\"247\" height=\"139\" data-srcset=\"https:\/\/www.massafmedical.com.br\/loja\/wp-content\/uploads\/2025\/02\/SIEP08-1024x576.png 1024w, https:\/\/www.massafmedical.com.br\/loja\/wp-content\/uploads\/2025\/02\/SIEP08-1433x806.png 1433w, https:\/\/www.massafmedical.com.br\/loja\/wp-content\/uploads\/2025\/02\/SIEP08-768x432.png 768w, https:\/\/www.massafmedical.com.br\/loja\/wp-content\/uploads\/2025\/02\/SIEP08-1536x864.png 1536w, https:\/\/www.massafmedical.com.br\/loja\/wp-content\/uploads\/2025\/02\/SIEP08-2048x1152.png 2048w, https:\/\/www.massafmedical.com.br\/loja\/wp-content\/uploads\/2025\/02\/SIEP08-1320x743.png 1320w, https:\/\/www.massafmedical.com.br\/loja\/wp-content\/uploads\/2025\/02\/SIEP08-600x338.png 600w\" data-sizes=\"(max-width: 247px) 100vw, 247px\" src=\"data:image\/gif;base64,R0lGODlhAQABAAAAACH5BAEKAAEALAAAAAABAAEAAAICTAEAOw==\" style=\"--smush-placeholder-width: 247px; --smush-placeholder-aspect-ratio: 247\/139;\" \/><img decoding=\"async\" class=\"alignnone wp-image-1429 lazyload\" data-src=\"https:\/\/www.massafmedical.com.br\/loja\/wp-content\/uploads\/2025\/02\/SIEP13-1024x576.png\" alt=\"\" width=\"262\" height=\"147\" data-srcset=\"https:\/\/www.massafmedical.com.br\/loja\/wp-content\/uploads\/2025\/02\/SIEP13-1024x576.png 1024w, https:\/\/www.massafmedical.com.br\/loja\/wp-content\/uploads\/2025\/02\/SIEP13-1433x806.png 1433w, https:\/\/www.massafmedical.com.br\/loja\/wp-content\/uploads\/2025\/02\/SIEP13-768x432.png 768w, https:\/\/www.massafmedical.com.br\/loja\/wp-content\/uploads\/2025\/02\/SIEP13-1536x864.png 1536w, https:\/\/www.massafmedical.com.br\/loja\/wp-content\/uploads\/2025\/02\/SIEP13-2048x1152.png 2048w, https:\/\/www.massafmedical.com.br\/loja\/wp-content\/uploads\/2025\/02\/SIEP13-1320x743.png 1320w, https:\/\/www.massafmedical.com.br\/loja\/wp-content\/uploads\/2025\/02\/SIEP13-600x338.png 600w\" data-sizes=\"(max-width: 262px) 100vw, 262px\" src=\"data:image\/gif;base64,R0lGODlhAQABAAAAACH5BAEKAAEALAAAAAABAAEAAAICTAEAOw==\" style=\"--smush-placeholder-width: 262px; --smush-placeholder-aspect-ratio: 262\/147;\" \/><\/div>\n<div><\/div>\n<div><\/div>\n","protected":false},"excerpt":{"rendered":"<div class=\"elementor-element elementor-element-36b75dd elementor-widget elementor-widget-heading animated fadeIn\" data-id=\"36b75dd\" data-element_type=\"widget\" data-settings=\"{}\" data-widget_type=\"heading.default\">\n<div class=\"elementor-widget-container\">\n<h5 class=\"elementor-heading-title elementor-size-default\"><span style=\"color: #1e1e1e; font-family: 'Open Sans', sans-serif; font-size: 1rem;\">O ZVT-12930 \u00e9 a solu\u00e7\u00e3o definitiva para equinos e outros grandes animais. Com um calibre robusto de 12.9 mm e um impressionante comprimento de tubo de 3050 mm, este endosc\u00f3pio \u00e9 especialmente projetado para a complexidade e a escala dos procedimentos equinos, proporcionando imagens de alta qualidade e um canal de trabalho de 3.8 mm para interven\u00e7\u00f5es precisas e seguras.<\/span><\/h5>\n<\/div>\n<\/div>\n","protected":false},"featured_media":1423,"template":"","meta":[],"product_brand":[],"product_cat":[71,89,96,86],"product_tag":[],"class_list":{"0":"post-1424","1":"product","2":"type-product","3":"status-publish","4":"has-post-thumbnail","6":"product_cat-equipamentos","7":"product_cat-endoscopia-veterinaria","8":"product_cat-equipamentos-ziontech","9":"product_cat-medicinaveterinaria","11":"first","12":"instock","13":"taxable","14":"shipping-taxable","15":"product-type-simple"},"acf":[],"yoast_head":"<!-- This site is optimized with the Yoast SEO plugin v24.4 - https:\/\/yoast.com\/wordpress\/plugins\/seo\/ -->\n<title>V\u00eddeo Endosc\u00f3pio VET ZIONTECH ZVT-12930 - Massaf Medical<\/title>\n<meta name=\"robots\" content=\"index, follow, max-snippet:-1, max-image-preview:large, max-video-preview:-1\" \/>\n<link rel=\"canonical\" href=\"https:\/\/www.massafmedical.com.br\/loja\/produto\/video-endoscopio-vet-ziontech-zvt-12930\/\" \/>\n<meta property=\"og:locale\" content=\"pt_BR\" \/>\n<meta property=\"og:type\" content=\"article\" \/>\n<meta property=\"og:title\" content=\"V\u00eddeo Endosc\u00f3pio VET ZIONTECH ZVT-12930 - Massaf Medical\" \/>\n<meta property=\"og:description\" content=\"O ZVT-12930 \u00e9 a solu\u00e7\u00e3o definitiva para equinos e outros grandes animais. Com um calibre robusto de 12.9 mm e um impressionante comprimento de tubo de 3050 mm, este endosc\u00f3pio \u00e9 especialmente projetado para a complexidade e a escala dos procedimentos equinos, proporcionando imagens de alta qualidade e um canal de trabalho de 3.8 mm para interven\u00e7\u00f5es precisas e seguras.\" \/>\n<meta property=\"og:url\" content=\"https:\/\/www.massafmedical.com.br\/loja\/produto\/video-endoscopio-vet-ziontech-zvt-12930\/\" \/>\n<meta property=\"og:site_name\" content=\"Massaf Medical\" \/>\n<meta property=\"article:publisher\" content=\"http:\/\/www.facebook.com\/MASSAFMEDICAL\" \/>\n<meta property=\"article:modified_time\" content=\"2025-07-24T15:34:32+00:00\" \/>\n<meta property=\"og:image\" content=\"https:\/\/www.massafmedical.com.br\/loja\/wp-content\/uploads\/2025\/02\/SIEP09-1433x806.png\" \/>\n\t<meta property=\"og:image:width\" content=\"1433\" \/>\n\t<meta property=\"og:image:height\" content=\"806\" \/>\n\t<meta property=\"og:image:type\" content=\"image\/png\" \/>\n<meta name=\"twitter:card\" content=\"summary_large_image\" \/>\n<meta name=\"twitter:label1\" content=\"Est. tempo de leitura\" \/>\n\t<meta name=\"twitter:data1\" content=\"2 minutos\" \/>\n<script type=\"application\/ld+json\" class=\"yoast-schema-graph\">{\"@context\":\"https:\/\/schema.org\",\"@graph\":[{\"@type\":\"WebPage\",\"@id\":\"https:\/\/www.massafmedical.com.br\/loja\/produto\/video-endoscopio-vet-ziontech-zvt-12930\/\",\"url\":\"https:\/\/www.massafmedical.com.br\/loja\/produto\/video-endoscopio-vet-ziontech-zvt-12930\/\",\"name\":\"V\u00eddeo Endosc\u00f3pio VET ZIONTECH ZVT-12930 - Massaf Medical\",\"isPartOf\":{\"@id\":\"https:\/\/www.massafmedical.com.br\/loja\/#website\"},\"primaryImageOfPage\":{\"@id\":\"https:\/\/www.massafmedical.com.br\/loja\/produto\/video-endoscopio-vet-ziontech-zvt-12930\/#primaryimage\"},\"image\":{\"@id\":\"https:\/\/www.massafmedical.com.br\/loja\/produto\/video-endoscopio-vet-ziontech-zvt-12930\/#primaryimage\"},\"thumbnailUrl\":\"https:\/\/www.massafmedical.com.br\/loja\/wp-content\/uploads\/2025\/02\/SIEP09.png\",\"datePublished\":\"2025-02-06T15:00:20+00:00\",\"dateModified\":\"2025-07-24T15:34:32+00:00\",\"breadcrumb\":{\"@id\":\"https:\/\/www.massafmedical.com.br\/loja\/produto\/video-endoscopio-vet-ziontech-zvt-12930\/#breadcrumb\"},\"inLanguage\":\"pt-BR\",\"potentialAction\":[{\"@type\":\"ReadAction\",\"target\":[\"https:\/\/www.massafmedical.com.br\/loja\/produto\/video-endoscopio-vet-ziontech-zvt-12930\/\"]}]},{\"@type\":\"ImageObject\",\"inLanguage\":\"pt-BR\",\"@id\":\"https:\/\/www.massafmedical.com.br\/loja\/produto\/video-endoscopio-vet-ziontech-zvt-12930\/#primaryimage\",\"url\":\"https:\/\/www.massafmedical.com.br\/loja\/wp-content\/uploads\/2025\/02\/SIEP09.png\",\"contentUrl\":\"https:\/\/www.massafmedical.com.br\/loja\/wp-content\/uploads\/2025\/02\/SIEP09.png\",\"width\":3840,\"height\":2160},{\"@type\":\"BreadcrumbList\",\"@id\":\"https:\/\/www.massafmedical.com.br\/loja\/produto\/video-endoscopio-vet-ziontech-zvt-12930\/#breadcrumb\",\"itemListElement\":[{\"@type\":\"ListItem\",\"position\":1,\"name\":\"In\u00edcio\",\"item\":\"https:\/\/www.massafmedical.com.br\/loja\/\"},{\"@type\":\"ListItem\",\"position\":2,\"name\":\"Produtos\",\"item\":\"https:\/\/www.massafmedical.com.br\/loja\/nossos-produtos\/\"},{\"@type\":\"ListItem\",\"position\":3,\"name\":\"V\u00eddeo Endosc\u00f3pio VET ZIONTECH ZVT-12930\"}]},{\"@type\":\"WebSite\",\"@id\":\"https:\/\/www.massafmedical.com.br\/loja\/#website\",\"url\":\"https:\/\/www.massafmedical.com.br\/loja\/\",\"name\":\"Massaf Medical\",\"description\":\"\",\"publisher\":{\"@id\":\"https:\/\/www.massafmedical.com.br\/loja\/#organization\"},\"potentialAction\":[{\"@type\":\"SearchAction\",\"target\":{\"@type\":\"EntryPoint\",\"urlTemplate\":\"https:\/\/www.massafmedical.com.br\/loja\/?s={search_term_string}\"},\"query-input\":{\"@type\":\"PropertyValueSpecification\",\"valueRequired\":true,\"valueName\":\"search_term_string\"}}],\"inLanguage\":\"pt-BR\"},{\"@type\":\"Organization\",\"@id\":\"https:\/\/www.massafmedical.com.br\/loja\/#organization\",\"name\":\"Massaf Medical\",\"url\":\"https:\/\/www.massafmedical.com.br\/loja\/\",\"logo\":{\"@type\":\"ImageObject\",\"inLanguage\":\"pt-BR\",\"@id\":\"https:\/\/www.massafmedical.com.br\/loja\/#\/schema\/logo\/image\/\",\"url\":\"http:\/\/www.massafmedical.com.br\/loja\/wp-content\/uploads\/2020\/10\/logotipo-big.png\",\"contentUrl\":\"http:\/\/www.massafmedical.com.br\/loja\/wp-content\/uploads\/2020\/10\/logotipo-big.png\",\"width\":750,\"height\":253,\"caption\":\"Massaf Medical\"},\"image\":{\"@id\":\"https:\/\/www.massafmedical.com.br\/loja\/#\/schema\/logo\/image\/\"},\"sameAs\":[\"http:\/\/www.facebook.com\/MASSAFMEDICAL\"]}]}<\/script>\n<!-- \/ Yoast SEO plugin. -->","yoast_head_json":{"title":"V\u00eddeo Endosc\u00f3pio VET ZIONTECH ZVT-12930 - Massaf Medical","robots":{"index":"index","follow":"follow","max-snippet":"max-snippet:-1","max-image-preview":"max-image-preview:large","max-video-preview":"max-video-preview:-1"},"canonical":"https:\/\/www.massafmedical.com.br\/loja\/produto\/video-endoscopio-vet-ziontech-zvt-12930\/","og_locale":"pt_BR","og_type":"article","og_title":"V\u00eddeo Endosc\u00f3pio VET ZIONTECH ZVT-12930 - Massaf Medical","og_description":"O ZVT-12930 \u00e9 a solu\u00e7\u00e3o definitiva para equinos e outros grandes animais. Com um calibre robusto de 12.9 mm e um impressionante comprimento de tubo de 3050 mm, este endosc\u00f3pio \u00e9 especialmente projetado para a complexidade e a escala dos procedimentos equinos, proporcionando imagens de alta qualidade e um canal de trabalho de 3.8 mm para interven\u00e7\u00f5es precisas e seguras.","og_url":"https:\/\/www.massafmedical.com.br\/loja\/produto\/video-endoscopio-vet-ziontech-zvt-12930\/","og_site_name":"Massaf Medical","article_publisher":"http:\/\/www.facebook.com\/MASSAFMEDICAL","article_modified_time":"2025-07-24T15:34:32+00:00","og_image":[{"width":1433,"height":806,"url":"https:\/\/www.massafmedical.com.br\/loja\/wp-content\/uploads\/2025\/02\/SIEP09-1433x806.png","type":"image\/png"}],"twitter_card":"summary_large_image","twitter_misc":{"Est. tempo de leitura":"2 minutos"},"schema":{"@context":"https:\/\/schema.org","@graph":[{"@type":"WebPage","@id":"https:\/\/www.massafmedical.com.br\/loja\/produto\/video-endoscopio-vet-ziontech-zvt-12930\/","url":"https:\/\/www.massafmedical.com.br\/loja\/produto\/video-endoscopio-vet-ziontech-zvt-12930\/","name":"V\u00eddeo Endosc\u00f3pio VET ZIONTECH ZVT-12930 - Massaf Medical","isPartOf":{"@id":"https:\/\/www.massafmedical.com.br\/loja\/#website"},"primaryImageOfPage":{"@id":"https:\/\/www.massafmedical.com.br\/loja\/produto\/video-endoscopio-vet-ziontech-zvt-12930\/#primaryimage"},"image":{"@id":"https:\/\/www.massafmedical.com.br\/loja\/produto\/video-endoscopio-vet-ziontech-zvt-12930\/#primaryimage"},"thumbnailUrl":"https:\/\/www.massafmedical.com.br\/loja\/wp-content\/uploads\/2025\/02\/SIEP09.png","datePublished":"2025-02-06T15:00:20+00:00","dateModified":"2025-07-24T15:34:32+00:00","breadcrumb":{"@id":"https:\/\/www.massafmedical.com.br\/loja\/produto\/video-endoscopio-vet-ziontech-zvt-12930\/#breadcrumb"},"inLanguage":"pt-BR","potentialAction":[{"@type":"ReadAction","target":["https:\/\/www.massafmedical.com.br\/loja\/produto\/video-endoscopio-vet-ziontech-zvt-12930\/"]}]},{"@type":"ImageObject","inLanguage":"pt-BR","@id":"https:\/\/www.massafmedical.com.br\/loja\/produto\/video-endoscopio-vet-ziontech-zvt-12930\/#primaryimage","url":"https:\/\/www.massafmedical.com.br\/loja\/wp-content\/uploads\/2025\/02\/SIEP09.png","contentUrl":"https:\/\/www.massafmedical.com.br\/loja\/wp-content\/uploads\/2025\/02\/SIEP09.png","width":3840,"height":2160},{"@type":"BreadcrumbList","@id":"https:\/\/www.massafmedical.com.br\/loja\/produto\/video-endoscopio-vet-ziontech-zvt-12930\/#breadcrumb","itemListElement":[{"@type":"ListItem","position":1,"name":"In\u00edcio","item":"https:\/\/www.massafmedical.com.br\/loja\/"},{"@type":"ListItem","position":2,"name":"Produtos","item":"https:\/\/www.massafmedical.com.br\/loja\/nossos-produtos\/"},{"@type":"ListItem","position":3,"name":"V\u00eddeo Endosc\u00f3pio VET ZIONTECH ZVT-12930"}]},{"@type":"WebSite","@id":"https:\/\/www.massafmedical.com.br\/loja\/#website","url":"https:\/\/www.massafmedical.com.br\/loja\/","name":"Massaf Medical","description":"","publisher":{"@id":"https:\/\/www.massafmedical.com.br\/loja\/#organization"},"potentialAction":[{"@type":"SearchAction","target":{"@type":"EntryPoint","urlTemplate":"https:\/\/www.massafmedical.com.br\/loja\/?s={search_term_string}"},"query-input":{"@type":"PropertyValueSpecification","valueRequired":true,"valueName":"search_term_string"}}],"inLanguage":"pt-BR"},{"@type":"Organization","@id":"https:\/\/www.massafmedical.com.br\/loja\/#organization","name":"Massaf Medical","url":"https:\/\/www.massafmedical.com.br\/loja\/","logo":{"@type":"ImageObject","inLanguage":"pt-BR","@id":"https:\/\/www.massafmedical.com.br\/loja\/#\/schema\/logo\/image\/","url":"http:\/\/www.massafmedical.com.br\/loja\/wp-content\/uploads\/2020\/10\/logotipo-big.png","contentUrl":"http:\/\/www.massafmedical.com.br\/loja\/wp-content\/uploads\/2020\/10\/logotipo-big.png","width":750,"height":253,"caption":"Massaf Medical"},"image":{"@id":"https:\/\/www.massafmedical.com.br\/loja\/#\/schema\/logo\/image\/"},"sameAs":["http:\/\/www.facebook.com\/MASSAFMEDICAL"]}]}},"_links":{"self":[{"href":"https:\/\/www.massafmedical.com.br\/loja\/wp-json\/wp\/v2\/product\/1424","targetHints":{"allow":["GET"]}}],"collection":[{"href":"https:\/\/www.massafmedical.com.br\/loja\/wp-json\/wp\/v2\/product"}],"about":[{"href":"https:\/\/www.massafmedical.com.br\/loja\/wp-json\/wp\/v2\/types\/product"}],"wp:featuredmedia":[{"embeddable":true,"href":"https:\/\/www.massafmedical.com.br\/loja\/wp-json\/wp\/v2\/media\/1423"}],"wp:attachment":[{"href":"https:\/\/www.massafmedical.com.br\/loja\/wp-json\/wp\/v2\/media?parent=1424"}],"wp:term":[{"taxonomy":"product_brand","embeddable":true,"href":"https:\/\/www.massafmedical.com.br\/loja\/wp-json\/wp\/v2\/product_brand?post=1424"},{"taxonomy":"product_cat","embeddable":true,"href":"https:\/\/www.massafmedical.com.br\/loja\/wp-json\/wp\/v2\/product_cat?post=1424"},{"taxonomy":"product_tag","embeddable":true,"href":"https:\/\/www.massafmedical.com.br\/loja\/wp-json\/wp\/v2\/product_tag?post=1424"}],"curies":[{"name":"wp","href":"https:\/\/api.w.org\/{rel}","templated":true}]}}