{"id":1408,"date":"2025-02-06T11:19:07","date_gmt":"2025-02-06T14:19:07","guid":{"rendered":"https:\/\/www.massafmedical.com.br\/loja\/?post_type=product&#038;p=1408"},"modified":"2025-02-26T08:54:41","modified_gmt":"2025-02-26T11:54:41","slug":"kit-de-valvulas-ziontech-reutilizavel-par","status":"publish","type":"product","link":"https:\/\/www.massafmedical.com.br\/loja\/produto\/kit-de-valvulas-ziontech-reutilizavel-par\/","title":{"rendered":"Kit de v\u00e1lvulas ZIONTECH Reutiliz\u00e1vel (PAR)"},"content":{"rendered":"<div>\n<p><strong>Kit de v\u00e1lvulas ZIONTECH Reutiliz\u00e1vel (PAR): Cont\u00e9m 1 unidade de v\u00e1lvula de insufla\u00e7\u00e3o e 1 unidade de v\u00e1lvula de aspira\u00e7\u00e3o.<\/strong><\/p>\n<ul>\n<li>1. Controle do fluxo de ar e \u00e1gua: O endosc\u00f3pio possui um canal de trabalho pelo qual podem ser inseridos instrumentos auxiliares, como pin\u00e7as ou la\u00e7os de polipectomia, ou utilizado para a insufla\u00e7\u00e3o de ar ou \u00e1gua no trato gastrointestinal. As v\u00e1lvulas controlam o fluxo de ar e \u00e1gua, permitindo ao endoscopista insuflar ou desinsuflar o \u00f3rg\u00e3o em exame, bem como controlar a irriga\u00e7\u00e3o durante o procedimento.<\/li>\n<li>2. Aspira\u00e7\u00e3o de l\u00edquidos e detritos: As v\u00e1lvulas do endosc\u00f3pio tamb\u00e9m permitem que o endoscopista aspire l\u00edquidos, secre\u00e7\u00f5es ou detritos que possam estar presentes no trato gastrointestinal. Isso \u00e9 particularmente \u00fatil durante a limpeza e lavagem do \u00f3rg\u00e3o em exame, garantindo uma visualiza\u00e7\u00e3o clara durante o procedimento.<\/li>\n<\/ul>\n<\/div>\n<div><\/div>\n<div class=\"product-sku\">Ref:\u00a0<span id=\"product-reference\" class=\"product-sku ref\" data-url=\"\/mvc\/store\/product\/variant_reference\/?loja=758386\">0000000795619<\/span><\/div>\n<div class=\"product-brand\">Marca: Ziontech<\/div>\n","protected":false},"excerpt":{"rendered":"<p>Kit de v\u00e1lvulas ZIONTECH Reutiliz\u00e1vel (PAR): Cont\u00e9m 1 unidade de v\u00e1lvula de insufla\u00e7\u00e3o e 1 unidade de v\u00e1lvula de aspira\u00e7\u00e3o.<\/p>\n","protected":false},"featured_media":1409,"template":"","meta":[],"product_brand":[],"product_cat":[91,51],"product_tag":[],"class_list":{"0":"post-1408","1":"product","2":"type-product","3":"status-publish","4":"has-post-thumbnail","6":"product_cat-acessorios-endoscopia","7":"product_cat-produtos-hospitalares-e-para-pacientes","9":"first","10":"instock","11":"taxable","12":"shipping-taxable","13":"product-type-simple"},"acf":[],"yoast_head":"<!-- This site is optimized with the Yoast SEO plugin v24.4 - https:\/\/yoast.com\/wordpress\/plugins\/seo\/ -->\n<title>Kit de v\u00e1lvulas ZIONTECH Reutiliz\u00e1vel (PAR) - Massaf Medical<\/title>\n<meta name=\"robots\" content=\"index, follow, max-snippet:-1, max-image-preview:large, max-video-preview:-1\" \/>\n<link rel=\"canonical\" href=\"https:\/\/www.massafmedical.com.br\/loja\/produto\/kit-de-valvulas-ziontech-reutilizavel-par\/\" \/>\n<meta property=\"og:locale\" content=\"pt_BR\" \/>\n<meta property=\"og:type\" content=\"article\" \/>\n<meta property=\"og:title\" content=\"Kit de v\u00e1lvulas ZIONTECH Reutiliz\u00e1vel (PAR) - Massaf Medical\" \/>\n<meta property=\"og:description\" content=\"Kit de v\u00e1lvulas ZIONTECH Reutiliz\u00e1vel (PAR): Cont\u00e9m 1 unidade de v\u00e1lvula de insufla\u00e7\u00e3o e 1 unidade de v\u00e1lvula de aspira\u00e7\u00e3o.\" \/>\n<meta property=\"og:url\" content=\"https:\/\/www.massafmedical.com.br\/loja\/produto\/kit-de-valvulas-ziontech-reutilizavel-par\/\" \/>\n<meta property=\"og:site_name\" content=\"Massaf Medical\" \/>\n<meta property=\"article:publisher\" content=\"http:\/\/www.facebook.com\/MASSAFMEDICAL\" \/>\n<meta property=\"article:modified_time\" content=\"2025-02-26T11:54:41+00:00\" \/>\n<meta property=\"og:image\" content=\"https:\/\/www.massafmedical.com.br\/loja\/wp-content\/uploads\/2025\/02\/Kit-de-valvulas-140-190.jpg\" \/>\n\t<meta property=\"og:image:width\" content=\"500\" \/>\n\t<meta property=\"og:image:height\" content=\"333\" \/>\n\t<meta property=\"og:image:type\" content=\"image\/jpeg\" \/>\n<meta name=\"twitter:card\" content=\"summary_large_image\" \/>\n<meta name=\"twitter:label1\" content=\"Est. tempo de leitura\" \/>\n\t<meta name=\"twitter:data1\" content=\"1 minuto\" \/>\n<script type=\"application\/ld+json\" class=\"yoast-schema-graph\">{\"@context\":\"https:\/\/schema.org\",\"@graph\":[{\"@type\":\"WebPage\",\"@id\":\"https:\/\/www.massafmedical.com.br\/loja\/produto\/kit-de-valvulas-ziontech-reutilizavel-par\/\",\"url\":\"https:\/\/www.massafmedical.com.br\/loja\/produto\/kit-de-valvulas-ziontech-reutilizavel-par\/\",\"name\":\"Kit de v\u00e1lvulas ZIONTECH Reutiliz\u00e1vel (PAR) - Massaf Medical\",\"isPartOf\":{\"@id\":\"https:\/\/www.massafmedical.com.br\/loja\/#website\"},\"primaryImageOfPage\":{\"@id\":\"https:\/\/www.massafmedical.com.br\/loja\/produto\/kit-de-valvulas-ziontech-reutilizavel-par\/#primaryimage\"},\"image\":{\"@id\":\"https:\/\/www.massafmedical.com.br\/loja\/produto\/kit-de-valvulas-ziontech-reutilizavel-par\/#primaryimage\"},\"thumbnailUrl\":\"https:\/\/www.massafmedical.com.br\/loja\/wp-content\/uploads\/2025\/02\/Kit-de-valvulas-140-190.jpg\",\"datePublished\":\"2025-02-06T14:19:07+00:00\",\"dateModified\":\"2025-02-26T11:54:41+00:00\",\"breadcrumb\":{\"@id\":\"https:\/\/www.massafmedical.com.br\/loja\/produto\/kit-de-valvulas-ziontech-reutilizavel-par\/#breadcrumb\"},\"inLanguage\":\"pt-BR\",\"potentialAction\":[{\"@type\":\"ReadAction\",\"target\":[\"https:\/\/www.massafmedical.com.br\/loja\/produto\/kit-de-valvulas-ziontech-reutilizavel-par\/\"]}]},{\"@type\":\"ImageObject\",\"inLanguage\":\"pt-BR\",\"@id\":\"https:\/\/www.massafmedical.com.br\/loja\/produto\/kit-de-valvulas-ziontech-reutilizavel-par\/#primaryimage\",\"url\":\"https:\/\/www.massafmedical.com.br\/loja\/wp-content\/uploads\/2025\/02\/Kit-de-valvulas-140-190.jpg\",\"contentUrl\":\"https:\/\/www.massafmedical.com.br\/loja\/wp-content\/uploads\/2025\/02\/Kit-de-valvulas-140-190.jpg\",\"width\":500,\"height\":333,\"caption\":\"SONY DSC\"},{\"@type\":\"BreadcrumbList\",\"@id\":\"https:\/\/www.massafmedical.com.br\/loja\/produto\/kit-de-valvulas-ziontech-reutilizavel-par\/#breadcrumb\",\"itemListElement\":[{\"@type\":\"ListItem\",\"position\":1,\"name\":\"In\u00edcio\",\"item\":\"https:\/\/www.massafmedical.com.br\/loja\/\"},{\"@type\":\"ListItem\",\"position\":2,\"name\":\"Produtos\",\"item\":\"https:\/\/www.massafmedical.com.br\/loja\/nossos-produtos\/\"},{\"@type\":\"ListItem\",\"position\":3,\"name\":\"Kit de v\u00e1lvulas ZIONTECH Reutiliz\u00e1vel (PAR)\"}]},{\"@type\":\"WebSite\",\"@id\":\"https:\/\/www.massafmedical.com.br\/loja\/#website\",\"url\":\"https:\/\/www.massafmedical.com.br\/loja\/\",\"name\":\"Massaf Medical\",\"description\":\"\",\"publisher\":{\"@id\":\"https:\/\/www.massafmedical.com.br\/loja\/#organization\"},\"potentialAction\":[{\"@type\":\"SearchAction\",\"target\":{\"@type\":\"EntryPoint\",\"urlTemplate\":\"https:\/\/www.massafmedical.com.br\/loja\/?s={search_term_string}\"},\"query-input\":{\"@type\":\"PropertyValueSpecification\",\"valueRequired\":true,\"valueName\":\"search_term_string\"}}],\"inLanguage\":\"pt-BR\"},{\"@type\":\"Organization\",\"@id\":\"https:\/\/www.massafmedical.com.br\/loja\/#organization\",\"name\":\"Massaf Medical\",\"url\":\"https:\/\/www.massafmedical.com.br\/loja\/\",\"logo\":{\"@type\":\"ImageObject\",\"inLanguage\":\"pt-BR\",\"@id\":\"https:\/\/www.massafmedical.com.br\/loja\/#\/schema\/logo\/image\/\",\"url\":\"http:\/\/www.massafmedical.com.br\/loja\/wp-content\/uploads\/2020\/10\/logotipo-big.png\",\"contentUrl\":\"http:\/\/www.massafmedical.com.br\/loja\/wp-content\/uploads\/2020\/10\/logotipo-big.png\",\"width\":750,\"height\":253,\"caption\":\"Massaf Medical\"},\"image\":{\"@id\":\"https:\/\/www.massafmedical.com.br\/loja\/#\/schema\/logo\/image\/\"},\"sameAs\":[\"http:\/\/www.facebook.com\/MASSAFMEDICAL\"]}]}<\/script>\n<!-- \/ Yoast SEO plugin. -->","yoast_head_json":{"title":"Kit de v\u00e1lvulas ZIONTECH Reutiliz\u00e1vel (PAR) - Massaf Medical","robots":{"index":"index","follow":"follow","max-snippet":"max-snippet:-1","max-image-preview":"max-image-preview:large","max-video-preview":"max-video-preview:-1"},"canonical":"https:\/\/www.massafmedical.com.br\/loja\/produto\/kit-de-valvulas-ziontech-reutilizavel-par\/","og_locale":"pt_BR","og_type":"article","og_title":"Kit de v\u00e1lvulas ZIONTECH Reutiliz\u00e1vel (PAR) - Massaf Medical","og_description":"Kit de v\u00e1lvulas ZIONTECH Reutiliz\u00e1vel (PAR): Cont\u00e9m 1 unidade de v\u00e1lvula de insufla\u00e7\u00e3o e 1 unidade de v\u00e1lvula de aspira\u00e7\u00e3o.","og_url":"https:\/\/www.massafmedical.com.br\/loja\/produto\/kit-de-valvulas-ziontech-reutilizavel-par\/","og_site_name":"Massaf Medical","article_publisher":"http:\/\/www.facebook.com\/MASSAFMEDICAL","article_modified_time":"2025-02-26T11:54:41+00:00","og_image":[{"width":500,"height":333,"url":"https:\/\/www.massafmedical.com.br\/loja\/wp-content\/uploads\/2025\/02\/Kit-de-valvulas-140-190.jpg","type":"image\/jpeg"}],"twitter_card":"summary_large_image","twitter_misc":{"Est. tempo de leitura":"1 minuto"},"schema":{"@context":"https:\/\/schema.org","@graph":[{"@type":"WebPage","@id":"https:\/\/www.massafmedical.com.br\/loja\/produto\/kit-de-valvulas-ziontech-reutilizavel-par\/","url":"https:\/\/www.massafmedical.com.br\/loja\/produto\/kit-de-valvulas-ziontech-reutilizavel-par\/","name":"Kit de v\u00e1lvulas ZIONTECH Reutiliz\u00e1vel (PAR) - Massaf Medical","isPartOf":{"@id":"https:\/\/www.massafmedical.com.br\/loja\/#website"},"primaryImageOfPage":{"@id":"https:\/\/www.massafmedical.com.br\/loja\/produto\/kit-de-valvulas-ziontech-reutilizavel-par\/#primaryimage"},"image":{"@id":"https:\/\/www.massafmedical.com.br\/loja\/produto\/kit-de-valvulas-ziontech-reutilizavel-par\/#primaryimage"},"thumbnailUrl":"https:\/\/www.massafmedical.com.br\/loja\/wp-content\/uploads\/2025\/02\/Kit-de-valvulas-140-190.jpg","datePublished":"2025-02-06T14:19:07+00:00","dateModified":"2025-02-26T11:54:41+00:00","breadcrumb":{"@id":"https:\/\/www.massafmedical.com.br\/loja\/produto\/kit-de-valvulas-ziontech-reutilizavel-par\/#breadcrumb"},"inLanguage":"pt-BR","potentialAction":[{"@type":"ReadAction","target":["https:\/\/www.massafmedical.com.br\/loja\/produto\/kit-de-valvulas-ziontech-reutilizavel-par\/"]}]},{"@type":"ImageObject","inLanguage":"pt-BR","@id":"https:\/\/www.massafmedical.com.br\/loja\/produto\/kit-de-valvulas-ziontech-reutilizavel-par\/#primaryimage","url":"https:\/\/www.massafmedical.com.br\/loja\/wp-content\/uploads\/2025\/02\/Kit-de-valvulas-140-190.jpg","contentUrl":"https:\/\/www.massafmedical.com.br\/loja\/wp-content\/uploads\/2025\/02\/Kit-de-valvulas-140-190.jpg","width":500,"height":333,"caption":"SONY DSC"},{"@type":"BreadcrumbList","@id":"https:\/\/www.massafmedical.com.br\/loja\/produto\/kit-de-valvulas-ziontech-reutilizavel-par\/#breadcrumb","itemListElement":[{"@type":"ListItem","position":1,"name":"In\u00edcio","item":"https:\/\/www.massafmedical.com.br\/loja\/"},{"@type":"ListItem","position":2,"name":"Produtos","item":"https:\/\/www.massafmedical.com.br\/loja\/nossos-produtos\/"},{"@type":"ListItem","position":3,"name":"Kit de v\u00e1lvulas ZIONTECH Reutiliz\u00e1vel (PAR)"}]},{"@type":"WebSite","@id":"https:\/\/www.massafmedical.com.br\/loja\/#website","url":"https:\/\/www.massafmedical.com.br\/loja\/","name":"Massaf Medical","description":"","publisher":{"@id":"https:\/\/www.massafmedical.com.br\/loja\/#organization"},"potentialAction":[{"@type":"SearchAction","target":{"@type":"EntryPoint","urlTemplate":"https:\/\/www.massafmedical.com.br\/loja\/?s={search_term_string}"},"query-input":{"@type":"PropertyValueSpecification","valueRequired":true,"valueName":"search_term_string"}}],"inLanguage":"pt-BR"},{"@type":"Organization","@id":"https:\/\/www.massafmedical.com.br\/loja\/#organization","name":"Massaf Medical","url":"https:\/\/www.massafmedical.com.br\/loja\/","logo":{"@type":"ImageObject","inLanguage":"pt-BR","@id":"https:\/\/www.massafmedical.com.br\/loja\/#\/schema\/logo\/image\/","url":"http:\/\/www.massafmedical.com.br\/loja\/wp-content\/uploads\/2020\/10\/logotipo-big.png","contentUrl":"http:\/\/www.massafmedical.com.br\/loja\/wp-content\/uploads\/2020\/10\/logotipo-big.png","width":750,"height":253,"caption":"Massaf Medical"},"image":{"@id":"https:\/\/www.massafmedical.com.br\/loja\/#\/schema\/logo\/image\/"},"sameAs":["http:\/\/www.facebook.com\/MASSAFMEDICAL"]}]}},"_links":{"self":[{"href":"https:\/\/www.massafmedical.com.br\/loja\/wp-json\/wp\/v2\/product\/1408","targetHints":{"allow":["GET"]}}],"collection":[{"href":"https:\/\/www.massafmedical.com.br\/loja\/wp-json\/wp\/v2\/product"}],"about":[{"href":"https:\/\/www.massafmedical.com.br\/loja\/wp-json\/wp\/v2\/types\/product"}],"wp:featuredmedia":[{"embeddable":true,"href":"https:\/\/www.massafmedical.com.br\/loja\/wp-json\/wp\/v2\/media\/1409"}],"wp:attachment":[{"href":"https:\/\/www.massafmedical.com.br\/loja\/wp-json\/wp\/v2\/media?parent=1408"}],"wp:term":[{"taxonomy":"product_brand","embeddable":true,"href":"https:\/\/www.massafmedical.com.br\/loja\/wp-json\/wp\/v2\/product_brand?post=1408"},{"taxonomy":"product_cat","embeddable":true,"href":"https:\/\/www.massafmedical.com.br\/loja\/wp-json\/wp\/v2\/product_cat?post=1408"},{"taxonomy":"product_tag","embeddable":true,"href":"https:\/\/www.massafmedical.com.br\/loja\/wp-json\/wp\/v2\/product_tag?post=1408"}],"curies":[{"name":"wp","href":"https:\/\/api.w.org\/{rel}","templated":true}]}}