{"id":1396,"date":"2025-02-06T10:45:58","date_gmt":"2025-02-06T13:45:58","guid":{"rendered":"https:\/\/www.massafmedical.com.br\/loja\/?post_type=product&#038;p=1396"},"modified":"2026-03-27T11:47:22","modified_gmt":"2026-03-27T14:47:22","slug":"conector-para-teste-de-vazamento-pentax","status":"publish","type":"product","link":"https:\/\/www.massafmedical.com.br\/loja\/produto\/conector-para-teste-de-vazamento-pentax\/","title":{"rendered":"Conector para teste de vazamento PENTAX &#8211; Frete incluso &#8211; 5% desc. a vista &#8211; Consulte-nos!"},"content":{"rendered":"<p><span style=\"font-weight: 400;\">Conector de alta qualidade v\u00eddeo endosc\u00f3pios Pentax.<\/span><\/p>\n<p><b>Material:<\/b><span style=\"font-weight: 400;\"> Alum\u00ednio.<\/span><\/p>\n<p><b>Caracter\u00edsticas:<\/b><\/p>\n<ul>\n<li><span style=\"font-weight: 400;\">Durabilidade;<\/span><\/li>\n<li><span style=\"font-weight: 400;\">Resist\u00eancia \u00e0 Corros\u00e3o;<\/span><\/li>\n<li><span style=\"font-weight: 400;\">Resist\u00eancia Qu\u00edmica;<\/span><\/li>\n<li><span style=\"font-weight: 400;\">Leveza;<\/span><\/li>\n<li><span style=\"font-weight: 400;\">Reciclabilidade.<\/span><\/li>\n<\/ul>\n<p><span style=\"font-weight: 400;\"><b>COMPATIBILIDADE: <\/b>Compat\u00edvel para os v\u00eddeos endosc\u00f3pios flex\u00edveis da marca Pentax. (Gastroscopio, Colonoscopio, Duodenoscopio, Broncoscopio, Nasolaringoscopio, Otorrinolaringoscopio e Otoscopio)<\/span><\/p>\n<p>Ref:\u00a0<span id=\"product-reference\" class=\"product-sku ref\" data-url=\"\/mvc\/store\/product\/variant_reference\/?loja=758386\">0000000795514<\/span><\/p>\n<p>Marca: Ziontech<\/p>\n","protected":false},"excerpt":{"rendered":"<p>Dispositivo utilizado para verificar se h\u00e1 vazamento de ar ou l\u00edquidos no sistema de endoscopia, garantindo que n\u00e3o haja falhas na veda\u00e7\u00e3o do equipamento. Ele \u00e9 conectado ao instrumento endosc\u00f3pico, permitindo que o profissional realize o teste de press\u00e3o, assegurando a integridade do sistema antes de seu uso. Esse conector \u00e9 essencial para evitar contamina\u00e7\u00f5es e garantir a seguran\u00e7a do procedimento.<\/p>\n","protected":false},"featured_media":1397,"template":"","meta":[],"product_brand":[],"product_cat":[91,51],"product_tag":[],"class_list":{"0":"post-1396","1":"product","2":"type-product","3":"status-publish","4":"has-post-thumbnail","6":"product_cat-acessorios-endoscopia","7":"product_cat-produtos-hospitalares-e-para-pacientes","9":"first","10":"instock","11":"taxable","12":"shipping-taxable","13":"purchasable","14":"product-type-simple"},"acf":[],"yoast_head":"<!-- This site is optimized with the Yoast SEO plugin v24.4 - https:\/\/yoast.com\/wordpress\/plugins\/seo\/ -->\n<title>Conector para teste de vazamento PENTAX - Frete incluso - 5% desc. a vista - Consulte-nos! - Massaf Medical<\/title>\n<meta name=\"robots\" content=\"index, follow, max-snippet:-1, max-image-preview:large, max-video-preview:-1\" \/>\n<link rel=\"canonical\" href=\"https:\/\/www.massafmedical.com.br\/loja\/produto\/conector-para-teste-de-vazamento-pentax\/\" \/>\n<meta property=\"og:locale\" content=\"pt_BR\" \/>\n<meta property=\"og:type\" content=\"article\" \/>\n<meta property=\"og:title\" content=\"Conector para teste de vazamento PENTAX - Frete incluso - 5% desc. a vista - Consulte-nos! - Massaf Medical\" \/>\n<meta property=\"og:description\" content=\"Dispositivo utilizado para verificar se h\u00e1 vazamento de ar ou l\u00edquidos no sistema de endoscopia, garantindo que n\u00e3o haja falhas na veda\u00e7\u00e3o do equipamento. Ele \u00e9 conectado ao instrumento endosc\u00f3pico, permitindo que o profissional realize o teste de press\u00e3o, assegurando a integridade do sistema antes de seu uso. Esse conector \u00e9 essencial para evitar contamina\u00e7\u00f5es e garantir a seguran\u00e7a do procedimento.\" \/>\n<meta property=\"og:url\" content=\"https:\/\/www.massafmedical.com.br\/loja\/produto\/conector-para-teste-de-vazamento-pentax\/\" \/>\n<meta property=\"og:site_name\" content=\"Massaf Medical\" \/>\n<meta property=\"article:publisher\" content=\"http:\/\/www.facebook.com\/MASSAFMEDICAL\" \/>\n<meta property=\"article:modified_time\" content=\"2026-03-27T14:47:22+00:00\" \/>\n<meta property=\"og:image\" content=\"https:\/\/www.massafmedical.com.br\/loja\/wp-content\/uploads\/2025\/02\/WhatsApp-Image-2025-02-06-at-10.44.44.jpeg\" \/>\n\t<meta property=\"og:image:width\" content=\"543\" \/>\n\t<meta property=\"og:image:height\" content=\"627\" \/>\n\t<meta property=\"og:image:type\" content=\"image\/jpeg\" \/>\n<meta name=\"twitter:card\" content=\"summary_large_image\" \/>\n<meta name=\"twitter:label1\" content=\"Est. tempo de leitura\" \/>\n\t<meta name=\"twitter:data1\" content=\"1 minuto\" \/>\n<script type=\"application\/ld+json\" class=\"yoast-schema-graph\">{\"@context\":\"https:\/\/schema.org\",\"@graph\":[{\"@type\":\"WebPage\",\"@id\":\"https:\/\/www.massafmedical.com.br\/loja\/produto\/conector-para-teste-de-vazamento-pentax\/\",\"url\":\"https:\/\/www.massafmedical.com.br\/loja\/produto\/conector-para-teste-de-vazamento-pentax\/\",\"name\":\"Conector para teste de vazamento PENTAX - Frete incluso - 5% desc. a vista - Consulte-nos! - Massaf Medical\",\"isPartOf\":{\"@id\":\"https:\/\/www.massafmedical.com.br\/loja\/#website\"},\"primaryImageOfPage\":{\"@id\":\"https:\/\/www.massafmedical.com.br\/loja\/produto\/conector-para-teste-de-vazamento-pentax\/#primaryimage\"},\"image\":{\"@id\":\"https:\/\/www.massafmedical.com.br\/loja\/produto\/conector-para-teste-de-vazamento-pentax\/#primaryimage\"},\"thumbnailUrl\":\"https:\/\/www.massafmedical.com.br\/loja\/wp-content\/uploads\/2025\/02\/WhatsApp-Image-2025-02-06-at-10.44.44.jpeg\",\"datePublished\":\"2025-02-06T13:45:58+00:00\",\"dateModified\":\"2026-03-27T14:47:22+00:00\",\"breadcrumb\":{\"@id\":\"https:\/\/www.massafmedical.com.br\/loja\/produto\/conector-para-teste-de-vazamento-pentax\/#breadcrumb\"},\"inLanguage\":\"pt-BR\",\"potentialAction\":[{\"@type\":\"ReadAction\",\"target\":[\"https:\/\/www.massafmedical.com.br\/loja\/produto\/conector-para-teste-de-vazamento-pentax\/\"]}]},{\"@type\":\"ImageObject\",\"inLanguage\":\"pt-BR\",\"@id\":\"https:\/\/www.massafmedical.com.br\/loja\/produto\/conector-para-teste-de-vazamento-pentax\/#primaryimage\",\"url\":\"https:\/\/www.massafmedical.com.br\/loja\/wp-content\/uploads\/2025\/02\/WhatsApp-Image-2025-02-06-at-10.44.44.jpeg\",\"contentUrl\":\"https:\/\/www.massafmedical.com.br\/loja\/wp-content\/uploads\/2025\/02\/WhatsApp-Image-2025-02-06-at-10.44.44.jpeg\",\"width\":543,\"height\":627},{\"@type\":\"BreadcrumbList\",\"@id\":\"https:\/\/www.massafmedical.com.br\/loja\/produto\/conector-para-teste-de-vazamento-pentax\/#breadcrumb\",\"itemListElement\":[{\"@type\":\"ListItem\",\"position\":1,\"name\":\"In\u00edcio\",\"item\":\"https:\/\/www.massafmedical.com.br\/loja\/\"},{\"@type\":\"ListItem\",\"position\":2,\"name\":\"Produtos\",\"item\":\"https:\/\/www.massafmedical.com.br\/loja\/nossos-produtos\/\"},{\"@type\":\"ListItem\",\"position\":3,\"name\":\"Conector para teste de vazamento PENTAX &#8211; Frete incluso &#8211; 5% desc. a vista &#8211; Consulte-nos!\"}]},{\"@type\":\"WebSite\",\"@id\":\"https:\/\/www.massafmedical.com.br\/loja\/#website\",\"url\":\"https:\/\/www.massafmedical.com.br\/loja\/\",\"name\":\"Massaf Medical\",\"description\":\"\",\"publisher\":{\"@id\":\"https:\/\/www.massafmedical.com.br\/loja\/#organization\"},\"potentialAction\":[{\"@type\":\"SearchAction\",\"target\":{\"@type\":\"EntryPoint\",\"urlTemplate\":\"https:\/\/www.massafmedical.com.br\/loja\/?s={search_term_string}\"},\"query-input\":{\"@type\":\"PropertyValueSpecification\",\"valueRequired\":true,\"valueName\":\"search_term_string\"}}],\"inLanguage\":\"pt-BR\"},{\"@type\":\"Organization\",\"@id\":\"https:\/\/www.massafmedical.com.br\/loja\/#organization\",\"name\":\"Massaf Medical\",\"url\":\"https:\/\/www.massafmedical.com.br\/loja\/\",\"logo\":{\"@type\":\"ImageObject\",\"inLanguage\":\"pt-BR\",\"@id\":\"https:\/\/www.massafmedical.com.br\/loja\/#\/schema\/logo\/image\/\",\"url\":\"http:\/\/www.massafmedical.com.br\/loja\/wp-content\/uploads\/2020\/10\/logotipo-big.png\",\"contentUrl\":\"http:\/\/www.massafmedical.com.br\/loja\/wp-content\/uploads\/2020\/10\/logotipo-big.png\",\"width\":750,\"height\":253,\"caption\":\"Massaf Medical\"},\"image\":{\"@id\":\"https:\/\/www.massafmedical.com.br\/loja\/#\/schema\/logo\/image\/\"},\"sameAs\":[\"http:\/\/www.facebook.com\/MASSAFMEDICAL\"]}]}<\/script>\n<!-- \/ Yoast SEO plugin. -->","yoast_head_json":{"title":"Conector para teste de vazamento PENTAX - Frete incluso - 5% desc. a vista - Consulte-nos! - Massaf Medical","robots":{"index":"index","follow":"follow","max-snippet":"max-snippet:-1","max-image-preview":"max-image-preview:large","max-video-preview":"max-video-preview:-1"},"canonical":"https:\/\/www.massafmedical.com.br\/loja\/produto\/conector-para-teste-de-vazamento-pentax\/","og_locale":"pt_BR","og_type":"article","og_title":"Conector para teste de vazamento PENTAX - Frete incluso - 5% desc. a vista - Consulte-nos! - Massaf Medical","og_description":"Dispositivo utilizado para verificar se h\u00e1 vazamento de ar ou l\u00edquidos no sistema de endoscopia, garantindo que n\u00e3o haja falhas na veda\u00e7\u00e3o do equipamento. Ele \u00e9 conectado ao instrumento endosc\u00f3pico, permitindo que o profissional realize o teste de press\u00e3o, assegurando a integridade do sistema antes de seu uso. Esse conector \u00e9 essencial para evitar contamina\u00e7\u00f5es e garantir a seguran\u00e7a do procedimento.","og_url":"https:\/\/www.massafmedical.com.br\/loja\/produto\/conector-para-teste-de-vazamento-pentax\/","og_site_name":"Massaf Medical","article_publisher":"http:\/\/www.facebook.com\/MASSAFMEDICAL","article_modified_time":"2026-03-27T14:47:22+00:00","og_image":[{"width":543,"height":627,"url":"https:\/\/www.massafmedical.com.br\/loja\/wp-content\/uploads\/2025\/02\/WhatsApp-Image-2025-02-06-at-10.44.44.jpeg","type":"image\/jpeg"}],"twitter_card":"summary_large_image","twitter_misc":{"Est. tempo de leitura":"1 minuto"},"schema":{"@context":"https:\/\/schema.org","@graph":[{"@type":"WebPage","@id":"https:\/\/www.massafmedical.com.br\/loja\/produto\/conector-para-teste-de-vazamento-pentax\/","url":"https:\/\/www.massafmedical.com.br\/loja\/produto\/conector-para-teste-de-vazamento-pentax\/","name":"Conector para teste de vazamento PENTAX - Frete incluso - 5% desc. a vista - Consulte-nos! - Massaf Medical","isPartOf":{"@id":"https:\/\/www.massafmedical.com.br\/loja\/#website"},"primaryImageOfPage":{"@id":"https:\/\/www.massafmedical.com.br\/loja\/produto\/conector-para-teste-de-vazamento-pentax\/#primaryimage"},"image":{"@id":"https:\/\/www.massafmedical.com.br\/loja\/produto\/conector-para-teste-de-vazamento-pentax\/#primaryimage"},"thumbnailUrl":"https:\/\/www.massafmedical.com.br\/loja\/wp-content\/uploads\/2025\/02\/WhatsApp-Image-2025-02-06-at-10.44.44.jpeg","datePublished":"2025-02-06T13:45:58+00:00","dateModified":"2026-03-27T14:47:22+00:00","breadcrumb":{"@id":"https:\/\/www.massafmedical.com.br\/loja\/produto\/conector-para-teste-de-vazamento-pentax\/#breadcrumb"},"inLanguage":"pt-BR","potentialAction":[{"@type":"ReadAction","target":["https:\/\/www.massafmedical.com.br\/loja\/produto\/conector-para-teste-de-vazamento-pentax\/"]}]},{"@type":"ImageObject","inLanguage":"pt-BR","@id":"https:\/\/www.massafmedical.com.br\/loja\/produto\/conector-para-teste-de-vazamento-pentax\/#primaryimage","url":"https:\/\/www.massafmedical.com.br\/loja\/wp-content\/uploads\/2025\/02\/WhatsApp-Image-2025-02-06-at-10.44.44.jpeg","contentUrl":"https:\/\/www.massafmedical.com.br\/loja\/wp-content\/uploads\/2025\/02\/WhatsApp-Image-2025-02-06-at-10.44.44.jpeg","width":543,"height":627},{"@type":"BreadcrumbList","@id":"https:\/\/www.massafmedical.com.br\/loja\/produto\/conector-para-teste-de-vazamento-pentax\/#breadcrumb","itemListElement":[{"@type":"ListItem","position":1,"name":"In\u00edcio","item":"https:\/\/www.massafmedical.com.br\/loja\/"},{"@type":"ListItem","position":2,"name":"Produtos","item":"https:\/\/www.massafmedical.com.br\/loja\/nossos-produtos\/"},{"@type":"ListItem","position":3,"name":"Conector para teste de vazamento PENTAX &#8211; Frete incluso &#8211; 5% desc. a vista &#8211; Consulte-nos!"}]},{"@type":"WebSite","@id":"https:\/\/www.massafmedical.com.br\/loja\/#website","url":"https:\/\/www.massafmedical.com.br\/loja\/","name":"Massaf Medical","description":"","publisher":{"@id":"https:\/\/www.massafmedical.com.br\/loja\/#organization"},"potentialAction":[{"@type":"SearchAction","target":{"@type":"EntryPoint","urlTemplate":"https:\/\/www.massafmedical.com.br\/loja\/?s={search_term_string}"},"query-input":{"@type":"PropertyValueSpecification","valueRequired":true,"valueName":"search_term_string"}}],"inLanguage":"pt-BR"},{"@type":"Organization","@id":"https:\/\/www.massafmedical.com.br\/loja\/#organization","name":"Massaf Medical","url":"https:\/\/www.massafmedical.com.br\/loja\/","logo":{"@type":"ImageObject","inLanguage":"pt-BR","@id":"https:\/\/www.massafmedical.com.br\/loja\/#\/schema\/logo\/image\/","url":"http:\/\/www.massafmedical.com.br\/loja\/wp-content\/uploads\/2020\/10\/logotipo-big.png","contentUrl":"http:\/\/www.massafmedical.com.br\/loja\/wp-content\/uploads\/2020\/10\/logotipo-big.png","width":750,"height":253,"caption":"Massaf Medical"},"image":{"@id":"https:\/\/www.massafmedical.com.br\/loja\/#\/schema\/logo\/image\/"},"sameAs":["http:\/\/www.facebook.com\/MASSAFMEDICAL"]}]}},"_links":{"self":[{"href":"https:\/\/www.massafmedical.com.br\/loja\/wp-json\/wp\/v2\/product\/1396","targetHints":{"allow":["GET"]}}],"collection":[{"href":"https:\/\/www.massafmedical.com.br\/loja\/wp-json\/wp\/v2\/product"}],"about":[{"href":"https:\/\/www.massafmedical.com.br\/loja\/wp-json\/wp\/v2\/types\/product"}],"wp:featuredmedia":[{"embeddable":true,"href":"https:\/\/www.massafmedical.com.br\/loja\/wp-json\/wp\/v2\/media\/1397"}],"wp:attachment":[{"href":"https:\/\/www.massafmedical.com.br\/loja\/wp-json\/wp\/v2\/media?parent=1396"}],"wp:term":[{"taxonomy":"product_brand","embeddable":true,"href":"https:\/\/www.massafmedical.com.br\/loja\/wp-json\/wp\/v2\/product_brand?post=1396"},{"taxonomy":"product_cat","embeddable":true,"href":"https:\/\/www.massafmedical.com.br\/loja\/wp-json\/wp\/v2\/product_cat?post=1396"},{"taxonomy":"product_tag","embeddable":true,"href":"https:\/\/www.massafmedical.com.br\/loja\/wp-json\/wp\/v2\/product_tag?post=1396"}],"curies":[{"name":"wp","href":"https:\/\/api.w.org\/{rel}","templated":true}]}}