{"id":1389,"date":"2025-02-06T10:28:33","date_gmt":"2025-02-06T13:28:33","guid":{"rendered":"https:\/\/www.massafmedical.com.br\/loja\/?post_type=product&#038;p=1389"},"modified":"2026-03-27T11:50:52","modified_gmt":"2026-03-27T14:50:52","slug":"conector-para-teste-de-vazamento-fujinon","status":"publish","type":"product","link":"https:\/\/www.massafmedical.com.br\/loja\/produto\/conector-para-teste-de-vazamento-fujinon\/","title":{"rendered":"Conector para Teste de Vazamento FUJINON &#8211; Frete incluso &#8211; 5% desc. a vista &#8211; Consulte-nos!"},"content":{"rendered":"<div class=\"product-sku\">\n<p><strong>Conector para Teste de Vazamento para FUJINON:<\/strong><\/p>\n<p>Os testes de vazamento s\u00e3o realizados antes e ap\u00f3s cada uso do endosc\u00f3pio, como parte dos protocolos de limpeza, desinfec\u00e7\u00e3o e esteriliza\u00e7\u00e3o do dispositivo. O teste \u00e9 geralmente conduzido mergulhando o endosc\u00f3pio em um l\u00edquido espec\u00edfico e, em seguida, insuflando ar ou g\u00e1s atrav\u00e9s do canal do endosc\u00f3pio enquanto o dispositivo \u00e9 inspecionado visualmente para detectar poss\u00edveis vazamentos.<\/p>\n<p>&nbsp;<\/p>\n<p><samp>Ao realizar esses testes regularmente, os profissionais de sa\u00fade podem identificar qualquer problema com o endosc\u00f3pio e garantir a seguran\u00e7a e efic\u00e1cia dos procedimentos endosc\u00f3picos, protegendo a sa\u00fade do paciente. Al\u00e9m disso, \u00e9 fundamental seguir rigorosamente as diretrizes e recomenda\u00e7\u00f5es do fabricante para garantir a manuten\u00e7\u00e3o adequada do endosc\u00f3pio e evitar complica\u00e7\u00f5es associadas a vazamentos ou mau funcionamento do equipamento.<\/samp><\/p>\n<p>&nbsp;<\/p>\n<p><strong>Itens inclusos:<\/strong><\/p>\n<div id=\"njcdgcofcbnlbpkpdhmlmiblaglnkpnj\">\n<p><span style=\"font-size: 1rem;\">Ref: <\/span><span id=\"product-reference\" class=\"product-sku ref\" style=\"font-size: 1rem;\" data-url=\"\/mvc\/store\/product\/variant_reference\/?loja=758386\">0000000795521<\/span><\/p>\n<\/div>\n<\/div>\n<div class=\"product-brand\">Marca: Ziontech<\/div>\n","protected":false},"excerpt":{"rendered":"<p>Os testes de vazamento de endosc\u00f3pio s\u00e3o procedimentos realizados para verificar se h\u00e1 algum defeito ou falha que permita a entrada de l\u00edquidos ou gases indesejados no interior do endosc\u00f3pio.<\/p>\n","protected":false},"featured_media":1390,"template":"","meta":[],"product_brand":[],"product_cat":[91,51],"product_tag":[],"class_list":{"0":"post-1389","1":"product","2":"type-product","3":"status-publish","4":"has-post-thumbnail","6":"product_cat-acessorios-endoscopia","7":"product_cat-produtos-hospitalares-e-para-pacientes","9":"first","10":"instock","11":"taxable","12":"shipping-taxable","13":"purchasable","14":"product-type-simple"},"acf":[],"yoast_head":"<!-- This site is optimized with the Yoast SEO plugin v24.4 - https:\/\/yoast.com\/wordpress\/plugins\/seo\/ -->\n<title>Conector para Teste de Vazamento FUJINON - Frete incluso - 5% desc. a vista - Consulte-nos! - Massaf Medical<\/title>\n<meta name=\"robots\" content=\"index, follow, max-snippet:-1, max-image-preview:large, max-video-preview:-1\" \/>\n<link rel=\"canonical\" href=\"https:\/\/www.massafmedical.com.br\/loja\/produto\/conector-para-teste-de-vazamento-fujinon\/\" \/>\n<meta property=\"og:locale\" content=\"pt_BR\" \/>\n<meta property=\"og:type\" content=\"article\" \/>\n<meta property=\"og:title\" content=\"Conector para Teste de Vazamento FUJINON - Frete incluso - 5% desc. a vista - Consulte-nos! - Massaf Medical\" \/>\n<meta property=\"og:description\" content=\"Os testes de vazamento de endosc\u00f3pio s\u00e3o procedimentos realizados para verificar se h\u00e1 algum defeito ou falha que permita a entrada de l\u00edquidos ou gases indesejados no interior do endosc\u00f3pio.\" \/>\n<meta property=\"og:url\" content=\"https:\/\/www.massafmedical.com.br\/loja\/produto\/conector-para-teste-de-vazamento-fujinon\/\" \/>\n<meta property=\"og:site_name\" content=\"Massaf Medical\" \/>\n<meta property=\"article:publisher\" content=\"http:\/\/www.facebook.com\/MASSAFMEDICAL\" \/>\n<meta property=\"article:modified_time\" content=\"2026-03-27T14:50:52+00:00\" \/>\n<meta property=\"og:image\" content=\"https:\/\/www.massafmedical.com.br\/loja\/wp-content\/uploads\/2025\/02\/WhatsApp-Image-2025-02-06-at-10.26.54.jpeg\" \/>\n\t<meta property=\"og:image:width\" content=\"611\" \/>\n\t<meta property=\"og:image:height\" content=\"689\" \/>\n\t<meta property=\"og:image:type\" content=\"image\/jpeg\" \/>\n<meta name=\"twitter:card\" content=\"summary_large_image\" \/>\n<meta name=\"twitter:label1\" content=\"Est. tempo de leitura\" \/>\n\t<meta name=\"twitter:data1\" content=\"1 minuto\" \/>\n<script type=\"application\/ld+json\" class=\"yoast-schema-graph\">{\"@context\":\"https:\/\/schema.org\",\"@graph\":[{\"@type\":\"WebPage\",\"@id\":\"https:\/\/www.massafmedical.com.br\/loja\/produto\/conector-para-teste-de-vazamento-fujinon\/\",\"url\":\"https:\/\/www.massafmedical.com.br\/loja\/produto\/conector-para-teste-de-vazamento-fujinon\/\",\"name\":\"Conector para Teste de Vazamento FUJINON - Frete incluso - 5% desc. a vista - Consulte-nos! - Massaf Medical\",\"isPartOf\":{\"@id\":\"https:\/\/www.massafmedical.com.br\/loja\/#website\"},\"primaryImageOfPage\":{\"@id\":\"https:\/\/www.massafmedical.com.br\/loja\/produto\/conector-para-teste-de-vazamento-fujinon\/#primaryimage\"},\"image\":{\"@id\":\"https:\/\/www.massafmedical.com.br\/loja\/produto\/conector-para-teste-de-vazamento-fujinon\/#primaryimage\"},\"thumbnailUrl\":\"https:\/\/www.massafmedical.com.br\/loja\/wp-content\/uploads\/2025\/02\/WhatsApp-Image-2025-02-06-at-10.26.54.jpeg\",\"datePublished\":\"2025-02-06T13:28:33+00:00\",\"dateModified\":\"2026-03-27T14:50:52+00:00\",\"breadcrumb\":{\"@id\":\"https:\/\/www.massafmedical.com.br\/loja\/produto\/conector-para-teste-de-vazamento-fujinon\/#breadcrumb\"},\"inLanguage\":\"pt-BR\",\"potentialAction\":[{\"@type\":\"ReadAction\",\"target\":[\"https:\/\/www.massafmedical.com.br\/loja\/produto\/conector-para-teste-de-vazamento-fujinon\/\"]}]},{\"@type\":\"ImageObject\",\"inLanguage\":\"pt-BR\",\"@id\":\"https:\/\/www.massafmedical.com.br\/loja\/produto\/conector-para-teste-de-vazamento-fujinon\/#primaryimage\",\"url\":\"https:\/\/www.massafmedical.com.br\/loja\/wp-content\/uploads\/2025\/02\/WhatsApp-Image-2025-02-06-at-10.26.54.jpeg\",\"contentUrl\":\"https:\/\/www.massafmedical.com.br\/loja\/wp-content\/uploads\/2025\/02\/WhatsApp-Image-2025-02-06-at-10.26.54.jpeg\",\"width\":611,\"height\":689},{\"@type\":\"BreadcrumbList\",\"@id\":\"https:\/\/www.massafmedical.com.br\/loja\/produto\/conector-para-teste-de-vazamento-fujinon\/#breadcrumb\",\"itemListElement\":[{\"@type\":\"ListItem\",\"position\":1,\"name\":\"In\u00edcio\",\"item\":\"https:\/\/www.massafmedical.com.br\/loja\/\"},{\"@type\":\"ListItem\",\"position\":2,\"name\":\"Produtos\",\"item\":\"https:\/\/www.massafmedical.com.br\/loja\/nossos-produtos\/\"},{\"@type\":\"ListItem\",\"position\":3,\"name\":\"Conector para Teste de Vazamento FUJINON &#8211; Frete incluso &#8211; 5% desc. a vista &#8211; Consulte-nos!\"}]},{\"@type\":\"WebSite\",\"@id\":\"https:\/\/www.massafmedical.com.br\/loja\/#website\",\"url\":\"https:\/\/www.massafmedical.com.br\/loja\/\",\"name\":\"Massaf Medical\",\"description\":\"\",\"publisher\":{\"@id\":\"https:\/\/www.massafmedical.com.br\/loja\/#organization\"},\"potentialAction\":[{\"@type\":\"SearchAction\",\"target\":{\"@type\":\"EntryPoint\",\"urlTemplate\":\"https:\/\/www.massafmedical.com.br\/loja\/?s={search_term_string}\"},\"query-input\":{\"@type\":\"PropertyValueSpecification\",\"valueRequired\":true,\"valueName\":\"search_term_string\"}}],\"inLanguage\":\"pt-BR\"},{\"@type\":\"Organization\",\"@id\":\"https:\/\/www.massafmedical.com.br\/loja\/#organization\",\"name\":\"Massaf Medical\",\"url\":\"https:\/\/www.massafmedical.com.br\/loja\/\",\"logo\":{\"@type\":\"ImageObject\",\"inLanguage\":\"pt-BR\",\"@id\":\"https:\/\/www.massafmedical.com.br\/loja\/#\/schema\/logo\/image\/\",\"url\":\"http:\/\/www.massafmedical.com.br\/loja\/wp-content\/uploads\/2020\/10\/logotipo-big.png\",\"contentUrl\":\"http:\/\/www.massafmedical.com.br\/loja\/wp-content\/uploads\/2020\/10\/logotipo-big.png\",\"width\":750,\"height\":253,\"caption\":\"Massaf Medical\"},\"image\":{\"@id\":\"https:\/\/www.massafmedical.com.br\/loja\/#\/schema\/logo\/image\/\"},\"sameAs\":[\"http:\/\/www.facebook.com\/MASSAFMEDICAL\"]}]}<\/script>\n<!-- \/ Yoast SEO plugin. -->","yoast_head_json":{"title":"Conector para Teste de Vazamento FUJINON - Frete incluso - 5% desc. a vista - Consulte-nos! - Massaf Medical","robots":{"index":"index","follow":"follow","max-snippet":"max-snippet:-1","max-image-preview":"max-image-preview:large","max-video-preview":"max-video-preview:-1"},"canonical":"https:\/\/www.massafmedical.com.br\/loja\/produto\/conector-para-teste-de-vazamento-fujinon\/","og_locale":"pt_BR","og_type":"article","og_title":"Conector para Teste de Vazamento FUJINON - Frete incluso - 5% desc. a vista - Consulte-nos! - Massaf Medical","og_description":"Os testes de vazamento de endosc\u00f3pio s\u00e3o procedimentos realizados para verificar se h\u00e1 algum defeito ou falha que permita a entrada de l\u00edquidos ou gases indesejados no interior do endosc\u00f3pio.","og_url":"https:\/\/www.massafmedical.com.br\/loja\/produto\/conector-para-teste-de-vazamento-fujinon\/","og_site_name":"Massaf Medical","article_publisher":"http:\/\/www.facebook.com\/MASSAFMEDICAL","article_modified_time":"2026-03-27T14:50:52+00:00","og_image":[{"width":611,"height":689,"url":"https:\/\/www.massafmedical.com.br\/loja\/wp-content\/uploads\/2025\/02\/WhatsApp-Image-2025-02-06-at-10.26.54.jpeg","type":"image\/jpeg"}],"twitter_card":"summary_large_image","twitter_misc":{"Est. tempo de leitura":"1 minuto"},"schema":{"@context":"https:\/\/schema.org","@graph":[{"@type":"WebPage","@id":"https:\/\/www.massafmedical.com.br\/loja\/produto\/conector-para-teste-de-vazamento-fujinon\/","url":"https:\/\/www.massafmedical.com.br\/loja\/produto\/conector-para-teste-de-vazamento-fujinon\/","name":"Conector para Teste de Vazamento FUJINON - Frete incluso - 5% desc. a vista - Consulte-nos! - Massaf Medical","isPartOf":{"@id":"https:\/\/www.massafmedical.com.br\/loja\/#website"},"primaryImageOfPage":{"@id":"https:\/\/www.massafmedical.com.br\/loja\/produto\/conector-para-teste-de-vazamento-fujinon\/#primaryimage"},"image":{"@id":"https:\/\/www.massafmedical.com.br\/loja\/produto\/conector-para-teste-de-vazamento-fujinon\/#primaryimage"},"thumbnailUrl":"https:\/\/www.massafmedical.com.br\/loja\/wp-content\/uploads\/2025\/02\/WhatsApp-Image-2025-02-06-at-10.26.54.jpeg","datePublished":"2025-02-06T13:28:33+00:00","dateModified":"2026-03-27T14:50:52+00:00","breadcrumb":{"@id":"https:\/\/www.massafmedical.com.br\/loja\/produto\/conector-para-teste-de-vazamento-fujinon\/#breadcrumb"},"inLanguage":"pt-BR","potentialAction":[{"@type":"ReadAction","target":["https:\/\/www.massafmedical.com.br\/loja\/produto\/conector-para-teste-de-vazamento-fujinon\/"]}]},{"@type":"ImageObject","inLanguage":"pt-BR","@id":"https:\/\/www.massafmedical.com.br\/loja\/produto\/conector-para-teste-de-vazamento-fujinon\/#primaryimage","url":"https:\/\/www.massafmedical.com.br\/loja\/wp-content\/uploads\/2025\/02\/WhatsApp-Image-2025-02-06-at-10.26.54.jpeg","contentUrl":"https:\/\/www.massafmedical.com.br\/loja\/wp-content\/uploads\/2025\/02\/WhatsApp-Image-2025-02-06-at-10.26.54.jpeg","width":611,"height":689},{"@type":"BreadcrumbList","@id":"https:\/\/www.massafmedical.com.br\/loja\/produto\/conector-para-teste-de-vazamento-fujinon\/#breadcrumb","itemListElement":[{"@type":"ListItem","position":1,"name":"In\u00edcio","item":"https:\/\/www.massafmedical.com.br\/loja\/"},{"@type":"ListItem","position":2,"name":"Produtos","item":"https:\/\/www.massafmedical.com.br\/loja\/nossos-produtos\/"},{"@type":"ListItem","position":3,"name":"Conector para Teste de Vazamento FUJINON &#8211; Frete incluso &#8211; 5% desc. a vista &#8211; Consulte-nos!"}]},{"@type":"WebSite","@id":"https:\/\/www.massafmedical.com.br\/loja\/#website","url":"https:\/\/www.massafmedical.com.br\/loja\/","name":"Massaf Medical","description":"","publisher":{"@id":"https:\/\/www.massafmedical.com.br\/loja\/#organization"},"potentialAction":[{"@type":"SearchAction","target":{"@type":"EntryPoint","urlTemplate":"https:\/\/www.massafmedical.com.br\/loja\/?s={search_term_string}"},"query-input":{"@type":"PropertyValueSpecification","valueRequired":true,"valueName":"search_term_string"}}],"inLanguage":"pt-BR"},{"@type":"Organization","@id":"https:\/\/www.massafmedical.com.br\/loja\/#organization","name":"Massaf Medical","url":"https:\/\/www.massafmedical.com.br\/loja\/","logo":{"@type":"ImageObject","inLanguage":"pt-BR","@id":"https:\/\/www.massafmedical.com.br\/loja\/#\/schema\/logo\/image\/","url":"http:\/\/www.massafmedical.com.br\/loja\/wp-content\/uploads\/2020\/10\/logotipo-big.png","contentUrl":"http:\/\/www.massafmedical.com.br\/loja\/wp-content\/uploads\/2020\/10\/logotipo-big.png","width":750,"height":253,"caption":"Massaf Medical"},"image":{"@id":"https:\/\/www.massafmedical.com.br\/loja\/#\/schema\/logo\/image\/"},"sameAs":["http:\/\/www.facebook.com\/MASSAFMEDICAL"]}]}},"_links":{"self":[{"href":"https:\/\/www.massafmedical.com.br\/loja\/wp-json\/wp\/v2\/product\/1389","targetHints":{"allow":["GET"]}}],"collection":[{"href":"https:\/\/www.massafmedical.com.br\/loja\/wp-json\/wp\/v2\/product"}],"about":[{"href":"https:\/\/www.massafmedical.com.br\/loja\/wp-json\/wp\/v2\/types\/product"}],"wp:featuredmedia":[{"embeddable":true,"href":"https:\/\/www.massafmedical.com.br\/loja\/wp-json\/wp\/v2\/media\/1390"}],"wp:attachment":[{"href":"https:\/\/www.massafmedical.com.br\/loja\/wp-json\/wp\/v2\/media?parent=1389"}],"wp:term":[{"taxonomy":"product_brand","embeddable":true,"href":"https:\/\/www.massafmedical.com.br\/loja\/wp-json\/wp\/v2\/product_brand?post=1389"},{"taxonomy":"product_cat","embeddable":true,"href":"https:\/\/www.massafmedical.com.br\/loja\/wp-json\/wp\/v2\/product_cat?post=1389"},{"taxonomy":"product_tag","embeddable":true,"href":"https:\/\/www.massafmedical.com.br\/loja\/wp-json\/wp\/v2\/product_tag?post=1389"}],"curies":[{"name":"wp","href":"https:\/\/api.w.org\/{rel}","templated":true}]}}