{"id":1378,"date":"2025-02-06T09:43:20","date_gmt":"2025-02-06T12:43:20","guid":{"rendered":"https:\/\/www.massafmedical.com.br\/loja\/?post_type=product&#038;p=1378"},"modified":"2025-07-24T09:39:44","modified_gmt":"2025-07-24T12:39:44","slug":"coletor-de-polipos-alton-unitario","status":"publish","type":"product","link":"https:\/\/www.massafmedical.com.br\/loja\/produto\/coletor-de-polipos-alton-unitario\/","title":{"rendered":"Coletor de P\u00f3lipos &#8211; Alton  (unit\u00e1rio)"},"content":{"rendered":"<div class=\"product-sku\">\n<p><strong>Coletor de P\u00f3lipos Descart\u00e1vel\u00a0<\/strong><\/p>\n<p>Os coletores de p\u00f3lipos s\u00e3o recipientes para armazenamento dos p\u00f3lipos que foram removidos e que devem ser fornecidos para um exame histol\u00f3gico ap\u00f3s o procedimento. A tampa flex\u00edvel \u00e9 fornecida com dois bocais, em cada um dos quais \u00e9 fixada uma mangueira de suc\u00e7\u00e3o.<\/p>\n<p>A amostra \u00e9 coletada por aspirador de press\u00e3o negativa e o l\u00edquido residual pode ser sugado<br \/>\nautomaticamente. Este produto pode coletar amostras de quatro pacientes. As quatro caixas de amostras<br \/>\nest\u00e3o marcadas e podem ser desmontadas de forma independente para prevenir eficazmente a<br \/>\ncontamina\u00e7\u00e3o das amostras.<\/p>\n<\/div>\n<div class=\"product-brand\">Marca: Alton;<\/div>\n<div class=\"product-brand\">Modelo: AF-DPT;<\/div>\n<div>N\u00famero Registro ANVISA:\u00a081323699002;<\/div>\n<div>Ref:\u00a0<span id=\"product-reference\" class=\"product-sku ref\" data-url=\"\/mvc\/store\/product\/variant_reference\/?loja=758386\">0000007958247.\u00a0<\/span><\/div>\n","protected":false},"excerpt":{"rendered":"<p>Os coletores de p\u00f3lipos s\u00e3o recipientes para armazenamento dos p\u00f3lipos que foram removidos e que devem ser fornecidos para um exame histol\u00f3gico ap\u00f3s o procedimento. A tampa flex\u00edvel \u00e9 fornecida com dois bocais, em cada um dos quais \u00e9 fixada uma mangueira de suc\u00e7\u00e3o.<\/p>\n","protected":false},"featured_media":1379,"template":"","meta":[],"product_brand":[],"product_cat":[66,51,86,88],"product_tag":[],"class_list":{"0":"post-1378","1":"product","2":"type-product","3":"status-publish","4":"has-post-thumbnail","6":"product_cat-descartaveis","7":"product_cat-produtos-hospitalares-e-para-pacientes","8":"product_cat-medicinaveterinaria","9":"product_cat-pincas-e-acessorios","11":"first","12":"instock","13":"taxable","14":"shipping-taxable","15":"product-type-simple"},"acf":[],"yoast_head":"<!-- This site is optimized with the Yoast SEO plugin v24.4 - https:\/\/yoast.com\/wordpress\/plugins\/seo\/ -->\n<title>Coletor de P\u00f3lipos - Alton (unit\u00e1rio) - Massaf Medical<\/title>\n<meta name=\"robots\" content=\"index, follow, max-snippet:-1, max-image-preview:large, max-video-preview:-1\" \/>\n<link rel=\"canonical\" href=\"https:\/\/www.massafmedical.com.br\/loja\/produto\/coletor-de-polipos-alton-unitario\/\" \/>\n<meta property=\"og:locale\" content=\"pt_BR\" \/>\n<meta property=\"og:type\" content=\"article\" \/>\n<meta property=\"og:title\" content=\"Coletor de P\u00f3lipos - Alton (unit\u00e1rio) - Massaf Medical\" \/>\n<meta property=\"og:description\" content=\"Os coletores de p\u00f3lipos s\u00e3o recipientes para armazenamento dos p\u00f3lipos que foram removidos e que devem ser fornecidos para um exame histol\u00f3gico ap\u00f3s o procedimento. A tampa flex\u00edvel \u00e9 fornecida com dois bocais, em cada um dos quais \u00e9 fixada uma mangueira de suc\u00e7\u00e3o.\" \/>\n<meta property=\"og:url\" content=\"https:\/\/www.massafmedical.com.br\/loja\/produto\/coletor-de-polipos-alton-unitario\/\" \/>\n<meta property=\"og:site_name\" content=\"Massaf Medical\" \/>\n<meta property=\"article:publisher\" content=\"http:\/\/www.facebook.com\/MASSAFMEDICAL\" \/>\n<meta property=\"article:modified_time\" content=\"2025-07-24T12:39:44+00:00\" \/>\n<meta property=\"og:image\" content=\"https:\/\/www.massafmedical.com.br\/loja\/wp-content\/uploads\/2025\/02\/Coletor-de-Polipos-Descartavel-Alton_Ziontech.jpg\" \/>\n\t<meta property=\"og:image:width\" content=\"538\" \/>\n\t<meta property=\"og:image:height\" content=\"306\" \/>\n\t<meta property=\"og:image:type\" content=\"image\/jpeg\" \/>\n<meta name=\"twitter:card\" content=\"summary_large_image\" \/>\n<meta name=\"twitter:label1\" content=\"Est. tempo de leitura\" \/>\n\t<meta name=\"twitter:data1\" content=\"1 minuto\" \/>\n<script type=\"application\/ld+json\" class=\"yoast-schema-graph\">{\"@context\":\"https:\/\/schema.org\",\"@graph\":[{\"@type\":\"WebPage\",\"@id\":\"https:\/\/www.massafmedical.com.br\/loja\/produto\/coletor-de-polipos-alton-unitario\/\",\"url\":\"https:\/\/www.massafmedical.com.br\/loja\/produto\/coletor-de-polipos-alton-unitario\/\",\"name\":\"Coletor de P\u00f3lipos - Alton (unit\u00e1rio) - Massaf Medical\",\"isPartOf\":{\"@id\":\"https:\/\/www.massafmedical.com.br\/loja\/#website\"},\"primaryImageOfPage\":{\"@id\":\"https:\/\/www.massafmedical.com.br\/loja\/produto\/coletor-de-polipos-alton-unitario\/#primaryimage\"},\"image\":{\"@id\":\"https:\/\/www.massafmedical.com.br\/loja\/produto\/coletor-de-polipos-alton-unitario\/#primaryimage\"},\"thumbnailUrl\":\"https:\/\/www.massafmedical.com.br\/loja\/wp-content\/uploads\/2025\/02\/Coletor-de-Polipos-Descartavel-Alton_Ziontech.jpg\",\"datePublished\":\"2025-02-06T12:43:20+00:00\",\"dateModified\":\"2025-07-24T12:39:44+00:00\",\"breadcrumb\":{\"@id\":\"https:\/\/www.massafmedical.com.br\/loja\/produto\/coletor-de-polipos-alton-unitario\/#breadcrumb\"},\"inLanguage\":\"pt-BR\",\"potentialAction\":[{\"@type\":\"ReadAction\",\"target\":[\"https:\/\/www.massafmedical.com.br\/loja\/produto\/coletor-de-polipos-alton-unitario\/\"]}]},{\"@type\":\"ImageObject\",\"inLanguage\":\"pt-BR\",\"@id\":\"https:\/\/www.massafmedical.com.br\/loja\/produto\/coletor-de-polipos-alton-unitario\/#primaryimage\",\"url\":\"https:\/\/www.massafmedical.com.br\/loja\/wp-content\/uploads\/2025\/02\/Coletor-de-Polipos-Descartavel-Alton_Ziontech.jpg\",\"contentUrl\":\"https:\/\/www.massafmedical.com.br\/loja\/wp-content\/uploads\/2025\/02\/Coletor-de-Polipos-Descartavel-Alton_Ziontech.jpg\",\"width\":538,\"height\":306},{\"@type\":\"BreadcrumbList\",\"@id\":\"https:\/\/www.massafmedical.com.br\/loja\/produto\/coletor-de-polipos-alton-unitario\/#breadcrumb\",\"itemListElement\":[{\"@type\":\"ListItem\",\"position\":1,\"name\":\"In\u00edcio\",\"item\":\"https:\/\/www.massafmedical.com.br\/loja\/\"},{\"@type\":\"ListItem\",\"position\":2,\"name\":\"Produtos\",\"item\":\"https:\/\/www.massafmedical.com.br\/loja\/nossos-produtos\/\"},{\"@type\":\"ListItem\",\"position\":3,\"name\":\"Coletor de P\u00f3lipos &#8211; Alton (unit\u00e1rio)\"}]},{\"@type\":\"WebSite\",\"@id\":\"https:\/\/www.massafmedical.com.br\/loja\/#website\",\"url\":\"https:\/\/www.massafmedical.com.br\/loja\/\",\"name\":\"Massaf Medical\",\"description\":\"\",\"publisher\":{\"@id\":\"https:\/\/www.massafmedical.com.br\/loja\/#organization\"},\"potentialAction\":[{\"@type\":\"SearchAction\",\"target\":{\"@type\":\"EntryPoint\",\"urlTemplate\":\"https:\/\/www.massafmedical.com.br\/loja\/?s={search_term_string}\"},\"query-input\":{\"@type\":\"PropertyValueSpecification\",\"valueRequired\":true,\"valueName\":\"search_term_string\"}}],\"inLanguage\":\"pt-BR\"},{\"@type\":\"Organization\",\"@id\":\"https:\/\/www.massafmedical.com.br\/loja\/#organization\",\"name\":\"Massaf Medical\",\"url\":\"https:\/\/www.massafmedical.com.br\/loja\/\",\"logo\":{\"@type\":\"ImageObject\",\"inLanguage\":\"pt-BR\",\"@id\":\"https:\/\/www.massafmedical.com.br\/loja\/#\/schema\/logo\/image\/\",\"url\":\"http:\/\/www.massafmedical.com.br\/loja\/wp-content\/uploads\/2020\/10\/logotipo-big.png\",\"contentUrl\":\"http:\/\/www.massafmedical.com.br\/loja\/wp-content\/uploads\/2020\/10\/logotipo-big.png\",\"width\":750,\"height\":253,\"caption\":\"Massaf Medical\"},\"image\":{\"@id\":\"https:\/\/www.massafmedical.com.br\/loja\/#\/schema\/logo\/image\/\"},\"sameAs\":[\"http:\/\/www.facebook.com\/MASSAFMEDICAL\"]}]}<\/script>\n<!-- \/ Yoast SEO plugin. -->","yoast_head_json":{"title":"Coletor de P\u00f3lipos - Alton (unit\u00e1rio) - Massaf Medical","robots":{"index":"index","follow":"follow","max-snippet":"max-snippet:-1","max-image-preview":"max-image-preview:large","max-video-preview":"max-video-preview:-1"},"canonical":"https:\/\/www.massafmedical.com.br\/loja\/produto\/coletor-de-polipos-alton-unitario\/","og_locale":"pt_BR","og_type":"article","og_title":"Coletor de P\u00f3lipos - Alton (unit\u00e1rio) - Massaf Medical","og_description":"Os coletores de p\u00f3lipos s\u00e3o recipientes para armazenamento dos p\u00f3lipos que foram removidos e que devem ser fornecidos para um exame histol\u00f3gico ap\u00f3s o procedimento. A tampa flex\u00edvel \u00e9 fornecida com dois bocais, em cada um dos quais \u00e9 fixada uma mangueira de suc\u00e7\u00e3o.","og_url":"https:\/\/www.massafmedical.com.br\/loja\/produto\/coletor-de-polipos-alton-unitario\/","og_site_name":"Massaf Medical","article_publisher":"http:\/\/www.facebook.com\/MASSAFMEDICAL","article_modified_time":"2025-07-24T12:39:44+00:00","og_image":[{"width":538,"height":306,"url":"https:\/\/www.massafmedical.com.br\/loja\/wp-content\/uploads\/2025\/02\/Coletor-de-Polipos-Descartavel-Alton_Ziontech.jpg","type":"image\/jpeg"}],"twitter_card":"summary_large_image","twitter_misc":{"Est. tempo de leitura":"1 minuto"},"schema":{"@context":"https:\/\/schema.org","@graph":[{"@type":"WebPage","@id":"https:\/\/www.massafmedical.com.br\/loja\/produto\/coletor-de-polipos-alton-unitario\/","url":"https:\/\/www.massafmedical.com.br\/loja\/produto\/coletor-de-polipos-alton-unitario\/","name":"Coletor de P\u00f3lipos - Alton (unit\u00e1rio) - Massaf Medical","isPartOf":{"@id":"https:\/\/www.massafmedical.com.br\/loja\/#website"},"primaryImageOfPage":{"@id":"https:\/\/www.massafmedical.com.br\/loja\/produto\/coletor-de-polipos-alton-unitario\/#primaryimage"},"image":{"@id":"https:\/\/www.massafmedical.com.br\/loja\/produto\/coletor-de-polipos-alton-unitario\/#primaryimage"},"thumbnailUrl":"https:\/\/www.massafmedical.com.br\/loja\/wp-content\/uploads\/2025\/02\/Coletor-de-Polipos-Descartavel-Alton_Ziontech.jpg","datePublished":"2025-02-06T12:43:20+00:00","dateModified":"2025-07-24T12:39:44+00:00","breadcrumb":{"@id":"https:\/\/www.massafmedical.com.br\/loja\/produto\/coletor-de-polipos-alton-unitario\/#breadcrumb"},"inLanguage":"pt-BR","potentialAction":[{"@type":"ReadAction","target":["https:\/\/www.massafmedical.com.br\/loja\/produto\/coletor-de-polipos-alton-unitario\/"]}]},{"@type":"ImageObject","inLanguage":"pt-BR","@id":"https:\/\/www.massafmedical.com.br\/loja\/produto\/coletor-de-polipos-alton-unitario\/#primaryimage","url":"https:\/\/www.massafmedical.com.br\/loja\/wp-content\/uploads\/2025\/02\/Coletor-de-Polipos-Descartavel-Alton_Ziontech.jpg","contentUrl":"https:\/\/www.massafmedical.com.br\/loja\/wp-content\/uploads\/2025\/02\/Coletor-de-Polipos-Descartavel-Alton_Ziontech.jpg","width":538,"height":306},{"@type":"BreadcrumbList","@id":"https:\/\/www.massafmedical.com.br\/loja\/produto\/coletor-de-polipos-alton-unitario\/#breadcrumb","itemListElement":[{"@type":"ListItem","position":1,"name":"In\u00edcio","item":"https:\/\/www.massafmedical.com.br\/loja\/"},{"@type":"ListItem","position":2,"name":"Produtos","item":"https:\/\/www.massafmedical.com.br\/loja\/nossos-produtos\/"},{"@type":"ListItem","position":3,"name":"Coletor de P\u00f3lipos &#8211; Alton (unit\u00e1rio)"}]},{"@type":"WebSite","@id":"https:\/\/www.massafmedical.com.br\/loja\/#website","url":"https:\/\/www.massafmedical.com.br\/loja\/","name":"Massaf Medical","description":"","publisher":{"@id":"https:\/\/www.massafmedical.com.br\/loja\/#organization"},"potentialAction":[{"@type":"SearchAction","target":{"@type":"EntryPoint","urlTemplate":"https:\/\/www.massafmedical.com.br\/loja\/?s={search_term_string}"},"query-input":{"@type":"PropertyValueSpecification","valueRequired":true,"valueName":"search_term_string"}}],"inLanguage":"pt-BR"},{"@type":"Organization","@id":"https:\/\/www.massafmedical.com.br\/loja\/#organization","name":"Massaf Medical","url":"https:\/\/www.massafmedical.com.br\/loja\/","logo":{"@type":"ImageObject","inLanguage":"pt-BR","@id":"https:\/\/www.massafmedical.com.br\/loja\/#\/schema\/logo\/image\/","url":"http:\/\/www.massafmedical.com.br\/loja\/wp-content\/uploads\/2020\/10\/logotipo-big.png","contentUrl":"http:\/\/www.massafmedical.com.br\/loja\/wp-content\/uploads\/2020\/10\/logotipo-big.png","width":750,"height":253,"caption":"Massaf Medical"},"image":{"@id":"https:\/\/www.massafmedical.com.br\/loja\/#\/schema\/logo\/image\/"},"sameAs":["http:\/\/www.facebook.com\/MASSAFMEDICAL"]}]}},"_links":{"self":[{"href":"https:\/\/www.massafmedical.com.br\/loja\/wp-json\/wp\/v2\/product\/1378","targetHints":{"allow":["GET"]}}],"collection":[{"href":"https:\/\/www.massafmedical.com.br\/loja\/wp-json\/wp\/v2\/product"}],"about":[{"href":"https:\/\/www.massafmedical.com.br\/loja\/wp-json\/wp\/v2\/types\/product"}],"wp:featuredmedia":[{"embeddable":true,"href":"https:\/\/www.massafmedical.com.br\/loja\/wp-json\/wp\/v2\/media\/1379"}],"wp:attachment":[{"href":"https:\/\/www.massafmedical.com.br\/loja\/wp-json\/wp\/v2\/media?parent=1378"}],"wp:term":[{"taxonomy":"product_brand","embeddable":true,"href":"https:\/\/www.massafmedical.com.br\/loja\/wp-json\/wp\/v2\/product_brand?post=1378"},{"taxonomy":"product_cat","embeddable":true,"href":"https:\/\/www.massafmedical.com.br\/loja\/wp-json\/wp\/v2\/product_cat?post=1378"},{"taxonomy":"product_tag","embeddable":true,"href":"https:\/\/www.massafmedical.com.br\/loja\/wp-json\/wp\/v2\/product_tag?post=1378"}],"curies":[{"name":"wp","href":"https:\/\/api.w.org\/{rel}","templated":true}]}}