{"id":1356,"date":"2025-01-28T13:32:11","date_gmt":"2025-01-28T16:32:11","guid":{"rendered":"https:\/\/www.massafmedical.com.br\/loja\/?post_type=product&#038;p=1356"},"modified":"2025-02-25T10:59:47","modified_gmt":"2025-02-25T13:59:47","slug":"lampada-bi-pino-philips-5761-6v-30w-microscopio-binocular","status":"publish","type":"product","link":"https:\/\/www.massafmedical.com.br\/loja\/produto\/lampada-bi-pino-philips-5761-6v-30w-microscopio-binocular\/","title":{"rendered":"L\u00c2MPADA BI PINO PHILIPS 5761 6V 30W (MICROSC\u00d3PIO BINOCULAR)"},"content":{"rendered":"<p><strong>L\u00c2MPADA BI PINO PHILIPS\u00a0<\/strong><\/p>\n<div id=\"njcdgcofcbnlbpkpdhmlmiblaglnkpnj\">Marca: Philips<\/div>\n<div>Modelo: 5761<\/div>\n<div>Tens\u00e3o: 6V<\/div>\n<div>Pot\u00eancia: 30W<\/div>\n<p>Ref:\u00a0<span id=\"product-reference\" class=\"product-sku ref\" data-url=\"\/mvc\/store\/product\/variant_reference\/?loja=758386\">A2-50-02-16<\/span><\/p>\n<p>&nbsp;<\/p>\n<p>&nbsp;<\/p>\n","protected":false},"excerpt":{"rendered":"<p>As l\u00e2mpadas hal\u00f3genas sem refletor oferecem luz de alta qualidade e s\u00e3o f\u00e1ceis de instalar, substituir e operar. Todas as l\u00e2mpadas halog\u00e9nas n\u00e3o refletoras incorporam uma l\u00e2mpada de quartzo sem distor\u00e7\u00e3o e um posicionamento preciso do filamento montado. Eles garantem um desempenho ideal do feixe e sa\u00edda de luz consistente e alta.<\/p>\n","protected":false},"featured_media":1357,"template":"","meta":[],"product_brand":[],"product_cat":[65],"product_tag":[],"class_list":{"0":"post-1356","1":"product","2":"type-product","3":"status-publish","4":"has-post-thumbnail","6":"product_cat-lampada-para-uso-medicos-processadoras","8":"first","9":"instock","10":"taxable","11":"shipping-taxable","12":"product-type-simple"},"acf":[],"yoast_head":"<!-- This site is optimized with the Yoast SEO plugin v24.4 - https:\/\/yoast.com\/wordpress\/plugins\/seo\/ -->\n<title>L\u00c2MPADA BI PINO PHILIPS 5761 6V 30W (MICROSC\u00d3PIO BINOCULAR) - Massaf Medical<\/title>\n<meta name=\"robots\" content=\"index, follow, max-snippet:-1, max-image-preview:large, max-video-preview:-1\" \/>\n<link rel=\"canonical\" href=\"https:\/\/www.massafmedical.com.br\/loja\/produto\/lampada-bi-pino-philips-5761-6v-30w-microscopio-binocular\/\" \/>\n<meta property=\"og:locale\" content=\"pt_BR\" \/>\n<meta property=\"og:type\" content=\"article\" \/>\n<meta property=\"og:title\" content=\"L\u00c2MPADA BI PINO PHILIPS 5761 6V 30W (MICROSC\u00d3PIO BINOCULAR) - Massaf Medical\" \/>\n<meta property=\"og:description\" content=\"As l\u00e2mpadas hal\u00f3genas sem refletor oferecem luz de alta qualidade e s\u00e3o f\u00e1ceis de instalar, substituir e operar. Todas as l\u00e2mpadas halog\u00e9nas n\u00e3o refletoras incorporam uma l\u00e2mpada de quartzo sem distor\u00e7\u00e3o e um posicionamento preciso do filamento montado. Eles garantem um desempenho ideal do feixe e sa\u00edda de luz consistente e alta.\" \/>\n<meta property=\"og:url\" content=\"https:\/\/www.massafmedical.com.br\/loja\/produto\/lampada-bi-pino-philips-5761-6v-30w-microscopio-binocular\/\" \/>\n<meta property=\"og:site_name\" content=\"Massaf Medical\" \/>\n<meta property=\"article:publisher\" content=\"http:\/\/www.facebook.com\/MASSAFMEDICAL\" \/>\n<meta property=\"article:modified_time\" content=\"2025-02-25T13:59:47+00:00\" \/>\n<meta property=\"og:image\" content=\"https:\/\/www.massafmedical.com.br\/loja\/wp-content\/uploads\/2025\/01\/lmpada-5761-30w-6v-philips-para-microscopio-olympusF.jpg\" \/>\n\t<meta property=\"og:image:width\" content=\"774\" \/>\n\t<meta property=\"og:image:height\" content=\"1126\" \/>\n\t<meta property=\"og:image:type\" content=\"image\/jpeg\" \/>\n<meta name=\"twitter:card\" content=\"summary_large_image\" \/>\n<meta name=\"twitter:label1\" content=\"Est. tempo de leitura\" \/>\n\t<meta name=\"twitter:data1\" content=\"1 minuto\" \/>\n<script type=\"application\/ld+json\" class=\"yoast-schema-graph\">{\"@context\":\"https:\/\/schema.org\",\"@graph\":[{\"@type\":\"WebPage\",\"@id\":\"https:\/\/www.massafmedical.com.br\/loja\/produto\/lampada-bi-pino-philips-5761-6v-30w-microscopio-binocular\/\",\"url\":\"https:\/\/www.massafmedical.com.br\/loja\/produto\/lampada-bi-pino-philips-5761-6v-30w-microscopio-binocular\/\",\"name\":\"L\u00c2MPADA BI PINO PHILIPS 5761 6V 30W (MICROSC\u00d3PIO BINOCULAR) - Massaf Medical\",\"isPartOf\":{\"@id\":\"https:\/\/www.massafmedical.com.br\/loja\/#website\"},\"primaryImageOfPage\":{\"@id\":\"https:\/\/www.massafmedical.com.br\/loja\/produto\/lampada-bi-pino-philips-5761-6v-30w-microscopio-binocular\/#primaryimage\"},\"image\":{\"@id\":\"https:\/\/www.massafmedical.com.br\/loja\/produto\/lampada-bi-pino-philips-5761-6v-30w-microscopio-binocular\/#primaryimage\"},\"thumbnailUrl\":\"https:\/\/www.massafmedical.com.br\/loja\/wp-content\/uploads\/2025\/01\/lmpada-5761-30w-6v-philips-para-microscopio-olympusF.jpg\",\"datePublished\":\"2025-01-28T16:32:11+00:00\",\"dateModified\":\"2025-02-25T13:59:47+00:00\",\"breadcrumb\":{\"@id\":\"https:\/\/www.massafmedical.com.br\/loja\/produto\/lampada-bi-pino-philips-5761-6v-30w-microscopio-binocular\/#breadcrumb\"},\"inLanguage\":\"pt-BR\",\"potentialAction\":[{\"@type\":\"ReadAction\",\"target\":[\"https:\/\/www.massafmedical.com.br\/loja\/produto\/lampada-bi-pino-philips-5761-6v-30w-microscopio-binocular\/\"]}]},{\"@type\":\"ImageObject\",\"inLanguage\":\"pt-BR\",\"@id\":\"https:\/\/www.massafmedical.com.br\/loja\/produto\/lampada-bi-pino-philips-5761-6v-30w-microscopio-binocular\/#primaryimage\",\"url\":\"https:\/\/www.massafmedical.com.br\/loja\/wp-content\/uploads\/2025\/01\/lmpada-5761-30w-6v-philips-para-microscopio-olympusF.jpg\",\"contentUrl\":\"https:\/\/www.massafmedical.com.br\/loja\/wp-content\/uploads\/2025\/01\/lmpada-5761-30w-6v-philips-para-microscopio-olympusF.jpg\",\"width\":774,\"height\":1126},{\"@type\":\"BreadcrumbList\",\"@id\":\"https:\/\/www.massafmedical.com.br\/loja\/produto\/lampada-bi-pino-philips-5761-6v-30w-microscopio-binocular\/#breadcrumb\",\"itemListElement\":[{\"@type\":\"ListItem\",\"position\":1,\"name\":\"In\u00edcio\",\"item\":\"https:\/\/www.massafmedical.com.br\/loja\/\"},{\"@type\":\"ListItem\",\"position\":2,\"name\":\"Produtos\",\"item\":\"https:\/\/www.massafmedical.com.br\/loja\/nossos-produtos\/\"},{\"@type\":\"ListItem\",\"position\":3,\"name\":\"L\u00c2MPADA BI PINO PHILIPS 5761 6V 30W (MICROSC\u00d3PIO BINOCULAR)\"}]},{\"@type\":\"WebSite\",\"@id\":\"https:\/\/www.massafmedical.com.br\/loja\/#website\",\"url\":\"https:\/\/www.massafmedical.com.br\/loja\/\",\"name\":\"Massaf Medical\",\"description\":\"\",\"publisher\":{\"@id\":\"https:\/\/www.massafmedical.com.br\/loja\/#organization\"},\"potentialAction\":[{\"@type\":\"SearchAction\",\"target\":{\"@type\":\"EntryPoint\",\"urlTemplate\":\"https:\/\/www.massafmedical.com.br\/loja\/?s={search_term_string}\"},\"query-input\":{\"@type\":\"PropertyValueSpecification\",\"valueRequired\":true,\"valueName\":\"search_term_string\"}}],\"inLanguage\":\"pt-BR\"},{\"@type\":\"Organization\",\"@id\":\"https:\/\/www.massafmedical.com.br\/loja\/#organization\",\"name\":\"Massaf Medical\",\"url\":\"https:\/\/www.massafmedical.com.br\/loja\/\",\"logo\":{\"@type\":\"ImageObject\",\"inLanguage\":\"pt-BR\",\"@id\":\"https:\/\/www.massafmedical.com.br\/loja\/#\/schema\/logo\/image\/\",\"url\":\"http:\/\/www.massafmedical.com.br\/loja\/wp-content\/uploads\/2020\/10\/logotipo-big.png\",\"contentUrl\":\"http:\/\/www.massafmedical.com.br\/loja\/wp-content\/uploads\/2020\/10\/logotipo-big.png\",\"width\":750,\"height\":253,\"caption\":\"Massaf Medical\"},\"image\":{\"@id\":\"https:\/\/www.massafmedical.com.br\/loja\/#\/schema\/logo\/image\/\"},\"sameAs\":[\"http:\/\/www.facebook.com\/MASSAFMEDICAL\"]}]}<\/script>\n<!-- \/ Yoast SEO plugin. -->","yoast_head_json":{"title":"L\u00c2MPADA BI PINO PHILIPS 5761 6V 30W (MICROSC\u00d3PIO BINOCULAR) - Massaf Medical","robots":{"index":"index","follow":"follow","max-snippet":"max-snippet:-1","max-image-preview":"max-image-preview:large","max-video-preview":"max-video-preview:-1"},"canonical":"https:\/\/www.massafmedical.com.br\/loja\/produto\/lampada-bi-pino-philips-5761-6v-30w-microscopio-binocular\/","og_locale":"pt_BR","og_type":"article","og_title":"L\u00c2MPADA BI PINO PHILIPS 5761 6V 30W (MICROSC\u00d3PIO BINOCULAR) - Massaf Medical","og_description":"As l\u00e2mpadas hal\u00f3genas sem refletor oferecem luz de alta qualidade e s\u00e3o f\u00e1ceis de instalar, substituir e operar. Todas as l\u00e2mpadas halog\u00e9nas n\u00e3o refletoras incorporam uma l\u00e2mpada de quartzo sem distor\u00e7\u00e3o e um posicionamento preciso do filamento montado. Eles garantem um desempenho ideal do feixe e sa\u00edda de luz consistente e alta.","og_url":"https:\/\/www.massafmedical.com.br\/loja\/produto\/lampada-bi-pino-philips-5761-6v-30w-microscopio-binocular\/","og_site_name":"Massaf Medical","article_publisher":"http:\/\/www.facebook.com\/MASSAFMEDICAL","article_modified_time":"2025-02-25T13:59:47+00:00","og_image":[{"width":774,"height":1126,"url":"https:\/\/www.massafmedical.com.br\/loja\/wp-content\/uploads\/2025\/01\/lmpada-5761-30w-6v-philips-para-microscopio-olympusF.jpg","type":"image\/jpeg"}],"twitter_card":"summary_large_image","twitter_misc":{"Est. tempo de leitura":"1 minuto"},"schema":{"@context":"https:\/\/schema.org","@graph":[{"@type":"WebPage","@id":"https:\/\/www.massafmedical.com.br\/loja\/produto\/lampada-bi-pino-philips-5761-6v-30w-microscopio-binocular\/","url":"https:\/\/www.massafmedical.com.br\/loja\/produto\/lampada-bi-pino-philips-5761-6v-30w-microscopio-binocular\/","name":"L\u00c2MPADA BI PINO PHILIPS 5761 6V 30W (MICROSC\u00d3PIO BINOCULAR) - Massaf Medical","isPartOf":{"@id":"https:\/\/www.massafmedical.com.br\/loja\/#website"},"primaryImageOfPage":{"@id":"https:\/\/www.massafmedical.com.br\/loja\/produto\/lampada-bi-pino-philips-5761-6v-30w-microscopio-binocular\/#primaryimage"},"image":{"@id":"https:\/\/www.massafmedical.com.br\/loja\/produto\/lampada-bi-pino-philips-5761-6v-30w-microscopio-binocular\/#primaryimage"},"thumbnailUrl":"https:\/\/www.massafmedical.com.br\/loja\/wp-content\/uploads\/2025\/01\/lmpada-5761-30w-6v-philips-para-microscopio-olympusF.jpg","datePublished":"2025-01-28T16:32:11+00:00","dateModified":"2025-02-25T13:59:47+00:00","breadcrumb":{"@id":"https:\/\/www.massafmedical.com.br\/loja\/produto\/lampada-bi-pino-philips-5761-6v-30w-microscopio-binocular\/#breadcrumb"},"inLanguage":"pt-BR","potentialAction":[{"@type":"ReadAction","target":["https:\/\/www.massafmedical.com.br\/loja\/produto\/lampada-bi-pino-philips-5761-6v-30w-microscopio-binocular\/"]}]},{"@type":"ImageObject","inLanguage":"pt-BR","@id":"https:\/\/www.massafmedical.com.br\/loja\/produto\/lampada-bi-pino-philips-5761-6v-30w-microscopio-binocular\/#primaryimage","url":"https:\/\/www.massafmedical.com.br\/loja\/wp-content\/uploads\/2025\/01\/lmpada-5761-30w-6v-philips-para-microscopio-olympusF.jpg","contentUrl":"https:\/\/www.massafmedical.com.br\/loja\/wp-content\/uploads\/2025\/01\/lmpada-5761-30w-6v-philips-para-microscopio-olympusF.jpg","width":774,"height":1126},{"@type":"BreadcrumbList","@id":"https:\/\/www.massafmedical.com.br\/loja\/produto\/lampada-bi-pino-philips-5761-6v-30w-microscopio-binocular\/#breadcrumb","itemListElement":[{"@type":"ListItem","position":1,"name":"In\u00edcio","item":"https:\/\/www.massafmedical.com.br\/loja\/"},{"@type":"ListItem","position":2,"name":"Produtos","item":"https:\/\/www.massafmedical.com.br\/loja\/nossos-produtos\/"},{"@type":"ListItem","position":3,"name":"L\u00c2MPADA BI PINO PHILIPS 5761 6V 30W (MICROSC\u00d3PIO BINOCULAR)"}]},{"@type":"WebSite","@id":"https:\/\/www.massafmedical.com.br\/loja\/#website","url":"https:\/\/www.massafmedical.com.br\/loja\/","name":"Massaf Medical","description":"","publisher":{"@id":"https:\/\/www.massafmedical.com.br\/loja\/#organization"},"potentialAction":[{"@type":"SearchAction","target":{"@type":"EntryPoint","urlTemplate":"https:\/\/www.massafmedical.com.br\/loja\/?s={search_term_string}"},"query-input":{"@type":"PropertyValueSpecification","valueRequired":true,"valueName":"search_term_string"}}],"inLanguage":"pt-BR"},{"@type":"Organization","@id":"https:\/\/www.massafmedical.com.br\/loja\/#organization","name":"Massaf Medical","url":"https:\/\/www.massafmedical.com.br\/loja\/","logo":{"@type":"ImageObject","inLanguage":"pt-BR","@id":"https:\/\/www.massafmedical.com.br\/loja\/#\/schema\/logo\/image\/","url":"http:\/\/www.massafmedical.com.br\/loja\/wp-content\/uploads\/2020\/10\/logotipo-big.png","contentUrl":"http:\/\/www.massafmedical.com.br\/loja\/wp-content\/uploads\/2020\/10\/logotipo-big.png","width":750,"height":253,"caption":"Massaf Medical"},"image":{"@id":"https:\/\/www.massafmedical.com.br\/loja\/#\/schema\/logo\/image\/"},"sameAs":["http:\/\/www.facebook.com\/MASSAFMEDICAL"]}]}},"_links":{"self":[{"href":"https:\/\/www.massafmedical.com.br\/loja\/wp-json\/wp\/v2\/product\/1356","targetHints":{"allow":["GET"]}}],"collection":[{"href":"https:\/\/www.massafmedical.com.br\/loja\/wp-json\/wp\/v2\/product"}],"about":[{"href":"https:\/\/www.massafmedical.com.br\/loja\/wp-json\/wp\/v2\/types\/product"}],"wp:featuredmedia":[{"embeddable":true,"href":"https:\/\/www.massafmedical.com.br\/loja\/wp-json\/wp\/v2\/media\/1357"}],"wp:attachment":[{"href":"https:\/\/www.massafmedical.com.br\/loja\/wp-json\/wp\/v2\/media?parent=1356"}],"wp:term":[{"taxonomy":"product_brand","embeddable":true,"href":"https:\/\/www.massafmedical.com.br\/loja\/wp-json\/wp\/v2\/product_brand?post=1356"},{"taxonomy":"product_cat","embeddable":true,"href":"https:\/\/www.massafmedical.com.br\/loja\/wp-json\/wp\/v2\/product_cat?post=1356"},{"taxonomy":"product_tag","embeddable":true,"href":"https:\/\/www.massafmedical.com.br\/loja\/wp-json\/wp\/v2\/product_tag?post=1356"}],"curies":[{"name":"wp","href":"https:\/\/api.w.org\/{rel}","templated":true}]}}