{"id":1352,"date":"2025-01-28T13:20:01","date_gmt":"2025-01-28T16:20:01","guid":{"rendered":"https:\/\/www.massafmedical.com.br\/loja\/?post_type=product&#038;p=1352"},"modified":"2025-02-19T11:44:51","modified_gmt":"2025-02-19T14:44:51","slug":"lampada-bi-pino-osram-64668-xir-irc-3250ok-228v-80w","status":"publish","type":"product","link":"https:\/\/www.massafmedical.com.br\/loja\/produto\/lampada-bi-pino-osram-64668-xir-irc-3250ok-228v-80w\/","title":{"rendered":"L\u00c2MPADA BI PINO OSRAM 64668 XIR &#8211; IRC 3250\u00baK 22,8V 80W"},"content":{"rendered":"<p><strong>L\u00c2MPADA BI PINO OSRAM 64668 XIR<\/strong><\/p>\n<div id=\"njcdgcofcbnlbpkpdhmlmiblaglnkpnj\">Marca: Osram<\/div>\n<div>Modelo: 64668<\/div>\n<div>Tens\u00e3o: 22,8V<\/div>\n<div>Pot\u00eancia: 80W<\/div>\n<p>Ref:\u00a0<span id=\"product-reference\" class=\"product-sku ref\" data-url=\"\/mvc\/store\/product\/variant_reference\/?loja=758386\">A2-50-02-25<\/span><\/p>\n<p>&nbsp;<\/p>\n<div><\/div>\n","protected":false},"excerpt":{"rendered":"<p>\u00c9 uma l\u00e2mpada hal\u00f3gena de baixo consumo e o modelo 64668 XIR \u00e9 conhecido pela sua efici\u00eancia energ\u00e9tica e pela qualidade da luz emitida, proporcionando uma ilumina\u00e7\u00e3o clara e brilhante, com uma tonalidade de luz quente, oferecendo durabilidade e desempenho confi\u00e1vel.<\/p>\n","protected":false},"featured_media":1353,"template":"","meta":[],"product_brand":[],"product_cat":[65],"product_tag":[],"class_list":{"0":"post-1352","1":"product","2":"type-product","3":"status-publish","4":"has-post-thumbnail","6":"product_cat-lampada-para-uso-medicos-processadoras","8":"first","9":"instock","10":"taxable","11":"shipping-taxable","12":"product-type-simple"},"acf":[],"yoast_head":"<!-- This site is optimized with the Yoast SEO plugin v24.4 - https:\/\/yoast.com\/wordpress\/plugins\/seo\/ -->\n<title>L\u00c2MPADA BI PINO OSRAM 64668 XIR - IRC 3250\u00baK 22,8V 80W - Massaf Medical<\/title>\n<meta name=\"robots\" content=\"index, follow, max-snippet:-1, max-image-preview:large, max-video-preview:-1\" \/>\n<link rel=\"canonical\" href=\"https:\/\/www.massafmedical.com.br\/loja\/produto\/lampada-bi-pino-osram-64668-xir-irc-3250ok-228v-80w\/\" \/>\n<meta property=\"og:locale\" content=\"pt_BR\" \/>\n<meta property=\"og:type\" content=\"article\" \/>\n<meta property=\"og:title\" content=\"L\u00c2MPADA BI PINO OSRAM 64668 XIR - IRC 3250\u00baK 22,8V 80W - Massaf Medical\" \/>\n<meta property=\"og:description\" content=\"\u00c9 uma l\u00e2mpada hal\u00f3gena de baixo consumo e o modelo 64668 XIR \u00e9 conhecido pela sua efici\u00eancia energ\u00e9tica e pela qualidade da luz emitida, proporcionando uma ilumina\u00e7\u00e3o clara e brilhante, com uma tonalidade de luz quente, oferecendo durabilidade e desempenho confi\u00e1vel.\" \/>\n<meta property=\"og:url\" content=\"https:\/\/www.massafmedical.com.br\/loja\/produto\/lampada-bi-pino-osram-64668-xir-irc-3250ok-228v-80w\/\" \/>\n<meta property=\"og:site_name\" content=\"Massaf Medical\" \/>\n<meta property=\"article:publisher\" content=\"http:\/\/www.facebook.com\/MASSAFMEDICAL\" \/>\n<meta property=\"article:modified_time\" content=\"2025-02-19T14:44:51+00:00\" \/>\n<meta property=\"og:image\" content=\"https:\/\/www.massafmedical.com.br\/loja\/wp-content\/uploads\/2025\/01\/LAMPADA-BI-PINO-OSRAM-64668-XIR-IRC-3250oK-228V-80W.jpg\" \/>\n\t<meta property=\"og:image:width\" content=\"600\" \/>\n\t<meta property=\"og:image:height\" content=\"600\" \/>\n\t<meta property=\"og:image:type\" content=\"image\/jpeg\" \/>\n<meta name=\"twitter:card\" content=\"summary_large_image\" \/>\n<meta name=\"twitter:label1\" content=\"Est. tempo de leitura\" \/>\n\t<meta name=\"twitter:data1\" content=\"1 minuto\" \/>\n<script type=\"application\/ld+json\" class=\"yoast-schema-graph\">{\"@context\":\"https:\/\/schema.org\",\"@graph\":[{\"@type\":\"WebPage\",\"@id\":\"https:\/\/www.massafmedical.com.br\/loja\/produto\/lampada-bi-pino-osram-64668-xir-irc-3250ok-228v-80w\/\",\"url\":\"https:\/\/www.massafmedical.com.br\/loja\/produto\/lampada-bi-pino-osram-64668-xir-irc-3250ok-228v-80w\/\",\"name\":\"L\u00c2MPADA BI PINO OSRAM 64668 XIR - IRC 3250\u00baK 22,8V 80W - Massaf Medical\",\"isPartOf\":{\"@id\":\"https:\/\/www.massafmedical.com.br\/loja\/#website\"},\"primaryImageOfPage\":{\"@id\":\"https:\/\/www.massafmedical.com.br\/loja\/produto\/lampada-bi-pino-osram-64668-xir-irc-3250ok-228v-80w\/#primaryimage\"},\"image\":{\"@id\":\"https:\/\/www.massafmedical.com.br\/loja\/produto\/lampada-bi-pino-osram-64668-xir-irc-3250ok-228v-80w\/#primaryimage\"},\"thumbnailUrl\":\"https:\/\/www.massafmedical.com.br\/loja\/wp-content\/uploads\/2025\/01\/LAMPADA-BI-PINO-OSRAM-64668-XIR-IRC-3250oK-228V-80W.jpg\",\"datePublished\":\"2025-01-28T16:20:01+00:00\",\"dateModified\":\"2025-02-19T14:44:51+00:00\",\"breadcrumb\":{\"@id\":\"https:\/\/www.massafmedical.com.br\/loja\/produto\/lampada-bi-pino-osram-64668-xir-irc-3250ok-228v-80w\/#breadcrumb\"},\"inLanguage\":\"pt-BR\",\"potentialAction\":[{\"@type\":\"ReadAction\",\"target\":[\"https:\/\/www.massafmedical.com.br\/loja\/produto\/lampada-bi-pino-osram-64668-xir-irc-3250ok-228v-80w\/\"]}]},{\"@type\":\"ImageObject\",\"inLanguage\":\"pt-BR\",\"@id\":\"https:\/\/www.massafmedical.com.br\/loja\/produto\/lampada-bi-pino-osram-64668-xir-irc-3250ok-228v-80w\/#primaryimage\",\"url\":\"https:\/\/www.massafmedical.com.br\/loja\/wp-content\/uploads\/2025\/01\/LAMPADA-BI-PINO-OSRAM-64668-XIR-IRC-3250oK-228V-80W.jpg\",\"contentUrl\":\"https:\/\/www.massafmedical.com.br\/loja\/wp-content\/uploads\/2025\/01\/LAMPADA-BI-PINO-OSRAM-64668-XIR-IRC-3250oK-228V-80W.jpg\",\"width\":600,\"height\":600},{\"@type\":\"BreadcrumbList\",\"@id\":\"https:\/\/www.massafmedical.com.br\/loja\/produto\/lampada-bi-pino-osram-64668-xir-irc-3250ok-228v-80w\/#breadcrumb\",\"itemListElement\":[{\"@type\":\"ListItem\",\"position\":1,\"name\":\"In\u00edcio\",\"item\":\"https:\/\/www.massafmedical.com.br\/loja\/\"},{\"@type\":\"ListItem\",\"position\":2,\"name\":\"Produtos\",\"item\":\"https:\/\/www.massafmedical.com.br\/loja\/nossos-produtos\/\"},{\"@type\":\"ListItem\",\"position\":3,\"name\":\"L\u00c2MPADA BI PINO OSRAM 64668 XIR &#8211; IRC 3250\u00baK 22,8V 80W\"}]},{\"@type\":\"WebSite\",\"@id\":\"https:\/\/www.massafmedical.com.br\/loja\/#website\",\"url\":\"https:\/\/www.massafmedical.com.br\/loja\/\",\"name\":\"Massaf Medical\",\"description\":\"\",\"publisher\":{\"@id\":\"https:\/\/www.massafmedical.com.br\/loja\/#organization\"},\"potentialAction\":[{\"@type\":\"SearchAction\",\"target\":{\"@type\":\"EntryPoint\",\"urlTemplate\":\"https:\/\/www.massafmedical.com.br\/loja\/?s={search_term_string}\"},\"query-input\":{\"@type\":\"PropertyValueSpecification\",\"valueRequired\":true,\"valueName\":\"search_term_string\"}}],\"inLanguage\":\"pt-BR\"},{\"@type\":\"Organization\",\"@id\":\"https:\/\/www.massafmedical.com.br\/loja\/#organization\",\"name\":\"Massaf Medical\",\"url\":\"https:\/\/www.massafmedical.com.br\/loja\/\",\"logo\":{\"@type\":\"ImageObject\",\"inLanguage\":\"pt-BR\",\"@id\":\"https:\/\/www.massafmedical.com.br\/loja\/#\/schema\/logo\/image\/\",\"url\":\"http:\/\/www.massafmedical.com.br\/loja\/wp-content\/uploads\/2020\/10\/logotipo-big.png\",\"contentUrl\":\"http:\/\/www.massafmedical.com.br\/loja\/wp-content\/uploads\/2020\/10\/logotipo-big.png\",\"width\":750,\"height\":253,\"caption\":\"Massaf Medical\"},\"image\":{\"@id\":\"https:\/\/www.massafmedical.com.br\/loja\/#\/schema\/logo\/image\/\"},\"sameAs\":[\"http:\/\/www.facebook.com\/MASSAFMEDICAL\"]}]}<\/script>\n<!-- \/ Yoast SEO plugin. -->","yoast_head_json":{"title":"L\u00c2MPADA BI PINO OSRAM 64668 XIR - IRC 3250\u00baK 22,8V 80W - Massaf Medical","robots":{"index":"index","follow":"follow","max-snippet":"max-snippet:-1","max-image-preview":"max-image-preview:large","max-video-preview":"max-video-preview:-1"},"canonical":"https:\/\/www.massafmedical.com.br\/loja\/produto\/lampada-bi-pino-osram-64668-xir-irc-3250ok-228v-80w\/","og_locale":"pt_BR","og_type":"article","og_title":"L\u00c2MPADA BI PINO OSRAM 64668 XIR - IRC 3250\u00baK 22,8V 80W - Massaf Medical","og_description":"\u00c9 uma l\u00e2mpada hal\u00f3gena de baixo consumo e o modelo 64668 XIR \u00e9 conhecido pela sua efici\u00eancia energ\u00e9tica e pela qualidade da luz emitida, proporcionando uma ilumina\u00e7\u00e3o clara e brilhante, com uma tonalidade de luz quente, oferecendo durabilidade e desempenho confi\u00e1vel.","og_url":"https:\/\/www.massafmedical.com.br\/loja\/produto\/lampada-bi-pino-osram-64668-xir-irc-3250ok-228v-80w\/","og_site_name":"Massaf Medical","article_publisher":"http:\/\/www.facebook.com\/MASSAFMEDICAL","article_modified_time":"2025-02-19T14:44:51+00:00","og_image":[{"width":600,"height":600,"url":"https:\/\/www.massafmedical.com.br\/loja\/wp-content\/uploads\/2025\/01\/LAMPADA-BI-PINO-OSRAM-64668-XIR-IRC-3250oK-228V-80W.jpg","type":"image\/jpeg"}],"twitter_card":"summary_large_image","twitter_misc":{"Est. tempo de leitura":"1 minuto"},"schema":{"@context":"https:\/\/schema.org","@graph":[{"@type":"WebPage","@id":"https:\/\/www.massafmedical.com.br\/loja\/produto\/lampada-bi-pino-osram-64668-xir-irc-3250ok-228v-80w\/","url":"https:\/\/www.massafmedical.com.br\/loja\/produto\/lampada-bi-pino-osram-64668-xir-irc-3250ok-228v-80w\/","name":"L\u00c2MPADA BI PINO OSRAM 64668 XIR - IRC 3250\u00baK 22,8V 80W - Massaf Medical","isPartOf":{"@id":"https:\/\/www.massafmedical.com.br\/loja\/#website"},"primaryImageOfPage":{"@id":"https:\/\/www.massafmedical.com.br\/loja\/produto\/lampada-bi-pino-osram-64668-xir-irc-3250ok-228v-80w\/#primaryimage"},"image":{"@id":"https:\/\/www.massafmedical.com.br\/loja\/produto\/lampada-bi-pino-osram-64668-xir-irc-3250ok-228v-80w\/#primaryimage"},"thumbnailUrl":"https:\/\/www.massafmedical.com.br\/loja\/wp-content\/uploads\/2025\/01\/LAMPADA-BI-PINO-OSRAM-64668-XIR-IRC-3250oK-228V-80W.jpg","datePublished":"2025-01-28T16:20:01+00:00","dateModified":"2025-02-19T14:44:51+00:00","breadcrumb":{"@id":"https:\/\/www.massafmedical.com.br\/loja\/produto\/lampada-bi-pino-osram-64668-xir-irc-3250ok-228v-80w\/#breadcrumb"},"inLanguage":"pt-BR","potentialAction":[{"@type":"ReadAction","target":["https:\/\/www.massafmedical.com.br\/loja\/produto\/lampada-bi-pino-osram-64668-xir-irc-3250ok-228v-80w\/"]}]},{"@type":"ImageObject","inLanguage":"pt-BR","@id":"https:\/\/www.massafmedical.com.br\/loja\/produto\/lampada-bi-pino-osram-64668-xir-irc-3250ok-228v-80w\/#primaryimage","url":"https:\/\/www.massafmedical.com.br\/loja\/wp-content\/uploads\/2025\/01\/LAMPADA-BI-PINO-OSRAM-64668-XIR-IRC-3250oK-228V-80W.jpg","contentUrl":"https:\/\/www.massafmedical.com.br\/loja\/wp-content\/uploads\/2025\/01\/LAMPADA-BI-PINO-OSRAM-64668-XIR-IRC-3250oK-228V-80W.jpg","width":600,"height":600},{"@type":"BreadcrumbList","@id":"https:\/\/www.massafmedical.com.br\/loja\/produto\/lampada-bi-pino-osram-64668-xir-irc-3250ok-228v-80w\/#breadcrumb","itemListElement":[{"@type":"ListItem","position":1,"name":"In\u00edcio","item":"https:\/\/www.massafmedical.com.br\/loja\/"},{"@type":"ListItem","position":2,"name":"Produtos","item":"https:\/\/www.massafmedical.com.br\/loja\/nossos-produtos\/"},{"@type":"ListItem","position":3,"name":"L\u00c2MPADA BI PINO OSRAM 64668 XIR &#8211; IRC 3250\u00baK 22,8V 80W"}]},{"@type":"WebSite","@id":"https:\/\/www.massafmedical.com.br\/loja\/#website","url":"https:\/\/www.massafmedical.com.br\/loja\/","name":"Massaf Medical","description":"","publisher":{"@id":"https:\/\/www.massafmedical.com.br\/loja\/#organization"},"potentialAction":[{"@type":"SearchAction","target":{"@type":"EntryPoint","urlTemplate":"https:\/\/www.massafmedical.com.br\/loja\/?s={search_term_string}"},"query-input":{"@type":"PropertyValueSpecification","valueRequired":true,"valueName":"search_term_string"}}],"inLanguage":"pt-BR"},{"@type":"Organization","@id":"https:\/\/www.massafmedical.com.br\/loja\/#organization","name":"Massaf Medical","url":"https:\/\/www.massafmedical.com.br\/loja\/","logo":{"@type":"ImageObject","inLanguage":"pt-BR","@id":"https:\/\/www.massafmedical.com.br\/loja\/#\/schema\/logo\/image\/","url":"http:\/\/www.massafmedical.com.br\/loja\/wp-content\/uploads\/2020\/10\/logotipo-big.png","contentUrl":"http:\/\/www.massafmedical.com.br\/loja\/wp-content\/uploads\/2020\/10\/logotipo-big.png","width":750,"height":253,"caption":"Massaf Medical"},"image":{"@id":"https:\/\/www.massafmedical.com.br\/loja\/#\/schema\/logo\/image\/"},"sameAs":["http:\/\/www.facebook.com\/MASSAFMEDICAL"]}]}},"_links":{"self":[{"href":"https:\/\/www.massafmedical.com.br\/loja\/wp-json\/wp\/v2\/product\/1352","targetHints":{"allow":["GET"]}}],"collection":[{"href":"https:\/\/www.massafmedical.com.br\/loja\/wp-json\/wp\/v2\/product"}],"about":[{"href":"https:\/\/www.massafmedical.com.br\/loja\/wp-json\/wp\/v2\/types\/product"}],"wp:featuredmedia":[{"embeddable":true,"href":"https:\/\/www.massafmedical.com.br\/loja\/wp-json\/wp\/v2\/media\/1353"}],"wp:attachment":[{"href":"https:\/\/www.massafmedical.com.br\/loja\/wp-json\/wp\/v2\/media?parent=1352"}],"wp:term":[{"taxonomy":"product_brand","embeddable":true,"href":"https:\/\/www.massafmedical.com.br\/loja\/wp-json\/wp\/v2\/product_brand?post=1352"},{"taxonomy":"product_cat","embeddable":true,"href":"https:\/\/www.massafmedical.com.br\/loja\/wp-json\/wp\/v2\/product_cat?post=1352"},{"taxonomy":"product_tag","embeddable":true,"href":"https:\/\/www.massafmedical.com.br\/loja\/wp-json\/wp\/v2\/product_tag?post=1352"}],"curies":[{"name":"wp","href":"https:\/\/api.w.org\/{rel}","templated":true}]}}