{"id":1329,"date":"2025-01-28T12:37:03","date_gmt":"2025-01-28T15:37:03","guid":{"rendered":"https:\/\/www.massafmedical.com.br\/loja\/?post_type=product&#038;p=1329"},"modified":"2025-11-03T12:44:34","modified_gmt":"2025-11-03T15:44:34","slug":"lampada-halogena-osram-64653-24v-250w-base-5-3","status":"publish","type":"product","link":"https:\/\/www.massafmedical.com.br\/loja\/produto\/lampada-halogena-osram-64653-24v-250w-base-5-3\/","title":{"rendered":"L\u00c2MPADA HAL\u00d3GENA OSRAM 64653 24V 250W BASE 5.3"},"content":{"rendered":"<p><strong>L\u00e2mpada Hal\u00f3gena Osram \u00a064653 24V 250W BASE 5.3<\/strong><\/p>\n<div id=\"njcdgcofcbnlbpkpdhmlmiblaglnkpnj\">Marca: Osram<\/div>\n<div>Modelo: 64653<\/div>\n<div>Tens\u00e3o: 24V<\/div>\n<div>Pot\u00eancia: 250W<\/div>\n<div>Equipamentos compat\u00edveis: Olympus CV-150<\/div>\n<p>Ref:\u00a0<span id=\"product-reference\" class=\"product-sku ref\" data-url=\"\/mvc\/store\/product\/variant_reference\/?loja=758386\">0000000795585<\/span><\/p>\n","protected":false},"excerpt":{"rendered":"<p>Uma l\u00e2mpada hal\u00f3gena \u00e9 um tipo de l\u00e2mpada incandescente que utiliza um filamento de tungst\u00eanio dentro de um inv\u00f3lucro de quartzo preenchido com um g\u00e1s halog\u00eanio, como bromo ou iodo. Esse tipo de l\u00e2mpada foi desenvolvido como uma evolu\u00e7\u00e3o das l\u00e2mpadas incandescentes tradicionais para oferecer uma s\u00e9rie de vantagens.<\/p>\n","protected":false},"featured_media":1330,"template":"","meta":[],"product_brand":[],"product_cat":[65],"product_tag":[],"class_list":{"0":"post-1329","1":"product","2":"type-product","3":"status-publish","4":"has-post-thumbnail","6":"product_cat-lampada-para-uso-medicos-processadoras","8":"first","9":"instock","10":"taxable","11":"shipping-taxable","12":"product-type-simple"},"acf":[],"yoast_head":"<!-- This site is optimized with the Yoast SEO plugin v24.4 - https:\/\/yoast.com\/wordpress\/plugins\/seo\/ -->\n<title>L\u00c2MPADA HAL\u00d3GENA OSRAM 64653 24V 250W BASE 5.3 - Massaf Medical<\/title>\n<meta name=\"robots\" content=\"index, follow, max-snippet:-1, max-image-preview:large, max-video-preview:-1\" \/>\n<link rel=\"canonical\" href=\"https:\/\/www.massafmedical.com.br\/loja\/produto\/lampada-halogena-osram-64653-24v-250w-base-5-3\/\" \/>\n<meta property=\"og:locale\" content=\"pt_BR\" \/>\n<meta property=\"og:type\" content=\"article\" \/>\n<meta property=\"og:title\" content=\"L\u00c2MPADA HAL\u00d3GENA OSRAM 64653 24V 250W BASE 5.3 - Massaf Medical\" \/>\n<meta property=\"og:description\" content=\"Uma l\u00e2mpada hal\u00f3gena \u00e9 um tipo de l\u00e2mpada incandescente que utiliza um filamento de tungst\u00eanio dentro de um inv\u00f3lucro de quartzo preenchido com um g\u00e1s halog\u00eanio, como bromo ou iodo. Esse tipo de l\u00e2mpada foi desenvolvido como uma evolu\u00e7\u00e3o das l\u00e2mpadas incandescentes tradicionais para oferecer uma s\u00e9rie de vantagens.\" \/>\n<meta property=\"og:url\" content=\"https:\/\/www.massafmedical.com.br\/loja\/produto\/lampada-halogena-osram-64653-24v-250w-base-5-3\/\" \/>\n<meta property=\"og:site_name\" content=\"Massaf Medical\" \/>\n<meta property=\"article:publisher\" content=\"http:\/\/www.facebook.com\/MASSAFMEDICAL\" \/>\n<meta property=\"article:modified_time\" content=\"2025-11-03T15:44:34+00:00\" \/>\n<meta property=\"og:image\" content=\"https:\/\/www.massafmedical.com.br\/loja\/wp-content\/uploads\/2025\/01\/LAMPADA-HALOGENA-OSRAM-24V-250W.jpg\" \/>\n\t<meta property=\"og:image:width\" content=\"1000\" \/>\n\t<meta property=\"og:image:height\" content=\"1000\" \/>\n\t<meta property=\"og:image:type\" content=\"image\/jpeg\" \/>\n<meta name=\"twitter:card\" content=\"summary_large_image\" \/>\n<meta name=\"twitter:label1\" content=\"Est. tempo de leitura\" \/>\n\t<meta name=\"twitter:data1\" content=\"1 minuto\" \/>\n<script type=\"application\/ld+json\" class=\"yoast-schema-graph\">{\"@context\":\"https:\/\/schema.org\",\"@graph\":[{\"@type\":\"WebPage\",\"@id\":\"https:\/\/www.massafmedical.com.br\/loja\/produto\/lampada-halogena-osram-64653-24v-250w-base-5-3\/\",\"url\":\"https:\/\/www.massafmedical.com.br\/loja\/produto\/lampada-halogena-osram-64653-24v-250w-base-5-3\/\",\"name\":\"L\u00c2MPADA HAL\u00d3GENA OSRAM 64653 24V 250W BASE 5.3 - Massaf Medical\",\"isPartOf\":{\"@id\":\"https:\/\/www.massafmedical.com.br\/loja\/#website\"},\"primaryImageOfPage\":{\"@id\":\"https:\/\/www.massafmedical.com.br\/loja\/produto\/lampada-halogena-osram-64653-24v-250w-base-5-3\/#primaryimage\"},\"image\":{\"@id\":\"https:\/\/www.massafmedical.com.br\/loja\/produto\/lampada-halogena-osram-64653-24v-250w-base-5-3\/#primaryimage\"},\"thumbnailUrl\":\"https:\/\/www.massafmedical.com.br\/loja\/wp-content\/uploads\/2025\/01\/LAMPADA-HALOGENA-OSRAM-24V-250W.jpg\",\"datePublished\":\"2025-01-28T15:37:03+00:00\",\"dateModified\":\"2025-11-03T15:44:34+00:00\",\"breadcrumb\":{\"@id\":\"https:\/\/www.massafmedical.com.br\/loja\/produto\/lampada-halogena-osram-64653-24v-250w-base-5-3\/#breadcrumb\"},\"inLanguage\":\"pt-BR\",\"potentialAction\":[{\"@type\":\"ReadAction\",\"target\":[\"https:\/\/www.massafmedical.com.br\/loja\/produto\/lampada-halogena-osram-64653-24v-250w-base-5-3\/\"]}]},{\"@type\":\"ImageObject\",\"inLanguage\":\"pt-BR\",\"@id\":\"https:\/\/www.massafmedical.com.br\/loja\/produto\/lampada-halogena-osram-64653-24v-250w-base-5-3\/#primaryimage\",\"url\":\"https:\/\/www.massafmedical.com.br\/loja\/wp-content\/uploads\/2025\/01\/LAMPADA-HALOGENA-OSRAM-24V-250W.jpg\",\"contentUrl\":\"https:\/\/www.massafmedical.com.br\/loja\/wp-content\/uploads\/2025\/01\/LAMPADA-HALOGENA-OSRAM-24V-250W.jpg\",\"width\":1000,\"height\":1000},{\"@type\":\"BreadcrumbList\",\"@id\":\"https:\/\/www.massafmedical.com.br\/loja\/produto\/lampada-halogena-osram-64653-24v-250w-base-5-3\/#breadcrumb\",\"itemListElement\":[{\"@type\":\"ListItem\",\"position\":1,\"name\":\"In\u00edcio\",\"item\":\"https:\/\/www.massafmedical.com.br\/loja\/\"},{\"@type\":\"ListItem\",\"position\":2,\"name\":\"Produtos\",\"item\":\"https:\/\/www.massafmedical.com.br\/loja\/nossos-produtos\/\"},{\"@type\":\"ListItem\",\"position\":3,\"name\":\"L\u00c2MPADA HAL\u00d3GENA OSRAM 64653 24V 250W BASE 5.3\"}]},{\"@type\":\"WebSite\",\"@id\":\"https:\/\/www.massafmedical.com.br\/loja\/#website\",\"url\":\"https:\/\/www.massafmedical.com.br\/loja\/\",\"name\":\"Massaf Medical\",\"description\":\"\",\"publisher\":{\"@id\":\"https:\/\/www.massafmedical.com.br\/loja\/#organization\"},\"potentialAction\":[{\"@type\":\"SearchAction\",\"target\":{\"@type\":\"EntryPoint\",\"urlTemplate\":\"https:\/\/www.massafmedical.com.br\/loja\/?s={search_term_string}\"},\"query-input\":{\"@type\":\"PropertyValueSpecification\",\"valueRequired\":true,\"valueName\":\"search_term_string\"}}],\"inLanguage\":\"pt-BR\"},{\"@type\":\"Organization\",\"@id\":\"https:\/\/www.massafmedical.com.br\/loja\/#organization\",\"name\":\"Massaf Medical\",\"url\":\"https:\/\/www.massafmedical.com.br\/loja\/\",\"logo\":{\"@type\":\"ImageObject\",\"inLanguage\":\"pt-BR\",\"@id\":\"https:\/\/www.massafmedical.com.br\/loja\/#\/schema\/logo\/image\/\",\"url\":\"http:\/\/www.massafmedical.com.br\/loja\/wp-content\/uploads\/2020\/10\/logotipo-big.png\",\"contentUrl\":\"http:\/\/www.massafmedical.com.br\/loja\/wp-content\/uploads\/2020\/10\/logotipo-big.png\",\"width\":750,\"height\":253,\"caption\":\"Massaf Medical\"},\"image\":{\"@id\":\"https:\/\/www.massafmedical.com.br\/loja\/#\/schema\/logo\/image\/\"},\"sameAs\":[\"http:\/\/www.facebook.com\/MASSAFMEDICAL\"]}]}<\/script>\n<!-- \/ Yoast SEO plugin. -->","yoast_head_json":{"title":"L\u00c2MPADA HAL\u00d3GENA OSRAM 64653 24V 250W BASE 5.3 - Massaf Medical","robots":{"index":"index","follow":"follow","max-snippet":"max-snippet:-1","max-image-preview":"max-image-preview:large","max-video-preview":"max-video-preview:-1"},"canonical":"https:\/\/www.massafmedical.com.br\/loja\/produto\/lampada-halogena-osram-64653-24v-250w-base-5-3\/","og_locale":"pt_BR","og_type":"article","og_title":"L\u00c2MPADA HAL\u00d3GENA OSRAM 64653 24V 250W BASE 5.3 - Massaf Medical","og_description":"Uma l\u00e2mpada hal\u00f3gena \u00e9 um tipo de l\u00e2mpada incandescente que utiliza um filamento de tungst\u00eanio dentro de um inv\u00f3lucro de quartzo preenchido com um g\u00e1s halog\u00eanio, como bromo ou iodo. Esse tipo de l\u00e2mpada foi desenvolvido como uma evolu\u00e7\u00e3o das l\u00e2mpadas incandescentes tradicionais para oferecer uma s\u00e9rie de vantagens.","og_url":"https:\/\/www.massafmedical.com.br\/loja\/produto\/lampada-halogena-osram-64653-24v-250w-base-5-3\/","og_site_name":"Massaf Medical","article_publisher":"http:\/\/www.facebook.com\/MASSAFMEDICAL","article_modified_time":"2025-11-03T15:44:34+00:00","og_image":[{"width":1000,"height":1000,"url":"https:\/\/www.massafmedical.com.br\/loja\/wp-content\/uploads\/2025\/01\/LAMPADA-HALOGENA-OSRAM-24V-250W.jpg","type":"image\/jpeg"}],"twitter_card":"summary_large_image","twitter_misc":{"Est. tempo de leitura":"1 minuto"},"schema":{"@context":"https:\/\/schema.org","@graph":[{"@type":"WebPage","@id":"https:\/\/www.massafmedical.com.br\/loja\/produto\/lampada-halogena-osram-64653-24v-250w-base-5-3\/","url":"https:\/\/www.massafmedical.com.br\/loja\/produto\/lampada-halogena-osram-64653-24v-250w-base-5-3\/","name":"L\u00c2MPADA HAL\u00d3GENA OSRAM 64653 24V 250W BASE 5.3 - Massaf Medical","isPartOf":{"@id":"https:\/\/www.massafmedical.com.br\/loja\/#website"},"primaryImageOfPage":{"@id":"https:\/\/www.massafmedical.com.br\/loja\/produto\/lampada-halogena-osram-64653-24v-250w-base-5-3\/#primaryimage"},"image":{"@id":"https:\/\/www.massafmedical.com.br\/loja\/produto\/lampada-halogena-osram-64653-24v-250w-base-5-3\/#primaryimage"},"thumbnailUrl":"https:\/\/www.massafmedical.com.br\/loja\/wp-content\/uploads\/2025\/01\/LAMPADA-HALOGENA-OSRAM-24V-250W.jpg","datePublished":"2025-01-28T15:37:03+00:00","dateModified":"2025-11-03T15:44:34+00:00","breadcrumb":{"@id":"https:\/\/www.massafmedical.com.br\/loja\/produto\/lampada-halogena-osram-64653-24v-250w-base-5-3\/#breadcrumb"},"inLanguage":"pt-BR","potentialAction":[{"@type":"ReadAction","target":["https:\/\/www.massafmedical.com.br\/loja\/produto\/lampada-halogena-osram-64653-24v-250w-base-5-3\/"]}]},{"@type":"ImageObject","inLanguage":"pt-BR","@id":"https:\/\/www.massafmedical.com.br\/loja\/produto\/lampada-halogena-osram-64653-24v-250w-base-5-3\/#primaryimage","url":"https:\/\/www.massafmedical.com.br\/loja\/wp-content\/uploads\/2025\/01\/LAMPADA-HALOGENA-OSRAM-24V-250W.jpg","contentUrl":"https:\/\/www.massafmedical.com.br\/loja\/wp-content\/uploads\/2025\/01\/LAMPADA-HALOGENA-OSRAM-24V-250W.jpg","width":1000,"height":1000},{"@type":"BreadcrumbList","@id":"https:\/\/www.massafmedical.com.br\/loja\/produto\/lampada-halogena-osram-64653-24v-250w-base-5-3\/#breadcrumb","itemListElement":[{"@type":"ListItem","position":1,"name":"In\u00edcio","item":"https:\/\/www.massafmedical.com.br\/loja\/"},{"@type":"ListItem","position":2,"name":"Produtos","item":"https:\/\/www.massafmedical.com.br\/loja\/nossos-produtos\/"},{"@type":"ListItem","position":3,"name":"L\u00c2MPADA HAL\u00d3GENA OSRAM 64653 24V 250W BASE 5.3"}]},{"@type":"WebSite","@id":"https:\/\/www.massafmedical.com.br\/loja\/#website","url":"https:\/\/www.massafmedical.com.br\/loja\/","name":"Massaf Medical","description":"","publisher":{"@id":"https:\/\/www.massafmedical.com.br\/loja\/#organization"},"potentialAction":[{"@type":"SearchAction","target":{"@type":"EntryPoint","urlTemplate":"https:\/\/www.massafmedical.com.br\/loja\/?s={search_term_string}"},"query-input":{"@type":"PropertyValueSpecification","valueRequired":true,"valueName":"search_term_string"}}],"inLanguage":"pt-BR"},{"@type":"Organization","@id":"https:\/\/www.massafmedical.com.br\/loja\/#organization","name":"Massaf Medical","url":"https:\/\/www.massafmedical.com.br\/loja\/","logo":{"@type":"ImageObject","inLanguage":"pt-BR","@id":"https:\/\/www.massafmedical.com.br\/loja\/#\/schema\/logo\/image\/","url":"http:\/\/www.massafmedical.com.br\/loja\/wp-content\/uploads\/2020\/10\/logotipo-big.png","contentUrl":"http:\/\/www.massafmedical.com.br\/loja\/wp-content\/uploads\/2020\/10\/logotipo-big.png","width":750,"height":253,"caption":"Massaf Medical"},"image":{"@id":"https:\/\/www.massafmedical.com.br\/loja\/#\/schema\/logo\/image\/"},"sameAs":["http:\/\/www.facebook.com\/MASSAFMEDICAL"]}]}},"_links":{"self":[{"href":"https:\/\/www.massafmedical.com.br\/loja\/wp-json\/wp\/v2\/product\/1329","targetHints":{"allow":["GET"]}}],"collection":[{"href":"https:\/\/www.massafmedical.com.br\/loja\/wp-json\/wp\/v2\/product"}],"about":[{"href":"https:\/\/www.massafmedical.com.br\/loja\/wp-json\/wp\/v2\/types\/product"}],"wp:featuredmedia":[{"embeddable":true,"href":"https:\/\/www.massafmedical.com.br\/loja\/wp-json\/wp\/v2\/media\/1330"}],"wp:attachment":[{"href":"https:\/\/www.massafmedical.com.br\/loja\/wp-json\/wp\/v2\/media?parent=1329"}],"wp:term":[{"taxonomy":"product_brand","embeddable":true,"href":"https:\/\/www.massafmedical.com.br\/loja\/wp-json\/wp\/v2\/product_brand?post=1329"},{"taxonomy":"product_cat","embeddable":true,"href":"https:\/\/www.massafmedical.com.br\/loja\/wp-json\/wp\/v2\/product_cat?post=1329"},{"taxonomy":"product_tag","embeddable":true,"href":"https:\/\/www.massafmedical.com.br\/loja\/wp-json\/wp\/v2\/product_tag?post=1329"}],"curies":[{"name":"wp","href":"https:\/\/api.w.org\/{rel}","templated":true}]}}