{"id":1318,"date":"2025-01-28T12:20:06","date_gmt":"2025-01-28T15:20:06","guid":{"rendered":"https:\/\/www.massafmedical.com.br\/loja\/?post_type=product&#038;p=1318"},"modified":"2025-03-25T13:22:14","modified_gmt":"2025-03-25T16:22:14","slug":"lampada-bi-pino-osram-64250-6v-20w","status":"publish","type":"product","link":"https:\/\/www.massafmedical.com.br\/loja\/produto\/lampada-bi-pino-osram-64250-6v-20w\/","title":{"rendered":"L\u00c2MPADA BI PINO OSRAM 64250 6V 20W"},"content":{"rendered":"<p><strong>L\u00e2mpada BI PINO OSRAM 64250 6V 20W <\/strong><\/p>\n<div id=\"njcdgcofcbnlbpkpdhmlmiblaglnkpnj\">Marca: Osram<\/div>\n<div>Modelo: 64250<\/div>\n<div>Tens\u00e3o: 6V<\/div>\n<div>Pot\u00eancia: 20W<\/div>\n<div>Ref: <span id=\"product-reference\" class=\"product-sku ref\" data-url=\"\/mvc\/store\/product\/variant_reference\/?loja=758386\">A2-50-02-18<\/span><\/div>\n","protected":false},"excerpt":{"rendered":"<p>As l\u00e2mpadas hal\u00f3genas, tamb\u00e9m conhecidas como l\u00e2mpadas hal\u00f3genas incandescentes, s\u00e3o um tipo de l\u00e2mpada de luz intensa que cont\u00e9m um filamento de tungst\u00eanio encapsulado em um bulbo de quartzo transparente. Essas l\u00e2mpadas funcionam com base no princ\u00edpio da incandesc\u00eancia, no qual o filamento \u00e9 aquecido por uma corrente el\u00e9trica at\u00e9 ficar incandescente, emitindo luz vis\u00edvel.<\/p>\n","protected":false},"featured_media":1319,"template":"","meta":[],"product_brand":[],"product_cat":[65],"product_tag":[],"class_list":{"0":"post-1318","1":"product","2":"type-product","3":"status-publish","4":"has-post-thumbnail","6":"product_cat-lampada-para-uso-medicos-processadoras","8":"first","9":"instock","10":"taxable","11":"shipping-taxable","12":"product-type-simple"},"acf":[],"yoast_head":"<!-- This site is optimized with the Yoast SEO plugin v24.4 - https:\/\/yoast.com\/wordpress\/plugins\/seo\/ -->\n<title>L\u00c2MPADA BI PINO OSRAM 64250 6V 20W - Massaf Medical<\/title>\n<meta name=\"robots\" content=\"index, follow, max-snippet:-1, max-image-preview:large, max-video-preview:-1\" \/>\n<link rel=\"canonical\" href=\"https:\/\/www.massafmedical.com.br\/loja\/produto\/lampada-bi-pino-osram-64250-6v-20w\/\" \/>\n<meta property=\"og:locale\" content=\"pt_BR\" \/>\n<meta property=\"og:type\" content=\"article\" \/>\n<meta property=\"og:title\" content=\"L\u00c2MPADA BI PINO OSRAM 64250 6V 20W - Massaf Medical\" \/>\n<meta property=\"og:description\" content=\"As l\u00e2mpadas hal\u00f3genas, tamb\u00e9m conhecidas como l\u00e2mpadas hal\u00f3genas incandescentes, s\u00e3o um tipo de l\u00e2mpada de luz intensa que cont\u00e9m um filamento de tungst\u00eanio encapsulado em um bulbo de quartzo transparente. Essas l\u00e2mpadas funcionam com base no princ\u00edpio da incandesc\u00eancia, no qual o filamento \u00e9 aquecido por uma corrente el\u00e9trica at\u00e9 ficar incandescente, emitindo luz vis\u00edvel.\" \/>\n<meta property=\"og:url\" content=\"https:\/\/www.massafmedical.com.br\/loja\/produto\/lampada-bi-pino-osram-64250-6v-20w\/\" \/>\n<meta property=\"og:site_name\" content=\"Massaf Medical\" \/>\n<meta property=\"article:publisher\" content=\"http:\/\/www.facebook.com\/MASSAFMEDICAL\" \/>\n<meta property=\"article:modified_time\" content=\"2025-03-25T16:22:14+00:00\" \/>\n<meta property=\"og:image\" content=\"https:\/\/www.massafmedical.com.br\/loja\/wp-content\/uploads\/2025\/01\/LAMPADA-BI-PINO-OSRAM-64640-HLX-G635-50H-24V-150W-FOCO-CIRURGICO-LUX.jpg\" \/>\n\t<meta property=\"og:image:width\" content=\"506\" \/>\n\t<meta property=\"og:image:height\" content=\"568\" \/>\n\t<meta property=\"og:image:type\" content=\"image\/jpeg\" \/>\n<meta name=\"twitter:card\" content=\"summary_large_image\" \/>\n<meta name=\"twitter:label1\" content=\"Est. tempo de leitura\" \/>\n\t<meta name=\"twitter:data1\" content=\"1 minuto\" \/>\n<script type=\"application\/ld+json\" class=\"yoast-schema-graph\">{\"@context\":\"https:\/\/schema.org\",\"@graph\":[{\"@type\":\"WebPage\",\"@id\":\"https:\/\/www.massafmedical.com.br\/loja\/produto\/lampada-bi-pino-osram-64250-6v-20w\/\",\"url\":\"https:\/\/www.massafmedical.com.br\/loja\/produto\/lampada-bi-pino-osram-64250-6v-20w\/\",\"name\":\"L\u00c2MPADA BI PINO OSRAM 64250 6V 20W - Massaf Medical\",\"isPartOf\":{\"@id\":\"https:\/\/www.massafmedical.com.br\/loja\/#website\"},\"primaryImageOfPage\":{\"@id\":\"https:\/\/www.massafmedical.com.br\/loja\/produto\/lampada-bi-pino-osram-64250-6v-20w\/#primaryimage\"},\"image\":{\"@id\":\"https:\/\/www.massafmedical.com.br\/loja\/produto\/lampada-bi-pino-osram-64250-6v-20w\/#primaryimage\"},\"thumbnailUrl\":\"https:\/\/www.massafmedical.com.br\/loja\/wp-content\/uploads\/2025\/01\/LAMPADA-BI-PINO-OSRAM-64640-HLX-G635-50H-24V-150W-FOCO-CIRURGICO-LUX.jpg\",\"datePublished\":\"2025-01-28T15:20:06+00:00\",\"dateModified\":\"2025-03-25T16:22:14+00:00\",\"breadcrumb\":{\"@id\":\"https:\/\/www.massafmedical.com.br\/loja\/produto\/lampada-bi-pino-osram-64250-6v-20w\/#breadcrumb\"},\"inLanguage\":\"pt-BR\",\"potentialAction\":[{\"@type\":\"ReadAction\",\"target\":[\"https:\/\/www.massafmedical.com.br\/loja\/produto\/lampada-bi-pino-osram-64250-6v-20w\/\"]}]},{\"@type\":\"ImageObject\",\"inLanguage\":\"pt-BR\",\"@id\":\"https:\/\/www.massafmedical.com.br\/loja\/produto\/lampada-bi-pino-osram-64250-6v-20w\/#primaryimage\",\"url\":\"https:\/\/www.massafmedical.com.br\/loja\/wp-content\/uploads\/2025\/01\/LAMPADA-BI-PINO-OSRAM-64640-HLX-G635-50H-24V-150W-FOCO-CIRURGICO-LUX.jpg\",\"contentUrl\":\"https:\/\/www.massafmedical.com.br\/loja\/wp-content\/uploads\/2025\/01\/LAMPADA-BI-PINO-OSRAM-64640-HLX-G635-50H-24V-150W-FOCO-CIRURGICO-LUX.jpg\",\"width\":506,\"height\":568},{\"@type\":\"BreadcrumbList\",\"@id\":\"https:\/\/www.massafmedical.com.br\/loja\/produto\/lampada-bi-pino-osram-64250-6v-20w\/#breadcrumb\",\"itemListElement\":[{\"@type\":\"ListItem\",\"position\":1,\"name\":\"In\u00edcio\",\"item\":\"https:\/\/www.massafmedical.com.br\/loja\/\"},{\"@type\":\"ListItem\",\"position\":2,\"name\":\"Produtos\",\"item\":\"https:\/\/www.massafmedical.com.br\/loja\/nossos-produtos\/\"},{\"@type\":\"ListItem\",\"position\":3,\"name\":\"L\u00c2MPADA BI PINO OSRAM 64250 6V 20W\"}]},{\"@type\":\"WebSite\",\"@id\":\"https:\/\/www.massafmedical.com.br\/loja\/#website\",\"url\":\"https:\/\/www.massafmedical.com.br\/loja\/\",\"name\":\"Massaf Medical\",\"description\":\"\",\"publisher\":{\"@id\":\"https:\/\/www.massafmedical.com.br\/loja\/#organization\"},\"potentialAction\":[{\"@type\":\"SearchAction\",\"target\":{\"@type\":\"EntryPoint\",\"urlTemplate\":\"https:\/\/www.massafmedical.com.br\/loja\/?s={search_term_string}\"},\"query-input\":{\"@type\":\"PropertyValueSpecification\",\"valueRequired\":true,\"valueName\":\"search_term_string\"}}],\"inLanguage\":\"pt-BR\"},{\"@type\":\"Organization\",\"@id\":\"https:\/\/www.massafmedical.com.br\/loja\/#organization\",\"name\":\"Massaf Medical\",\"url\":\"https:\/\/www.massafmedical.com.br\/loja\/\",\"logo\":{\"@type\":\"ImageObject\",\"inLanguage\":\"pt-BR\",\"@id\":\"https:\/\/www.massafmedical.com.br\/loja\/#\/schema\/logo\/image\/\",\"url\":\"http:\/\/www.massafmedical.com.br\/loja\/wp-content\/uploads\/2020\/10\/logotipo-big.png\",\"contentUrl\":\"http:\/\/www.massafmedical.com.br\/loja\/wp-content\/uploads\/2020\/10\/logotipo-big.png\",\"width\":750,\"height\":253,\"caption\":\"Massaf Medical\"},\"image\":{\"@id\":\"https:\/\/www.massafmedical.com.br\/loja\/#\/schema\/logo\/image\/\"},\"sameAs\":[\"http:\/\/www.facebook.com\/MASSAFMEDICAL\"]}]}<\/script>\n<!-- \/ Yoast SEO plugin. -->","yoast_head_json":{"title":"L\u00c2MPADA BI PINO OSRAM 64250 6V 20W - Massaf Medical","robots":{"index":"index","follow":"follow","max-snippet":"max-snippet:-1","max-image-preview":"max-image-preview:large","max-video-preview":"max-video-preview:-1"},"canonical":"https:\/\/www.massafmedical.com.br\/loja\/produto\/lampada-bi-pino-osram-64250-6v-20w\/","og_locale":"pt_BR","og_type":"article","og_title":"L\u00c2MPADA BI PINO OSRAM 64250 6V 20W - Massaf Medical","og_description":"As l\u00e2mpadas hal\u00f3genas, tamb\u00e9m conhecidas como l\u00e2mpadas hal\u00f3genas incandescentes, s\u00e3o um tipo de l\u00e2mpada de luz intensa que cont\u00e9m um filamento de tungst\u00eanio encapsulado em um bulbo de quartzo transparente. Essas l\u00e2mpadas funcionam com base no princ\u00edpio da incandesc\u00eancia, no qual o filamento \u00e9 aquecido por uma corrente el\u00e9trica at\u00e9 ficar incandescente, emitindo luz vis\u00edvel.","og_url":"https:\/\/www.massafmedical.com.br\/loja\/produto\/lampada-bi-pino-osram-64250-6v-20w\/","og_site_name":"Massaf Medical","article_publisher":"http:\/\/www.facebook.com\/MASSAFMEDICAL","article_modified_time":"2025-03-25T16:22:14+00:00","og_image":[{"width":506,"height":568,"url":"https:\/\/www.massafmedical.com.br\/loja\/wp-content\/uploads\/2025\/01\/LAMPADA-BI-PINO-OSRAM-64640-HLX-G635-50H-24V-150W-FOCO-CIRURGICO-LUX.jpg","type":"image\/jpeg"}],"twitter_card":"summary_large_image","twitter_misc":{"Est. tempo de leitura":"1 minuto"},"schema":{"@context":"https:\/\/schema.org","@graph":[{"@type":"WebPage","@id":"https:\/\/www.massafmedical.com.br\/loja\/produto\/lampada-bi-pino-osram-64250-6v-20w\/","url":"https:\/\/www.massafmedical.com.br\/loja\/produto\/lampada-bi-pino-osram-64250-6v-20w\/","name":"L\u00c2MPADA BI PINO OSRAM 64250 6V 20W - Massaf Medical","isPartOf":{"@id":"https:\/\/www.massafmedical.com.br\/loja\/#website"},"primaryImageOfPage":{"@id":"https:\/\/www.massafmedical.com.br\/loja\/produto\/lampada-bi-pino-osram-64250-6v-20w\/#primaryimage"},"image":{"@id":"https:\/\/www.massafmedical.com.br\/loja\/produto\/lampada-bi-pino-osram-64250-6v-20w\/#primaryimage"},"thumbnailUrl":"https:\/\/www.massafmedical.com.br\/loja\/wp-content\/uploads\/2025\/01\/LAMPADA-BI-PINO-OSRAM-64640-HLX-G635-50H-24V-150W-FOCO-CIRURGICO-LUX.jpg","datePublished":"2025-01-28T15:20:06+00:00","dateModified":"2025-03-25T16:22:14+00:00","breadcrumb":{"@id":"https:\/\/www.massafmedical.com.br\/loja\/produto\/lampada-bi-pino-osram-64250-6v-20w\/#breadcrumb"},"inLanguage":"pt-BR","potentialAction":[{"@type":"ReadAction","target":["https:\/\/www.massafmedical.com.br\/loja\/produto\/lampada-bi-pino-osram-64250-6v-20w\/"]}]},{"@type":"ImageObject","inLanguage":"pt-BR","@id":"https:\/\/www.massafmedical.com.br\/loja\/produto\/lampada-bi-pino-osram-64250-6v-20w\/#primaryimage","url":"https:\/\/www.massafmedical.com.br\/loja\/wp-content\/uploads\/2025\/01\/LAMPADA-BI-PINO-OSRAM-64640-HLX-G635-50H-24V-150W-FOCO-CIRURGICO-LUX.jpg","contentUrl":"https:\/\/www.massafmedical.com.br\/loja\/wp-content\/uploads\/2025\/01\/LAMPADA-BI-PINO-OSRAM-64640-HLX-G635-50H-24V-150W-FOCO-CIRURGICO-LUX.jpg","width":506,"height":568},{"@type":"BreadcrumbList","@id":"https:\/\/www.massafmedical.com.br\/loja\/produto\/lampada-bi-pino-osram-64250-6v-20w\/#breadcrumb","itemListElement":[{"@type":"ListItem","position":1,"name":"In\u00edcio","item":"https:\/\/www.massafmedical.com.br\/loja\/"},{"@type":"ListItem","position":2,"name":"Produtos","item":"https:\/\/www.massafmedical.com.br\/loja\/nossos-produtos\/"},{"@type":"ListItem","position":3,"name":"L\u00c2MPADA BI PINO OSRAM 64250 6V 20W"}]},{"@type":"WebSite","@id":"https:\/\/www.massafmedical.com.br\/loja\/#website","url":"https:\/\/www.massafmedical.com.br\/loja\/","name":"Massaf Medical","description":"","publisher":{"@id":"https:\/\/www.massafmedical.com.br\/loja\/#organization"},"potentialAction":[{"@type":"SearchAction","target":{"@type":"EntryPoint","urlTemplate":"https:\/\/www.massafmedical.com.br\/loja\/?s={search_term_string}"},"query-input":{"@type":"PropertyValueSpecification","valueRequired":true,"valueName":"search_term_string"}}],"inLanguage":"pt-BR"},{"@type":"Organization","@id":"https:\/\/www.massafmedical.com.br\/loja\/#organization","name":"Massaf Medical","url":"https:\/\/www.massafmedical.com.br\/loja\/","logo":{"@type":"ImageObject","inLanguage":"pt-BR","@id":"https:\/\/www.massafmedical.com.br\/loja\/#\/schema\/logo\/image\/","url":"http:\/\/www.massafmedical.com.br\/loja\/wp-content\/uploads\/2020\/10\/logotipo-big.png","contentUrl":"http:\/\/www.massafmedical.com.br\/loja\/wp-content\/uploads\/2020\/10\/logotipo-big.png","width":750,"height":253,"caption":"Massaf Medical"},"image":{"@id":"https:\/\/www.massafmedical.com.br\/loja\/#\/schema\/logo\/image\/"},"sameAs":["http:\/\/www.facebook.com\/MASSAFMEDICAL"]}]}},"_links":{"self":[{"href":"https:\/\/www.massafmedical.com.br\/loja\/wp-json\/wp\/v2\/product\/1318","targetHints":{"allow":["GET"]}}],"collection":[{"href":"https:\/\/www.massafmedical.com.br\/loja\/wp-json\/wp\/v2\/product"}],"about":[{"href":"https:\/\/www.massafmedical.com.br\/loja\/wp-json\/wp\/v2\/types\/product"}],"wp:featuredmedia":[{"embeddable":true,"href":"https:\/\/www.massafmedical.com.br\/loja\/wp-json\/wp\/v2\/media\/1319"}],"wp:attachment":[{"href":"https:\/\/www.massafmedical.com.br\/loja\/wp-json\/wp\/v2\/media?parent=1318"}],"wp:term":[{"taxonomy":"product_brand","embeddable":true,"href":"https:\/\/www.massafmedical.com.br\/loja\/wp-json\/wp\/v2\/product_brand?post=1318"},{"taxonomy":"product_cat","embeddable":true,"href":"https:\/\/www.massafmedical.com.br\/loja\/wp-json\/wp\/v2\/product_cat?post=1318"},{"taxonomy":"product_tag","embeddable":true,"href":"https:\/\/www.massafmedical.com.br\/loja\/wp-json\/wp\/v2\/product_tag?post=1318"}],"curies":[{"name":"wp","href":"https:\/\/api.w.org\/{rel}","templated":true}]}}