{"id":1302,"date":"2025-01-28T11:21:58","date_gmt":"2025-01-28T14:21:58","guid":{"rendered":"https:\/\/www.massafmedical.com.br\/loja\/?post_type=product&#038;p=1302"},"modified":"2026-01-08T14:26:48","modified_gmt":"2026-01-08T17:26:48","slug":"lampada-osram-xbo-r-180w-45c","status":"publish","type":"product","link":"https:\/\/www.massafmedical.com.br\/loja\/produto\/lampada-osram-xbo-r-180w-45c\/","title":{"rendered":"L\u00e2mpada OSRAM XBO R 180W\/45C"},"content":{"rendered":"<div><strong>L\u00e2mpada OSRAM XBO R 180W\/45C<\/strong><\/div>\n<div><\/div>\n<div class=\"product-sku\">Ref:\u00a0<span id=\"product-reference\" class=\"product-sku ref\" data-url=\"\/mvc\/store\/product\/variant_reference\/?loja=758386\">0000000795532<\/span><\/div>\n<div class=\"product-brand\">Modelo: XBO R 180W\/45C<\/div>\n<div><\/div>\n<div>A l\u00e2mpada utiliza a tecnologia <strong>XBO<\/strong>, que \u00e9 uma linha da OSRAM conhecida pela alta qualidade e confiabilidade. Seu design oferece um excelente desempenho em termos de luminosidade, durabilidade e consist\u00eancia de cor. O n\u00famero &#8220;45C&#8221; se refere \u00e0 temperatura de cor e outras caracter\u00edsticas espec\u00edficas, que garantem uma excelente reprodu\u00e7\u00e3o de cores e uma \u00f3tima visualiza\u00e7\u00e3o de detalhes, sendo uma escolha popular em ambientes profissionais que exigem ilumina\u00e7\u00e3o de alta precis\u00e3o.<\/div>\n","protected":false},"excerpt":{"rendered":"<p>A l\u00e2mpada <strong>OSRAM XBO R 180W\/45C<\/strong> \u00e9 uma l\u00e2mpada de descarga de alta press\u00e3o, projetada para fornecer uma fonte de luz intensa e eficiente, especialmente utilizada em aplica\u00e7\u00f5es de proje\u00e7\u00e3o e ilumina\u00e7\u00e3o de alta performance. Com pot\u00eancia de <strong>180W<\/strong>, ela \u00e9 amplamente empregada em sistemas de proje\u00e7\u00e3o de cinema digital, c\u00e2meras de imagem e outros equipamentos de ilumina\u00e7\u00e3o profissional.<\/p>\n<p>&nbsp;<\/p>\n","protected":false},"featured_media":1303,"template":"","meta":[],"product_brand":[],"product_cat":[65],"product_tag":[],"class_list":{"0":"post-1302","1":"product","2":"type-product","3":"status-publish","4":"has-post-thumbnail","6":"product_cat-lampada-para-uso-medicos-processadoras","8":"first","9":"instock","10":"taxable","11":"shipping-taxable","12":"product-type-simple"},"acf":[],"yoast_head":"<!-- This site is optimized with the Yoast SEO plugin v24.4 - https:\/\/yoast.com\/wordpress\/plugins\/seo\/ -->\n<title>L\u00e2mpada OSRAM XBO R 180W\/45C - Massaf Medical<\/title>\n<meta name=\"robots\" content=\"index, follow, max-snippet:-1, max-image-preview:large, max-video-preview:-1\" \/>\n<link rel=\"canonical\" href=\"https:\/\/www.massafmedical.com.br\/loja\/produto\/lampada-osram-xbo-r-180w-45c\/\" \/>\n<meta property=\"og:locale\" content=\"pt_BR\" \/>\n<meta property=\"og:type\" content=\"article\" \/>\n<meta property=\"og:title\" content=\"L\u00e2mpada OSRAM XBO R 180W\/45C - Massaf Medical\" \/>\n<meta property=\"og:description\" content=\"A l\u00e2mpada OSRAM XBO R 180W\/45C \u00e9 uma l\u00e2mpada de descarga de alta press\u00e3o, projetada para fornecer uma fonte de luz intensa e eficiente, especialmente utilizada em aplica\u00e7\u00f5es de proje\u00e7\u00e3o e ilumina\u00e7\u00e3o de alta performance. Com pot\u00eancia de 180W, ela \u00e9 amplamente empregada em sistemas de proje\u00e7\u00e3o de cinema digital, c\u00e2meras de imagem e outros equipamentos de ilumina\u00e7\u00e3o profissional.  &nbsp;\" \/>\n<meta property=\"og:url\" content=\"https:\/\/www.massafmedical.com.br\/loja\/produto\/lampada-osram-xbo-r-180w-45c\/\" \/>\n<meta property=\"og:site_name\" content=\"Massaf Medical\" \/>\n<meta property=\"article:publisher\" content=\"http:\/\/www.facebook.com\/MASSAFMEDICAL\" \/>\n<meta property=\"article:modified_time\" content=\"2026-01-08T17:26:48+00:00\" \/>\n<meta property=\"og:image\" content=\"https:\/\/www.massafmedical.com.br\/loja\/wp-content\/uploads\/2025\/01\/Lampada-Osram-XBO-R-180W-45-C.jpg\" \/>\n\t<meta property=\"og:image:width\" content=\"1000\" \/>\n\t<meta property=\"og:image:height\" content=\"1000\" \/>\n\t<meta property=\"og:image:type\" content=\"image\/jpeg\" \/>\n<meta name=\"twitter:card\" content=\"summary_large_image\" \/>\n<meta name=\"twitter:label1\" content=\"Est. tempo de leitura\" \/>\n\t<meta name=\"twitter:data1\" content=\"1 minuto\" \/>\n<script type=\"application\/ld+json\" class=\"yoast-schema-graph\">{\"@context\":\"https:\/\/schema.org\",\"@graph\":[{\"@type\":\"WebPage\",\"@id\":\"https:\/\/www.massafmedical.com.br\/loja\/produto\/lampada-osram-xbo-r-180w-45c\/\",\"url\":\"https:\/\/www.massafmedical.com.br\/loja\/produto\/lampada-osram-xbo-r-180w-45c\/\",\"name\":\"L\u00e2mpada OSRAM XBO R 180W\/45C - Massaf Medical\",\"isPartOf\":{\"@id\":\"https:\/\/www.massafmedical.com.br\/loja\/#website\"},\"primaryImageOfPage\":{\"@id\":\"https:\/\/www.massafmedical.com.br\/loja\/produto\/lampada-osram-xbo-r-180w-45c\/#primaryimage\"},\"image\":{\"@id\":\"https:\/\/www.massafmedical.com.br\/loja\/produto\/lampada-osram-xbo-r-180w-45c\/#primaryimage\"},\"thumbnailUrl\":\"https:\/\/www.massafmedical.com.br\/loja\/wp-content\/uploads\/2025\/01\/Lampada-Osram-XBO-R-180W-45-C.jpg\",\"datePublished\":\"2025-01-28T14:21:58+00:00\",\"dateModified\":\"2026-01-08T17:26:48+00:00\",\"breadcrumb\":{\"@id\":\"https:\/\/www.massafmedical.com.br\/loja\/produto\/lampada-osram-xbo-r-180w-45c\/#breadcrumb\"},\"inLanguage\":\"pt-BR\",\"potentialAction\":[{\"@type\":\"ReadAction\",\"target\":[\"https:\/\/www.massafmedical.com.br\/loja\/produto\/lampada-osram-xbo-r-180w-45c\/\"]}]},{\"@type\":\"ImageObject\",\"inLanguage\":\"pt-BR\",\"@id\":\"https:\/\/www.massafmedical.com.br\/loja\/produto\/lampada-osram-xbo-r-180w-45c\/#primaryimage\",\"url\":\"https:\/\/www.massafmedical.com.br\/loja\/wp-content\/uploads\/2025\/01\/Lampada-Osram-XBO-R-180W-45-C.jpg\",\"contentUrl\":\"https:\/\/www.massafmedical.com.br\/loja\/wp-content\/uploads\/2025\/01\/Lampada-Osram-XBO-R-180W-45-C.jpg\",\"width\":1000,\"height\":1000},{\"@type\":\"BreadcrumbList\",\"@id\":\"https:\/\/www.massafmedical.com.br\/loja\/produto\/lampada-osram-xbo-r-180w-45c\/#breadcrumb\",\"itemListElement\":[{\"@type\":\"ListItem\",\"position\":1,\"name\":\"In\u00edcio\",\"item\":\"https:\/\/www.massafmedical.com.br\/loja\/\"},{\"@type\":\"ListItem\",\"position\":2,\"name\":\"Produtos\",\"item\":\"https:\/\/www.massafmedical.com.br\/loja\/nossos-produtos\/\"},{\"@type\":\"ListItem\",\"position\":3,\"name\":\"L\u00e2mpada OSRAM XBO R 180W\/45C\"}]},{\"@type\":\"WebSite\",\"@id\":\"https:\/\/www.massafmedical.com.br\/loja\/#website\",\"url\":\"https:\/\/www.massafmedical.com.br\/loja\/\",\"name\":\"Massaf Medical\",\"description\":\"\",\"publisher\":{\"@id\":\"https:\/\/www.massafmedical.com.br\/loja\/#organization\"},\"potentialAction\":[{\"@type\":\"SearchAction\",\"target\":{\"@type\":\"EntryPoint\",\"urlTemplate\":\"https:\/\/www.massafmedical.com.br\/loja\/?s={search_term_string}\"},\"query-input\":{\"@type\":\"PropertyValueSpecification\",\"valueRequired\":true,\"valueName\":\"search_term_string\"}}],\"inLanguage\":\"pt-BR\"},{\"@type\":\"Organization\",\"@id\":\"https:\/\/www.massafmedical.com.br\/loja\/#organization\",\"name\":\"Massaf Medical\",\"url\":\"https:\/\/www.massafmedical.com.br\/loja\/\",\"logo\":{\"@type\":\"ImageObject\",\"inLanguage\":\"pt-BR\",\"@id\":\"https:\/\/www.massafmedical.com.br\/loja\/#\/schema\/logo\/image\/\",\"url\":\"http:\/\/www.massafmedical.com.br\/loja\/wp-content\/uploads\/2020\/10\/logotipo-big.png\",\"contentUrl\":\"http:\/\/www.massafmedical.com.br\/loja\/wp-content\/uploads\/2020\/10\/logotipo-big.png\",\"width\":750,\"height\":253,\"caption\":\"Massaf Medical\"},\"image\":{\"@id\":\"https:\/\/www.massafmedical.com.br\/loja\/#\/schema\/logo\/image\/\"},\"sameAs\":[\"http:\/\/www.facebook.com\/MASSAFMEDICAL\"]}]}<\/script>\n<!-- \/ Yoast SEO plugin. -->","yoast_head_json":{"title":"L\u00e2mpada OSRAM XBO R 180W\/45C - Massaf Medical","robots":{"index":"index","follow":"follow","max-snippet":"max-snippet:-1","max-image-preview":"max-image-preview:large","max-video-preview":"max-video-preview:-1"},"canonical":"https:\/\/www.massafmedical.com.br\/loja\/produto\/lampada-osram-xbo-r-180w-45c\/","og_locale":"pt_BR","og_type":"article","og_title":"L\u00e2mpada OSRAM XBO R 180W\/45C - Massaf Medical","og_description":"A l\u00e2mpada OSRAM XBO R 180W\/45C \u00e9 uma l\u00e2mpada de descarga de alta press\u00e3o, projetada para fornecer uma fonte de luz intensa e eficiente, especialmente utilizada em aplica\u00e7\u00f5es de proje\u00e7\u00e3o e ilumina\u00e7\u00e3o de alta performance. Com pot\u00eancia de 180W, ela \u00e9 amplamente empregada em sistemas de proje\u00e7\u00e3o de cinema digital, c\u00e2meras de imagem e outros equipamentos de ilumina\u00e7\u00e3o profissional.  &nbsp;","og_url":"https:\/\/www.massafmedical.com.br\/loja\/produto\/lampada-osram-xbo-r-180w-45c\/","og_site_name":"Massaf Medical","article_publisher":"http:\/\/www.facebook.com\/MASSAFMEDICAL","article_modified_time":"2026-01-08T17:26:48+00:00","og_image":[{"width":1000,"height":1000,"url":"https:\/\/www.massafmedical.com.br\/loja\/wp-content\/uploads\/2025\/01\/Lampada-Osram-XBO-R-180W-45-C.jpg","type":"image\/jpeg"}],"twitter_card":"summary_large_image","twitter_misc":{"Est. tempo de leitura":"1 minuto"},"schema":{"@context":"https:\/\/schema.org","@graph":[{"@type":"WebPage","@id":"https:\/\/www.massafmedical.com.br\/loja\/produto\/lampada-osram-xbo-r-180w-45c\/","url":"https:\/\/www.massafmedical.com.br\/loja\/produto\/lampada-osram-xbo-r-180w-45c\/","name":"L\u00e2mpada OSRAM XBO R 180W\/45C - Massaf Medical","isPartOf":{"@id":"https:\/\/www.massafmedical.com.br\/loja\/#website"},"primaryImageOfPage":{"@id":"https:\/\/www.massafmedical.com.br\/loja\/produto\/lampada-osram-xbo-r-180w-45c\/#primaryimage"},"image":{"@id":"https:\/\/www.massafmedical.com.br\/loja\/produto\/lampada-osram-xbo-r-180w-45c\/#primaryimage"},"thumbnailUrl":"https:\/\/www.massafmedical.com.br\/loja\/wp-content\/uploads\/2025\/01\/Lampada-Osram-XBO-R-180W-45-C.jpg","datePublished":"2025-01-28T14:21:58+00:00","dateModified":"2026-01-08T17:26:48+00:00","breadcrumb":{"@id":"https:\/\/www.massafmedical.com.br\/loja\/produto\/lampada-osram-xbo-r-180w-45c\/#breadcrumb"},"inLanguage":"pt-BR","potentialAction":[{"@type":"ReadAction","target":["https:\/\/www.massafmedical.com.br\/loja\/produto\/lampada-osram-xbo-r-180w-45c\/"]}]},{"@type":"ImageObject","inLanguage":"pt-BR","@id":"https:\/\/www.massafmedical.com.br\/loja\/produto\/lampada-osram-xbo-r-180w-45c\/#primaryimage","url":"https:\/\/www.massafmedical.com.br\/loja\/wp-content\/uploads\/2025\/01\/Lampada-Osram-XBO-R-180W-45-C.jpg","contentUrl":"https:\/\/www.massafmedical.com.br\/loja\/wp-content\/uploads\/2025\/01\/Lampada-Osram-XBO-R-180W-45-C.jpg","width":1000,"height":1000},{"@type":"BreadcrumbList","@id":"https:\/\/www.massafmedical.com.br\/loja\/produto\/lampada-osram-xbo-r-180w-45c\/#breadcrumb","itemListElement":[{"@type":"ListItem","position":1,"name":"In\u00edcio","item":"https:\/\/www.massafmedical.com.br\/loja\/"},{"@type":"ListItem","position":2,"name":"Produtos","item":"https:\/\/www.massafmedical.com.br\/loja\/nossos-produtos\/"},{"@type":"ListItem","position":3,"name":"L\u00e2mpada OSRAM XBO R 180W\/45C"}]},{"@type":"WebSite","@id":"https:\/\/www.massafmedical.com.br\/loja\/#website","url":"https:\/\/www.massafmedical.com.br\/loja\/","name":"Massaf Medical","description":"","publisher":{"@id":"https:\/\/www.massafmedical.com.br\/loja\/#organization"},"potentialAction":[{"@type":"SearchAction","target":{"@type":"EntryPoint","urlTemplate":"https:\/\/www.massafmedical.com.br\/loja\/?s={search_term_string}"},"query-input":{"@type":"PropertyValueSpecification","valueRequired":true,"valueName":"search_term_string"}}],"inLanguage":"pt-BR"},{"@type":"Organization","@id":"https:\/\/www.massafmedical.com.br\/loja\/#organization","name":"Massaf Medical","url":"https:\/\/www.massafmedical.com.br\/loja\/","logo":{"@type":"ImageObject","inLanguage":"pt-BR","@id":"https:\/\/www.massafmedical.com.br\/loja\/#\/schema\/logo\/image\/","url":"http:\/\/www.massafmedical.com.br\/loja\/wp-content\/uploads\/2020\/10\/logotipo-big.png","contentUrl":"http:\/\/www.massafmedical.com.br\/loja\/wp-content\/uploads\/2020\/10\/logotipo-big.png","width":750,"height":253,"caption":"Massaf Medical"},"image":{"@id":"https:\/\/www.massafmedical.com.br\/loja\/#\/schema\/logo\/image\/"},"sameAs":["http:\/\/www.facebook.com\/MASSAFMEDICAL"]}]}},"_links":{"self":[{"href":"https:\/\/www.massafmedical.com.br\/loja\/wp-json\/wp\/v2\/product\/1302","targetHints":{"allow":["GET"]}}],"collection":[{"href":"https:\/\/www.massafmedical.com.br\/loja\/wp-json\/wp\/v2\/product"}],"about":[{"href":"https:\/\/www.massafmedical.com.br\/loja\/wp-json\/wp\/v2\/types\/product"}],"wp:featuredmedia":[{"embeddable":true,"href":"https:\/\/www.massafmedical.com.br\/loja\/wp-json\/wp\/v2\/media\/1303"}],"wp:attachment":[{"href":"https:\/\/www.massafmedical.com.br\/loja\/wp-json\/wp\/v2\/media?parent=1302"}],"wp:term":[{"taxonomy":"product_brand","embeddable":true,"href":"https:\/\/www.massafmedical.com.br\/loja\/wp-json\/wp\/v2\/product_brand?post=1302"},{"taxonomy":"product_cat","embeddable":true,"href":"https:\/\/www.massafmedical.com.br\/loja\/wp-json\/wp\/v2\/product_cat?post=1302"},{"taxonomy":"product_tag","embeddable":true,"href":"https:\/\/www.massafmedical.com.br\/loja\/wp-json\/wp\/v2\/product_tag?post=1302"}],"curies":[{"name":"wp","href":"https:\/\/api.w.org\/{rel}","templated":true}]}}