{"id":1298,"date":"2025-01-28T10:46:34","date_gmt":"2025-01-28T13:46:34","guid":{"rendered":"https:\/\/www.massafmedical.com.br\/loja\/?post_type=product&#038;p=1298"},"modified":"2025-07-24T11:24:46","modified_gmt":"2025-07-24T14:24:46","slug":"lampada-xenon-cermax-pe300b-13fm-com-modulo-300w-stryker","status":"publish","type":"product","link":"https:\/\/www.massafmedical.com.br\/loja\/produto\/lampada-xenon-cermax-pe300b-13fm-com-modulo-300w-stryker\/","title":{"rendered":"L\u00e2mpada Xenon Cermax PE300B-13FM COM MODULO 300W (STRYKER)"},"content":{"rendered":"<div id=\"njcdgcofcbnlbpkpdhmlmiblaglnkpnj\"><strong>L\u00e2mpada Xenon Cermax PE300B-13FM COM MODULO 300W (STRYKER): <\/strong>Uma alternativa avan\u00e7ada \u00e0s tradicionais l\u00e2mpadas de halog\u00eanio, oferecendo uma luz mais brilhante e n\u00edtida, o que \u00e9 fundamental para obter imagens de alta qualidade durante a endoscopia.<\/div>\n<div><\/div>\n<div>Marca: Excelitas Cermax;<\/div>\n<div>Modelo: PE-300B-13FM;<\/div>\n<div>Equipamentos Compat\u00edveis: Stryker;<\/div>\n<div>Garantia: 500h;<\/div>\n<div>\n<div class=\"product-sku\">Ref:\u00a0<span id=\"product-reference\" class=\"product-sku ref\" data-url=\"\/mvc\/store\/product\/variant_reference\/?loja=758386\">0000000795394.<\/span><\/div>\n<\/div>\n","protected":false},"excerpt":{"rendered":"<p>A l\u00e2mpada xenon para endoscopia \u00e9 uma fonte de luz de alta intensidade utilizada para iluminar o campo de vis\u00e3o durante os procedimentos endosc\u00f3picos.<\/p>\n","protected":false},"featured_media":1299,"template":"","meta":[],"product_brand":[],"product_cat":[65],"product_tag":[],"class_list":{"0":"post-1298","1":"product","2":"type-product","3":"status-publish","4":"has-post-thumbnail","6":"product_cat-lampada-para-uso-medicos-processadoras","8":"first","9":"instock","10":"taxable","11":"shipping-taxable","12":"product-type-simple"},"acf":[],"yoast_head":"<!-- This site is optimized with the Yoast SEO plugin v24.4 - https:\/\/yoast.com\/wordpress\/plugins\/seo\/ -->\n<title>L\u00e2mpada Xenon Cermax PE300B-13FM COM MODULO 300W (STRYKER) - Massaf Medical<\/title>\n<meta name=\"robots\" content=\"index, follow, max-snippet:-1, max-image-preview:large, max-video-preview:-1\" \/>\n<link rel=\"canonical\" href=\"https:\/\/www.massafmedical.com.br\/loja\/produto\/lampada-xenon-cermax-pe300b-13fm-com-modulo-300w-stryker\/\" \/>\n<meta property=\"og:locale\" content=\"pt_BR\" \/>\n<meta property=\"og:type\" content=\"article\" \/>\n<meta property=\"og:title\" content=\"L\u00e2mpada Xenon Cermax PE300B-13FM COM MODULO 300W (STRYKER) - Massaf Medical\" \/>\n<meta property=\"og:description\" content=\"A l\u00e2mpada xenon para endoscopia \u00e9 uma fonte de luz de alta intensidade utilizada para iluminar o campo de vis\u00e3o durante os procedimentos endosc\u00f3picos.\" \/>\n<meta property=\"og:url\" content=\"https:\/\/www.massafmedical.com.br\/loja\/produto\/lampada-xenon-cermax-pe300b-13fm-com-modulo-300w-stryker\/\" \/>\n<meta property=\"og:site_name\" content=\"Massaf Medical\" \/>\n<meta property=\"article:publisher\" content=\"http:\/\/www.facebook.com\/MASSAFMEDICAL\" \/>\n<meta property=\"article:modified_time\" content=\"2025-07-24T14:24:46+00:00\" \/>\n<meta property=\"og:image\" content=\"https:\/\/www.massafmedical.com.br\/loja\/wp-content\/uploads\/2025\/01\/Lampada-Xenon-Cermax-modelo-PE-300B-13FM-.jpg\" \/>\n\t<meta property=\"og:image:width\" content=\"600\" \/>\n\t<meta property=\"og:image:height\" content=\"600\" \/>\n\t<meta property=\"og:image:type\" content=\"image\/jpeg\" \/>\n<meta name=\"twitter:card\" content=\"summary_large_image\" \/>\n<meta name=\"twitter:label1\" content=\"Est. tempo de leitura\" \/>\n\t<meta name=\"twitter:data1\" content=\"1 minuto\" \/>\n<script type=\"application\/ld+json\" class=\"yoast-schema-graph\">{\"@context\":\"https:\/\/schema.org\",\"@graph\":[{\"@type\":\"WebPage\",\"@id\":\"https:\/\/www.massafmedical.com.br\/loja\/produto\/lampada-xenon-cermax-pe300b-13fm-com-modulo-300w-stryker\/\",\"url\":\"https:\/\/www.massafmedical.com.br\/loja\/produto\/lampada-xenon-cermax-pe300b-13fm-com-modulo-300w-stryker\/\",\"name\":\"L\u00e2mpada Xenon Cermax PE300B-13FM COM MODULO 300W (STRYKER) - Massaf Medical\",\"isPartOf\":{\"@id\":\"https:\/\/www.massafmedical.com.br\/loja\/#website\"},\"primaryImageOfPage\":{\"@id\":\"https:\/\/www.massafmedical.com.br\/loja\/produto\/lampada-xenon-cermax-pe300b-13fm-com-modulo-300w-stryker\/#primaryimage\"},\"image\":{\"@id\":\"https:\/\/www.massafmedical.com.br\/loja\/produto\/lampada-xenon-cermax-pe300b-13fm-com-modulo-300w-stryker\/#primaryimage\"},\"thumbnailUrl\":\"https:\/\/www.massafmedical.com.br\/loja\/wp-content\/uploads\/2025\/01\/Lampada-Xenon-Cermax-modelo-PE-300B-13FM-.jpg\",\"datePublished\":\"2025-01-28T13:46:34+00:00\",\"dateModified\":\"2025-07-24T14:24:46+00:00\",\"breadcrumb\":{\"@id\":\"https:\/\/www.massafmedical.com.br\/loja\/produto\/lampada-xenon-cermax-pe300b-13fm-com-modulo-300w-stryker\/#breadcrumb\"},\"inLanguage\":\"pt-BR\",\"potentialAction\":[{\"@type\":\"ReadAction\",\"target\":[\"https:\/\/www.massafmedical.com.br\/loja\/produto\/lampada-xenon-cermax-pe300b-13fm-com-modulo-300w-stryker\/\"]}]},{\"@type\":\"ImageObject\",\"inLanguage\":\"pt-BR\",\"@id\":\"https:\/\/www.massafmedical.com.br\/loja\/produto\/lampada-xenon-cermax-pe300b-13fm-com-modulo-300w-stryker\/#primaryimage\",\"url\":\"https:\/\/www.massafmedical.com.br\/loja\/wp-content\/uploads\/2025\/01\/Lampada-Xenon-Cermax-modelo-PE-300B-13FM-.jpg\",\"contentUrl\":\"https:\/\/www.massafmedical.com.br\/loja\/wp-content\/uploads\/2025\/01\/Lampada-Xenon-Cermax-modelo-PE-300B-13FM-.jpg\",\"width\":600,\"height\":600},{\"@type\":\"BreadcrumbList\",\"@id\":\"https:\/\/www.massafmedical.com.br\/loja\/produto\/lampada-xenon-cermax-pe300b-13fm-com-modulo-300w-stryker\/#breadcrumb\",\"itemListElement\":[{\"@type\":\"ListItem\",\"position\":1,\"name\":\"In\u00edcio\",\"item\":\"https:\/\/www.massafmedical.com.br\/loja\/\"},{\"@type\":\"ListItem\",\"position\":2,\"name\":\"Produtos\",\"item\":\"https:\/\/www.massafmedical.com.br\/loja\/nossos-produtos\/\"},{\"@type\":\"ListItem\",\"position\":3,\"name\":\"L\u00e2mpada Xenon Cermax PE300B-13FM COM MODULO 300W (STRYKER)\"}]},{\"@type\":\"WebSite\",\"@id\":\"https:\/\/www.massafmedical.com.br\/loja\/#website\",\"url\":\"https:\/\/www.massafmedical.com.br\/loja\/\",\"name\":\"Massaf Medical\",\"description\":\"\",\"publisher\":{\"@id\":\"https:\/\/www.massafmedical.com.br\/loja\/#organization\"},\"potentialAction\":[{\"@type\":\"SearchAction\",\"target\":{\"@type\":\"EntryPoint\",\"urlTemplate\":\"https:\/\/www.massafmedical.com.br\/loja\/?s={search_term_string}\"},\"query-input\":{\"@type\":\"PropertyValueSpecification\",\"valueRequired\":true,\"valueName\":\"search_term_string\"}}],\"inLanguage\":\"pt-BR\"},{\"@type\":\"Organization\",\"@id\":\"https:\/\/www.massafmedical.com.br\/loja\/#organization\",\"name\":\"Massaf Medical\",\"url\":\"https:\/\/www.massafmedical.com.br\/loja\/\",\"logo\":{\"@type\":\"ImageObject\",\"inLanguage\":\"pt-BR\",\"@id\":\"https:\/\/www.massafmedical.com.br\/loja\/#\/schema\/logo\/image\/\",\"url\":\"http:\/\/www.massafmedical.com.br\/loja\/wp-content\/uploads\/2020\/10\/logotipo-big.png\",\"contentUrl\":\"http:\/\/www.massafmedical.com.br\/loja\/wp-content\/uploads\/2020\/10\/logotipo-big.png\",\"width\":750,\"height\":253,\"caption\":\"Massaf Medical\"},\"image\":{\"@id\":\"https:\/\/www.massafmedical.com.br\/loja\/#\/schema\/logo\/image\/\"},\"sameAs\":[\"http:\/\/www.facebook.com\/MASSAFMEDICAL\"]}]}<\/script>\n<!-- \/ Yoast SEO plugin. -->","yoast_head_json":{"title":"L\u00e2mpada Xenon Cermax PE300B-13FM COM MODULO 300W (STRYKER) - Massaf Medical","robots":{"index":"index","follow":"follow","max-snippet":"max-snippet:-1","max-image-preview":"max-image-preview:large","max-video-preview":"max-video-preview:-1"},"canonical":"https:\/\/www.massafmedical.com.br\/loja\/produto\/lampada-xenon-cermax-pe300b-13fm-com-modulo-300w-stryker\/","og_locale":"pt_BR","og_type":"article","og_title":"L\u00e2mpada Xenon Cermax PE300B-13FM COM MODULO 300W (STRYKER) - Massaf Medical","og_description":"A l\u00e2mpada xenon para endoscopia \u00e9 uma fonte de luz de alta intensidade utilizada para iluminar o campo de vis\u00e3o durante os procedimentos endosc\u00f3picos.","og_url":"https:\/\/www.massafmedical.com.br\/loja\/produto\/lampada-xenon-cermax-pe300b-13fm-com-modulo-300w-stryker\/","og_site_name":"Massaf Medical","article_publisher":"http:\/\/www.facebook.com\/MASSAFMEDICAL","article_modified_time":"2025-07-24T14:24:46+00:00","og_image":[{"width":600,"height":600,"url":"https:\/\/www.massafmedical.com.br\/loja\/wp-content\/uploads\/2025\/01\/Lampada-Xenon-Cermax-modelo-PE-300B-13FM-.jpg","type":"image\/jpeg"}],"twitter_card":"summary_large_image","twitter_misc":{"Est. tempo de leitura":"1 minuto"},"schema":{"@context":"https:\/\/schema.org","@graph":[{"@type":"WebPage","@id":"https:\/\/www.massafmedical.com.br\/loja\/produto\/lampada-xenon-cermax-pe300b-13fm-com-modulo-300w-stryker\/","url":"https:\/\/www.massafmedical.com.br\/loja\/produto\/lampada-xenon-cermax-pe300b-13fm-com-modulo-300w-stryker\/","name":"L\u00e2mpada Xenon Cermax PE300B-13FM COM MODULO 300W (STRYKER) - Massaf Medical","isPartOf":{"@id":"https:\/\/www.massafmedical.com.br\/loja\/#website"},"primaryImageOfPage":{"@id":"https:\/\/www.massafmedical.com.br\/loja\/produto\/lampada-xenon-cermax-pe300b-13fm-com-modulo-300w-stryker\/#primaryimage"},"image":{"@id":"https:\/\/www.massafmedical.com.br\/loja\/produto\/lampada-xenon-cermax-pe300b-13fm-com-modulo-300w-stryker\/#primaryimage"},"thumbnailUrl":"https:\/\/www.massafmedical.com.br\/loja\/wp-content\/uploads\/2025\/01\/Lampada-Xenon-Cermax-modelo-PE-300B-13FM-.jpg","datePublished":"2025-01-28T13:46:34+00:00","dateModified":"2025-07-24T14:24:46+00:00","breadcrumb":{"@id":"https:\/\/www.massafmedical.com.br\/loja\/produto\/lampada-xenon-cermax-pe300b-13fm-com-modulo-300w-stryker\/#breadcrumb"},"inLanguage":"pt-BR","potentialAction":[{"@type":"ReadAction","target":["https:\/\/www.massafmedical.com.br\/loja\/produto\/lampada-xenon-cermax-pe300b-13fm-com-modulo-300w-stryker\/"]}]},{"@type":"ImageObject","inLanguage":"pt-BR","@id":"https:\/\/www.massafmedical.com.br\/loja\/produto\/lampada-xenon-cermax-pe300b-13fm-com-modulo-300w-stryker\/#primaryimage","url":"https:\/\/www.massafmedical.com.br\/loja\/wp-content\/uploads\/2025\/01\/Lampada-Xenon-Cermax-modelo-PE-300B-13FM-.jpg","contentUrl":"https:\/\/www.massafmedical.com.br\/loja\/wp-content\/uploads\/2025\/01\/Lampada-Xenon-Cermax-modelo-PE-300B-13FM-.jpg","width":600,"height":600},{"@type":"BreadcrumbList","@id":"https:\/\/www.massafmedical.com.br\/loja\/produto\/lampada-xenon-cermax-pe300b-13fm-com-modulo-300w-stryker\/#breadcrumb","itemListElement":[{"@type":"ListItem","position":1,"name":"In\u00edcio","item":"https:\/\/www.massafmedical.com.br\/loja\/"},{"@type":"ListItem","position":2,"name":"Produtos","item":"https:\/\/www.massafmedical.com.br\/loja\/nossos-produtos\/"},{"@type":"ListItem","position":3,"name":"L\u00e2mpada Xenon Cermax PE300B-13FM COM MODULO 300W (STRYKER)"}]},{"@type":"WebSite","@id":"https:\/\/www.massafmedical.com.br\/loja\/#website","url":"https:\/\/www.massafmedical.com.br\/loja\/","name":"Massaf Medical","description":"","publisher":{"@id":"https:\/\/www.massafmedical.com.br\/loja\/#organization"},"potentialAction":[{"@type":"SearchAction","target":{"@type":"EntryPoint","urlTemplate":"https:\/\/www.massafmedical.com.br\/loja\/?s={search_term_string}"},"query-input":{"@type":"PropertyValueSpecification","valueRequired":true,"valueName":"search_term_string"}}],"inLanguage":"pt-BR"},{"@type":"Organization","@id":"https:\/\/www.massafmedical.com.br\/loja\/#organization","name":"Massaf Medical","url":"https:\/\/www.massafmedical.com.br\/loja\/","logo":{"@type":"ImageObject","inLanguage":"pt-BR","@id":"https:\/\/www.massafmedical.com.br\/loja\/#\/schema\/logo\/image\/","url":"http:\/\/www.massafmedical.com.br\/loja\/wp-content\/uploads\/2020\/10\/logotipo-big.png","contentUrl":"http:\/\/www.massafmedical.com.br\/loja\/wp-content\/uploads\/2020\/10\/logotipo-big.png","width":750,"height":253,"caption":"Massaf Medical"},"image":{"@id":"https:\/\/www.massafmedical.com.br\/loja\/#\/schema\/logo\/image\/"},"sameAs":["http:\/\/www.facebook.com\/MASSAFMEDICAL"]}]}},"_links":{"self":[{"href":"https:\/\/www.massafmedical.com.br\/loja\/wp-json\/wp\/v2\/product\/1298","targetHints":{"allow":["GET"]}}],"collection":[{"href":"https:\/\/www.massafmedical.com.br\/loja\/wp-json\/wp\/v2\/product"}],"about":[{"href":"https:\/\/www.massafmedical.com.br\/loja\/wp-json\/wp\/v2\/types\/product"}],"wp:featuredmedia":[{"embeddable":true,"href":"https:\/\/www.massafmedical.com.br\/loja\/wp-json\/wp\/v2\/media\/1299"}],"wp:attachment":[{"href":"https:\/\/www.massafmedical.com.br\/loja\/wp-json\/wp\/v2\/media?parent=1298"}],"wp:term":[{"taxonomy":"product_brand","embeddable":true,"href":"https:\/\/www.massafmedical.com.br\/loja\/wp-json\/wp\/v2\/product_brand?post=1298"},{"taxonomy":"product_cat","embeddable":true,"href":"https:\/\/www.massafmedical.com.br\/loja\/wp-json\/wp\/v2\/product_cat?post=1298"},{"taxonomy":"product_tag","embeddable":true,"href":"https:\/\/www.massafmedical.com.br\/loja\/wp-json\/wp\/v2\/product_tag?post=1298"}],"curies":[{"name":"wp","href":"https:\/\/api.w.org\/{rel}","templated":true}]}}