{"id":1272,"date":"2025-01-28T09:40:49","date_gmt":"2025-01-28T12:40:49","guid":{"rendered":"https:\/\/www.massafmedical.com.br\/loja\/?post_type=product&#038;p=1272"},"modified":"2025-07-24T11:33:14","modified_gmt":"2025-07-24T14:33:14","slug":"modulo-xenon-cermax-175w-y-1952-epk-3000-lampada-dissipador-e-carcaca","status":"publish","type":"product","link":"https:\/\/www.massafmedical.com.br\/loja\/produto\/modulo-xenon-cermax-175w-y-1952-epk-3000-lampada-dissipador-e-carcaca\/","title":{"rendered":"Modulo xenon Cermax 175W &#8211; Y-1952 &#8211; EPK-3000 L\u00c2MPADA, DISSIPADOR E CARCA\u00c7A J2027"},"content":{"rendered":"<p><strong>Modulo xenon Cermax 175W &#8211; Y-1952 &#8211; EPK-3000: <\/strong>Com 175 watts de pot\u00eancia, ela oferece uma luz intensa e de alto brilho, ideal para ambientes que exigem alto grau de luminosidade, como em projetores e sistemas de ilumina\u00e7\u00e3o especializados. O modelo EPK-3000 \u00e9 projetado para garantir maior durabilidade e efici\u00eancia, destacando-se pela sua capacidade de produzir uma luz consistente e de longo alcance.<\/p>\n<p>*L\u00c2MPADA, DISSIPADOR E CARCA\u00c7A<\/p>\n","protected":false},"excerpt":{"rendered":"<p>O <strong>M\u00f3dulo Xenon Cermax 175W \u2013 Y-1952 \u2013 EPK-3000<\/strong> \u00e9 uma l\u00e2mpada de alta intensidade desenvolvida para proporcionar ilumina\u00e7\u00e3o poderosa e de qualidade, sendo comumente utilizada em sistemas de proje\u00e7\u00e3o de imagem e aplica\u00e7\u00f5es de alto desempenho.<\/p>\n","protected":false},"featured_media":1273,"template":"","meta":[],"product_brand":[],"product_cat":[65],"product_tag":[],"class_list":{"0":"post-1272","1":"product","2":"type-product","3":"status-publish","4":"has-post-thumbnail","6":"product_cat-lampada-para-uso-medicos-processadoras","8":"first","9":"instock","10":"taxable","11":"shipping-taxable","12":"product-type-simple"},"acf":[],"yoast_head":"<!-- This site is optimized with the Yoast SEO plugin v24.4 - https:\/\/yoast.com\/wordpress\/plugins\/seo\/ -->\n<title>Modulo xenon Cermax 175W - Y-1952 - EPK-3000 L\u00c2MPADA, DISSIPADOR E CARCA\u00c7A J2027 - Massaf Medical<\/title>\n<meta name=\"robots\" content=\"index, follow, max-snippet:-1, max-image-preview:large, max-video-preview:-1\" \/>\n<link rel=\"canonical\" href=\"https:\/\/www.massafmedical.com.br\/loja\/produto\/modulo-xenon-cermax-175w-y-1952-epk-3000-lampada-dissipador-e-carcaca\/\" \/>\n<meta property=\"og:locale\" content=\"pt_BR\" \/>\n<meta property=\"og:type\" content=\"article\" \/>\n<meta property=\"og:title\" content=\"Modulo xenon Cermax 175W - Y-1952 - EPK-3000 L\u00c2MPADA, DISSIPADOR E CARCA\u00c7A J2027 - Massaf Medical\" \/>\n<meta property=\"og:description\" content=\"O M\u00f3dulo Xenon Cermax 175W \u2013 Y-1952 \u2013 EPK-3000 \u00e9 uma l\u00e2mpada de alta intensidade desenvolvida para proporcionar ilumina\u00e7\u00e3o poderosa e de qualidade, sendo comumente utilizada em sistemas de proje\u00e7\u00e3o de imagem e aplica\u00e7\u00f5es de alto desempenho.\" \/>\n<meta property=\"og:url\" content=\"https:\/\/www.massafmedical.com.br\/loja\/produto\/modulo-xenon-cermax-175w-y-1952-epk-3000-lampada-dissipador-e-carcaca\/\" \/>\n<meta property=\"og:site_name\" content=\"Massaf Medical\" \/>\n<meta property=\"article:publisher\" content=\"http:\/\/www.facebook.com\/MASSAFMEDICAL\" \/>\n<meta property=\"article:modified_time\" content=\"2025-07-24T14:33:14+00:00\" \/>\n<meta property=\"og:image\" content=\"https:\/\/www.massafmedical.com.br\/loja\/wp-content\/uploads\/2025\/01\/MODULO-XENON-175W-PENTAX-EPK-3000Y-1952-LAMPADA-DISSIPADOR-E-CARCACA-2.jpg\" \/>\n\t<meta property=\"og:image:width\" content=\"600\" \/>\n\t<meta property=\"og:image:height\" content=\"600\" \/>\n\t<meta property=\"og:image:type\" content=\"image\/jpeg\" \/>\n<meta name=\"twitter:card\" content=\"summary_large_image\" \/>\n<meta name=\"twitter:label1\" content=\"Est. tempo de leitura\" \/>\n\t<meta name=\"twitter:data1\" content=\"1 minuto\" \/>\n<script type=\"application\/ld+json\" class=\"yoast-schema-graph\">{\"@context\":\"https:\/\/schema.org\",\"@graph\":[{\"@type\":\"WebPage\",\"@id\":\"https:\/\/www.massafmedical.com.br\/loja\/produto\/modulo-xenon-cermax-175w-y-1952-epk-3000-lampada-dissipador-e-carcaca\/\",\"url\":\"https:\/\/www.massafmedical.com.br\/loja\/produto\/modulo-xenon-cermax-175w-y-1952-epk-3000-lampada-dissipador-e-carcaca\/\",\"name\":\"Modulo xenon Cermax 175W - Y-1952 - EPK-3000 L\u00c2MPADA, DISSIPADOR E CARCA\u00c7A J2027 - Massaf Medical\",\"isPartOf\":{\"@id\":\"https:\/\/www.massafmedical.com.br\/loja\/#website\"},\"primaryImageOfPage\":{\"@id\":\"https:\/\/www.massafmedical.com.br\/loja\/produto\/modulo-xenon-cermax-175w-y-1952-epk-3000-lampada-dissipador-e-carcaca\/#primaryimage\"},\"image\":{\"@id\":\"https:\/\/www.massafmedical.com.br\/loja\/produto\/modulo-xenon-cermax-175w-y-1952-epk-3000-lampada-dissipador-e-carcaca\/#primaryimage\"},\"thumbnailUrl\":\"https:\/\/www.massafmedical.com.br\/loja\/wp-content\/uploads\/2025\/01\/MODULO-XENON-175W-PENTAX-EPK-3000Y-1952-LAMPADA-DISSIPADOR-E-CARCACA-2.jpg\",\"datePublished\":\"2025-01-28T12:40:49+00:00\",\"dateModified\":\"2025-07-24T14:33:14+00:00\",\"breadcrumb\":{\"@id\":\"https:\/\/www.massafmedical.com.br\/loja\/produto\/modulo-xenon-cermax-175w-y-1952-epk-3000-lampada-dissipador-e-carcaca\/#breadcrumb\"},\"inLanguage\":\"pt-BR\",\"potentialAction\":[{\"@type\":\"ReadAction\",\"target\":[\"https:\/\/www.massafmedical.com.br\/loja\/produto\/modulo-xenon-cermax-175w-y-1952-epk-3000-lampada-dissipador-e-carcaca\/\"]}]},{\"@type\":\"ImageObject\",\"inLanguage\":\"pt-BR\",\"@id\":\"https:\/\/www.massafmedical.com.br\/loja\/produto\/modulo-xenon-cermax-175w-y-1952-epk-3000-lampada-dissipador-e-carcaca\/#primaryimage\",\"url\":\"https:\/\/www.massafmedical.com.br\/loja\/wp-content\/uploads\/2025\/01\/MODULO-XENON-175W-PENTAX-EPK-3000Y-1952-LAMPADA-DISSIPADOR-E-CARCACA-2.jpg\",\"contentUrl\":\"https:\/\/www.massafmedical.com.br\/loja\/wp-content\/uploads\/2025\/01\/MODULO-XENON-175W-PENTAX-EPK-3000Y-1952-LAMPADA-DISSIPADOR-E-CARCACA-2.jpg\",\"width\":600,\"height\":600},{\"@type\":\"BreadcrumbList\",\"@id\":\"https:\/\/www.massafmedical.com.br\/loja\/produto\/modulo-xenon-cermax-175w-y-1952-epk-3000-lampada-dissipador-e-carcaca\/#breadcrumb\",\"itemListElement\":[{\"@type\":\"ListItem\",\"position\":1,\"name\":\"In\u00edcio\",\"item\":\"https:\/\/www.massafmedical.com.br\/loja\/\"},{\"@type\":\"ListItem\",\"position\":2,\"name\":\"Produtos\",\"item\":\"https:\/\/www.massafmedical.com.br\/loja\/nossos-produtos\/\"},{\"@type\":\"ListItem\",\"position\":3,\"name\":\"Modulo xenon Cermax 175W &#8211; Y-1952 &#8211; EPK-3000 L\u00c2MPADA, DISSIPADOR E CARCA\u00c7A J2027\"}]},{\"@type\":\"WebSite\",\"@id\":\"https:\/\/www.massafmedical.com.br\/loja\/#website\",\"url\":\"https:\/\/www.massafmedical.com.br\/loja\/\",\"name\":\"Massaf Medical\",\"description\":\"\",\"publisher\":{\"@id\":\"https:\/\/www.massafmedical.com.br\/loja\/#organization\"},\"potentialAction\":[{\"@type\":\"SearchAction\",\"target\":{\"@type\":\"EntryPoint\",\"urlTemplate\":\"https:\/\/www.massafmedical.com.br\/loja\/?s={search_term_string}\"},\"query-input\":{\"@type\":\"PropertyValueSpecification\",\"valueRequired\":true,\"valueName\":\"search_term_string\"}}],\"inLanguage\":\"pt-BR\"},{\"@type\":\"Organization\",\"@id\":\"https:\/\/www.massafmedical.com.br\/loja\/#organization\",\"name\":\"Massaf Medical\",\"url\":\"https:\/\/www.massafmedical.com.br\/loja\/\",\"logo\":{\"@type\":\"ImageObject\",\"inLanguage\":\"pt-BR\",\"@id\":\"https:\/\/www.massafmedical.com.br\/loja\/#\/schema\/logo\/image\/\",\"url\":\"http:\/\/www.massafmedical.com.br\/loja\/wp-content\/uploads\/2020\/10\/logotipo-big.png\",\"contentUrl\":\"http:\/\/www.massafmedical.com.br\/loja\/wp-content\/uploads\/2020\/10\/logotipo-big.png\",\"width\":750,\"height\":253,\"caption\":\"Massaf Medical\"},\"image\":{\"@id\":\"https:\/\/www.massafmedical.com.br\/loja\/#\/schema\/logo\/image\/\"},\"sameAs\":[\"http:\/\/www.facebook.com\/MASSAFMEDICAL\"]}]}<\/script>\n<!-- \/ Yoast SEO plugin. -->","yoast_head_json":{"title":"Modulo xenon Cermax 175W - Y-1952 - EPK-3000 L\u00c2MPADA, DISSIPADOR E CARCA\u00c7A J2027 - Massaf Medical","robots":{"index":"index","follow":"follow","max-snippet":"max-snippet:-1","max-image-preview":"max-image-preview:large","max-video-preview":"max-video-preview:-1"},"canonical":"https:\/\/www.massafmedical.com.br\/loja\/produto\/modulo-xenon-cermax-175w-y-1952-epk-3000-lampada-dissipador-e-carcaca\/","og_locale":"pt_BR","og_type":"article","og_title":"Modulo xenon Cermax 175W - Y-1952 - EPK-3000 L\u00c2MPADA, DISSIPADOR E CARCA\u00c7A J2027 - Massaf Medical","og_description":"O M\u00f3dulo Xenon Cermax 175W \u2013 Y-1952 \u2013 EPK-3000 \u00e9 uma l\u00e2mpada de alta intensidade desenvolvida para proporcionar ilumina\u00e7\u00e3o poderosa e de qualidade, sendo comumente utilizada em sistemas de proje\u00e7\u00e3o de imagem e aplica\u00e7\u00f5es de alto desempenho.","og_url":"https:\/\/www.massafmedical.com.br\/loja\/produto\/modulo-xenon-cermax-175w-y-1952-epk-3000-lampada-dissipador-e-carcaca\/","og_site_name":"Massaf Medical","article_publisher":"http:\/\/www.facebook.com\/MASSAFMEDICAL","article_modified_time":"2025-07-24T14:33:14+00:00","og_image":[{"width":600,"height":600,"url":"https:\/\/www.massafmedical.com.br\/loja\/wp-content\/uploads\/2025\/01\/MODULO-XENON-175W-PENTAX-EPK-3000Y-1952-LAMPADA-DISSIPADOR-E-CARCACA-2.jpg","type":"image\/jpeg"}],"twitter_card":"summary_large_image","twitter_misc":{"Est. tempo de leitura":"1 minuto"},"schema":{"@context":"https:\/\/schema.org","@graph":[{"@type":"WebPage","@id":"https:\/\/www.massafmedical.com.br\/loja\/produto\/modulo-xenon-cermax-175w-y-1952-epk-3000-lampada-dissipador-e-carcaca\/","url":"https:\/\/www.massafmedical.com.br\/loja\/produto\/modulo-xenon-cermax-175w-y-1952-epk-3000-lampada-dissipador-e-carcaca\/","name":"Modulo xenon Cermax 175W - Y-1952 - EPK-3000 L\u00c2MPADA, DISSIPADOR E CARCA\u00c7A J2027 - Massaf Medical","isPartOf":{"@id":"https:\/\/www.massafmedical.com.br\/loja\/#website"},"primaryImageOfPage":{"@id":"https:\/\/www.massafmedical.com.br\/loja\/produto\/modulo-xenon-cermax-175w-y-1952-epk-3000-lampada-dissipador-e-carcaca\/#primaryimage"},"image":{"@id":"https:\/\/www.massafmedical.com.br\/loja\/produto\/modulo-xenon-cermax-175w-y-1952-epk-3000-lampada-dissipador-e-carcaca\/#primaryimage"},"thumbnailUrl":"https:\/\/www.massafmedical.com.br\/loja\/wp-content\/uploads\/2025\/01\/MODULO-XENON-175W-PENTAX-EPK-3000Y-1952-LAMPADA-DISSIPADOR-E-CARCACA-2.jpg","datePublished":"2025-01-28T12:40:49+00:00","dateModified":"2025-07-24T14:33:14+00:00","breadcrumb":{"@id":"https:\/\/www.massafmedical.com.br\/loja\/produto\/modulo-xenon-cermax-175w-y-1952-epk-3000-lampada-dissipador-e-carcaca\/#breadcrumb"},"inLanguage":"pt-BR","potentialAction":[{"@type":"ReadAction","target":["https:\/\/www.massafmedical.com.br\/loja\/produto\/modulo-xenon-cermax-175w-y-1952-epk-3000-lampada-dissipador-e-carcaca\/"]}]},{"@type":"ImageObject","inLanguage":"pt-BR","@id":"https:\/\/www.massafmedical.com.br\/loja\/produto\/modulo-xenon-cermax-175w-y-1952-epk-3000-lampada-dissipador-e-carcaca\/#primaryimage","url":"https:\/\/www.massafmedical.com.br\/loja\/wp-content\/uploads\/2025\/01\/MODULO-XENON-175W-PENTAX-EPK-3000Y-1952-LAMPADA-DISSIPADOR-E-CARCACA-2.jpg","contentUrl":"https:\/\/www.massafmedical.com.br\/loja\/wp-content\/uploads\/2025\/01\/MODULO-XENON-175W-PENTAX-EPK-3000Y-1952-LAMPADA-DISSIPADOR-E-CARCACA-2.jpg","width":600,"height":600},{"@type":"BreadcrumbList","@id":"https:\/\/www.massafmedical.com.br\/loja\/produto\/modulo-xenon-cermax-175w-y-1952-epk-3000-lampada-dissipador-e-carcaca\/#breadcrumb","itemListElement":[{"@type":"ListItem","position":1,"name":"In\u00edcio","item":"https:\/\/www.massafmedical.com.br\/loja\/"},{"@type":"ListItem","position":2,"name":"Produtos","item":"https:\/\/www.massafmedical.com.br\/loja\/nossos-produtos\/"},{"@type":"ListItem","position":3,"name":"Modulo xenon Cermax 175W &#8211; Y-1952 &#8211; EPK-3000 L\u00c2MPADA, DISSIPADOR E CARCA\u00c7A J2027"}]},{"@type":"WebSite","@id":"https:\/\/www.massafmedical.com.br\/loja\/#website","url":"https:\/\/www.massafmedical.com.br\/loja\/","name":"Massaf Medical","description":"","publisher":{"@id":"https:\/\/www.massafmedical.com.br\/loja\/#organization"},"potentialAction":[{"@type":"SearchAction","target":{"@type":"EntryPoint","urlTemplate":"https:\/\/www.massafmedical.com.br\/loja\/?s={search_term_string}"},"query-input":{"@type":"PropertyValueSpecification","valueRequired":true,"valueName":"search_term_string"}}],"inLanguage":"pt-BR"},{"@type":"Organization","@id":"https:\/\/www.massafmedical.com.br\/loja\/#organization","name":"Massaf Medical","url":"https:\/\/www.massafmedical.com.br\/loja\/","logo":{"@type":"ImageObject","inLanguage":"pt-BR","@id":"https:\/\/www.massafmedical.com.br\/loja\/#\/schema\/logo\/image\/","url":"http:\/\/www.massafmedical.com.br\/loja\/wp-content\/uploads\/2020\/10\/logotipo-big.png","contentUrl":"http:\/\/www.massafmedical.com.br\/loja\/wp-content\/uploads\/2020\/10\/logotipo-big.png","width":750,"height":253,"caption":"Massaf Medical"},"image":{"@id":"https:\/\/www.massafmedical.com.br\/loja\/#\/schema\/logo\/image\/"},"sameAs":["http:\/\/www.facebook.com\/MASSAFMEDICAL"]}]}},"_links":{"self":[{"href":"https:\/\/www.massafmedical.com.br\/loja\/wp-json\/wp\/v2\/product\/1272","targetHints":{"allow":["GET"]}}],"collection":[{"href":"https:\/\/www.massafmedical.com.br\/loja\/wp-json\/wp\/v2\/product"}],"about":[{"href":"https:\/\/www.massafmedical.com.br\/loja\/wp-json\/wp\/v2\/types\/product"}],"wp:featuredmedia":[{"embeddable":true,"href":"https:\/\/www.massafmedical.com.br\/loja\/wp-json\/wp\/v2\/media\/1273"}],"wp:attachment":[{"href":"https:\/\/www.massafmedical.com.br\/loja\/wp-json\/wp\/v2\/media?parent=1272"}],"wp:term":[{"taxonomy":"product_brand","embeddable":true,"href":"https:\/\/www.massafmedical.com.br\/loja\/wp-json\/wp\/v2\/product_brand?post=1272"},{"taxonomy":"product_cat","embeddable":true,"href":"https:\/\/www.massafmedical.com.br\/loja\/wp-json\/wp\/v2\/product_cat?post=1272"},{"taxonomy":"product_tag","embeddable":true,"href":"https:\/\/www.massafmedical.com.br\/loja\/wp-json\/wp\/v2\/product_tag?post=1272"}],"curies":[{"name":"wp","href":"https:\/\/api.w.org\/{rel}","templated":true}]}}