{"id":1186,"date":"2023-10-24T18:25:25","date_gmt":"2023-10-24T21:25:25","guid":{"rendered":"https:\/\/www.massafmedical.com.br\/loja\/?post_type=product&#038;p=1186"},"modified":"2025-08-26T10:25:38","modified_gmt":"2025-08-26T13:25:38","slug":"pinca-de-biopsia-oval-serrilhada-sem-espicula-revestida-descartavel-2-4mm-1800mm-6-5mm-alton-ref-0000007958265-modelo-af-d2418buc","status":"publish","type":"product","link":"https:\/\/www.massafmedical.com.br\/loja\/produto\/pinca-de-biopsia-oval-serrilhada-sem-espicula-revestida-descartavel-2-4mm-1800mm-6-5mm-alton-ref-0000007958265-modelo-af-d2418buc\/","title":{"rendered":"Pin\u00e7a de Bi\u00f3psia Oval Serrilhada sem Esp\u00edcula Revestida Descart\u00e1vel (2.4mm 1800mm 6.5mm)"},"content":{"rendered":"<p><strong>Pin\u00e7a de Bi\u00f3psia Oval Serrilhada sem Esp\u00edcula Revestida Descart\u00e1vel 2.4mm 1800mm:<\/strong><\/p>\n<p>Utilizada em procedimentos de\u00a0 Gastroscopia.<\/p>\n<p>Todas as garantias s\u00e3o dadas pelos fabricantes, e variam de produto para produto. Elas ser\u00e3o informadas nas p\u00e1ginas de cada produto. Caso tenha alguma d\u00favida, entre em contato conosco.<\/p>\n<p>Para devolu\u00e7\u00f5es, os produtos dever\u00e3o ser remetidos em suas embalagens originais e caso for constatado mal uso, o custo ser\u00e1 por parte do comprador.<\/p>\n<p>&nbsp;<\/p>\n<p>Modelo:\u00a0AF-D2418BUC;<\/p>\n<p>Marca: Alton;<\/p>\n<p>Di\u00e2metro da Haste: 2.4mm;<\/p>\n<p>Comprimento da Haste: 1800mm;<\/p>\n<p>Di\u00e2metro do canal de trabalho: &gt;2.8mm;<\/p>\n<p>N\u00famero Registro ANVISA:\u00a081323699003;<\/p>\n<p>REF: 0000007958265.<\/p>\n<p><img decoding=\"async\" class=\"size-full wp-image-1159 aligncenter lazyload\" data-src=\"https:\/\/www.massafmedical.com.br\/loja\/wp-content\/uploads\/2023\/10\/Pinca-de-Biopsia-Oval-Serrilhada-sem-Espicula-Revestida-Descartavel-2.4mm-2300mm-6.5mm-ALTON-000.png\" alt=\"\" width=\"544\" height=\"307\" src=\"data:image\/gif;base64,R0lGODlhAQABAAAAACH5BAEKAAEALAAAAAABAAEAAAICTAEAOw==\" style=\"--smush-placeholder-width: 544px; --smush-placeholder-aspect-ratio: 544\/307;\" \/><\/p>\n","protected":false},"excerpt":{"rendered":"<p>As pin\u00e7as de bi\u00f3psia para endoscopia digestiva s\u00e3o instrumentos utilizados durante exames endosc\u00f3picos para coletar amostras de tecido (bi\u00f3psias) para an\u00e1lise laboratorial. Essas pin\u00e7as s\u00e3o projetadas para serem acopladas ao canal de trabalho do endosc\u00f3pio, permitindo que o m\u00e9dico realize a coleta de amostras durante o procedimento.<\/p>\n","protected":false},"featured_media":1217,"template":"","meta":[],"product_brand":[],"product_cat":[66,88],"product_tag":[],"class_list":{"0":"post-1186","1":"product","2":"type-product","3":"status-publish","4":"has-post-thumbnail","6":"product_cat-descartaveis","7":"product_cat-pincas-e-acessorios","9":"first","10":"outofstock","11":"taxable","12":"shipping-taxable","13":"product-type-simple"},"acf":[],"yoast_head":"<!-- This site is optimized with the Yoast SEO plugin v24.4 - https:\/\/yoast.com\/wordpress\/plugins\/seo\/ -->\n<title>Pin\u00e7a de Bi\u00f3psia Oval Serrilhada sem Esp\u00edcula Revestida Descart\u00e1vel (2.4mm 1800mm 6.5mm) - Massaf Medical<\/title>\n<meta name=\"robots\" content=\"index, follow, max-snippet:-1, max-image-preview:large, max-video-preview:-1\" \/>\n<link rel=\"canonical\" href=\"https:\/\/www.massafmedical.com.br\/loja\/produto\/pinca-de-biopsia-oval-serrilhada-sem-espicula-revestida-descartavel-2-4mm-1800mm-6-5mm-alton-ref-0000007958265-modelo-af-d2418buc\/\" \/>\n<meta property=\"og:locale\" content=\"pt_BR\" \/>\n<meta property=\"og:type\" content=\"article\" \/>\n<meta property=\"og:title\" content=\"Pin\u00e7a de Bi\u00f3psia Oval Serrilhada sem Esp\u00edcula Revestida Descart\u00e1vel (2.4mm 1800mm 6.5mm) - Massaf Medical\" \/>\n<meta property=\"og:description\" content=\"As pin\u00e7as de bi\u00f3psia para endoscopia digestiva s\u00e3o instrumentos utilizados durante exames endosc\u00f3picos para coletar amostras de tecido (bi\u00f3psias) para an\u00e1lise laboratorial. Essas pin\u00e7as s\u00e3o projetadas para serem acopladas ao canal de trabalho do endosc\u00f3pio, permitindo que o m\u00e9dico realize a coleta de amostras durante o procedimento.\" \/>\n<meta property=\"og:url\" content=\"https:\/\/www.massafmedical.com.br\/loja\/produto\/pinca-de-biopsia-oval-serrilhada-sem-espicula-revestida-descartavel-2-4mm-1800mm-6-5mm-alton-ref-0000007958265-modelo-af-d2418buc\/\" \/>\n<meta property=\"og:site_name\" content=\"Massaf Medical\" \/>\n<meta property=\"article:publisher\" content=\"http:\/\/www.facebook.com\/MASSAFMEDICAL\" \/>\n<meta property=\"article:modified_time\" content=\"2025-08-26T13:25:38+00:00\" \/>\n<meta property=\"og:image\" content=\"https:\/\/www.massafmedical.com.br\/loja\/wp-content\/uploads\/2023\/10\/Imagem72.png\" \/>\n\t<meta property=\"og:image:width\" content=\"229\" \/>\n\t<meta property=\"og:image:height\" content=\"193\" \/>\n\t<meta property=\"og:image:type\" content=\"image\/png\" \/>\n<meta name=\"twitter:card\" content=\"summary_large_image\" \/>\n<meta name=\"twitter:label1\" content=\"Est. tempo de leitura\" \/>\n\t<meta name=\"twitter:data1\" content=\"1 minuto\" \/>\n<script type=\"application\/ld+json\" class=\"yoast-schema-graph\">{\"@context\":\"https:\/\/schema.org\",\"@graph\":[{\"@type\":\"WebPage\",\"@id\":\"https:\/\/www.massafmedical.com.br\/loja\/produto\/pinca-de-biopsia-oval-serrilhada-sem-espicula-revestida-descartavel-2-4mm-1800mm-6-5mm-alton-ref-0000007958265-modelo-af-d2418buc\/\",\"url\":\"https:\/\/www.massafmedical.com.br\/loja\/produto\/pinca-de-biopsia-oval-serrilhada-sem-espicula-revestida-descartavel-2-4mm-1800mm-6-5mm-alton-ref-0000007958265-modelo-af-d2418buc\/\",\"name\":\"Pin\u00e7a de Bi\u00f3psia Oval Serrilhada sem Esp\u00edcula Revestida Descart\u00e1vel (2.4mm 1800mm 6.5mm) - Massaf Medical\",\"isPartOf\":{\"@id\":\"https:\/\/www.massafmedical.com.br\/loja\/#website\"},\"primaryImageOfPage\":{\"@id\":\"https:\/\/www.massafmedical.com.br\/loja\/produto\/pinca-de-biopsia-oval-serrilhada-sem-espicula-revestida-descartavel-2-4mm-1800mm-6-5mm-alton-ref-0000007958265-modelo-af-d2418buc\/#primaryimage\"},\"image\":{\"@id\":\"https:\/\/www.massafmedical.com.br\/loja\/produto\/pinca-de-biopsia-oval-serrilhada-sem-espicula-revestida-descartavel-2-4mm-1800mm-6-5mm-alton-ref-0000007958265-modelo-af-d2418buc\/#primaryimage\"},\"thumbnailUrl\":\"https:\/\/www.massafmedical.com.br\/loja\/wp-content\/uploads\/2023\/10\/Imagem72.png\",\"datePublished\":\"2023-10-24T21:25:25+00:00\",\"dateModified\":\"2025-08-26T13:25:38+00:00\",\"breadcrumb\":{\"@id\":\"https:\/\/www.massafmedical.com.br\/loja\/produto\/pinca-de-biopsia-oval-serrilhada-sem-espicula-revestida-descartavel-2-4mm-1800mm-6-5mm-alton-ref-0000007958265-modelo-af-d2418buc\/#breadcrumb\"},\"inLanguage\":\"pt-BR\",\"potentialAction\":[{\"@type\":\"ReadAction\",\"target\":[\"https:\/\/www.massafmedical.com.br\/loja\/produto\/pinca-de-biopsia-oval-serrilhada-sem-espicula-revestida-descartavel-2-4mm-1800mm-6-5mm-alton-ref-0000007958265-modelo-af-d2418buc\/\"]}]},{\"@type\":\"ImageObject\",\"inLanguage\":\"pt-BR\",\"@id\":\"https:\/\/www.massafmedical.com.br\/loja\/produto\/pinca-de-biopsia-oval-serrilhada-sem-espicula-revestida-descartavel-2-4mm-1800mm-6-5mm-alton-ref-0000007958265-modelo-af-d2418buc\/#primaryimage\",\"url\":\"https:\/\/www.massafmedical.com.br\/loja\/wp-content\/uploads\/2023\/10\/Imagem72.png\",\"contentUrl\":\"https:\/\/www.massafmedical.com.br\/loja\/wp-content\/uploads\/2023\/10\/Imagem72.png\",\"width\":229,\"height\":193},{\"@type\":\"BreadcrumbList\",\"@id\":\"https:\/\/www.massafmedical.com.br\/loja\/produto\/pinca-de-biopsia-oval-serrilhada-sem-espicula-revestida-descartavel-2-4mm-1800mm-6-5mm-alton-ref-0000007958265-modelo-af-d2418buc\/#breadcrumb\",\"itemListElement\":[{\"@type\":\"ListItem\",\"position\":1,\"name\":\"In\u00edcio\",\"item\":\"https:\/\/www.massafmedical.com.br\/loja\/\"},{\"@type\":\"ListItem\",\"position\":2,\"name\":\"Produtos\",\"item\":\"https:\/\/www.massafmedical.com.br\/loja\/nossos-produtos\/\"},{\"@type\":\"ListItem\",\"position\":3,\"name\":\"Pin\u00e7a de Bi\u00f3psia Oval Serrilhada sem Esp\u00edcula Revestida Descart\u00e1vel (2.4mm 1800mm 6.5mm)\"}]},{\"@type\":\"WebSite\",\"@id\":\"https:\/\/www.massafmedical.com.br\/loja\/#website\",\"url\":\"https:\/\/www.massafmedical.com.br\/loja\/\",\"name\":\"Massaf Medical\",\"description\":\"\",\"publisher\":{\"@id\":\"https:\/\/www.massafmedical.com.br\/loja\/#organization\"},\"potentialAction\":[{\"@type\":\"SearchAction\",\"target\":{\"@type\":\"EntryPoint\",\"urlTemplate\":\"https:\/\/www.massafmedical.com.br\/loja\/?s={search_term_string}\"},\"query-input\":{\"@type\":\"PropertyValueSpecification\",\"valueRequired\":true,\"valueName\":\"search_term_string\"}}],\"inLanguage\":\"pt-BR\"},{\"@type\":\"Organization\",\"@id\":\"https:\/\/www.massafmedical.com.br\/loja\/#organization\",\"name\":\"Massaf Medical\",\"url\":\"https:\/\/www.massafmedical.com.br\/loja\/\",\"logo\":{\"@type\":\"ImageObject\",\"inLanguage\":\"pt-BR\",\"@id\":\"https:\/\/www.massafmedical.com.br\/loja\/#\/schema\/logo\/image\/\",\"url\":\"http:\/\/www.massafmedical.com.br\/loja\/wp-content\/uploads\/2020\/10\/logotipo-big.png\",\"contentUrl\":\"http:\/\/www.massafmedical.com.br\/loja\/wp-content\/uploads\/2020\/10\/logotipo-big.png\",\"width\":750,\"height\":253,\"caption\":\"Massaf Medical\"},\"image\":{\"@id\":\"https:\/\/www.massafmedical.com.br\/loja\/#\/schema\/logo\/image\/\"},\"sameAs\":[\"http:\/\/www.facebook.com\/MASSAFMEDICAL\"]}]}<\/script>\n<!-- \/ Yoast SEO plugin. -->","yoast_head_json":{"title":"Pin\u00e7a de Bi\u00f3psia Oval Serrilhada sem Esp\u00edcula Revestida Descart\u00e1vel (2.4mm 1800mm 6.5mm) - Massaf Medical","robots":{"index":"index","follow":"follow","max-snippet":"max-snippet:-1","max-image-preview":"max-image-preview:large","max-video-preview":"max-video-preview:-1"},"canonical":"https:\/\/www.massafmedical.com.br\/loja\/produto\/pinca-de-biopsia-oval-serrilhada-sem-espicula-revestida-descartavel-2-4mm-1800mm-6-5mm-alton-ref-0000007958265-modelo-af-d2418buc\/","og_locale":"pt_BR","og_type":"article","og_title":"Pin\u00e7a de Bi\u00f3psia Oval Serrilhada sem Esp\u00edcula Revestida Descart\u00e1vel (2.4mm 1800mm 6.5mm) - Massaf Medical","og_description":"As pin\u00e7as de bi\u00f3psia para endoscopia digestiva s\u00e3o instrumentos utilizados durante exames endosc\u00f3picos para coletar amostras de tecido (bi\u00f3psias) para an\u00e1lise laboratorial. Essas pin\u00e7as s\u00e3o projetadas para serem acopladas ao canal de trabalho do endosc\u00f3pio, permitindo que o m\u00e9dico realize a coleta de amostras durante o procedimento.","og_url":"https:\/\/www.massafmedical.com.br\/loja\/produto\/pinca-de-biopsia-oval-serrilhada-sem-espicula-revestida-descartavel-2-4mm-1800mm-6-5mm-alton-ref-0000007958265-modelo-af-d2418buc\/","og_site_name":"Massaf Medical","article_publisher":"http:\/\/www.facebook.com\/MASSAFMEDICAL","article_modified_time":"2025-08-26T13:25:38+00:00","og_image":[{"width":229,"height":193,"url":"https:\/\/www.massafmedical.com.br\/loja\/wp-content\/uploads\/2023\/10\/Imagem72.png","type":"image\/png"}],"twitter_card":"summary_large_image","twitter_misc":{"Est. tempo de leitura":"1 minuto"},"schema":{"@context":"https:\/\/schema.org","@graph":[{"@type":"WebPage","@id":"https:\/\/www.massafmedical.com.br\/loja\/produto\/pinca-de-biopsia-oval-serrilhada-sem-espicula-revestida-descartavel-2-4mm-1800mm-6-5mm-alton-ref-0000007958265-modelo-af-d2418buc\/","url":"https:\/\/www.massafmedical.com.br\/loja\/produto\/pinca-de-biopsia-oval-serrilhada-sem-espicula-revestida-descartavel-2-4mm-1800mm-6-5mm-alton-ref-0000007958265-modelo-af-d2418buc\/","name":"Pin\u00e7a de Bi\u00f3psia Oval Serrilhada sem Esp\u00edcula Revestida Descart\u00e1vel (2.4mm 1800mm 6.5mm) - Massaf Medical","isPartOf":{"@id":"https:\/\/www.massafmedical.com.br\/loja\/#website"},"primaryImageOfPage":{"@id":"https:\/\/www.massafmedical.com.br\/loja\/produto\/pinca-de-biopsia-oval-serrilhada-sem-espicula-revestida-descartavel-2-4mm-1800mm-6-5mm-alton-ref-0000007958265-modelo-af-d2418buc\/#primaryimage"},"image":{"@id":"https:\/\/www.massafmedical.com.br\/loja\/produto\/pinca-de-biopsia-oval-serrilhada-sem-espicula-revestida-descartavel-2-4mm-1800mm-6-5mm-alton-ref-0000007958265-modelo-af-d2418buc\/#primaryimage"},"thumbnailUrl":"https:\/\/www.massafmedical.com.br\/loja\/wp-content\/uploads\/2023\/10\/Imagem72.png","datePublished":"2023-10-24T21:25:25+00:00","dateModified":"2025-08-26T13:25:38+00:00","breadcrumb":{"@id":"https:\/\/www.massafmedical.com.br\/loja\/produto\/pinca-de-biopsia-oval-serrilhada-sem-espicula-revestida-descartavel-2-4mm-1800mm-6-5mm-alton-ref-0000007958265-modelo-af-d2418buc\/#breadcrumb"},"inLanguage":"pt-BR","potentialAction":[{"@type":"ReadAction","target":["https:\/\/www.massafmedical.com.br\/loja\/produto\/pinca-de-biopsia-oval-serrilhada-sem-espicula-revestida-descartavel-2-4mm-1800mm-6-5mm-alton-ref-0000007958265-modelo-af-d2418buc\/"]}]},{"@type":"ImageObject","inLanguage":"pt-BR","@id":"https:\/\/www.massafmedical.com.br\/loja\/produto\/pinca-de-biopsia-oval-serrilhada-sem-espicula-revestida-descartavel-2-4mm-1800mm-6-5mm-alton-ref-0000007958265-modelo-af-d2418buc\/#primaryimage","url":"https:\/\/www.massafmedical.com.br\/loja\/wp-content\/uploads\/2023\/10\/Imagem72.png","contentUrl":"https:\/\/www.massafmedical.com.br\/loja\/wp-content\/uploads\/2023\/10\/Imagem72.png","width":229,"height":193},{"@type":"BreadcrumbList","@id":"https:\/\/www.massafmedical.com.br\/loja\/produto\/pinca-de-biopsia-oval-serrilhada-sem-espicula-revestida-descartavel-2-4mm-1800mm-6-5mm-alton-ref-0000007958265-modelo-af-d2418buc\/#breadcrumb","itemListElement":[{"@type":"ListItem","position":1,"name":"In\u00edcio","item":"https:\/\/www.massafmedical.com.br\/loja\/"},{"@type":"ListItem","position":2,"name":"Produtos","item":"https:\/\/www.massafmedical.com.br\/loja\/nossos-produtos\/"},{"@type":"ListItem","position":3,"name":"Pin\u00e7a de Bi\u00f3psia Oval Serrilhada sem Esp\u00edcula Revestida Descart\u00e1vel (2.4mm 1800mm 6.5mm)"}]},{"@type":"WebSite","@id":"https:\/\/www.massafmedical.com.br\/loja\/#website","url":"https:\/\/www.massafmedical.com.br\/loja\/","name":"Massaf Medical","description":"","publisher":{"@id":"https:\/\/www.massafmedical.com.br\/loja\/#organization"},"potentialAction":[{"@type":"SearchAction","target":{"@type":"EntryPoint","urlTemplate":"https:\/\/www.massafmedical.com.br\/loja\/?s={search_term_string}"},"query-input":{"@type":"PropertyValueSpecification","valueRequired":true,"valueName":"search_term_string"}}],"inLanguage":"pt-BR"},{"@type":"Organization","@id":"https:\/\/www.massafmedical.com.br\/loja\/#organization","name":"Massaf Medical","url":"https:\/\/www.massafmedical.com.br\/loja\/","logo":{"@type":"ImageObject","inLanguage":"pt-BR","@id":"https:\/\/www.massafmedical.com.br\/loja\/#\/schema\/logo\/image\/","url":"http:\/\/www.massafmedical.com.br\/loja\/wp-content\/uploads\/2020\/10\/logotipo-big.png","contentUrl":"http:\/\/www.massafmedical.com.br\/loja\/wp-content\/uploads\/2020\/10\/logotipo-big.png","width":750,"height":253,"caption":"Massaf Medical"},"image":{"@id":"https:\/\/www.massafmedical.com.br\/loja\/#\/schema\/logo\/image\/"},"sameAs":["http:\/\/www.facebook.com\/MASSAFMEDICAL"]}]}},"_links":{"self":[{"href":"https:\/\/www.massafmedical.com.br\/loja\/wp-json\/wp\/v2\/product\/1186","targetHints":{"allow":["GET"]}}],"collection":[{"href":"https:\/\/www.massafmedical.com.br\/loja\/wp-json\/wp\/v2\/product"}],"about":[{"href":"https:\/\/www.massafmedical.com.br\/loja\/wp-json\/wp\/v2\/types\/product"}],"wp:featuredmedia":[{"embeddable":true,"href":"https:\/\/www.massafmedical.com.br\/loja\/wp-json\/wp\/v2\/media\/1217"}],"wp:attachment":[{"href":"https:\/\/www.massafmedical.com.br\/loja\/wp-json\/wp\/v2\/media?parent=1186"}],"wp:term":[{"taxonomy":"product_brand","embeddable":true,"href":"https:\/\/www.massafmedical.com.br\/loja\/wp-json\/wp\/v2\/product_brand?post=1186"},{"taxonomy":"product_cat","embeddable":true,"href":"https:\/\/www.massafmedical.com.br\/loja\/wp-json\/wp\/v2\/product_cat?post=1186"},{"taxonomy":"product_tag","embeddable":true,"href":"https:\/\/www.massafmedical.com.br\/loja\/wp-json\/wp\/v2\/product_tag?post=1186"}],"curies":[{"name":"wp","href":"https:\/\/api.w.org\/{rel}","templated":true}]}}