{"id":1184,"date":"2023-10-24T18:21:02","date_gmt":"2023-10-24T21:21:02","guid":{"rendered":"https:\/\/www.massafmedical.com.br\/loja\/?post_type=product&#038;p=1184"},"modified":"2025-08-26T10:01:14","modified_gmt":"2025-08-26T13:01:14","slug":"kit-de-escova-de-limpeza-descartavel-2-4mm-2200mm-alton-1novidade-ref-0000007958249-modelo-af","status":"publish","type":"product","link":"https:\/\/www.massafmedical.com.br\/loja\/produto\/kit-de-escova-de-limpeza-descartavel-2-4mm-2200mm-alton-1novidade-ref-0000007958249-modelo-af\/","title":{"rendered":"Kit de Escova de Limpeza Descart\u00e1vel Cerda Dupla ALTON (2.4mm 2200mm) &#8211; CAIXA COM 10 UNIDADES"},"content":{"rendered":"<p><strong>Kit de Escova de Limpeza Descart\u00e1vel 2.4mm 2200mm ALTON:\u00a0<\/strong><\/p>\n<p>Itens inclusos: Escova de limpeza cerda dupla e Escova para limpeza do alojamento das v\u00e1lvulas.<\/p>\n<p>&nbsp;<\/p>\n<p>Os endosc\u00f3pios t\u00eam canais internos que permitem a passagem de diversos instrumentos m\u00e9dicos, como pin\u00e7as de bi\u00f3psia, agulhas de inje\u00e7\u00e3o, fios guia, entre outros, para a realiza\u00e7\u00e3o de procedimentos dentro do trato gastrointestinal ou outras \u00e1reas do corpo.<\/p>\n<p>Ap\u00f3s a etapa de limpeza, os endosc\u00f3pios passam por um processo de desinfec\u00e7\u00e3o ou esteriliza\u00e7\u00e3o adequado antes de serem utilizados novamente em outros pacientes. \u00c9 importante seguir rigorosamente as diretrizes e protocolos de higiene estabelecidos pelas autoridades de sa\u00fade e pelos fabricantes de equipamentos para garantir a seguran\u00e7a e a qualidade dos procedimentos endosc\u00f3picos.<\/p>\n<p>&nbsp;<\/p>\n<p>Todas as garantias s\u00e3o dadas pelos fabricantes, e variam de produto para produto. Elas ser\u00e3o informadas nas p\u00e1ginas de cada produto. Caso tenha alguma d\u00favida, entre em contato conosco.<\/p>\n<p>Para devolu\u00e7\u00f5es, os produtos dever\u00e3o ser remetidos em suas embalagens originais e caso for constatado mal uso, o custo ser\u00e1 por parte do comprador.<\/p>\n<p>&nbsp;<\/p>\n<p>Marca: Alton; <img decoding=\"async\" class=\"wp-image-1146 alignright lazyload\" data-src=\"https:\/\/www.massafmedical.com.br\/loja\/wp-content\/uploads\/2023\/10\/Kit-de-Escova-de-Limpeza-Descartavel-2.4mm-2200mm-ALTON-1600.png\" alt=\"\" width=\"286\" height=\"246\" src=\"data:image\/gif;base64,R0lGODlhAQABAAAAACH5BAEKAAEALAAAAAABAAEAAAICTAEAOw==\" style=\"--smush-placeholder-width: 286px; --smush-placeholder-aspect-ratio: 286\/246;\" \/><\/p>\n<p>Di\u00e2metro da Haste: 2.4mm;<\/p>\n<p>Comprimento: 2200mm;<\/p>\n<p>Di\u00e2metro do canal de trabalho: &gt;2.8mm;<\/p>\n<p>N\u00famero Registro ANVISA:\u00a0N\u00e3o se aplica &#8211; NSA;<\/p>\n<p>REF: 0000007958249<span class=\"full-width\"><span class=\"pre-wrap\">.<\/span><\/span><\/p>\n<p>&nbsp;<\/p>\n<p>&nbsp;<\/p>\n<p>&nbsp;<\/p>\n<p>&nbsp;<\/p>\n<p>&nbsp;<\/p>\n<p>&nbsp;<\/p>\n<p>&nbsp;<\/p>\n","protected":false},"excerpt":{"rendered":"<p>A escova de limpeza de endosc\u00f3pios, tamb\u00e9m conhecida como escova para endosc\u00f3pios, \u00e9 um instrumento utilizado para realizar a limpeza interna dos canais de trabalho do endosc\u00f3pio. Ela \u00e9 uma parte essencial do processo de higieniza\u00e7\u00e3o e desinfec\u00e7\u00e3o dos endosc\u00f3pios ap\u00f3s cada uso.<\/p>\n","protected":false},"featured_media":1146,"template":"","meta":[],"product_brand":[],"product_cat":[66,88],"product_tag":[],"class_list":{"0":"post-1184","1":"product","2":"type-product","3":"status-publish","4":"has-post-thumbnail","6":"product_cat-descartaveis","7":"product_cat-pincas-e-acessorios","9":"first","10":"instock","11":"taxable","12":"shipping-taxable","13":"product-type-simple"},"acf":[],"yoast_head":"<!-- This site is optimized with the Yoast SEO plugin v24.4 - https:\/\/yoast.com\/wordpress\/plugins\/seo\/ -->\n<title>Kit de Escova de Limpeza Descart\u00e1vel Cerda Dupla ALTON (2.4mm 2200mm) - CAIXA COM 10 UNIDADES - Massaf Medical<\/title>\n<meta name=\"robots\" content=\"index, follow, max-snippet:-1, max-image-preview:large, max-video-preview:-1\" \/>\n<link rel=\"canonical\" href=\"https:\/\/www.massafmedical.com.br\/loja\/produto\/kit-de-escova-de-limpeza-descartavel-2-4mm-2200mm-alton-1novidade-ref-0000007958249-modelo-af\/\" \/>\n<meta property=\"og:locale\" content=\"pt_BR\" \/>\n<meta property=\"og:type\" content=\"article\" \/>\n<meta property=\"og:title\" content=\"Kit de Escova de Limpeza Descart\u00e1vel Cerda Dupla ALTON (2.4mm 2200mm) - CAIXA COM 10 UNIDADES - Massaf Medical\" \/>\n<meta property=\"og:description\" content=\"A escova de limpeza de endosc\u00f3pios, tamb\u00e9m conhecida como escova para endosc\u00f3pios, \u00e9 um instrumento utilizado para realizar a limpeza interna dos canais de trabalho do endosc\u00f3pio. Ela \u00e9 uma parte essencial do processo de higieniza\u00e7\u00e3o e desinfec\u00e7\u00e3o dos endosc\u00f3pios ap\u00f3s cada uso.\" \/>\n<meta property=\"og:url\" content=\"https:\/\/www.massafmedical.com.br\/loja\/produto\/kit-de-escova-de-limpeza-descartavel-2-4mm-2200mm-alton-1novidade-ref-0000007958249-modelo-af\/\" \/>\n<meta property=\"og:site_name\" content=\"Massaf Medical\" \/>\n<meta property=\"article:publisher\" content=\"http:\/\/www.facebook.com\/MASSAFMEDICAL\" \/>\n<meta property=\"article:modified_time\" content=\"2025-08-26T13:01:14+00:00\" \/>\n<meta property=\"og:image\" content=\"https:\/\/www.massafmedical.com.br\/loja\/wp-content\/uploads\/2023\/10\/Kit-de-Escova-de-Limpeza-Descartavel-2.4mm-2200mm-ALTON-1600.png\" \/>\n\t<meta property=\"og:image:width\" content=\"578\" \/>\n\t<meta property=\"og:image:height\" content=\"498\" \/>\n\t<meta property=\"og:image:type\" content=\"image\/png\" \/>\n<meta name=\"twitter:card\" content=\"summary_large_image\" \/>\n<meta name=\"twitter:label1\" content=\"Est. tempo de leitura\" \/>\n\t<meta name=\"twitter:data1\" content=\"2 minutos\" \/>\n<script type=\"application\/ld+json\" class=\"yoast-schema-graph\">{\"@context\":\"https:\/\/schema.org\",\"@graph\":[{\"@type\":\"WebPage\",\"@id\":\"https:\/\/www.massafmedical.com.br\/loja\/produto\/kit-de-escova-de-limpeza-descartavel-2-4mm-2200mm-alton-1novidade-ref-0000007958249-modelo-af\/\",\"url\":\"https:\/\/www.massafmedical.com.br\/loja\/produto\/kit-de-escova-de-limpeza-descartavel-2-4mm-2200mm-alton-1novidade-ref-0000007958249-modelo-af\/\",\"name\":\"Kit de Escova de Limpeza Descart\u00e1vel Cerda Dupla ALTON (2.4mm 2200mm) - CAIXA COM 10 UNIDADES - Massaf Medical\",\"isPartOf\":{\"@id\":\"https:\/\/www.massafmedical.com.br\/loja\/#website\"},\"primaryImageOfPage\":{\"@id\":\"https:\/\/www.massafmedical.com.br\/loja\/produto\/kit-de-escova-de-limpeza-descartavel-2-4mm-2200mm-alton-1novidade-ref-0000007958249-modelo-af\/#primaryimage\"},\"image\":{\"@id\":\"https:\/\/www.massafmedical.com.br\/loja\/produto\/kit-de-escova-de-limpeza-descartavel-2-4mm-2200mm-alton-1novidade-ref-0000007958249-modelo-af\/#primaryimage\"},\"thumbnailUrl\":\"https:\/\/www.massafmedical.com.br\/loja\/wp-content\/uploads\/2023\/10\/Kit-de-Escova-de-Limpeza-Descartavel-2.4mm-2200mm-ALTON-1600.png\",\"datePublished\":\"2023-10-24T21:21:02+00:00\",\"dateModified\":\"2025-08-26T13:01:14+00:00\",\"breadcrumb\":{\"@id\":\"https:\/\/www.massafmedical.com.br\/loja\/produto\/kit-de-escova-de-limpeza-descartavel-2-4mm-2200mm-alton-1novidade-ref-0000007958249-modelo-af\/#breadcrumb\"},\"inLanguage\":\"pt-BR\",\"potentialAction\":[{\"@type\":\"ReadAction\",\"target\":[\"https:\/\/www.massafmedical.com.br\/loja\/produto\/kit-de-escova-de-limpeza-descartavel-2-4mm-2200mm-alton-1novidade-ref-0000007958249-modelo-af\/\"]}]},{\"@type\":\"ImageObject\",\"inLanguage\":\"pt-BR\",\"@id\":\"https:\/\/www.massafmedical.com.br\/loja\/produto\/kit-de-escova-de-limpeza-descartavel-2-4mm-2200mm-alton-1novidade-ref-0000007958249-modelo-af\/#primaryimage\",\"url\":\"https:\/\/www.massafmedical.com.br\/loja\/wp-content\/uploads\/2023\/10\/Kit-de-Escova-de-Limpeza-Descartavel-2.4mm-2200mm-ALTON-1600.png\",\"contentUrl\":\"https:\/\/www.massafmedical.com.br\/loja\/wp-content\/uploads\/2023\/10\/Kit-de-Escova-de-Limpeza-Descartavel-2.4mm-2200mm-ALTON-1600.png\",\"width\":578,\"height\":498},{\"@type\":\"BreadcrumbList\",\"@id\":\"https:\/\/www.massafmedical.com.br\/loja\/produto\/kit-de-escova-de-limpeza-descartavel-2-4mm-2200mm-alton-1novidade-ref-0000007958249-modelo-af\/#breadcrumb\",\"itemListElement\":[{\"@type\":\"ListItem\",\"position\":1,\"name\":\"In\u00edcio\",\"item\":\"https:\/\/www.massafmedical.com.br\/loja\/\"},{\"@type\":\"ListItem\",\"position\":2,\"name\":\"Produtos\",\"item\":\"https:\/\/www.massafmedical.com.br\/loja\/nossos-produtos\/\"},{\"@type\":\"ListItem\",\"position\":3,\"name\":\"Kit de Escova de Limpeza Descart\u00e1vel Cerda Dupla ALTON (2.4mm 2200mm) &#8211; CAIXA COM 10 UNIDADES\"}]},{\"@type\":\"WebSite\",\"@id\":\"https:\/\/www.massafmedical.com.br\/loja\/#website\",\"url\":\"https:\/\/www.massafmedical.com.br\/loja\/\",\"name\":\"Massaf Medical\",\"description\":\"\",\"publisher\":{\"@id\":\"https:\/\/www.massafmedical.com.br\/loja\/#organization\"},\"potentialAction\":[{\"@type\":\"SearchAction\",\"target\":{\"@type\":\"EntryPoint\",\"urlTemplate\":\"https:\/\/www.massafmedical.com.br\/loja\/?s={search_term_string}\"},\"query-input\":{\"@type\":\"PropertyValueSpecification\",\"valueRequired\":true,\"valueName\":\"search_term_string\"}}],\"inLanguage\":\"pt-BR\"},{\"@type\":\"Organization\",\"@id\":\"https:\/\/www.massafmedical.com.br\/loja\/#organization\",\"name\":\"Massaf Medical\",\"url\":\"https:\/\/www.massafmedical.com.br\/loja\/\",\"logo\":{\"@type\":\"ImageObject\",\"inLanguage\":\"pt-BR\",\"@id\":\"https:\/\/www.massafmedical.com.br\/loja\/#\/schema\/logo\/image\/\",\"url\":\"http:\/\/www.massafmedical.com.br\/loja\/wp-content\/uploads\/2020\/10\/logotipo-big.png\",\"contentUrl\":\"http:\/\/www.massafmedical.com.br\/loja\/wp-content\/uploads\/2020\/10\/logotipo-big.png\",\"width\":750,\"height\":253,\"caption\":\"Massaf Medical\"},\"image\":{\"@id\":\"https:\/\/www.massafmedical.com.br\/loja\/#\/schema\/logo\/image\/\"},\"sameAs\":[\"http:\/\/www.facebook.com\/MASSAFMEDICAL\"]}]}<\/script>\n<!-- \/ Yoast SEO plugin. -->","yoast_head_json":{"title":"Kit de Escova de Limpeza Descart\u00e1vel Cerda Dupla ALTON (2.4mm 2200mm) - CAIXA COM 10 UNIDADES - Massaf Medical","robots":{"index":"index","follow":"follow","max-snippet":"max-snippet:-1","max-image-preview":"max-image-preview:large","max-video-preview":"max-video-preview:-1"},"canonical":"https:\/\/www.massafmedical.com.br\/loja\/produto\/kit-de-escova-de-limpeza-descartavel-2-4mm-2200mm-alton-1novidade-ref-0000007958249-modelo-af\/","og_locale":"pt_BR","og_type":"article","og_title":"Kit de Escova de Limpeza Descart\u00e1vel Cerda Dupla ALTON (2.4mm 2200mm) - CAIXA COM 10 UNIDADES - Massaf Medical","og_description":"A escova de limpeza de endosc\u00f3pios, tamb\u00e9m conhecida como escova para endosc\u00f3pios, \u00e9 um instrumento utilizado para realizar a limpeza interna dos canais de trabalho do endosc\u00f3pio. Ela \u00e9 uma parte essencial do processo de higieniza\u00e7\u00e3o e desinfec\u00e7\u00e3o dos endosc\u00f3pios ap\u00f3s cada uso.","og_url":"https:\/\/www.massafmedical.com.br\/loja\/produto\/kit-de-escova-de-limpeza-descartavel-2-4mm-2200mm-alton-1novidade-ref-0000007958249-modelo-af\/","og_site_name":"Massaf Medical","article_publisher":"http:\/\/www.facebook.com\/MASSAFMEDICAL","article_modified_time":"2025-08-26T13:01:14+00:00","og_image":[{"width":578,"height":498,"url":"https:\/\/www.massafmedical.com.br\/loja\/wp-content\/uploads\/2023\/10\/Kit-de-Escova-de-Limpeza-Descartavel-2.4mm-2200mm-ALTON-1600.png","type":"image\/png"}],"twitter_card":"summary_large_image","twitter_misc":{"Est. tempo de leitura":"2 minutos"},"schema":{"@context":"https:\/\/schema.org","@graph":[{"@type":"WebPage","@id":"https:\/\/www.massafmedical.com.br\/loja\/produto\/kit-de-escova-de-limpeza-descartavel-2-4mm-2200mm-alton-1novidade-ref-0000007958249-modelo-af\/","url":"https:\/\/www.massafmedical.com.br\/loja\/produto\/kit-de-escova-de-limpeza-descartavel-2-4mm-2200mm-alton-1novidade-ref-0000007958249-modelo-af\/","name":"Kit de Escova de Limpeza Descart\u00e1vel Cerda Dupla ALTON (2.4mm 2200mm) - CAIXA COM 10 UNIDADES - Massaf Medical","isPartOf":{"@id":"https:\/\/www.massafmedical.com.br\/loja\/#website"},"primaryImageOfPage":{"@id":"https:\/\/www.massafmedical.com.br\/loja\/produto\/kit-de-escova-de-limpeza-descartavel-2-4mm-2200mm-alton-1novidade-ref-0000007958249-modelo-af\/#primaryimage"},"image":{"@id":"https:\/\/www.massafmedical.com.br\/loja\/produto\/kit-de-escova-de-limpeza-descartavel-2-4mm-2200mm-alton-1novidade-ref-0000007958249-modelo-af\/#primaryimage"},"thumbnailUrl":"https:\/\/www.massafmedical.com.br\/loja\/wp-content\/uploads\/2023\/10\/Kit-de-Escova-de-Limpeza-Descartavel-2.4mm-2200mm-ALTON-1600.png","datePublished":"2023-10-24T21:21:02+00:00","dateModified":"2025-08-26T13:01:14+00:00","breadcrumb":{"@id":"https:\/\/www.massafmedical.com.br\/loja\/produto\/kit-de-escova-de-limpeza-descartavel-2-4mm-2200mm-alton-1novidade-ref-0000007958249-modelo-af\/#breadcrumb"},"inLanguage":"pt-BR","potentialAction":[{"@type":"ReadAction","target":["https:\/\/www.massafmedical.com.br\/loja\/produto\/kit-de-escova-de-limpeza-descartavel-2-4mm-2200mm-alton-1novidade-ref-0000007958249-modelo-af\/"]}]},{"@type":"ImageObject","inLanguage":"pt-BR","@id":"https:\/\/www.massafmedical.com.br\/loja\/produto\/kit-de-escova-de-limpeza-descartavel-2-4mm-2200mm-alton-1novidade-ref-0000007958249-modelo-af\/#primaryimage","url":"https:\/\/www.massafmedical.com.br\/loja\/wp-content\/uploads\/2023\/10\/Kit-de-Escova-de-Limpeza-Descartavel-2.4mm-2200mm-ALTON-1600.png","contentUrl":"https:\/\/www.massafmedical.com.br\/loja\/wp-content\/uploads\/2023\/10\/Kit-de-Escova-de-Limpeza-Descartavel-2.4mm-2200mm-ALTON-1600.png","width":578,"height":498},{"@type":"BreadcrumbList","@id":"https:\/\/www.massafmedical.com.br\/loja\/produto\/kit-de-escova-de-limpeza-descartavel-2-4mm-2200mm-alton-1novidade-ref-0000007958249-modelo-af\/#breadcrumb","itemListElement":[{"@type":"ListItem","position":1,"name":"In\u00edcio","item":"https:\/\/www.massafmedical.com.br\/loja\/"},{"@type":"ListItem","position":2,"name":"Produtos","item":"https:\/\/www.massafmedical.com.br\/loja\/nossos-produtos\/"},{"@type":"ListItem","position":3,"name":"Kit de Escova de Limpeza Descart\u00e1vel Cerda Dupla ALTON (2.4mm 2200mm) &#8211; CAIXA COM 10 UNIDADES"}]},{"@type":"WebSite","@id":"https:\/\/www.massafmedical.com.br\/loja\/#website","url":"https:\/\/www.massafmedical.com.br\/loja\/","name":"Massaf Medical","description":"","publisher":{"@id":"https:\/\/www.massafmedical.com.br\/loja\/#organization"},"potentialAction":[{"@type":"SearchAction","target":{"@type":"EntryPoint","urlTemplate":"https:\/\/www.massafmedical.com.br\/loja\/?s={search_term_string}"},"query-input":{"@type":"PropertyValueSpecification","valueRequired":true,"valueName":"search_term_string"}}],"inLanguage":"pt-BR"},{"@type":"Organization","@id":"https:\/\/www.massafmedical.com.br\/loja\/#organization","name":"Massaf Medical","url":"https:\/\/www.massafmedical.com.br\/loja\/","logo":{"@type":"ImageObject","inLanguage":"pt-BR","@id":"https:\/\/www.massafmedical.com.br\/loja\/#\/schema\/logo\/image\/","url":"http:\/\/www.massafmedical.com.br\/loja\/wp-content\/uploads\/2020\/10\/logotipo-big.png","contentUrl":"http:\/\/www.massafmedical.com.br\/loja\/wp-content\/uploads\/2020\/10\/logotipo-big.png","width":750,"height":253,"caption":"Massaf Medical"},"image":{"@id":"https:\/\/www.massafmedical.com.br\/loja\/#\/schema\/logo\/image\/"},"sameAs":["http:\/\/www.facebook.com\/MASSAFMEDICAL"]}]}},"_links":{"self":[{"href":"https:\/\/www.massafmedical.com.br\/loja\/wp-json\/wp\/v2\/product\/1184","targetHints":{"allow":["GET"]}}],"collection":[{"href":"https:\/\/www.massafmedical.com.br\/loja\/wp-json\/wp\/v2\/product"}],"about":[{"href":"https:\/\/www.massafmedical.com.br\/loja\/wp-json\/wp\/v2\/types\/product"}],"wp:featuredmedia":[{"embeddable":true,"href":"https:\/\/www.massafmedical.com.br\/loja\/wp-json\/wp\/v2\/media\/1146"}],"wp:attachment":[{"href":"https:\/\/www.massafmedical.com.br\/loja\/wp-json\/wp\/v2\/media?parent=1184"}],"wp:term":[{"taxonomy":"product_brand","embeddable":true,"href":"https:\/\/www.massafmedical.com.br\/loja\/wp-json\/wp\/v2\/product_brand?post=1184"},{"taxonomy":"product_cat","embeddable":true,"href":"https:\/\/www.massafmedical.com.br\/loja\/wp-json\/wp\/v2\/product_cat?post=1184"},{"taxonomy":"product_tag","embeddable":true,"href":"https:\/\/www.massafmedical.com.br\/loja\/wp-json\/wp\/v2\/product_tag?post=1184"}],"curies":[{"name":"wp","href":"https:\/\/api.w.org\/{rel}","templated":true}]}}