{"id":1178,"date":"2023-10-24T17:56:28","date_gmt":"2023-10-24T20:56:28","guid":{"rendered":"https:\/\/www.massafmedical.com.br\/loja\/?post_type=product&#038;p=1178"},"modified":"2025-08-26T09:58:27","modified_gmt":"2025-08-26T12:58:27","slug":"pinca-de-retirada-de-corpo-estranho-dente-de-rato-descartavel-2-4mm-2300mm-6mm-cx-10unds-alton-ref-0000007959578-modelo-af-d2423gi","status":"publish","type":"product","link":"https:\/\/www.massafmedical.com.br\/loja\/produto\/pinca-de-retirada-de-corpo-estranho-dente-de-rato-descartavel-2-4mm-2300mm-6mm-cx-10unds-alton-ref-0000007959578-modelo-af-d2423gi\/","title":{"rendered":"Pin\u00e7a de Retirada de Corpo Estranho Dente de Rato Descart\u00e1vel (2.4mm 2300mm 6mm) &#8211; CAIXA COM 10 UNIDADES"},"content":{"rendered":"<p><strong>Pin\u00e7a de Retirada de Corpo Estranho Dente de Rato Descart\u00e1vel (caixa com 10 unidades):<\/strong><\/p>\n<p>Utilizada em procedimentos de Gastroscopia e Colonoscopia, s\u00e3o projetadas para serem inseridas atrav\u00e9s do canal de trabalho do endosc\u00f3pio, que \u00e9 o tubo flex\u00edvel utilizado para visualizar o interior do trato gastrointestinal. Elas s\u00e3o controladas pelo m\u00e9dico ou profissional de sa\u00fade durante o procedimento endosc\u00f3pico.<\/p>\n<p>As pin\u00e7as de retirada de corpo estranho podem ter diferentes formatos e tamanhos, permitindo que sejam adaptadas a diferentes situa\u00e7\u00f5es e localiza\u00e7\u00f5es no trato gastrointestinal. Algumas delas s\u00e3o projetadas com extremidades serrilhadas ou com dentes para garantir uma ader\u00eancia segura ao objeto a ser removido, facilitando sua retirada sem causar danos ao paciente.<\/p>\n<p>A remo\u00e7\u00e3o de corpos estranhos durante a endoscopia \u00e9 uma pr\u00e1tica comum e geralmente \u00e9 realizada com seguran\u00e7a. No entanto, como em qualquer procedimento m\u00e9dico, \u00e9 importante que seja conduzida por profissionais de sa\u00fade experientes e treinados para evitar complica\u00e7\u00f5es ou danos ao paciente. Al\u00e9m disso, em casos mais complexos ou desafiadores, podem ser necess\u00e1rias t\u00e9cnicas avan\u00e7adas ou equipamentos adicionais para uma remo\u00e7\u00e3o bem-sucedida do corpo estranho.<\/p>\n<p>&nbsp;<\/p>\n<p>Todas as garantias s\u00e3o dadas pelos fabricantes, e variam de produto para produto. Elas ser\u00e3o informadas nas p\u00e1ginas de cada produto. Caso tenha alguma d\u00favida, entre em contato conosco.<\/p>\n<p>Para devolu\u00e7\u00f5es, os produtos dever\u00e3o ser remetidos em suas embalagens originais e caso for constatado mal uso, o custo ser\u00e1 por parte do comprador.<\/p>\n<p><img decoding=\"async\" class=\"size-full wp-image-1144 alignright lazyload\" data-src=\"https:\/\/www.massafmedical.com.br\/loja\/wp-content\/uploads\/2023\/10\/Pinca-de-Retirada-de-Corpo-Estranho-Dente-de-Rato-com-Jacare-Descartavel-2.4mm-2300mm-6mm-ALTON-12990.png\" alt=\"\" width=\"395\" height=\"224\" src=\"data:image\/gif;base64,R0lGODlhAQABAAAAACH5BAEKAAEALAAAAAABAAEAAAICTAEAOw==\" style=\"--smush-placeholder-width: 395px; --smush-placeholder-aspect-ratio: 395\/224;\" \/><\/p>\n<p>Modelo:\u00a0AF-D2423GI;<\/p>\n<p>Marca: Alton;<\/p>\n<p>Di\u00e2metro da Haste: 2.4mm;<\/p>\n<p>Comprimento da Haste: 2300mm;<\/p>\n<p>Abertura: 6mm;<\/p>\n<p>Di\u00e2metro do canal de trabalho: &gt;2.8mm;<\/p>\n<p>N\u00famero Registro ANVISA: 81323699004; <img decoding=\"async\" class=\"wp-image-1142 alignright lazyload\" data-src=\"https:\/\/www.massafmedical.com.br\/loja\/wp-content\/uploads\/2023\/10\/Pinca-de-Retirada-de-Corpo-Estranho-Dente-de-Jacare-Descartavel-2.4mm-2300mm-7.5mm-CX.png\" alt=\"\" width=\"195\" height=\"288\" src=\"data:image\/gif;base64,R0lGODlhAQABAAAAACH5BAEKAAEALAAAAAABAAEAAAICTAEAOw==\" style=\"--smush-placeholder-width: 195px; --smush-placeholder-aspect-ratio: 195\/288;\" \/><\/p>\n<p>REF: 0000007959578.<\/p>\n<p>&nbsp;<\/p>\n<p>&nbsp;<\/p>\n<p>&nbsp;<\/p>\n<p>&nbsp;<\/p>\n<p>&nbsp;<\/p>\n<p>&nbsp;<\/p>\n<p>&nbsp;<\/p>\n<p>&nbsp;<\/p>\n<p>&nbsp;<\/p>\n","protected":false},"excerpt":{"rendered":"<p>As pin\u00e7as de retirada de corpo estranho para endoscopia s\u00e3o instrumentos espec\u00edficos usados durante procedimentos endosc\u00f3picos para remover objetos ou corpos estranhos do trato gastrointestinal. Esses objetos estranhos podem incluir itens como moedas, pequenos objetos, pr\u00f3teses, pedras de c\u00e1lculos biliares, entre outros, que foram acidentalmente engolidos ou que ficaram presos no sistema digestivo.<\/p>\n","protected":false},"featured_media":1215,"template":"","meta":[],"product_brand":[],"product_cat":[66,88],"product_tag":[],"class_list":{"0":"post-1178","1":"product","2":"type-product","3":"status-publish","4":"has-post-thumbnail","6":"product_cat-descartaveis","7":"product_cat-pincas-e-acessorios","9":"first","10":"instock","11":"taxable","12":"shipping-taxable","13":"product-type-simple"},"acf":[],"yoast_head":"<!-- This site is optimized with the Yoast SEO plugin v24.4 - https:\/\/yoast.com\/wordpress\/plugins\/seo\/ -->\n<title>Pin\u00e7a de Retirada de Corpo Estranho Dente de Rato Descart\u00e1vel (2.4mm 2300mm 6mm) - CAIXA COM 10 UNIDADES - Massaf Medical<\/title>\n<meta name=\"robots\" content=\"index, follow, max-snippet:-1, max-image-preview:large, max-video-preview:-1\" \/>\n<link rel=\"canonical\" href=\"https:\/\/www.massafmedical.com.br\/loja\/produto\/pinca-de-retirada-de-corpo-estranho-dente-de-rato-descartavel-2-4mm-2300mm-6mm-cx-10unds-alton-ref-0000007959578-modelo-af-d2423gi\/\" \/>\n<meta property=\"og:locale\" content=\"pt_BR\" \/>\n<meta property=\"og:type\" content=\"article\" \/>\n<meta property=\"og:title\" content=\"Pin\u00e7a de Retirada de Corpo Estranho Dente de Rato Descart\u00e1vel (2.4mm 2300mm 6mm) - CAIXA COM 10 UNIDADES - Massaf Medical\" \/>\n<meta property=\"og:description\" content=\"As pin\u00e7as de retirada de corpo estranho para endoscopia s\u00e3o instrumentos espec\u00edficos usados durante procedimentos endosc\u00f3picos para remover objetos ou corpos estranhos do trato gastrointestinal. Esses objetos estranhos podem incluir itens como moedas, pequenos objetos, pr\u00f3teses, pedras de c\u00e1lculos biliares, entre outros, que foram acidentalmente engolidos ou que ficaram presos no sistema digestivo.\" \/>\n<meta property=\"og:url\" content=\"https:\/\/www.massafmedical.com.br\/loja\/produto\/pinca-de-retirada-de-corpo-estranho-dente-de-rato-descartavel-2-4mm-2300mm-6mm-cx-10unds-alton-ref-0000007959578-modelo-af-d2423gi\/\" \/>\n<meta property=\"og:site_name\" content=\"Massaf Medical\" \/>\n<meta property=\"article:publisher\" content=\"http:\/\/www.facebook.com\/MASSAFMEDICAL\" \/>\n<meta property=\"article:modified_time\" content=\"2025-08-26T12:58:27+00:00\" \/>\n<meta property=\"og:image\" content=\"https:\/\/www.massafmedical.com.br\/loja\/wp-content\/uploads\/2023\/10\/Imagem74.png\" \/>\n\t<meta property=\"og:image:width\" content=\"177\" \/>\n\t<meta property=\"og:image:height\" content=\"154\" \/>\n\t<meta property=\"og:image:type\" content=\"image\/png\" \/>\n<meta name=\"twitter:card\" content=\"summary_large_image\" \/>\n<meta name=\"twitter:label1\" content=\"Est. tempo de leitura\" \/>\n\t<meta name=\"twitter:data1\" content=\"3 minutos\" \/>\n<script type=\"application\/ld+json\" class=\"yoast-schema-graph\">{\"@context\":\"https:\/\/schema.org\",\"@graph\":[{\"@type\":\"WebPage\",\"@id\":\"https:\/\/www.massafmedical.com.br\/loja\/produto\/pinca-de-retirada-de-corpo-estranho-dente-de-rato-descartavel-2-4mm-2300mm-6mm-cx-10unds-alton-ref-0000007959578-modelo-af-d2423gi\/\",\"url\":\"https:\/\/www.massafmedical.com.br\/loja\/produto\/pinca-de-retirada-de-corpo-estranho-dente-de-rato-descartavel-2-4mm-2300mm-6mm-cx-10unds-alton-ref-0000007959578-modelo-af-d2423gi\/\",\"name\":\"Pin\u00e7a de Retirada de Corpo Estranho Dente de Rato Descart\u00e1vel (2.4mm 2300mm 6mm) - CAIXA COM 10 UNIDADES - Massaf Medical\",\"isPartOf\":{\"@id\":\"https:\/\/www.massafmedical.com.br\/loja\/#website\"},\"primaryImageOfPage\":{\"@id\":\"https:\/\/www.massafmedical.com.br\/loja\/produto\/pinca-de-retirada-de-corpo-estranho-dente-de-rato-descartavel-2-4mm-2300mm-6mm-cx-10unds-alton-ref-0000007959578-modelo-af-d2423gi\/#primaryimage\"},\"image\":{\"@id\":\"https:\/\/www.massafmedical.com.br\/loja\/produto\/pinca-de-retirada-de-corpo-estranho-dente-de-rato-descartavel-2-4mm-2300mm-6mm-cx-10unds-alton-ref-0000007959578-modelo-af-d2423gi\/#primaryimage\"},\"thumbnailUrl\":\"https:\/\/www.massafmedical.com.br\/loja\/wp-content\/uploads\/2023\/10\/Imagem74.png\",\"datePublished\":\"2023-10-24T20:56:28+00:00\",\"dateModified\":\"2025-08-26T12:58:27+00:00\",\"breadcrumb\":{\"@id\":\"https:\/\/www.massafmedical.com.br\/loja\/produto\/pinca-de-retirada-de-corpo-estranho-dente-de-rato-descartavel-2-4mm-2300mm-6mm-cx-10unds-alton-ref-0000007959578-modelo-af-d2423gi\/#breadcrumb\"},\"inLanguage\":\"pt-BR\",\"potentialAction\":[{\"@type\":\"ReadAction\",\"target\":[\"https:\/\/www.massafmedical.com.br\/loja\/produto\/pinca-de-retirada-de-corpo-estranho-dente-de-rato-descartavel-2-4mm-2300mm-6mm-cx-10unds-alton-ref-0000007959578-modelo-af-d2423gi\/\"]}]},{\"@type\":\"ImageObject\",\"inLanguage\":\"pt-BR\",\"@id\":\"https:\/\/www.massafmedical.com.br\/loja\/produto\/pinca-de-retirada-de-corpo-estranho-dente-de-rato-descartavel-2-4mm-2300mm-6mm-cx-10unds-alton-ref-0000007959578-modelo-af-d2423gi\/#primaryimage\",\"url\":\"https:\/\/www.massafmedical.com.br\/loja\/wp-content\/uploads\/2023\/10\/Imagem74.png\",\"contentUrl\":\"https:\/\/www.massafmedical.com.br\/loja\/wp-content\/uploads\/2023\/10\/Imagem74.png\",\"width\":177,\"height\":154},{\"@type\":\"BreadcrumbList\",\"@id\":\"https:\/\/www.massafmedical.com.br\/loja\/produto\/pinca-de-retirada-de-corpo-estranho-dente-de-rato-descartavel-2-4mm-2300mm-6mm-cx-10unds-alton-ref-0000007959578-modelo-af-d2423gi\/#breadcrumb\",\"itemListElement\":[{\"@type\":\"ListItem\",\"position\":1,\"name\":\"In\u00edcio\",\"item\":\"https:\/\/www.massafmedical.com.br\/loja\/\"},{\"@type\":\"ListItem\",\"position\":2,\"name\":\"Produtos\",\"item\":\"https:\/\/www.massafmedical.com.br\/loja\/nossos-produtos\/\"},{\"@type\":\"ListItem\",\"position\":3,\"name\":\"Pin\u00e7a de Retirada de Corpo Estranho Dente de Rato Descart\u00e1vel (2.4mm 2300mm 6mm) &#8211; CAIXA COM 10 UNIDADES\"}]},{\"@type\":\"WebSite\",\"@id\":\"https:\/\/www.massafmedical.com.br\/loja\/#website\",\"url\":\"https:\/\/www.massafmedical.com.br\/loja\/\",\"name\":\"Massaf Medical\",\"description\":\"\",\"publisher\":{\"@id\":\"https:\/\/www.massafmedical.com.br\/loja\/#organization\"},\"potentialAction\":[{\"@type\":\"SearchAction\",\"target\":{\"@type\":\"EntryPoint\",\"urlTemplate\":\"https:\/\/www.massafmedical.com.br\/loja\/?s={search_term_string}\"},\"query-input\":{\"@type\":\"PropertyValueSpecification\",\"valueRequired\":true,\"valueName\":\"search_term_string\"}}],\"inLanguage\":\"pt-BR\"},{\"@type\":\"Organization\",\"@id\":\"https:\/\/www.massafmedical.com.br\/loja\/#organization\",\"name\":\"Massaf Medical\",\"url\":\"https:\/\/www.massafmedical.com.br\/loja\/\",\"logo\":{\"@type\":\"ImageObject\",\"inLanguage\":\"pt-BR\",\"@id\":\"https:\/\/www.massafmedical.com.br\/loja\/#\/schema\/logo\/image\/\",\"url\":\"http:\/\/www.massafmedical.com.br\/loja\/wp-content\/uploads\/2020\/10\/logotipo-big.png\",\"contentUrl\":\"http:\/\/www.massafmedical.com.br\/loja\/wp-content\/uploads\/2020\/10\/logotipo-big.png\",\"width\":750,\"height\":253,\"caption\":\"Massaf Medical\"},\"image\":{\"@id\":\"https:\/\/www.massafmedical.com.br\/loja\/#\/schema\/logo\/image\/\"},\"sameAs\":[\"http:\/\/www.facebook.com\/MASSAFMEDICAL\"]}]}<\/script>\n<!-- \/ Yoast SEO plugin. -->","yoast_head_json":{"title":"Pin\u00e7a de Retirada de Corpo Estranho Dente de Rato Descart\u00e1vel (2.4mm 2300mm 6mm) - CAIXA COM 10 UNIDADES - Massaf Medical","robots":{"index":"index","follow":"follow","max-snippet":"max-snippet:-1","max-image-preview":"max-image-preview:large","max-video-preview":"max-video-preview:-1"},"canonical":"https:\/\/www.massafmedical.com.br\/loja\/produto\/pinca-de-retirada-de-corpo-estranho-dente-de-rato-descartavel-2-4mm-2300mm-6mm-cx-10unds-alton-ref-0000007959578-modelo-af-d2423gi\/","og_locale":"pt_BR","og_type":"article","og_title":"Pin\u00e7a de Retirada de Corpo Estranho Dente de Rato Descart\u00e1vel (2.4mm 2300mm 6mm) - CAIXA COM 10 UNIDADES - Massaf Medical","og_description":"As pin\u00e7as de retirada de corpo estranho para endoscopia s\u00e3o instrumentos espec\u00edficos usados durante procedimentos endosc\u00f3picos para remover objetos ou corpos estranhos do trato gastrointestinal. Esses objetos estranhos podem incluir itens como moedas, pequenos objetos, pr\u00f3teses, pedras de c\u00e1lculos biliares, entre outros, que foram acidentalmente engolidos ou que ficaram presos no sistema digestivo.","og_url":"https:\/\/www.massafmedical.com.br\/loja\/produto\/pinca-de-retirada-de-corpo-estranho-dente-de-rato-descartavel-2-4mm-2300mm-6mm-cx-10unds-alton-ref-0000007959578-modelo-af-d2423gi\/","og_site_name":"Massaf Medical","article_publisher":"http:\/\/www.facebook.com\/MASSAFMEDICAL","article_modified_time":"2025-08-26T12:58:27+00:00","og_image":[{"width":177,"height":154,"url":"https:\/\/www.massafmedical.com.br\/loja\/wp-content\/uploads\/2023\/10\/Imagem74.png","type":"image\/png"}],"twitter_card":"summary_large_image","twitter_misc":{"Est. tempo de leitura":"3 minutos"},"schema":{"@context":"https:\/\/schema.org","@graph":[{"@type":"WebPage","@id":"https:\/\/www.massafmedical.com.br\/loja\/produto\/pinca-de-retirada-de-corpo-estranho-dente-de-rato-descartavel-2-4mm-2300mm-6mm-cx-10unds-alton-ref-0000007959578-modelo-af-d2423gi\/","url":"https:\/\/www.massafmedical.com.br\/loja\/produto\/pinca-de-retirada-de-corpo-estranho-dente-de-rato-descartavel-2-4mm-2300mm-6mm-cx-10unds-alton-ref-0000007959578-modelo-af-d2423gi\/","name":"Pin\u00e7a de Retirada de Corpo Estranho Dente de Rato Descart\u00e1vel (2.4mm 2300mm 6mm) - CAIXA COM 10 UNIDADES - Massaf Medical","isPartOf":{"@id":"https:\/\/www.massafmedical.com.br\/loja\/#website"},"primaryImageOfPage":{"@id":"https:\/\/www.massafmedical.com.br\/loja\/produto\/pinca-de-retirada-de-corpo-estranho-dente-de-rato-descartavel-2-4mm-2300mm-6mm-cx-10unds-alton-ref-0000007959578-modelo-af-d2423gi\/#primaryimage"},"image":{"@id":"https:\/\/www.massafmedical.com.br\/loja\/produto\/pinca-de-retirada-de-corpo-estranho-dente-de-rato-descartavel-2-4mm-2300mm-6mm-cx-10unds-alton-ref-0000007959578-modelo-af-d2423gi\/#primaryimage"},"thumbnailUrl":"https:\/\/www.massafmedical.com.br\/loja\/wp-content\/uploads\/2023\/10\/Imagem74.png","datePublished":"2023-10-24T20:56:28+00:00","dateModified":"2025-08-26T12:58:27+00:00","breadcrumb":{"@id":"https:\/\/www.massafmedical.com.br\/loja\/produto\/pinca-de-retirada-de-corpo-estranho-dente-de-rato-descartavel-2-4mm-2300mm-6mm-cx-10unds-alton-ref-0000007959578-modelo-af-d2423gi\/#breadcrumb"},"inLanguage":"pt-BR","potentialAction":[{"@type":"ReadAction","target":["https:\/\/www.massafmedical.com.br\/loja\/produto\/pinca-de-retirada-de-corpo-estranho-dente-de-rato-descartavel-2-4mm-2300mm-6mm-cx-10unds-alton-ref-0000007959578-modelo-af-d2423gi\/"]}]},{"@type":"ImageObject","inLanguage":"pt-BR","@id":"https:\/\/www.massafmedical.com.br\/loja\/produto\/pinca-de-retirada-de-corpo-estranho-dente-de-rato-descartavel-2-4mm-2300mm-6mm-cx-10unds-alton-ref-0000007959578-modelo-af-d2423gi\/#primaryimage","url":"https:\/\/www.massafmedical.com.br\/loja\/wp-content\/uploads\/2023\/10\/Imagem74.png","contentUrl":"https:\/\/www.massafmedical.com.br\/loja\/wp-content\/uploads\/2023\/10\/Imagem74.png","width":177,"height":154},{"@type":"BreadcrumbList","@id":"https:\/\/www.massafmedical.com.br\/loja\/produto\/pinca-de-retirada-de-corpo-estranho-dente-de-rato-descartavel-2-4mm-2300mm-6mm-cx-10unds-alton-ref-0000007959578-modelo-af-d2423gi\/#breadcrumb","itemListElement":[{"@type":"ListItem","position":1,"name":"In\u00edcio","item":"https:\/\/www.massafmedical.com.br\/loja\/"},{"@type":"ListItem","position":2,"name":"Produtos","item":"https:\/\/www.massafmedical.com.br\/loja\/nossos-produtos\/"},{"@type":"ListItem","position":3,"name":"Pin\u00e7a de Retirada de Corpo Estranho Dente de Rato Descart\u00e1vel (2.4mm 2300mm 6mm) &#8211; CAIXA COM 10 UNIDADES"}]},{"@type":"WebSite","@id":"https:\/\/www.massafmedical.com.br\/loja\/#website","url":"https:\/\/www.massafmedical.com.br\/loja\/","name":"Massaf Medical","description":"","publisher":{"@id":"https:\/\/www.massafmedical.com.br\/loja\/#organization"},"potentialAction":[{"@type":"SearchAction","target":{"@type":"EntryPoint","urlTemplate":"https:\/\/www.massafmedical.com.br\/loja\/?s={search_term_string}"},"query-input":{"@type":"PropertyValueSpecification","valueRequired":true,"valueName":"search_term_string"}}],"inLanguage":"pt-BR"},{"@type":"Organization","@id":"https:\/\/www.massafmedical.com.br\/loja\/#organization","name":"Massaf Medical","url":"https:\/\/www.massafmedical.com.br\/loja\/","logo":{"@type":"ImageObject","inLanguage":"pt-BR","@id":"https:\/\/www.massafmedical.com.br\/loja\/#\/schema\/logo\/image\/","url":"http:\/\/www.massafmedical.com.br\/loja\/wp-content\/uploads\/2020\/10\/logotipo-big.png","contentUrl":"http:\/\/www.massafmedical.com.br\/loja\/wp-content\/uploads\/2020\/10\/logotipo-big.png","width":750,"height":253,"caption":"Massaf Medical"},"image":{"@id":"https:\/\/www.massafmedical.com.br\/loja\/#\/schema\/logo\/image\/"},"sameAs":["http:\/\/www.facebook.com\/MASSAFMEDICAL"]}]}},"_links":{"self":[{"href":"https:\/\/www.massafmedical.com.br\/loja\/wp-json\/wp\/v2\/product\/1178","targetHints":{"allow":["GET"]}}],"collection":[{"href":"https:\/\/www.massafmedical.com.br\/loja\/wp-json\/wp\/v2\/product"}],"about":[{"href":"https:\/\/www.massafmedical.com.br\/loja\/wp-json\/wp\/v2\/types\/product"}],"wp:featuredmedia":[{"embeddable":true,"href":"https:\/\/www.massafmedical.com.br\/loja\/wp-json\/wp\/v2\/media\/1215"}],"wp:attachment":[{"href":"https:\/\/www.massafmedical.com.br\/loja\/wp-json\/wp\/v2\/media?parent=1178"}],"wp:term":[{"taxonomy":"product_brand","embeddable":true,"href":"https:\/\/www.massafmedical.com.br\/loja\/wp-json\/wp\/v2\/product_brand?post=1178"},{"taxonomy":"product_cat","embeddable":true,"href":"https:\/\/www.massafmedical.com.br\/loja\/wp-json\/wp\/v2\/product_cat?post=1178"},{"taxonomy":"product_tag","embeddable":true,"href":"https:\/\/www.massafmedical.com.br\/loja\/wp-json\/wp\/v2\/product_tag?post=1178"}],"curies":[{"name":"wp","href":"https:\/\/api.w.org\/{rel}","templated":true}]}}