{"id":1176,"date":"2023-10-24T17:51:04","date_gmt":"2023-10-24T20:51:04","guid":{"rendered":"https:\/\/www.massafmedical.com.br\/loja\/?post_type=product&#038;p=1176"},"modified":"2025-08-26T10:17:32","modified_gmt":"2025-08-26T13:17:32","slug":"pinca-de-biopsia-oval-serrilhada-sem-espicula-revestida-descartavel-2-4mm-1800mm-6-5mm-cx-10unds-alton-ref-0000007959523-modelo-af-d2418buc","status":"publish","type":"product","link":"https:\/\/www.massafmedical.com.br\/loja\/produto\/pinca-de-biopsia-oval-serrilhada-sem-espicula-revestida-descartavel-2-4mm-1800mm-6-5mm-cx-10unds-alton-ref-0000007959523-modelo-af-d2418buc\/","title":{"rendered":"Pin\u00e7a de Bi\u00f3psia Oval Serrilhada sem Esp\u00edcula Revestida Descart\u00e1vel (2.4mm 1800mm6.5mm)  &#8211; CAIXA COM 10 UNIDADES"},"content":{"rendered":"<p><strong>Pin\u00e7a de Bi\u00f3psia Oval Serrilhada sem Esp\u00edcula Revestida Descart\u00e1vel 2.4mm 1800mm (caixa com 10 unidades):\u00a0<\/strong><\/p>\n<p>Utilizada em procedimentos de Gastroscopia, as \u00a0pin\u00e7as de bi\u00f3psia para endoscopia digestiva s\u00e3o instrumentos utilizados durante exames endosc\u00f3picos para coletar amostras de tecido (bi\u00f3psias) para an\u00e1lise laboratorial. Essas pin\u00e7as s\u00e3o projetadas para serem acopladas ao canal de trabalho do endosc\u00f3pio, permitindo que o m\u00e9dico realize a coleta de amostras durante o procedimento.<\/p>\n<p>Todas as garantias s\u00e3o dadas pelos fabricantes, e variam de produto para produto. Elas ser\u00e3o informadas nas p\u00e1ginas de cada produto. Caso tenha alguma d\u00favida, entre em contato conosco.<\/p>\n<p>Para devolu\u00e7\u00f5es, os produtos dever\u00e3o ser remetidos em suas embalagens originais e caso for constatado mal uso, o custo ser\u00e1 por parte do comprador.<\/p>\n<p><img decoding=\"async\" class=\"wp-image-1143 alignright lazyload\" data-src=\"https:\/\/www.massafmedical.com.br\/loja\/wp-content\/uploads\/2023\/10\/1-Pinca-de-Biopsia-Oval-sem-Espicula-Revestida-Descartavel-2.4mm-1800mm-ALTON-3690.png\" alt=\"\" width=\"329\" height=\"170\" src=\"data:image\/gif;base64,R0lGODlhAQABAAAAACH5BAEKAAEALAAAAAABAAEAAAICTAEAOw==\" style=\"--smush-placeholder-width: 329px; --smush-placeholder-aspect-ratio: 329\/170;\" \/><\/p>\n<p>&nbsp;<\/p>\n<p>Modelo:\u00a0AF-D2418BUC;<\/p>\n<p>Marca: Alton;<\/p>\n<p>Di\u00e2metro da Haste: 2.4mm;<\/p>\n<p>Comprimento da Haste: 1800mm;<\/p>\n<p>Di\u00e2metro do canal de trabalho: &gt;2.8mm; <img decoding=\"async\" class=\"wp-image-1142 alignright lazyload\" data-src=\"https:\/\/www.massafmedical.com.br\/loja\/wp-content\/uploads\/2023\/10\/Pinca-de-Retirada-de-Corpo-Estranho-Dente-de-Jacare-Descartavel-2.4mm-2300mm-7.5mm-CX.png\" alt=\"\" width=\"257\" height=\"379\" src=\"data:image\/gif;base64,R0lGODlhAQABAAAAACH5BAEKAAEALAAAAAABAAEAAAICTAEAOw==\" style=\"--smush-placeholder-width: 257px; --smush-placeholder-aspect-ratio: 257\/379;\" \/><\/p>\n<p>N\u00famero\u00a0 \u00a0Registro ANVISA:\u00a081323699003;<\/p>\n<p>REF: 0000007959523.<\/p>\n<p>&nbsp;<\/p>\n<p>&nbsp;<\/p>\n<p>&nbsp;<\/p>\n<p>&nbsp;<\/p>\n<p>&nbsp;<\/p>\n<p>&nbsp;<\/p>\n<p>&nbsp;<\/p>\n","protected":false},"excerpt":{"rendered":"<p>As pin\u00e7as de bi\u00f3psia para endoscopia digestiva s\u00e3o instrumentos utilizados durante exames endosc\u00f3picos para coletar amostras de tecido (bi\u00f3psias) para an\u00e1lise laboratorial. Essas pin\u00e7as s\u00e3o projetadas para serem acopladas ao canal de trabalho do endosc\u00f3pio, permitindo que o m\u00e9dico realize a coleta de amostras durante o procedimento.<\/p>\n<p>&nbsp;<\/p>\n","protected":false},"featured_media":1214,"template":"","meta":[],"product_brand":[],"product_cat":[66,88],"product_tag":[],"class_list":{"0":"post-1176","1":"product","2":"type-product","3":"status-publish","4":"has-post-thumbnail","6":"product_cat-descartaveis","7":"product_cat-pincas-e-acessorios","9":"first","10":"outofstock","11":"taxable","12":"shipping-taxable","13":"product-type-simple"},"acf":[],"yoast_head":"<!-- This site is optimized with the Yoast SEO plugin v24.4 - https:\/\/yoast.com\/wordpress\/plugins\/seo\/ -->\n<title>Pin\u00e7a de Bi\u00f3psia Oval Serrilhada sem Esp\u00edcula Revestida Descart\u00e1vel (2.4mm 1800mm6.5mm) - CAIXA COM 10 UNIDADES - Massaf Medical<\/title>\n<meta name=\"robots\" content=\"index, follow, max-snippet:-1, max-image-preview:large, max-video-preview:-1\" \/>\n<link rel=\"canonical\" href=\"https:\/\/www.massafmedical.com.br\/loja\/produto\/pinca-de-biopsia-oval-serrilhada-sem-espicula-revestida-descartavel-2-4mm-1800mm-6-5mm-cx-10unds-alton-ref-0000007959523-modelo-af-d2418buc\/\" \/>\n<meta property=\"og:locale\" content=\"pt_BR\" \/>\n<meta property=\"og:type\" content=\"article\" \/>\n<meta property=\"og:title\" content=\"Pin\u00e7a de Bi\u00f3psia Oval Serrilhada sem Esp\u00edcula Revestida Descart\u00e1vel (2.4mm 1800mm6.5mm) - CAIXA COM 10 UNIDADES - Massaf Medical\" \/>\n<meta property=\"og:description\" content=\"As pin\u00e7as de bi\u00f3psia para endoscopia digestiva s\u00e3o instrumentos utilizados durante exames endosc\u00f3picos para coletar amostras de tecido (bi\u00f3psias) para an\u00e1lise laboratorial. Essas pin\u00e7as s\u00e3o projetadas para serem acopladas ao canal de trabalho do endosc\u00f3pio, permitindo que o m\u00e9dico realize a coleta de amostras durante o procedimento.  &nbsp;\" \/>\n<meta property=\"og:url\" content=\"https:\/\/www.massafmedical.com.br\/loja\/produto\/pinca-de-biopsia-oval-serrilhada-sem-espicula-revestida-descartavel-2-4mm-1800mm-6-5mm-cx-10unds-alton-ref-0000007959523-modelo-af-d2418buc\/\" \/>\n<meta property=\"og:site_name\" content=\"Massaf Medical\" \/>\n<meta property=\"article:publisher\" content=\"http:\/\/www.facebook.com\/MASSAFMEDICAL\" \/>\n<meta property=\"article:modified_time\" content=\"2025-08-26T13:17:32+00:00\" \/>\n<meta property=\"og:image\" content=\"https:\/\/www.massafmedical.com.br\/loja\/wp-content\/uploads\/2023\/10\/Imagem75.png\" \/>\n\t<meta property=\"og:image:width\" content=\"261\" \/>\n\t<meta property=\"og:image:height\" content=\"224\" \/>\n\t<meta property=\"og:image:type\" content=\"image\/png\" \/>\n<meta name=\"twitter:card\" content=\"summary_large_image\" \/>\n<meta name=\"twitter:label1\" content=\"Est. tempo de leitura\" \/>\n\t<meta name=\"twitter:data1\" content=\"2 minutos\" \/>\n<script type=\"application\/ld+json\" class=\"yoast-schema-graph\">{\"@context\":\"https:\/\/schema.org\",\"@graph\":[{\"@type\":\"WebPage\",\"@id\":\"https:\/\/www.massafmedical.com.br\/loja\/produto\/pinca-de-biopsia-oval-serrilhada-sem-espicula-revestida-descartavel-2-4mm-1800mm-6-5mm-cx-10unds-alton-ref-0000007959523-modelo-af-d2418buc\/\",\"url\":\"https:\/\/www.massafmedical.com.br\/loja\/produto\/pinca-de-biopsia-oval-serrilhada-sem-espicula-revestida-descartavel-2-4mm-1800mm-6-5mm-cx-10unds-alton-ref-0000007959523-modelo-af-d2418buc\/\",\"name\":\"Pin\u00e7a de Bi\u00f3psia Oval Serrilhada sem Esp\u00edcula Revestida Descart\u00e1vel (2.4mm 1800mm6.5mm) - CAIXA COM 10 UNIDADES - Massaf Medical\",\"isPartOf\":{\"@id\":\"https:\/\/www.massafmedical.com.br\/loja\/#website\"},\"primaryImageOfPage\":{\"@id\":\"https:\/\/www.massafmedical.com.br\/loja\/produto\/pinca-de-biopsia-oval-serrilhada-sem-espicula-revestida-descartavel-2-4mm-1800mm-6-5mm-cx-10unds-alton-ref-0000007959523-modelo-af-d2418buc\/#primaryimage\"},\"image\":{\"@id\":\"https:\/\/www.massafmedical.com.br\/loja\/produto\/pinca-de-biopsia-oval-serrilhada-sem-espicula-revestida-descartavel-2-4mm-1800mm-6-5mm-cx-10unds-alton-ref-0000007959523-modelo-af-d2418buc\/#primaryimage\"},\"thumbnailUrl\":\"https:\/\/www.massafmedical.com.br\/loja\/wp-content\/uploads\/2023\/10\/Imagem75.png\",\"datePublished\":\"2023-10-24T20:51:04+00:00\",\"dateModified\":\"2025-08-26T13:17:32+00:00\",\"breadcrumb\":{\"@id\":\"https:\/\/www.massafmedical.com.br\/loja\/produto\/pinca-de-biopsia-oval-serrilhada-sem-espicula-revestida-descartavel-2-4mm-1800mm-6-5mm-cx-10unds-alton-ref-0000007959523-modelo-af-d2418buc\/#breadcrumb\"},\"inLanguage\":\"pt-BR\",\"potentialAction\":[{\"@type\":\"ReadAction\",\"target\":[\"https:\/\/www.massafmedical.com.br\/loja\/produto\/pinca-de-biopsia-oval-serrilhada-sem-espicula-revestida-descartavel-2-4mm-1800mm-6-5mm-cx-10unds-alton-ref-0000007959523-modelo-af-d2418buc\/\"]}]},{\"@type\":\"ImageObject\",\"inLanguage\":\"pt-BR\",\"@id\":\"https:\/\/www.massafmedical.com.br\/loja\/produto\/pinca-de-biopsia-oval-serrilhada-sem-espicula-revestida-descartavel-2-4mm-1800mm-6-5mm-cx-10unds-alton-ref-0000007959523-modelo-af-d2418buc\/#primaryimage\",\"url\":\"https:\/\/www.massafmedical.com.br\/loja\/wp-content\/uploads\/2023\/10\/Imagem75.png\",\"contentUrl\":\"https:\/\/www.massafmedical.com.br\/loja\/wp-content\/uploads\/2023\/10\/Imagem75.png\",\"width\":261,\"height\":224},{\"@type\":\"BreadcrumbList\",\"@id\":\"https:\/\/www.massafmedical.com.br\/loja\/produto\/pinca-de-biopsia-oval-serrilhada-sem-espicula-revestida-descartavel-2-4mm-1800mm-6-5mm-cx-10unds-alton-ref-0000007959523-modelo-af-d2418buc\/#breadcrumb\",\"itemListElement\":[{\"@type\":\"ListItem\",\"position\":1,\"name\":\"In\u00edcio\",\"item\":\"https:\/\/www.massafmedical.com.br\/loja\/\"},{\"@type\":\"ListItem\",\"position\":2,\"name\":\"Produtos\",\"item\":\"https:\/\/www.massafmedical.com.br\/loja\/nossos-produtos\/\"},{\"@type\":\"ListItem\",\"position\":3,\"name\":\"Pin\u00e7a de Bi\u00f3psia Oval Serrilhada sem Esp\u00edcula Revestida Descart\u00e1vel (2.4mm 1800mm6.5mm) &#8211; CAIXA COM 10 UNIDADES\"}]},{\"@type\":\"WebSite\",\"@id\":\"https:\/\/www.massafmedical.com.br\/loja\/#website\",\"url\":\"https:\/\/www.massafmedical.com.br\/loja\/\",\"name\":\"Massaf Medical\",\"description\":\"\",\"publisher\":{\"@id\":\"https:\/\/www.massafmedical.com.br\/loja\/#organization\"},\"potentialAction\":[{\"@type\":\"SearchAction\",\"target\":{\"@type\":\"EntryPoint\",\"urlTemplate\":\"https:\/\/www.massafmedical.com.br\/loja\/?s={search_term_string}\"},\"query-input\":{\"@type\":\"PropertyValueSpecification\",\"valueRequired\":true,\"valueName\":\"search_term_string\"}}],\"inLanguage\":\"pt-BR\"},{\"@type\":\"Organization\",\"@id\":\"https:\/\/www.massafmedical.com.br\/loja\/#organization\",\"name\":\"Massaf Medical\",\"url\":\"https:\/\/www.massafmedical.com.br\/loja\/\",\"logo\":{\"@type\":\"ImageObject\",\"inLanguage\":\"pt-BR\",\"@id\":\"https:\/\/www.massafmedical.com.br\/loja\/#\/schema\/logo\/image\/\",\"url\":\"http:\/\/www.massafmedical.com.br\/loja\/wp-content\/uploads\/2020\/10\/logotipo-big.png\",\"contentUrl\":\"http:\/\/www.massafmedical.com.br\/loja\/wp-content\/uploads\/2020\/10\/logotipo-big.png\",\"width\":750,\"height\":253,\"caption\":\"Massaf Medical\"},\"image\":{\"@id\":\"https:\/\/www.massafmedical.com.br\/loja\/#\/schema\/logo\/image\/\"},\"sameAs\":[\"http:\/\/www.facebook.com\/MASSAFMEDICAL\"]}]}<\/script>\n<!-- \/ Yoast SEO plugin. -->","yoast_head_json":{"title":"Pin\u00e7a de Bi\u00f3psia Oval Serrilhada sem Esp\u00edcula Revestida Descart\u00e1vel (2.4mm 1800mm6.5mm) - CAIXA COM 10 UNIDADES - Massaf Medical","robots":{"index":"index","follow":"follow","max-snippet":"max-snippet:-1","max-image-preview":"max-image-preview:large","max-video-preview":"max-video-preview:-1"},"canonical":"https:\/\/www.massafmedical.com.br\/loja\/produto\/pinca-de-biopsia-oval-serrilhada-sem-espicula-revestida-descartavel-2-4mm-1800mm-6-5mm-cx-10unds-alton-ref-0000007959523-modelo-af-d2418buc\/","og_locale":"pt_BR","og_type":"article","og_title":"Pin\u00e7a de Bi\u00f3psia Oval Serrilhada sem Esp\u00edcula Revestida Descart\u00e1vel (2.4mm 1800mm6.5mm) - CAIXA COM 10 UNIDADES - Massaf Medical","og_description":"As pin\u00e7as de bi\u00f3psia para endoscopia digestiva s\u00e3o instrumentos utilizados durante exames endosc\u00f3picos para coletar amostras de tecido (bi\u00f3psias) para an\u00e1lise laboratorial. Essas pin\u00e7as s\u00e3o projetadas para serem acopladas ao canal de trabalho do endosc\u00f3pio, permitindo que o m\u00e9dico realize a coleta de amostras durante o procedimento.  &nbsp;","og_url":"https:\/\/www.massafmedical.com.br\/loja\/produto\/pinca-de-biopsia-oval-serrilhada-sem-espicula-revestida-descartavel-2-4mm-1800mm-6-5mm-cx-10unds-alton-ref-0000007959523-modelo-af-d2418buc\/","og_site_name":"Massaf Medical","article_publisher":"http:\/\/www.facebook.com\/MASSAFMEDICAL","article_modified_time":"2025-08-26T13:17:32+00:00","og_image":[{"width":261,"height":224,"url":"https:\/\/www.massafmedical.com.br\/loja\/wp-content\/uploads\/2023\/10\/Imagem75.png","type":"image\/png"}],"twitter_card":"summary_large_image","twitter_misc":{"Est. tempo de leitura":"2 minutos"},"schema":{"@context":"https:\/\/schema.org","@graph":[{"@type":"WebPage","@id":"https:\/\/www.massafmedical.com.br\/loja\/produto\/pinca-de-biopsia-oval-serrilhada-sem-espicula-revestida-descartavel-2-4mm-1800mm-6-5mm-cx-10unds-alton-ref-0000007959523-modelo-af-d2418buc\/","url":"https:\/\/www.massafmedical.com.br\/loja\/produto\/pinca-de-biopsia-oval-serrilhada-sem-espicula-revestida-descartavel-2-4mm-1800mm-6-5mm-cx-10unds-alton-ref-0000007959523-modelo-af-d2418buc\/","name":"Pin\u00e7a de Bi\u00f3psia Oval Serrilhada sem Esp\u00edcula Revestida Descart\u00e1vel (2.4mm 1800mm6.5mm) - CAIXA COM 10 UNIDADES - Massaf Medical","isPartOf":{"@id":"https:\/\/www.massafmedical.com.br\/loja\/#website"},"primaryImageOfPage":{"@id":"https:\/\/www.massafmedical.com.br\/loja\/produto\/pinca-de-biopsia-oval-serrilhada-sem-espicula-revestida-descartavel-2-4mm-1800mm-6-5mm-cx-10unds-alton-ref-0000007959523-modelo-af-d2418buc\/#primaryimage"},"image":{"@id":"https:\/\/www.massafmedical.com.br\/loja\/produto\/pinca-de-biopsia-oval-serrilhada-sem-espicula-revestida-descartavel-2-4mm-1800mm-6-5mm-cx-10unds-alton-ref-0000007959523-modelo-af-d2418buc\/#primaryimage"},"thumbnailUrl":"https:\/\/www.massafmedical.com.br\/loja\/wp-content\/uploads\/2023\/10\/Imagem75.png","datePublished":"2023-10-24T20:51:04+00:00","dateModified":"2025-08-26T13:17:32+00:00","breadcrumb":{"@id":"https:\/\/www.massafmedical.com.br\/loja\/produto\/pinca-de-biopsia-oval-serrilhada-sem-espicula-revestida-descartavel-2-4mm-1800mm-6-5mm-cx-10unds-alton-ref-0000007959523-modelo-af-d2418buc\/#breadcrumb"},"inLanguage":"pt-BR","potentialAction":[{"@type":"ReadAction","target":["https:\/\/www.massafmedical.com.br\/loja\/produto\/pinca-de-biopsia-oval-serrilhada-sem-espicula-revestida-descartavel-2-4mm-1800mm-6-5mm-cx-10unds-alton-ref-0000007959523-modelo-af-d2418buc\/"]}]},{"@type":"ImageObject","inLanguage":"pt-BR","@id":"https:\/\/www.massafmedical.com.br\/loja\/produto\/pinca-de-biopsia-oval-serrilhada-sem-espicula-revestida-descartavel-2-4mm-1800mm-6-5mm-cx-10unds-alton-ref-0000007959523-modelo-af-d2418buc\/#primaryimage","url":"https:\/\/www.massafmedical.com.br\/loja\/wp-content\/uploads\/2023\/10\/Imagem75.png","contentUrl":"https:\/\/www.massafmedical.com.br\/loja\/wp-content\/uploads\/2023\/10\/Imagem75.png","width":261,"height":224},{"@type":"BreadcrumbList","@id":"https:\/\/www.massafmedical.com.br\/loja\/produto\/pinca-de-biopsia-oval-serrilhada-sem-espicula-revestida-descartavel-2-4mm-1800mm-6-5mm-cx-10unds-alton-ref-0000007959523-modelo-af-d2418buc\/#breadcrumb","itemListElement":[{"@type":"ListItem","position":1,"name":"In\u00edcio","item":"https:\/\/www.massafmedical.com.br\/loja\/"},{"@type":"ListItem","position":2,"name":"Produtos","item":"https:\/\/www.massafmedical.com.br\/loja\/nossos-produtos\/"},{"@type":"ListItem","position":3,"name":"Pin\u00e7a de Bi\u00f3psia Oval Serrilhada sem Esp\u00edcula Revestida Descart\u00e1vel (2.4mm 1800mm6.5mm) &#8211; CAIXA COM 10 UNIDADES"}]},{"@type":"WebSite","@id":"https:\/\/www.massafmedical.com.br\/loja\/#website","url":"https:\/\/www.massafmedical.com.br\/loja\/","name":"Massaf Medical","description":"","publisher":{"@id":"https:\/\/www.massafmedical.com.br\/loja\/#organization"},"potentialAction":[{"@type":"SearchAction","target":{"@type":"EntryPoint","urlTemplate":"https:\/\/www.massafmedical.com.br\/loja\/?s={search_term_string}"},"query-input":{"@type":"PropertyValueSpecification","valueRequired":true,"valueName":"search_term_string"}}],"inLanguage":"pt-BR"},{"@type":"Organization","@id":"https:\/\/www.massafmedical.com.br\/loja\/#organization","name":"Massaf Medical","url":"https:\/\/www.massafmedical.com.br\/loja\/","logo":{"@type":"ImageObject","inLanguage":"pt-BR","@id":"https:\/\/www.massafmedical.com.br\/loja\/#\/schema\/logo\/image\/","url":"http:\/\/www.massafmedical.com.br\/loja\/wp-content\/uploads\/2020\/10\/logotipo-big.png","contentUrl":"http:\/\/www.massafmedical.com.br\/loja\/wp-content\/uploads\/2020\/10\/logotipo-big.png","width":750,"height":253,"caption":"Massaf Medical"},"image":{"@id":"https:\/\/www.massafmedical.com.br\/loja\/#\/schema\/logo\/image\/"},"sameAs":["http:\/\/www.facebook.com\/MASSAFMEDICAL"]}]}},"_links":{"self":[{"href":"https:\/\/www.massafmedical.com.br\/loja\/wp-json\/wp\/v2\/product\/1176","targetHints":{"allow":["GET"]}}],"collection":[{"href":"https:\/\/www.massafmedical.com.br\/loja\/wp-json\/wp\/v2\/product"}],"about":[{"href":"https:\/\/www.massafmedical.com.br\/loja\/wp-json\/wp\/v2\/types\/product"}],"wp:featuredmedia":[{"embeddable":true,"href":"https:\/\/www.massafmedical.com.br\/loja\/wp-json\/wp\/v2\/media\/1214"}],"wp:attachment":[{"href":"https:\/\/www.massafmedical.com.br\/loja\/wp-json\/wp\/v2\/media?parent=1176"}],"wp:term":[{"taxonomy":"product_brand","embeddable":true,"href":"https:\/\/www.massafmedical.com.br\/loja\/wp-json\/wp\/v2\/product_brand?post=1176"},{"taxonomy":"product_cat","embeddable":true,"href":"https:\/\/www.massafmedical.com.br\/loja\/wp-json\/wp\/v2\/product_cat?post=1176"},{"taxonomy":"product_tag","embeddable":true,"href":"https:\/\/www.massafmedical.com.br\/loja\/wp-json\/wp\/v2\/product_tag?post=1176"}],"curies":[{"name":"wp","href":"https:\/\/api.w.org\/{rel}","templated":true}]}}