{"id":1171,"date":"2023-10-24T15:46:36","date_gmt":"2023-10-24T18:46:36","guid":{"rendered":"https:\/\/www.massafmedical.com.br\/loja\/?post_type=product&#038;p=1171"},"modified":"2025-08-26T10:02:46","modified_gmt":"2025-08-26T13:02:46","slug":"coletor-de-polipos-cx-10unds-alton-ref-0000007959622-modelo-af-dpt","status":"publish","type":"product","link":"https:\/\/www.massafmedical.com.br\/loja\/produto\/coletor-de-polipos-cx-10unds-alton-ref-0000007959622-modelo-af-dpt\/","title":{"rendered":"Coletor de P\u00f3lipos ALTON &#8211; CAIXA COM 10 UNIDADES"},"content":{"rendered":"<p><strong>Coletor de P\u00f3lipos Descart\u00e1vel\u00a0 (caixa com 10 unidades):\u00a0<\/strong><\/p>\n<p>Os coletores de p\u00f3lipos s\u00e3o recipientes para armazenamento dos p\u00f3lipos que foram removidos e que devem ser fornecidos para um exame histol\u00f3gico ap\u00f3s o procedimento. A tampa flex\u00edvel \u00e9 fornecida com dois bocais, em cada um dos quais \u00e9 fixada uma mangueira de suc\u00e7\u00e3o.<\/p>\n<p>&nbsp;<\/p>\n<p>Todas as garantias s\u00e3o dadas pelos fabricantes, e variam de produto para produto. Elas ser\u00e3o informadas nas p\u00e1ginas de cada produto. Caso tenha alguma d\u00favida, entre em contato conosco.<\/p>\n<p>Para devolu\u00e7\u00f5es, os produtos dever\u00e3o ser remetidos em suas embalagens originais e caso for constatado mal uso, o custo ser\u00e1 por parte do comprador. <img decoding=\"async\" class=\"wp-image-1123 alignright lazyload\" data-src=\"https:\/\/www.massafmedical.com.br\/loja\/wp-content\/uploads\/2023\/10\/1-Coletor-de-Polipos-CX-10unds-ALTON-AF-DPT-82000.png\" alt=\"\" width=\"278\" height=\"212\" src=\"data:image\/gif;base64,R0lGODlhAQABAAAAACH5BAEKAAEALAAAAAABAAEAAAICTAEAOw==\" style=\"--smush-placeholder-width: 278px; --smush-placeholder-aspect-ratio: 278\/212;\" \/><\/p>\n<p>&nbsp;<\/p>\n<p>Modelo:\u00a0AF-DPT;<\/p>\n<p>Marca: Alton;<\/p>\n<p>N\u00famero Registro ANVISA:\u00a081323699002;<\/p>\n<p>REF: 0000007959622.<\/p>\n<p><img decoding=\"async\" class=\"wp-image-1126 alignright lazyload\" data-src=\"https:\/\/www.massafmedical.com.br\/loja\/wp-content\/uploads\/2023\/10\/Bocal-com-Elastico-Adulto-CX-100unds-ALTON-AF-GBW-1.09900.png\" alt=\"\" width=\"204\" height=\"272\" src=\"data:image\/gif;base64,R0lGODlhAQABAAAAACH5BAEKAAEALAAAAAABAAEAAAICTAEAOw==\" style=\"--smush-placeholder-width: 204px; --smush-placeholder-aspect-ratio: 204\/272;\" \/><\/p>\n<p>&nbsp;<\/p>\n<p>&nbsp;<\/p>\n<p>&nbsp;<\/p>\n<p>&nbsp;<\/p>\n<p>&nbsp;<\/p>\n<p>&nbsp;<\/p>\n","protected":false},"excerpt":{"rendered":"<p>Os coletores de p\u00f3lipos s\u00e3o recipientes para armazenamento dos p\u00f3lipos que foram removidos e que devem ser fornecidos para um exame histol\u00f3gico ap\u00f3s o procedimento. A tampa flex\u00edvel \u00e9 fornecida com dois bocais, em cada um dos quais \u00e9 fixada uma mangueira de suc\u00e7\u00e3o.<\/p>\n","protected":false},"featured_media":1123,"template":"","meta":[],"product_brand":[],"product_cat":[66,88],"product_tag":[],"class_list":{"0":"post-1171","1":"product","2":"type-product","3":"status-publish","4":"has-post-thumbnail","6":"product_cat-descartaveis","7":"product_cat-pincas-e-acessorios","9":"first","10":"instock","11":"taxable","12":"shipping-taxable","13":"purchasable","14":"product-type-simple"},"acf":[],"yoast_head":"<!-- This site is optimized with the Yoast SEO plugin v24.4 - https:\/\/yoast.com\/wordpress\/plugins\/seo\/ -->\n<title>Coletor de P\u00f3lipos ALTON - CAIXA COM 10 UNIDADES - Massaf Medical<\/title>\n<meta name=\"robots\" content=\"index, follow, max-snippet:-1, max-image-preview:large, max-video-preview:-1\" \/>\n<link rel=\"canonical\" href=\"https:\/\/www.massafmedical.com.br\/loja\/produto\/coletor-de-polipos-cx-10unds-alton-ref-0000007959622-modelo-af-dpt\/\" \/>\n<meta property=\"og:locale\" content=\"pt_BR\" \/>\n<meta property=\"og:type\" content=\"article\" \/>\n<meta property=\"og:title\" content=\"Coletor de P\u00f3lipos ALTON - CAIXA COM 10 UNIDADES - Massaf Medical\" \/>\n<meta property=\"og:description\" content=\"Os coletores de p\u00f3lipos s\u00e3o recipientes para armazenamento dos p\u00f3lipos que foram removidos e que devem ser fornecidos para um exame histol\u00f3gico ap\u00f3s o procedimento. A tampa flex\u00edvel \u00e9 fornecida com dois bocais, em cada um dos quais \u00e9 fixada uma mangueira de suc\u00e7\u00e3o.\" \/>\n<meta property=\"og:url\" content=\"https:\/\/www.massafmedical.com.br\/loja\/produto\/coletor-de-polipos-cx-10unds-alton-ref-0000007959622-modelo-af-dpt\/\" \/>\n<meta property=\"og:site_name\" content=\"Massaf Medical\" \/>\n<meta property=\"article:publisher\" content=\"http:\/\/www.facebook.com\/MASSAFMEDICAL\" \/>\n<meta property=\"article:modified_time\" content=\"2025-08-26T13:02:46+00:00\" \/>\n<meta property=\"og:image\" content=\"https:\/\/www.massafmedical.com.br\/loja\/wp-content\/uploads\/2023\/10\/1-Coletor-de-Polipos-CX-10unds-ALTON-AF-DPT-82000.png\" \/>\n\t<meta property=\"og:image:width\" content=\"565\" \/>\n\t<meta property=\"og:image:height\" content=\"431\" \/>\n\t<meta property=\"og:image:type\" content=\"image\/png\" \/>\n<meta name=\"twitter:card\" content=\"summary_large_image\" \/>\n<meta name=\"twitter:label1\" content=\"Est. tempo de leitura\" \/>\n\t<meta name=\"twitter:data1\" content=\"2 minutos\" \/>\n<script type=\"application\/ld+json\" class=\"yoast-schema-graph\">{\"@context\":\"https:\/\/schema.org\",\"@graph\":[{\"@type\":\"WebPage\",\"@id\":\"https:\/\/www.massafmedical.com.br\/loja\/produto\/coletor-de-polipos-cx-10unds-alton-ref-0000007959622-modelo-af-dpt\/\",\"url\":\"https:\/\/www.massafmedical.com.br\/loja\/produto\/coletor-de-polipos-cx-10unds-alton-ref-0000007959622-modelo-af-dpt\/\",\"name\":\"Coletor de P\u00f3lipos ALTON - CAIXA COM 10 UNIDADES - Massaf Medical\",\"isPartOf\":{\"@id\":\"https:\/\/www.massafmedical.com.br\/loja\/#website\"},\"primaryImageOfPage\":{\"@id\":\"https:\/\/www.massafmedical.com.br\/loja\/produto\/coletor-de-polipos-cx-10unds-alton-ref-0000007959622-modelo-af-dpt\/#primaryimage\"},\"image\":{\"@id\":\"https:\/\/www.massafmedical.com.br\/loja\/produto\/coletor-de-polipos-cx-10unds-alton-ref-0000007959622-modelo-af-dpt\/#primaryimage\"},\"thumbnailUrl\":\"https:\/\/www.massafmedical.com.br\/loja\/wp-content\/uploads\/2023\/10\/1-Coletor-de-Polipos-CX-10unds-ALTON-AF-DPT-82000.png\",\"datePublished\":\"2023-10-24T18:46:36+00:00\",\"dateModified\":\"2025-08-26T13:02:46+00:00\",\"breadcrumb\":{\"@id\":\"https:\/\/www.massafmedical.com.br\/loja\/produto\/coletor-de-polipos-cx-10unds-alton-ref-0000007959622-modelo-af-dpt\/#breadcrumb\"},\"inLanguage\":\"pt-BR\",\"potentialAction\":[{\"@type\":\"ReadAction\",\"target\":[\"https:\/\/www.massafmedical.com.br\/loja\/produto\/coletor-de-polipos-cx-10unds-alton-ref-0000007959622-modelo-af-dpt\/\"]}]},{\"@type\":\"ImageObject\",\"inLanguage\":\"pt-BR\",\"@id\":\"https:\/\/www.massafmedical.com.br\/loja\/produto\/coletor-de-polipos-cx-10unds-alton-ref-0000007959622-modelo-af-dpt\/#primaryimage\",\"url\":\"https:\/\/www.massafmedical.com.br\/loja\/wp-content\/uploads\/2023\/10\/1-Coletor-de-Polipos-CX-10unds-ALTON-AF-DPT-82000.png\",\"contentUrl\":\"https:\/\/www.massafmedical.com.br\/loja\/wp-content\/uploads\/2023\/10\/1-Coletor-de-Polipos-CX-10unds-ALTON-AF-DPT-82000.png\",\"width\":565,\"height\":431},{\"@type\":\"BreadcrumbList\",\"@id\":\"https:\/\/www.massafmedical.com.br\/loja\/produto\/coletor-de-polipos-cx-10unds-alton-ref-0000007959622-modelo-af-dpt\/#breadcrumb\",\"itemListElement\":[{\"@type\":\"ListItem\",\"position\":1,\"name\":\"In\u00edcio\",\"item\":\"https:\/\/www.massafmedical.com.br\/loja\/\"},{\"@type\":\"ListItem\",\"position\":2,\"name\":\"Produtos\",\"item\":\"https:\/\/www.massafmedical.com.br\/loja\/nossos-produtos\/\"},{\"@type\":\"ListItem\",\"position\":3,\"name\":\"Coletor de P\u00f3lipos ALTON &#8211; CAIXA COM 10 UNIDADES\"}]},{\"@type\":\"WebSite\",\"@id\":\"https:\/\/www.massafmedical.com.br\/loja\/#website\",\"url\":\"https:\/\/www.massafmedical.com.br\/loja\/\",\"name\":\"Massaf Medical\",\"description\":\"\",\"publisher\":{\"@id\":\"https:\/\/www.massafmedical.com.br\/loja\/#organization\"},\"potentialAction\":[{\"@type\":\"SearchAction\",\"target\":{\"@type\":\"EntryPoint\",\"urlTemplate\":\"https:\/\/www.massafmedical.com.br\/loja\/?s={search_term_string}\"},\"query-input\":{\"@type\":\"PropertyValueSpecification\",\"valueRequired\":true,\"valueName\":\"search_term_string\"}}],\"inLanguage\":\"pt-BR\"},{\"@type\":\"Organization\",\"@id\":\"https:\/\/www.massafmedical.com.br\/loja\/#organization\",\"name\":\"Massaf Medical\",\"url\":\"https:\/\/www.massafmedical.com.br\/loja\/\",\"logo\":{\"@type\":\"ImageObject\",\"inLanguage\":\"pt-BR\",\"@id\":\"https:\/\/www.massafmedical.com.br\/loja\/#\/schema\/logo\/image\/\",\"url\":\"http:\/\/www.massafmedical.com.br\/loja\/wp-content\/uploads\/2020\/10\/logotipo-big.png\",\"contentUrl\":\"http:\/\/www.massafmedical.com.br\/loja\/wp-content\/uploads\/2020\/10\/logotipo-big.png\",\"width\":750,\"height\":253,\"caption\":\"Massaf Medical\"},\"image\":{\"@id\":\"https:\/\/www.massafmedical.com.br\/loja\/#\/schema\/logo\/image\/\"},\"sameAs\":[\"http:\/\/www.facebook.com\/MASSAFMEDICAL\"]}]}<\/script>\n<!-- \/ Yoast SEO plugin. -->","yoast_head_json":{"title":"Coletor de P\u00f3lipos ALTON - CAIXA COM 10 UNIDADES - Massaf Medical","robots":{"index":"index","follow":"follow","max-snippet":"max-snippet:-1","max-image-preview":"max-image-preview:large","max-video-preview":"max-video-preview:-1"},"canonical":"https:\/\/www.massafmedical.com.br\/loja\/produto\/coletor-de-polipos-cx-10unds-alton-ref-0000007959622-modelo-af-dpt\/","og_locale":"pt_BR","og_type":"article","og_title":"Coletor de P\u00f3lipos ALTON - CAIXA COM 10 UNIDADES - Massaf Medical","og_description":"Os coletores de p\u00f3lipos s\u00e3o recipientes para armazenamento dos p\u00f3lipos que foram removidos e que devem ser fornecidos para um exame histol\u00f3gico ap\u00f3s o procedimento. A tampa flex\u00edvel \u00e9 fornecida com dois bocais, em cada um dos quais \u00e9 fixada uma mangueira de suc\u00e7\u00e3o.","og_url":"https:\/\/www.massafmedical.com.br\/loja\/produto\/coletor-de-polipos-cx-10unds-alton-ref-0000007959622-modelo-af-dpt\/","og_site_name":"Massaf Medical","article_publisher":"http:\/\/www.facebook.com\/MASSAFMEDICAL","article_modified_time":"2025-08-26T13:02:46+00:00","og_image":[{"width":565,"height":431,"url":"https:\/\/www.massafmedical.com.br\/loja\/wp-content\/uploads\/2023\/10\/1-Coletor-de-Polipos-CX-10unds-ALTON-AF-DPT-82000.png","type":"image\/png"}],"twitter_card":"summary_large_image","twitter_misc":{"Est. tempo de leitura":"2 minutos"},"schema":{"@context":"https:\/\/schema.org","@graph":[{"@type":"WebPage","@id":"https:\/\/www.massafmedical.com.br\/loja\/produto\/coletor-de-polipos-cx-10unds-alton-ref-0000007959622-modelo-af-dpt\/","url":"https:\/\/www.massafmedical.com.br\/loja\/produto\/coletor-de-polipos-cx-10unds-alton-ref-0000007959622-modelo-af-dpt\/","name":"Coletor de P\u00f3lipos ALTON - CAIXA COM 10 UNIDADES - Massaf Medical","isPartOf":{"@id":"https:\/\/www.massafmedical.com.br\/loja\/#website"},"primaryImageOfPage":{"@id":"https:\/\/www.massafmedical.com.br\/loja\/produto\/coletor-de-polipos-cx-10unds-alton-ref-0000007959622-modelo-af-dpt\/#primaryimage"},"image":{"@id":"https:\/\/www.massafmedical.com.br\/loja\/produto\/coletor-de-polipos-cx-10unds-alton-ref-0000007959622-modelo-af-dpt\/#primaryimage"},"thumbnailUrl":"https:\/\/www.massafmedical.com.br\/loja\/wp-content\/uploads\/2023\/10\/1-Coletor-de-Polipos-CX-10unds-ALTON-AF-DPT-82000.png","datePublished":"2023-10-24T18:46:36+00:00","dateModified":"2025-08-26T13:02:46+00:00","breadcrumb":{"@id":"https:\/\/www.massafmedical.com.br\/loja\/produto\/coletor-de-polipos-cx-10unds-alton-ref-0000007959622-modelo-af-dpt\/#breadcrumb"},"inLanguage":"pt-BR","potentialAction":[{"@type":"ReadAction","target":["https:\/\/www.massafmedical.com.br\/loja\/produto\/coletor-de-polipos-cx-10unds-alton-ref-0000007959622-modelo-af-dpt\/"]}]},{"@type":"ImageObject","inLanguage":"pt-BR","@id":"https:\/\/www.massafmedical.com.br\/loja\/produto\/coletor-de-polipos-cx-10unds-alton-ref-0000007959622-modelo-af-dpt\/#primaryimage","url":"https:\/\/www.massafmedical.com.br\/loja\/wp-content\/uploads\/2023\/10\/1-Coletor-de-Polipos-CX-10unds-ALTON-AF-DPT-82000.png","contentUrl":"https:\/\/www.massafmedical.com.br\/loja\/wp-content\/uploads\/2023\/10\/1-Coletor-de-Polipos-CX-10unds-ALTON-AF-DPT-82000.png","width":565,"height":431},{"@type":"BreadcrumbList","@id":"https:\/\/www.massafmedical.com.br\/loja\/produto\/coletor-de-polipos-cx-10unds-alton-ref-0000007959622-modelo-af-dpt\/#breadcrumb","itemListElement":[{"@type":"ListItem","position":1,"name":"In\u00edcio","item":"https:\/\/www.massafmedical.com.br\/loja\/"},{"@type":"ListItem","position":2,"name":"Produtos","item":"https:\/\/www.massafmedical.com.br\/loja\/nossos-produtos\/"},{"@type":"ListItem","position":3,"name":"Coletor de P\u00f3lipos ALTON &#8211; CAIXA COM 10 UNIDADES"}]},{"@type":"WebSite","@id":"https:\/\/www.massafmedical.com.br\/loja\/#website","url":"https:\/\/www.massafmedical.com.br\/loja\/","name":"Massaf Medical","description":"","publisher":{"@id":"https:\/\/www.massafmedical.com.br\/loja\/#organization"},"potentialAction":[{"@type":"SearchAction","target":{"@type":"EntryPoint","urlTemplate":"https:\/\/www.massafmedical.com.br\/loja\/?s={search_term_string}"},"query-input":{"@type":"PropertyValueSpecification","valueRequired":true,"valueName":"search_term_string"}}],"inLanguage":"pt-BR"},{"@type":"Organization","@id":"https:\/\/www.massafmedical.com.br\/loja\/#organization","name":"Massaf Medical","url":"https:\/\/www.massafmedical.com.br\/loja\/","logo":{"@type":"ImageObject","inLanguage":"pt-BR","@id":"https:\/\/www.massafmedical.com.br\/loja\/#\/schema\/logo\/image\/","url":"http:\/\/www.massafmedical.com.br\/loja\/wp-content\/uploads\/2020\/10\/logotipo-big.png","contentUrl":"http:\/\/www.massafmedical.com.br\/loja\/wp-content\/uploads\/2020\/10\/logotipo-big.png","width":750,"height":253,"caption":"Massaf Medical"},"image":{"@id":"https:\/\/www.massafmedical.com.br\/loja\/#\/schema\/logo\/image\/"},"sameAs":["http:\/\/www.facebook.com\/MASSAFMEDICAL"]}]}},"_links":{"self":[{"href":"https:\/\/www.massafmedical.com.br\/loja\/wp-json\/wp\/v2\/product\/1171","targetHints":{"allow":["GET"]}}],"collection":[{"href":"https:\/\/www.massafmedical.com.br\/loja\/wp-json\/wp\/v2\/product"}],"about":[{"href":"https:\/\/www.massafmedical.com.br\/loja\/wp-json\/wp\/v2\/types\/product"}],"wp:featuredmedia":[{"embeddable":true,"href":"https:\/\/www.massafmedical.com.br\/loja\/wp-json\/wp\/v2\/media\/1123"}],"wp:attachment":[{"href":"https:\/\/www.massafmedical.com.br\/loja\/wp-json\/wp\/v2\/media?parent=1171"}],"wp:term":[{"taxonomy":"product_brand","embeddable":true,"href":"https:\/\/www.massafmedical.com.br\/loja\/wp-json\/wp\/v2\/product_brand?post=1171"},{"taxonomy":"product_cat","embeddable":true,"href":"https:\/\/www.massafmedical.com.br\/loja\/wp-json\/wp\/v2\/product_cat?post=1171"},{"taxonomy":"product_tag","embeddable":true,"href":"https:\/\/www.massafmedical.com.br\/loja\/wp-json\/wp\/v2\/product_tag?post=1171"}],"curies":[{"name":"wp","href":"https:\/\/api.w.org\/{rel}","templated":true}]}}