{"id":1170,"date":"2023-10-24T15:42:25","date_gmt":"2023-10-24T18:42:25","guid":{"rendered":"https:\/\/www.massafmedical.com.br\/loja\/?post_type=product&#038;p=1170"},"modified":"2025-08-26T09:56:55","modified_gmt":"2025-08-26T12:56:55","slug":"pinca-de-retirada-de-corpo-estranho-pelicano-descartavel-2-4mm-2300mm-15mm-cx-10unds-alton-ref-0000007961397-modelo-alton-af-d2423gk","status":"publish","type":"product","link":"https:\/\/www.massafmedical.com.br\/loja\/produto\/pinca-de-retirada-de-corpo-estranho-pelicano-descartavel-2-4mm-2300mm-15mm-cx-10unds-alton-ref-0000007961397-modelo-alton-af-d2423gk\/","title":{"rendered":"Pin\u00e7a de Retirada de Corpo Estranho Pelicano Descart\u00e1vel (2.4mm 2300mm 15mm) &#8211; CAIXA COM 10 UNIDADES"},"content":{"rendered":"<p><strong>Pin\u00e7a de Retirada de Corpo Estranho Pelicano (caixa com 10 unidades):\u00a0<\/strong><\/p>\n<p>Utilizada em procedimentos de Gastroscopia e Colonoscopia, essas pin\u00e7as s\u00e3o projetadas para serem inseridas atrav\u00e9s do canal de trabalho do endosc\u00f3pio, que \u00e9 o tubo flex\u00edvel utilizado para visualizar o interior do trato gastrointestinal. Elas s\u00e3o controladas pelo m\u00e9dico ou profissional de sa\u00fade durante o procedimento endosc\u00f3pico.<\/p>\n<p>A remo\u00e7\u00e3o de corpos estranhos durante a endoscopia \u00e9 uma pr\u00e1tica comum e geralmente \u00e9 realizada com seguran\u00e7a. No entanto, como em qualquer procedimento m\u00e9dico, \u00e9 importante que seja conduzida por profissionais de sa\u00fade experientes e treinados para evitar complica\u00e7\u00f5es ou danos ao paciente. Al\u00e9m disso, em casos mais complexos ou desafiadores, podem ser necess\u00e1rias t\u00e9cnicas avan\u00e7adas ou equipamentos adicionais para uma remo\u00e7\u00e3o bem-sucedida do corpo estranho.<\/p>\n<p>&nbsp;<\/p>\n<p>Todas as garantias s\u00e3o dadas pelos fabricantes, e variam de produto para produto. Elas ser\u00e3o informadas nas p\u00e1ginas de cada produto. Caso tenha alguma d\u00favida, entre em contato conosco.<\/p>\n<p>Para devolu\u00e7\u00f5es, os produtos dever\u00e3o ser remetidos em suas embalagens originais e caso for constatado mal uso, o custo ser\u00e1 por parte do comprador.<\/p>\n<p>&nbsp;<\/p>\n<p><img decoding=\"async\" class=\"wp-image-1141 alignright lazyload\" data-src=\"https:\/\/www.massafmedical.com.br\/loja\/wp-content\/uploads\/2023\/10\/1-Pinca-de-Retirada-de-Corpo-Estranho-Dente-de-Jacare-Descartavel-2.4mm-2300mm-7.5mm-CX.png\" alt=\"\" width=\"379\" height=\"307\" src=\"data:image\/gif;base64,R0lGODlhAQABAAAAACH5BAEKAAEALAAAAAABAAEAAAICTAEAOw==\" style=\"--smush-placeholder-width: 379px; --smush-placeholder-aspect-ratio: 379\/307;\" \/><\/p>\n<p>Modelo: AF-D2423GK;<\/p>\n<p>Marca: Alton;<\/p>\n<p>Di\u00e2metro da Haste: 2.4mm;<\/p>\n<p>Comprimento da Haste: 2300mm;<\/p>\n<p>Abertura: 15mm;<\/p>\n<p>Di\u00e2metro do canal de trabalho: &gt;2.8mm;<\/p>\n<p>N\u00famero Registro ANVISA:\u00a081323699004;<\/p>\n<p>REF: 0000007961397.<\/p>\n<p>&nbsp;<\/p>\n<p>&nbsp;<\/p>\n<p>&nbsp;<\/p>\n<p>&nbsp;<\/p>\n<p>&nbsp;<\/p>\n<p>&nbsp;<\/p>\n<p>&nbsp;<\/p>\n<p>&nbsp;<\/p>\n<p>&nbsp;<\/p>\n<p>&nbsp;<\/p>\n","protected":false},"excerpt":{"rendered":"<p>Pin\u00e7as projetadas para serem inseridas atrav\u00e9s do canal de trabalho do endosc\u00f3pio, que \u00e9 o tubo flex\u00edvel utilizado para visualizar o interior do trato gastrointestinal. Elas s\u00e3o controladas pelo m\u00e9dico ou profissional de sa\u00fade durante o procedimento endosc\u00f3pico.<\/p>\n","protected":false},"featured_media":1121,"template":"","meta":[],"product_brand":[],"product_cat":[66,88],"product_tag":[],"class_list":{"0":"post-1170","1":"product","2":"type-product","3":"status-publish","4":"has-post-thumbnail","6":"product_cat-descartaveis","7":"product_cat-pincas-e-acessorios","9":"first","10":"instock","11":"taxable","12":"shipping-taxable","13":"product-type-simple"},"acf":[],"yoast_head":"<!-- This site is optimized with the Yoast SEO plugin v24.4 - https:\/\/yoast.com\/wordpress\/plugins\/seo\/ -->\n<title>Pin\u00e7a de Retirada de Corpo Estranho Pelicano Descart\u00e1vel (2.4mm 2300mm 15mm) - CAIXA COM 10 UNIDADES - Massaf Medical<\/title>\n<meta name=\"robots\" content=\"index, follow, max-snippet:-1, max-image-preview:large, max-video-preview:-1\" \/>\n<link rel=\"canonical\" href=\"https:\/\/www.massafmedical.com.br\/loja\/produto\/pinca-de-retirada-de-corpo-estranho-pelicano-descartavel-2-4mm-2300mm-15mm-cx-10unds-alton-ref-0000007961397-modelo-alton-af-d2423gk\/\" \/>\n<meta property=\"og:locale\" content=\"pt_BR\" \/>\n<meta property=\"og:type\" content=\"article\" \/>\n<meta property=\"og:title\" content=\"Pin\u00e7a de Retirada de Corpo Estranho Pelicano Descart\u00e1vel (2.4mm 2300mm 15mm) - CAIXA COM 10 UNIDADES - Massaf Medical\" \/>\n<meta property=\"og:description\" content=\"Pin\u00e7as projetadas para serem inseridas atrav\u00e9s do canal de trabalho do endosc\u00f3pio, que \u00e9 o tubo flex\u00edvel utilizado para visualizar o interior do trato gastrointestinal. Elas s\u00e3o controladas pelo m\u00e9dico ou profissional de sa\u00fade durante o procedimento endosc\u00f3pico.\" \/>\n<meta property=\"og:url\" content=\"https:\/\/www.massafmedical.com.br\/loja\/produto\/pinca-de-retirada-de-corpo-estranho-pelicano-descartavel-2-4mm-2300mm-15mm-cx-10unds-alton-ref-0000007961397-modelo-alton-af-d2423gk\/\" \/>\n<meta property=\"og:site_name\" content=\"Massaf Medical\" \/>\n<meta property=\"article:publisher\" content=\"http:\/\/www.facebook.com\/MASSAFMEDICAL\" \/>\n<meta property=\"article:modified_time\" content=\"2025-08-26T12:56:55+00:00\" \/>\n<meta property=\"og:image\" content=\"https:\/\/www.massafmedical.com.br\/loja\/wp-content\/uploads\/2023\/10\/1-Pinca-de-Retirada-de-Corpo-Estranho-Pelicano-Descartavel-2.4mm-2300mm-15mm-CX-10unds-ALTON-AF-D2423GK-99000-1.png\" \/>\n\t<meta property=\"og:image:width\" content=\"536\" \/>\n\t<meta property=\"og:image:height\" content=\"427\" \/>\n\t<meta property=\"og:image:type\" content=\"image\/png\" \/>\n<meta name=\"twitter:card\" content=\"summary_large_image\" \/>\n<meta name=\"twitter:label1\" content=\"Est. tempo de leitura\" \/>\n\t<meta name=\"twitter:data1\" content=\"2 minutos\" \/>\n<script type=\"application\/ld+json\" class=\"yoast-schema-graph\">{\"@context\":\"https:\/\/schema.org\",\"@graph\":[{\"@type\":\"WebPage\",\"@id\":\"https:\/\/www.massafmedical.com.br\/loja\/produto\/pinca-de-retirada-de-corpo-estranho-pelicano-descartavel-2-4mm-2300mm-15mm-cx-10unds-alton-ref-0000007961397-modelo-alton-af-d2423gk\/\",\"url\":\"https:\/\/www.massafmedical.com.br\/loja\/produto\/pinca-de-retirada-de-corpo-estranho-pelicano-descartavel-2-4mm-2300mm-15mm-cx-10unds-alton-ref-0000007961397-modelo-alton-af-d2423gk\/\",\"name\":\"Pin\u00e7a de Retirada de Corpo Estranho Pelicano Descart\u00e1vel (2.4mm 2300mm 15mm) - CAIXA COM 10 UNIDADES - Massaf Medical\",\"isPartOf\":{\"@id\":\"https:\/\/www.massafmedical.com.br\/loja\/#website\"},\"primaryImageOfPage\":{\"@id\":\"https:\/\/www.massafmedical.com.br\/loja\/produto\/pinca-de-retirada-de-corpo-estranho-pelicano-descartavel-2-4mm-2300mm-15mm-cx-10unds-alton-ref-0000007961397-modelo-alton-af-d2423gk\/#primaryimage\"},\"image\":{\"@id\":\"https:\/\/www.massafmedical.com.br\/loja\/produto\/pinca-de-retirada-de-corpo-estranho-pelicano-descartavel-2-4mm-2300mm-15mm-cx-10unds-alton-ref-0000007961397-modelo-alton-af-d2423gk\/#primaryimage\"},\"thumbnailUrl\":\"https:\/\/www.massafmedical.com.br\/loja\/wp-content\/uploads\/2023\/10\/1-Pinca-de-Retirada-de-Corpo-Estranho-Pelicano-Descartavel-2.4mm-2300mm-15mm-CX-10unds-ALTON-AF-D2423GK-99000-1.png\",\"datePublished\":\"2023-10-24T18:42:25+00:00\",\"dateModified\":\"2025-08-26T12:56:55+00:00\",\"breadcrumb\":{\"@id\":\"https:\/\/www.massafmedical.com.br\/loja\/produto\/pinca-de-retirada-de-corpo-estranho-pelicano-descartavel-2-4mm-2300mm-15mm-cx-10unds-alton-ref-0000007961397-modelo-alton-af-d2423gk\/#breadcrumb\"},\"inLanguage\":\"pt-BR\",\"potentialAction\":[{\"@type\":\"ReadAction\",\"target\":[\"https:\/\/www.massafmedical.com.br\/loja\/produto\/pinca-de-retirada-de-corpo-estranho-pelicano-descartavel-2-4mm-2300mm-15mm-cx-10unds-alton-ref-0000007961397-modelo-alton-af-d2423gk\/\"]}]},{\"@type\":\"ImageObject\",\"inLanguage\":\"pt-BR\",\"@id\":\"https:\/\/www.massafmedical.com.br\/loja\/produto\/pinca-de-retirada-de-corpo-estranho-pelicano-descartavel-2-4mm-2300mm-15mm-cx-10unds-alton-ref-0000007961397-modelo-alton-af-d2423gk\/#primaryimage\",\"url\":\"https:\/\/www.massafmedical.com.br\/loja\/wp-content\/uploads\/2023\/10\/1-Pinca-de-Retirada-de-Corpo-Estranho-Pelicano-Descartavel-2.4mm-2300mm-15mm-CX-10unds-ALTON-AF-D2423GK-99000-1.png\",\"contentUrl\":\"https:\/\/www.massafmedical.com.br\/loja\/wp-content\/uploads\/2023\/10\/1-Pinca-de-Retirada-de-Corpo-Estranho-Pelicano-Descartavel-2.4mm-2300mm-15mm-CX-10unds-ALTON-AF-D2423GK-99000-1.png\",\"width\":536,\"height\":427},{\"@type\":\"BreadcrumbList\",\"@id\":\"https:\/\/www.massafmedical.com.br\/loja\/produto\/pinca-de-retirada-de-corpo-estranho-pelicano-descartavel-2-4mm-2300mm-15mm-cx-10unds-alton-ref-0000007961397-modelo-alton-af-d2423gk\/#breadcrumb\",\"itemListElement\":[{\"@type\":\"ListItem\",\"position\":1,\"name\":\"In\u00edcio\",\"item\":\"https:\/\/www.massafmedical.com.br\/loja\/\"},{\"@type\":\"ListItem\",\"position\":2,\"name\":\"Produtos\",\"item\":\"https:\/\/www.massafmedical.com.br\/loja\/nossos-produtos\/\"},{\"@type\":\"ListItem\",\"position\":3,\"name\":\"Pin\u00e7a de Retirada de Corpo Estranho Pelicano Descart\u00e1vel (2.4mm 2300mm 15mm) &#8211; CAIXA COM 10 UNIDADES\"}]},{\"@type\":\"WebSite\",\"@id\":\"https:\/\/www.massafmedical.com.br\/loja\/#website\",\"url\":\"https:\/\/www.massafmedical.com.br\/loja\/\",\"name\":\"Massaf Medical\",\"description\":\"\",\"publisher\":{\"@id\":\"https:\/\/www.massafmedical.com.br\/loja\/#organization\"},\"potentialAction\":[{\"@type\":\"SearchAction\",\"target\":{\"@type\":\"EntryPoint\",\"urlTemplate\":\"https:\/\/www.massafmedical.com.br\/loja\/?s={search_term_string}\"},\"query-input\":{\"@type\":\"PropertyValueSpecification\",\"valueRequired\":true,\"valueName\":\"search_term_string\"}}],\"inLanguage\":\"pt-BR\"},{\"@type\":\"Organization\",\"@id\":\"https:\/\/www.massafmedical.com.br\/loja\/#organization\",\"name\":\"Massaf Medical\",\"url\":\"https:\/\/www.massafmedical.com.br\/loja\/\",\"logo\":{\"@type\":\"ImageObject\",\"inLanguage\":\"pt-BR\",\"@id\":\"https:\/\/www.massafmedical.com.br\/loja\/#\/schema\/logo\/image\/\",\"url\":\"http:\/\/www.massafmedical.com.br\/loja\/wp-content\/uploads\/2020\/10\/logotipo-big.png\",\"contentUrl\":\"http:\/\/www.massafmedical.com.br\/loja\/wp-content\/uploads\/2020\/10\/logotipo-big.png\",\"width\":750,\"height\":253,\"caption\":\"Massaf Medical\"},\"image\":{\"@id\":\"https:\/\/www.massafmedical.com.br\/loja\/#\/schema\/logo\/image\/\"},\"sameAs\":[\"http:\/\/www.facebook.com\/MASSAFMEDICAL\"]}]}<\/script>\n<!-- \/ Yoast SEO plugin. -->","yoast_head_json":{"title":"Pin\u00e7a de Retirada de Corpo Estranho Pelicano Descart\u00e1vel (2.4mm 2300mm 15mm) - CAIXA COM 10 UNIDADES - Massaf Medical","robots":{"index":"index","follow":"follow","max-snippet":"max-snippet:-1","max-image-preview":"max-image-preview:large","max-video-preview":"max-video-preview:-1"},"canonical":"https:\/\/www.massafmedical.com.br\/loja\/produto\/pinca-de-retirada-de-corpo-estranho-pelicano-descartavel-2-4mm-2300mm-15mm-cx-10unds-alton-ref-0000007961397-modelo-alton-af-d2423gk\/","og_locale":"pt_BR","og_type":"article","og_title":"Pin\u00e7a de Retirada de Corpo Estranho Pelicano Descart\u00e1vel (2.4mm 2300mm 15mm) - CAIXA COM 10 UNIDADES - Massaf Medical","og_description":"Pin\u00e7as projetadas para serem inseridas atrav\u00e9s do canal de trabalho do endosc\u00f3pio, que \u00e9 o tubo flex\u00edvel utilizado para visualizar o interior do trato gastrointestinal. Elas s\u00e3o controladas pelo m\u00e9dico ou profissional de sa\u00fade durante o procedimento endosc\u00f3pico.","og_url":"https:\/\/www.massafmedical.com.br\/loja\/produto\/pinca-de-retirada-de-corpo-estranho-pelicano-descartavel-2-4mm-2300mm-15mm-cx-10unds-alton-ref-0000007961397-modelo-alton-af-d2423gk\/","og_site_name":"Massaf Medical","article_publisher":"http:\/\/www.facebook.com\/MASSAFMEDICAL","article_modified_time":"2025-08-26T12:56:55+00:00","og_image":[{"width":536,"height":427,"url":"https:\/\/www.massafmedical.com.br\/loja\/wp-content\/uploads\/2023\/10\/1-Pinca-de-Retirada-de-Corpo-Estranho-Pelicano-Descartavel-2.4mm-2300mm-15mm-CX-10unds-ALTON-AF-D2423GK-99000-1.png","type":"image\/png"}],"twitter_card":"summary_large_image","twitter_misc":{"Est. tempo de leitura":"2 minutos"},"schema":{"@context":"https:\/\/schema.org","@graph":[{"@type":"WebPage","@id":"https:\/\/www.massafmedical.com.br\/loja\/produto\/pinca-de-retirada-de-corpo-estranho-pelicano-descartavel-2-4mm-2300mm-15mm-cx-10unds-alton-ref-0000007961397-modelo-alton-af-d2423gk\/","url":"https:\/\/www.massafmedical.com.br\/loja\/produto\/pinca-de-retirada-de-corpo-estranho-pelicano-descartavel-2-4mm-2300mm-15mm-cx-10unds-alton-ref-0000007961397-modelo-alton-af-d2423gk\/","name":"Pin\u00e7a de Retirada de Corpo Estranho Pelicano Descart\u00e1vel (2.4mm 2300mm 15mm) - CAIXA COM 10 UNIDADES - Massaf Medical","isPartOf":{"@id":"https:\/\/www.massafmedical.com.br\/loja\/#website"},"primaryImageOfPage":{"@id":"https:\/\/www.massafmedical.com.br\/loja\/produto\/pinca-de-retirada-de-corpo-estranho-pelicano-descartavel-2-4mm-2300mm-15mm-cx-10unds-alton-ref-0000007961397-modelo-alton-af-d2423gk\/#primaryimage"},"image":{"@id":"https:\/\/www.massafmedical.com.br\/loja\/produto\/pinca-de-retirada-de-corpo-estranho-pelicano-descartavel-2-4mm-2300mm-15mm-cx-10unds-alton-ref-0000007961397-modelo-alton-af-d2423gk\/#primaryimage"},"thumbnailUrl":"https:\/\/www.massafmedical.com.br\/loja\/wp-content\/uploads\/2023\/10\/1-Pinca-de-Retirada-de-Corpo-Estranho-Pelicano-Descartavel-2.4mm-2300mm-15mm-CX-10unds-ALTON-AF-D2423GK-99000-1.png","datePublished":"2023-10-24T18:42:25+00:00","dateModified":"2025-08-26T12:56:55+00:00","breadcrumb":{"@id":"https:\/\/www.massafmedical.com.br\/loja\/produto\/pinca-de-retirada-de-corpo-estranho-pelicano-descartavel-2-4mm-2300mm-15mm-cx-10unds-alton-ref-0000007961397-modelo-alton-af-d2423gk\/#breadcrumb"},"inLanguage":"pt-BR","potentialAction":[{"@type":"ReadAction","target":["https:\/\/www.massafmedical.com.br\/loja\/produto\/pinca-de-retirada-de-corpo-estranho-pelicano-descartavel-2-4mm-2300mm-15mm-cx-10unds-alton-ref-0000007961397-modelo-alton-af-d2423gk\/"]}]},{"@type":"ImageObject","inLanguage":"pt-BR","@id":"https:\/\/www.massafmedical.com.br\/loja\/produto\/pinca-de-retirada-de-corpo-estranho-pelicano-descartavel-2-4mm-2300mm-15mm-cx-10unds-alton-ref-0000007961397-modelo-alton-af-d2423gk\/#primaryimage","url":"https:\/\/www.massafmedical.com.br\/loja\/wp-content\/uploads\/2023\/10\/1-Pinca-de-Retirada-de-Corpo-Estranho-Pelicano-Descartavel-2.4mm-2300mm-15mm-CX-10unds-ALTON-AF-D2423GK-99000-1.png","contentUrl":"https:\/\/www.massafmedical.com.br\/loja\/wp-content\/uploads\/2023\/10\/1-Pinca-de-Retirada-de-Corpo-Estranho-Pelicano-Descartavel-2.4mm-2300mm-15mm-CX-10unds-ALTON-AF-D2423GK-99000-1.png","width":536,"height":427},{"@type":"BreadcrumbList","@id":"https:\/\/www.massafmedical.com.br\/loja\/produto\/pinca-de-retirada-de-corpo-estranho-pelicano-descartavel-2-4mm-2300mm-15mm-cx-10unds-alton-ref-0000007961397-modelo-alton-af-d2423gk\/#breadcrumb","itemListElement":[{"@type":"ListItem","position":1,"name":"In\u00edcio","item":"https:\/\/www.massafmedical.com.br\/loja\/"},{"@type":"ListItem","position":2,"name":"Produtos","item":"https:\/\/www.massafmedical.com.br\/loja\/nossos-produtos\/"},{"@type":"ListItem","position":3,"name":"Pin\u00e7a de Retirada de Corpo Estranho Pelicano Descart\u00e1vel (2.4mm 2300mm 15mm) &#8211; CAIXA COM 10 UNIDADES"}]},{"@type":"WebSite","@id":"https:\/\/www.massafmedical.com.br\/loja\/#website","url":"https:\/\/www.massafmedical.com.br\/loja\/","name":"Massaf Medical","description":"","publisher":{"@id":"https:\/\/www.massafmedical.com.br\/loja\/#organization"},"potentialAction":[{"@type":"SearchAction","target":{"@type":"EntryPoint","urlTemplate":"https:\/\/www.massafmedical.com.br\/loja\/?s={search_term_string}"},"query-input":{"@type":"PropertyValueSpecification","valueRequired":true,"valueName":"search_term_string"}}],"inLanguage":"pt-BR"},{"@type":"Organization","@id":"https:\/\/www.massafmedical.com.br\/loja\/#organization","name":"Massaf Medical","url":"https:\/\/www.massafmedical.com.br\/loja\/","logo":{"@type":"ImageObject","inLanguage":"pt-BR","@id":"https:\/\/www.massafmedical.com.br\/loja\/#\/schema\/logo\/image\/","url":"http:\/\/www.massafmedical.com.br\/loja\/wp-content\/uploads\/2020\/10\/logotipo-big.png","contentUrl":"http:\/\/www.massafmedical.com.br\/loja\/wp-content\/uploads\/2020\/10\/logotipo-big.png","width":750,"height":253,"caption":"Massaf Medical"},"image":{"@id":"https:\/\/www.massafmedical.com.br\/loja\/#\/schema\/logo\/image\/"},"sameAs":["http:\/\/www.facebook.com\/MASSAFMEDICAL"]}]}},"_links":{"self":[{"href":"https:\/\/www.massafmedical.com.br\/loja\/wp-json\/wp\/v2\/product\/1170","targetHints":{"allow":["GET"]}}],"collection":[{"href":"https:\/\/www.massafmedical.com.br\/loja\/wp-json\/wp\/v2\/product"}],"about":[{"href":"https:\/\/www.massafmedical.com.br\/loja\/wp-json\/wp\/v2\/types\/product"}],"wp:featuredmedia":[{"embeddable":true,"href":"https:\/\/www.massafmedical.com.br\/loja\/wp-json\/wp\/v2\/media\/1121"}],"wp:attachment":[{"href":"https:\/\/www.massafmedical.com.br\/loja\/wp-json\/wp\/v2\/media?parent=1170"}],"wp:term":[{"taxonomy":"product_brand","embeddable":true,"href":"https:\/\/www.massafmedical.com.br\/loja\/wp-json\/wp\/v2\/product_brand?post=1170"},{"taxonomy":"product_cat","embeddable":true,"href":"https:\/\/www.massafmedical.com.br\/loja\/wp-json\/wp\/v2\/product_cat?post=1170"},{"taxonomy":"product_tag","embeddable":true,"href":"https:\/\/www.massafmedical.com.br\/loja\/wp-json\/wp\/v2\/product_tag?post=1170"}],"curies":[{"name":"wp","href":"https:\/\/api.w.org\/{rel}","templated":true}]}}