{"id":1090,"date":"2023-09-15T17:21:45","date_gmt":"2023-09-15T20:21:45","guid":{"rendered":"https:\/\/www.massafmedical.com.br\/loja\/?post_type=product&#038;p=1090"},"modified":"2025-04-16T10:15:21","modified_gmt":"2025-04-16T13:15:21","slug":"zscan-hd-dicom-para-todas-as-especialidades-copia","status":"publish","type":"product","link":"https:\/\/www.massafmedical.com.br\/loja\/produto\/zscan-hd-dicom-para-todas-as-especialidades-copia\/","title":{"rendered":"ZSCAN HD DICOM &#8211; Para equipamentos com sa\u00eddas de v\u00eddeo digitais HDMI\/SDI\/DVI."},"content":{"rendered":"<p>Sistema de captura de imagens e emiss\u00e3o de laudos para TODAS AS ESPECIALIDADES com CONEX\u00d5ES DE V\u00cdDEO HDMI\/SDI\/DVI. Contempla a instala\u00e7\u00e3o em 01 computador (n\u00e3o incluso). Sinal ser\u00e1 convertido em DICOM para conex\u00e3o PACS. Licen\u00e7as opcionais em rede para digita\u00e7\u00e3o de laudo com valor sob consulta. Frete, treinamento e instala\u00e7\u00e3o on-line inclusos. Vers\u00e3o para Windows.<\/p>\n<p><strong>NOTA: PARA ATIVA\u00c7\u00c3O DESTE PRODUTO EXISTE RECORR\u00caNCIA MENSAL CONFORME PLANO DICOM PRO \u2013 \u00a0A ADES\u00c3O CONTRATUAL SER\u00c1 FEITA NA OCASI\u00c3O DA INSTALA\u00c7\u00c3O. R$ 199,00\/M\u00caS PARA 1\u00aa LICEN\u00c7A.<\/strong><\/p>\n<p><img decoding=\"async\" class=\"size-full wp-image-1096 aligncenter lazyload\" data-src=\"https:\/\/www.massafmedical.com.br\/loja\/wp-content\/uploads\/2023\/09\/PLANO-DICOM-PRO.png\" alt=\"\" width=\"238\" height=\"657\" src=\"data:image\/gif;base64,R0lGODlhAQABAAAAACH5BAEKAAEALAAAAAABAAEAAAICTAEAOw==\" style=\"--smush-placeholder-width: 238px; --smush-placeholder-aspect-ratio: 238\/657;\" \/><\/p>\n<p>&nbsp;<\/p>\n<p><em><img decoding=\"async\" class=\"size-full wp-image-391 aligncenter lazyload\" data-src=\"https:\/\/www.massafmedical.com.br\/loja\/wp-content\/uploads\/2020\/11\/11-DESCRICAO-ZSCAN-DICOM.jpg\" alt=\"\" width=\"912\" height=\"403\" data-srcset=\"https:\/\/www.massafmedical.com.br\/loja\/wp-content\/uploads\/2020\/11\/11-DESCRICAO-ZSCAN-DICOM.jpg 912w, https:\/\/www.massafmedical.com.br\/loja\/wp-content\/uploads\/2020\/11\/11-DESCRICAO-ZSCAN-DICOM-768x339.jpg 768w, https:\/\/www.massafmedical.com.br\/loja\/wp-content\/uploads\/2020\/11\/11-DESCRICAO-ZSCAN-DICOM-600x265.jpg 600w\" data-sizes=\"(max-width: 912px) 100vw, 912px\" src=\"data:image\/gif;base64,R0lGODlhAQABAAAAACH5BAEKAAEALAAAAAABAAEAAAICTAEAOw==\" style=\"--smush-placeholder-width: 912px; --smush-placeholder-aspect-ratio: 912\/403;\" \/><\/em><\/p>\n<p><strong>CONTE\u00daDO DA EMBALAGEM<\/strong><\/p>\n<p><em>01 Sistema de captura ZSCAN HD DICOM;<\/em><\/p>\n<p><em><img decoding=\"async\" class=\"alignnone size-full wp-image-384 lazyload\" data-src=\"https:\/\/www.massafmedical.com.br\/loja\/wp-content\/uploads\/2020\/11\/01-EMBALAGEM.jpg\" alt=\"\" width=\"192\" height=\"128\" src=\"data:image\/gif;base64,R0lGODlhAQABAAAAACH5BAEKAAEALAAAAAABAAEAAAICTAEAOw==\" style=\"--smush-placeholder-width: 192px; --smush-placeholder-aspect-ratio: 192\/128;\" \/> <img decoding=\"async\" class=\"alignnone size-full wp-image-385 lazyload\" data-src=\"https:\/\/www.massafmedical.com.br\/loja\/wp-content\/uploads\/2020\/11\/02-EMBALAGEM.jpg\" alt=\"\" width=\"216\" height=\"144\" src=\"data:image\/gif;base64,R0lGODlhAQABAAAAACH5BAEKAAEALAAAAAABAAEAAAICTAEAOw==\" style=\"--smush-placeholder-width: 216px; --smush-placeholder-aspect-ratio: 216\/144;\" \/>\u00a0<\/em><\/p>\n<p><em>01 Licen\u00e7a com fun\u00e7\u00e3o captura para sala de exames;<\/em><\/p>\n<p><em><img decoding=\"async\" class=\"alignnone wp-image-888 lazyload\" data-src=\"https:\/\/www.massafmedical.com.br\/loja\/wp-content\/uploads\/2020\/11\/LICENCA-1024x576.jpg\" alt=\"\" width=\"190\" height=\"107\" data-srcset=\"https:\/\/www.massafmedical.com.br\/loja\/wp-content\/uploads\/2020\/11\/LICENCA-1024x576.jpg 1024w, https:\/\/www.massafmedical.com.br\/loja\/wp-content\/uploads\/2020\/11\/LICENCA-1433x806.jpg 1433w, https:\/\/www.massafmedical.com.br\/loja\/wp-content\/uploads\/2020\/11\/LICENCA-768x432.jpg 768w, https:\/\/www.massafmedical.com.br\/loja\/wp-content\/uploads\/2020\/11\/LICENCA-1536x864.jpg 1536w, https:\/\/www.massafmedical.com.br\/loja\/wp-content\/uploads\/2020\/11\/LICENCA-2048x1152.jpg 2048w, https:\/\/www.massafmedical.com.br\/loja\/wp-content\/uploads\/2020\/11\/LICENCA-1320x743.jpg 1320w, https:\/\/www.massafmedical.com.br\/loja\/wp-content\/uploads\/2020\/11\/LICENCA-600x338.jpg 600w\" data-sizes=\"(max-width: 190px) 100vw, 190px\" src=\"data:image\/gif;base64,R0lGODlhAQABAAAAACH5BAEKAAEALAAAAAABAAEAAAICTAEAOw==\" style=\"--smush-placeholder-width: 190px; --smush-placeholder-aspect-ratio: 190\/107;\" \/>\u00a0 \u00a0 \u00a0 \u00a0\u00a0<\/em><\/p>\n<p><em>01 Placa de captura\u00a0 HD com conex\u00e3o DVI\/HDMI ou SDI com cabos; (ser\u00e1 confirmado por nossa equipe, ap\u00f3s conclus\u00e3o da compra);<\/em><\/p>\n<p><em><img decoding=\"async\" class=\"alignnone wp-image-872 lazyload\" data-src=\"https:\/\/www.massafmedical.com.br\/loja\/wp-content\/uploads\/2022\/08\/placa-HD-nova-1-1024x638.jpeg\" alt=\"\" width=\"167\" height=\"104\" data-srcset=\"https:\/\/www.massafmedical.com.br\/loja\/wp-content\/uploads\/2022\/08\/placa-HD-nova-1-1024x638.jpeg 1024w, https:\/\/www.massafmedical.com.br\/loja\/wp-content\/uploads\/2022\/08\/placa-HD-nova-1-768x479.jpeg 768w, https:\/\/www.massafmedical.com.br\/loja\/wp-content\/uploads\/2022\/08\/placa-HD-nova-1-600x374.jpeg 600w, https:\/\/www.massafmedical.com.br\/loja\/wp-content\/uploads\/2022\/08\/placa-HD-nova-1.jpeg 1280w\" data-sizes=\"(max-width: 167px) 100vw, 167px\" src=\"data:image\/gif;base64,R0lGODlhAQABAAAAACH5BAEKAAEALAAAAAABAAEAAAICTAEAOw==\" style=\"--smush-placeholder-width: 167px; --smush-placeholder-aspect-ratio: 167\/104;\" \/><\/em><\/p>\n<p><em>01 Pedal de captura com fio ou sem fio . (ser\u00e1 confirmado por nossa equipe, ap\u00f3s conclus\u00e3o da compra);<\/em><\/p>\n<p>Para endoscopia digestiva, tamb\u00e9m dispon\u00edvel a op\u00e7\u00e3o de captura pelo tudo endosc\u00f3pio;<\/p>\n<p><em><img decoding=\"async\" class=\"alignnone wp-image-858 lazyload\" data-src=\"https:\/\/www.massafmedical.com.br\/loja\/wp-content\/uploads\/2022\/08\/14-PEDAL-SEM-FIO-1-1024x657.jpg\" alt=\"\" width=\"200\" height=\"128\" data-srcset=\"https:\/\/www.massafmedical.com.br\/loja\/wp-content\/uploads\/2022\/08\/14-PEDAL-SEM-FIO-1-1024x657.jpg 1024w, https:\/\/www.massafmedical.com.br\/loja\/wp-content\/uploads\/2022\/08\/14-PEDAL-SEM-FIO-1-1433x919.jpg 1433w, https:\/\/www.massafmedical.com.br\/loja\/wp-content\/uploads\/2022\/08\/14-PEDAL-SEM-FIO-1-768x492.jpg 768w, https:\/\/www.massafmedical.com.br\/loja\/wp-content\/uploads\/2022\/08\/14-PEDAL-SEM-FIO-1-1536x985.jpg 1536w, https:\/\/www.massafmedical.com.br\/loja\/wp-content\/uploads\/2022\/08\/14-PEDAL-SEM-FIO-1-1320x846.jpg 1320w, https:\/\/www.massafmedical.com.br\/loja\/wp-content\/uploads\/2022\/08\/14-PEDAL-SEM-FIO-1-600x385.jpg 600w, https:\/\/www.massafmedical.com.br\/loja\/wp-content\/uploads\/2022\/08\/14-PEDAL-SEM-FIO-1.jpg 1600w\" data-sizes=\"(max-width: 200px) 100vw, 200px\" src=\"data:image\/gif;base64,R0lGODlhAQABAAAAACH5BAEKAAEALAAAAAABAAEAAAICTAEAOw==\" style=\"--smush-placeholder-width: 200px; --smush-placeholder-aspect-ratio: 200\/128;\" \/><img decoding=\"async\" class=\"alignnone wp-image-854 lazyload\" data-src=\"https:\/\/www.massafmedical.com.br\/loja\/wp-content\/uploads\/2021\/05\/13-PEDAL-COM-FIO-1024x676.jpg\" alt=\"\" width=\"138\" height=\"91\" data-srcset=\"https:\/\/www.massafmedical.com.br\/loja\/wp-content\/uploads\/2021\/05\/13-PEDAL-COM-FIO-1024x676.jpg 1024w, https:\/\/www.massafmedical.com.br\/loja\/wp-content\/uploads\/2021\/05\/13-PEDAL-COM-FIO-1433x946.jpg 1433w, https:\/\/www.massafmedical.com.br\/loja\/wp-content\/uploads\/2021\/05\/13-PEDAL-COM-FIO-768x507.jpg 768w, https:\/\/www.massafmedical.com.br\/loja\/wp-content\/uploads\/2021\/05\/13-PEDAL-COM-FIO-1536x1014.jpg 1536w, https:\/\/www.massafmedical.com.br\/loja\/wp-content\/uploads\/2021\/05\/13-PEDAL-COM-FIO-1320x871.jpg 1320w, https:\/\/www.massafmedical.com.br\/loja\/wp-content\/uploads\/2021\/05\/13-PEDAL-COM-FIO-600x396.jpg 600w, https:\/\/www.massafmedical.com.br\/loja\/wp-content\/uploads\/2021\/05\/13-PEDAL-COM-FIO.jpg 1600w\" data-sizes=\"(max-width: 138px) 100vw, 138px\" src=\"data:image\/gif;base64,R0lGODlhAQABAAAAACH5BAEKAAEALAAAAAABAAEAAAICTAEAOw==\" style=\"--smush-placeholder-width: 138px; --smush-placeholder-aspect-ratio: 138\/91;\" \/><\/em><\/p>\n<p><img decoding=\"async\" class=\"alignnone wp-image-884 lazyload\" data-src=\"https:\/\/www.massafmedical.com.br\/loja\/wp-content\/uploads\/2020\/11\/BRINDE-2.jpg\" alt=\"\" width=\"282\" height=\"122\" src=\"data:image\/gif;base64,R0lGODlhAQABAAAAACH5BAEKAAEALAAAAAABAAEAAAICTAEAOw==\" style=\"--smush-placeholder-width: 282px; --smush-placeholder-aspect-ratio: 282\/122;\" \/><\/p>\n<p>01 SMARTWATCH\u00a0 \u00a0 \u00a0 \u00a0 \u00a0 \u00a0 \u00a0 \u00a0 \u00a0 \u00a0 \u00a0 \u00a0 \u00a0 \u00a0 \u00a0 \u00a0 \u00a0 \u00a0 \u00a0 \u00a0 \u00a0 \u00a0 \u00a0 \u00a0 \u00a0 \u00a0 \u00a0 \u00a0 \u00a0 \u00a0 \u00a0 \u00a0 \u00a0 \u00a0 \u00a0 \u00a0 \u00a0 \u00a0 \u00a0 \u00a0 \u00a0 \u00a0 \u00a0 \u00a0 \u00a0 \u00a0 \u00a0 \u00a0 \u00a0 \u00a0 \u00a0 \u00a0 \u00a0 \u00a0 \u00a0 \u00a0 \u00a0 \u00a0 \u00a0 \u00a0 \u00a0 \u00a0 \u00a0 \u00a0 \u00a0 \u00a0 \u00a001 GARRAFA <img decoding=\"async\" class=\"wp-image-1503 alignright lazyload\" data-src=\"https:\/\/www.massafmedical.com.br\/loja\/wp-content\/uploads\/2020\/11\/WhatsApp-Image-2025-02-18-at-12.08.01-2.jpeg\" alt=\"\" width=\"289\" height=\"289\" data-srcset=\"https:\/\/www.massafmedical.com.br\/loja\/wp-content\/uploads\/2020\/11\/WhatsApp-Image-2025-02-18-at-12.08.01-2.jpeg 500w, https:\/\/www.massafmedical.com.br\/loja\/wp-content\/uploads\/2020\/11\/WhatsApp-Image-2025-02-18-at-12.08.01-2-200x200.jpeg 200w, https:\/\/www.massafmedical.com.br\/loja\/wp-content\/uploads\/2020\/11\/WhatsApp-Image-2025-02-18-at-12.08.01-2-100x100.jpeg 100w, https:\/\/www.massafmedical.com.br\/loja\/wp-content\/uploads\/2020\/11\/WhatsApp-Image-2025-02-18-at-12.08.01-2-50x50.jpeg 50w\" data-sizes=\"(max-width: 289px) 100vw, 289px\" src=\"data:image\/gif;base64,R0lGODlhAQABAAAAACH5BAEKAAEALAAAAAABAAEAAAICTAEAOw==\" style=\"--smush-placeholder-width: 289px; --smush-placeholder-aspect-ratio: 289\/289;\" \/><\/p>\n<p><img decoding=\"async\" class=\"alignnone wp-image-1504 lazyload\" data-src=\"https:\/\/www.massafmedical.com.br\/loja\/wp-content\/uploads\/2020\/11\/WhatsApp-Image-2025-02-18-at-12.08.01-1.jpeg\" alt=\"\" width=\"206\" height=\"293\" src=\"data:image\/gif;base64,R0lGODlhAQABAAAAACH5BAEKAAEALAAAAAABAAEAAAICTAEAOw==\" style=\"--smush-placeholder-width: 206px; --smush-placeholder-aspect-ratio: 206\/293;\" \/><\/p>\n<p>(01 BRINDE POR KIT)<\/p>\n<p><img decoding=\"async\" class=\"wp-image-886 aligncenter lazyloaded\" src=\"https:\/\/www.massafmedical.com.br\/loja\/wp-content\/uploads\/2020\/11\/REQUISITOS-DICOM.jpg\" alt=\"\" width=\"792\" height=\"684\" data-srcset=\"https:\/\/www.massafmedical.com.br\/loja\/wp-content\/uploads\/2020\/11\/REQUISITOS-DICOM.jpg 850w, https:\/\/www.massafmedical.com.br\/loja\/wp-content\/uploads\/2020\/11\/REQUISITOS-DICOM-768x663.jpg 768w, https:\/\/www.massafmedical.com.br\/loja\/wp-content\/uploads\/2020\/11\/REQUISITOS-DICOM-600x518.jpg 600w\" data-src=\"https:\/\/www.massafmedical.com.br\/loja\/wp-content\/uploads\/2020\/11\/REQUISITOS-DICOM.jpg\" data-sizes=\"(max-width: 631px) 100vw, 631px\" srcset=\"https:\/\/www.massafmedical.com.br\/loja\/wp-content\/uploads\/2020\/11\/REQUISITOS-DICOM.jpg 850w, https:\/\/www.massafmedical.com.br\/loja\/wp-content\/uploads\/2020\/11\/REQUISITOS-DICOM-768x663.jpg 768w, https:\/\/www.massafmedical.com.br\/loja\/wp-content\/uploads\/2020\/11\/REQUISITOS-DICOM-600x518.jpg 600w\" sizes=\"(max-width: 792px) 100vw, 792px\" \/><\/p>\n<p>&nbsp;<\/p>\n<p>&nbsp;<\/p>\n","protected":false},"excerpt":{"rendered":"<p>Sistema de captura de imagens e emiss\u00e3o de laudos para TODAS AS ESPECIALIDADES com CONEX\u00d5ES DE V\u00cdDEO HDMI\/SDI\/DVI. Contempla a instala\u00e7\u00e3o em 01 computador (n\u00e3o incluso). Sinal ser\u00e1 convertido em DICOM para conex\u00e3o PACS. Licen\u00e7as opcionais em rede para digita\u00e7\u00e3o de laudo com valor sob consulta. Frete, treinamento e instala\u00e7\u00e3o on-line incusos.<\/p>\n","protected":false},"featured_media":1086,"template":"","meta":[],"product_brand":[],"product_cat":[54,59],"product_tag":[],"class_list":{"0":"post-1090","1":"product","2":"type-product","3":"status-publish","4":"has-post-thumbnail","6":"product_cat-sistema-de-captura-zscan","7":"product_cat-zscan-dicom-versao-para-pacs","9":"first","10":"instock","11":"taxable","12":"shipping-taxable","13":"purchasable","14":"product-type-simple"},"acf":[],"yoast_head":"<!-- This site is optimized with the Yoast SEO plugin v24.4 - https:\/\/yoast.com\/wordpress\/plugins\/seo\/ -->\n<title>ZSCAN HD DICOM - Para equipamentos com sa\u00eddas de v\u00eddeo digitais HDMI\/SDI\/DVI. - Massaf Medical<\/title>\n<meta name=\"robots\" content=\"index, follow, max-snippet:-1, max-image-preview:large, max-video-preview:-1\" \/>\n<link rel=\"canonical\" href=\"https:\/\/www.massafmedical.com.br\/loja\/produto\/zscan-hd-dicom-para-todas-as-especialidades-copia\/\" \/>\n<meta property=\"og:locale\" content=\"pt_BR\" \/>\n<meta property=\"og:type\" content=\"article\" \/>\n<meta property=\"og:title\" content=\"ZSCAN HD DICOM - Para equipamentos com sa\u00eddas de v\u00eddeo digitais HDMI\/SDI\/DVI. - Massaf Medical\" \/>\n<meta property=\"og:description\" content=\"Sistema de captura de imagens e emiss\u00e3o de laudos para TODAS AS ESPECIALIDADES com CONEX\u00d5ES DE V\u00cdDEO HDMI\/SDI\/DVI. Contempla a instala\u00e7\u00e3o em 01 computador (n\u00e3o incluso). Sinal ser\u00e1 convertido em DICOM para conex\u00e3o PACS. Licen\u00e7as opcionais em rede para digita\u00e7\u00e3o de laudo com valor sob consulta. Frete, treinamento e instala\u00e7\u00e3o on-line incusos.\" \/>\n<meta property=\"og:url\" content=\"https:\/\/www.massafmedical.com.br\/loja\/produto\/zscan-hd-dicom-para-todas-as-especialidades-copia\/\" \/>\n<meta property=\"og:site_name\" content=\"Massaf Medical\" \/>\n<meta property=\"article:publisher\" content=\"http:\/\/www.facebook.com\/MASSAFMEDICAL\" \/>\n<meta property=\"article:modified_time\" content=\"2025-04-16T13:15:21+00:00\" \/>\n<meta property=\"og:image\" content=\"https:\/\/www.massafmedical.com.br\/loja\/wp-content\/uploads\/2020\/11\/ZSCAN-DICOM-HD-todas.png\" \/>\n\t<meta property=\"og:image:width\" content=\"242\" \/>\n\t<meta property=\"og:image:height\" content=\"146\" \/>\n\t<meta property=\"og:image:type\" content=\"image\/png\" \/>\n<meta name=\"twitter:card\" content=\"summary_large_image\" \/>\n<meta name=\"twitter:label1\" content=\"Est. tempo de leitura\" \/>\n\t<meta name=\"twitter:data1\" content=\"4 minutos\" \/>\n<script type=\"application\/ld+json\" class=\"yoast-schema-graph\">{\"@context\":\"https:\/\/schema.org\",\"@graph\":[{\"@type\":\"WebPage\",\"@id\":\"https:\/\/www.massafmedical.com.br\/loja\/produto\/zscan-hd-dicom-para-todas-as-especialidades-copia\/\",\"url\":\"https:\/\/www.massafmedical.com.br\/loja\/produto\/zscan-hd-dicom-para-todas-as-especialidades-copia\/\",\"name\":\"ZSCAN HD DICOM - Para equipamentos com sa\u00eddas de v\u00eddeo digitais HDMI\/SDI\/DVI. - Massaf Medical\",\"isPartOf\":{\"@id\":\"https:\/\/www.massafmedical.com.br\/loja\/#website\"},\"primaryImageOfPage\":{\"@id\":\"https:\/\/www.massafmedical.com.br\/loja\/produto\/zscan-hd-dicom-para-todas-as-especialidades-copia\/#primaryimage\"},\"image\":{\"@id\":\"https:\/\/www.massafmedical.com.br\/loja\/produto\/zscan-hd-dicom-para-todas-as-especialidades-copia\/#primaryimage\"},\"thumbnailUrl\":\"https:\/\/www.massafmedical.com.br\/loja\/wp-content\/uploads\/2020\/11\/ZSCAN-DICOM-HD-todas.png\",\"datePublished\":\"2023-09-15T20:21:45+00:00\",\"dateModified\":\"2025-04-16T13:15:21+00:00\",\"breadcrumb\":{\"@id\":\"https:\/\/www.massafmedical.com.br\/loja\/produto\/zscan-hd-dicom-para-todas-as-especialidades-copia\/#breadcrumb\"},\"inLanguage\":\"pt-BR\",\"potentialAction\":[{\"@type\":\"ReadAction\",\"target\":[\"https:\/\/www.massafmedical.com.br\/loja\/produto\/zscan-hd-dicom-para-todas-as-especialidades-copia\/\"]}]},{\"@type\":\"ImageObject\",\"inLanguage\":\"pt-BR\",\"@id\":\"https:\/\/www.massafmedical.com.br\/loja\/produto\/zscan-hd-dicom-para-todas-as-especialidades-copia\/#primaryimage\",\"url\":\"https:\/\/www.massafmedical.com.br\/loja\/wp-content\/uploads\/2020\/11\/ZSCAN-DICOM-HD-todas.png\",\"contentUrl\":\"https:\/\/www.massafmedical.com.br\/loja\/wp-content\/uploads\/2020\/11\/ZSCAN-DICOM-HD-todas.png\",\"width\":242,\"height\":146},{\"@type\":\"BreadcrumbList\",\"@id\":\"https:\/\/www.massafmedical.com.br\/loja\/produto\/zscan-hd-dicom-para-todas-as-especialidades-copia\/#breadcrumb\",\"itemListElement\":[{\"@type\":\"ListItem\",\"position\":1,\"name\":\"In\u00edcio\",\"item\":\"https:\/\/www.massafmedical.com.br\/loja\/\"},{\"@type\":\"ListItem\",\"position\":2,\"name\":\"Produtos\",\"item\":\"https:\/\/www.massafmedical.com.br\/loja\/nossos-produtos\/\"},{\"@type\":\"ListItem\",\"position\":3,\"name\":\"ZSCAN HD DICOM &#8211; Para equipamentos com sa\u00eddas de v\u00eddeo digitais HDMI\/SDI\/DVI.\"}]},{\"@type\":\"WebSite\",\"@id\":\"https:\/\/www.massafmedical.com.br\/loja\/#website\",\"url\":\"https:\/\/www.massafmedical.com.br\/loja\/\",\"name\":\"Massaf Medical\",\"description\":\"\",\"publisher\":{\"@id\":\"https:\/\/www.massafmedical.com.br\/loja\/#organization\"},\"potentialAction\":[{\"@type\":\"SearchAction\",\"target\":{\"@type\":\"EntryPoint\",\"urlTemplate\":\"https:\/\/www.massafmedical.com.br\/loja\/?s={search_term_string}\"},\"query-input\":{\"@type\":\"PropertyValueSpecification\",\"valueRequired\":true,\"valueName\":\"search_term_string\"}}],\"inLanguage\":\"pt-BR\"},{\"@type\":\"Organization\",\"@id\":\"https:\/\/www.massafmedical.com.br\/loja\/#organization\",\"name\":\"Massaf Medical\",\"url\":\"https:\/\/www.massafmedical.com.br\/loja\/\",\"logo\":{\"@type\":\"ImageObject\",\"inLanguage\":\"pt-BR\",\"@id\":\"https:\/\/www.massafmedical.com.br\/loja\/#\/schema\/logo\/image\/\",\"url\":\"http:\/\/www.massafmedical.com.br\/loja\/wp-content\/uploads\/2020\/10\/logotipo-big.png\",\"contentUrl\":\"http:\/\/www.massafmedical.com.br\/loja\/wp-content\/uploads\/2020\/10\/logotipo-big.png\",\"width\":750,\"height\":253,\"caption\":\"Massaf Medical\"},\"image\":{\"@id\":\"https:\/\/www.massafmedical.com.br\/loja\/#\/schema\/logo\/image\/\"},\"sameAs\":[\"http:\/\/www.facebook.com\/MASSAFMEDICAL\"]}]}<\/script>\n<!-- \/ Yoast SEO plugin. -->","yoast_head_json":{"title":"ZSCAN HD DICOM - Para equipamentos com sa\u00eddas de v\u00eddeo digitais HDMI\/SDI\/DVI. - Massaf Medical","robots":{"index":"index","follow":"follow","max-snippet":"max-snippet:-1","max-image-preview":"max-image-preview:large","max-video-preview":"max-video-preview:-1"},"canonical":"https:\/\/www.massafmedical.com.br\/loja\/produto\/zscan-hd-dicom-para-todas-as-especialidades-copia\/","og_locale":"pt_BR","og_type":"article","og_title":"ZSCAN HD DICOM - Para equipamentos com sa\u00eddas de v\u00eddeo digitais HDMI\/SDI\/DVI. - Massaf Medical","og_description":"Sistema de captura de imagens e emiss\u00e3o de laudos para TODAS AS ESPECIALIDADES com CONEX\u00d5ES DE V\u00cdDEO HDMI\/SDI\/DVI. Contempla a instala\u00e7\u00e3o em 01 computador (n\u00e3o incluso). Sinal ser\u00e1 convertido em DICOM para conex\u00e3o PACS. Licen\u00e7as opcionais em rede para digita\u00e7\u00e3o de laudo com valor sob consulta. Frete, treinamento e instala\u00e7\u00e3o on-line incusos.","og_url":"https:\/\/www.massafmedical.com.br\/loja\/produto\/zscan-hd-dicom-para-todas-as-especialidades-copia\/","og_site_name":"Massaf Medical","article_publisher":"http:\/\/www.facebook.com\/MASSAFMEDICAL","article_modified_time":"2025-04-16T13:15:21+00:00","og_image":[{"width":242,"height":146,"url":"https:\/\/www.massafmedical.com.br\/loja\/wp-content\/uploads\/2020\/11\/ZSCAN-DICOM-HD-todas.png","type":"image\/png"}],"twitter_card":"summary_large_image","twitter_misc":{"Est. tempo de leitura":"4 minutos"},"schema":{"@context":"https:\/\/schema.org","@graph":[{"@type":"WebPage","@id":"https:\/\/www.massafmedical.com.br\/loja\/produto\/zscan-hd-dicom-para-todas-as-especialidades-copia\/","url":"https:\/\/www.massafmedical.com.br\/loja\/produto\/zscan-hd-dicom-para-todas-as-especialidades-copia\/","name":"ZSCAN HD DICOM - Para equipamentos com sa\u00eddas de v\u00eddeo digitais HDMI\/SDI\/DVI. - Massaf Medical","isPartOf":{"@id":"https:\/\/www.massafmedical.com.br\/loja\/#website"},"primaryImageOfPage":{"@id":"https:\/\/www.massafmedical.com.br\/loja\/produto\/zscan-hd-dicom-para-todas-as-especialidades-copia\/#primaryimage"},"image":{"@id":"https:\/\/www.massafmedical.com.br\/loja\/produto\/zscan-hd-dicom-para-todas-as-especialidades-copia\/#primaryimage"},"thumbnailUrl":"https:\/\/www.massafmedical.com.br\/loja\/wp-content\/uploads\/2020\/11\/ZSCAN-DICOM-HD-todas.png","datePublished":"2023-09-15T20:21:45+00:00","dateModified":"2025-04-16T13:15:21+00:00","breadcrumb":{"@id":"https:\/\/www.massafmedical.com.br\/loja\/produto\/zscan-hd-dicom-para-todas-as-especialidades-copia\/#breadcrumb"},"inLanguage":"pt-BR","potentialAction":[{"@type":"ReadAction","target":["https:\/\/www.massafmedical.com.br\/loja\/produto\/zscan-hd-dicom-para-todas-as-especialidades-copia\/"]}]},{"@type":"ImageObject","inLanguage":"pt-BR","@id":"https:\/\/www.massafmedical.com.br\/loja\/produto\/zscan-hd-dicom-para-todas-as-especialidades-copia\/#primaryimage","url":"https:\/\/www.massafmedical.com.br\/loja\/wp-content\/uploads\/2020\/11\/ZSCAN-DICOM-HD-todas.png","contentUrl":"https:\/\/www.massafmedical.com.br\/loja\/wp-content\/uploads\/2020\/11\/ZSCAN-DICOM-HD-todas.png","width":242,"height":146},{"@type":"BreadcrumbList","@id":"https:\/\/www.massafmedical.com.br\/loja\/produto\/zscan-hd-dicom-para-todas-as-especialidades-copia\/#breadcrumb","itemListElement":[{"@type":"ListItem","position":1,"name":"In\u00edcio","item":"https:\/\/www.massafmedical.com.br\/loja\/"},{"@type":"ListItem","position":2,"name":"Produtos","item":"https:\/\/www.massafmedical.com.br\/loja\/nossos-produtos\/"},{"@type":"ListItem","position":3,"name":"ZSCAN HD DICOM &#8211; Para equipamentos com sa\u00eddas de v\u00eddeo digitais HDMI\/SDI\/DVI."}]},{"@type":"WebSite","@id":"https:\/\/www.massafmedical.com.br\/loja\/#website","url":"https:\/\/www.massafmedical.com.br\/loja\/","name":"Massaf Medical","description":"","publisher":{"@id":"https:\/\/www.massafmedical.com.br\/loja\/#organization"},"potentialAction":[{"@type":"SearchAction","target":{"@type":"EntryPoint","urlTemplate":"https:\/\/www.massafmedical.com.br\/loja\/?s={search_term_string}"},"query-input":{"@type":"PropertyValueSpecification","valueRequired":true,"valueName":"search_term_string"}}],"inLanguage":"pt-BR"},{"@type":"Organization","@id":"https:\/\/www.massafmedical.com.br\/loja\/#organization","name":"Massaf Medical","url":"https:\/\/www.massafmedical.com.br\/loja\/","logo":{"@type":"ImageObject","inLanguage":"pt-BR","@id":"https:\/\/www.massafmedical.com.br\/loja\/#\/schema\/logo\/image\/","url":"http:\/\/www.massafmedical.com.br\/loja\/wp-content\/uploads\/2020\/10\/logotipo-big.png","contentUrl":"http:\/\/www.massafmedical.com.br\/loja\/wp-content\/uploads\/2020\/10\/logotipo-big.png","width":750,"height":253,"caption":"Massaf Medical"},"image":{"@id":"https:\/\/www.massafmedical.com.br\/loja\/#\/schema\/logo\/image\/"},"sameAs":["http:\/\/www.facebook.com\/MASSAFMEDICAL"]}]}},"_links":{"self":[{"href":"https:\/\/www.massafmedical.com.br\/loja\/wp-json\/wp\/v2\/product\/1090","targetHints":{"allow":["GET"]}}],"collection":[{"href":"https:\/\/www.massafmedical.com.br\/loja\/wp-json\/wp\/v2\/product"}],"about":[{"href":"https:\/\/www.massafmedical.com.br\/loja\/wp-json\/wp\/v2\/types\/product"}],"wp:featuredmedia":[{"embeddable":true,"href":"https:\/\/www.massafmedical.com.br\/loja\/wp-json\/wp\/v2\/media\/1086"}],"wp:attachment":[{"href":"https:\/\/www.massafmedical.com.br\/loja\/wp-json\/wp\/v2\/media?parent=1090"}],"wp:term":[{"taxonomy":"product_brand","embeddable":true,"href":"https:\/\/www.massafmedical.com.br\/loja\/wp-json\/wp\/v2\/product_brand?post=1090"},{"taxonomy":"product_cat","embeddable":true,"href":"https:\/\/www.massafmedical.com.br\/loja\/wp-json\/wp\/v2\/product_cat?post=1090"},{"taxonomy":"product_tag","embeddable":true,"href":"https:\/\/www.massafmedical.com.br\/loja\/wp-json\/wp\/v2\/product_tag?post=1090"}],"curies":[{"name":"wp","href":"https:\/\/api.w.org\/{rel}","templated":true}]}}